{"id":861,"date":"2016-07-15T08:30:51","date_gmt":"2016-07-15T08:30:51","guid":{"rendered":"http:\/\/alojamientosv.us.es\/diqaus\/?page_id=861"},"modified":"2016-07-26T08:51:41","modified_gmt":"2016-07-26T08:51:41","slug":"carbon-capture-and-storage-workshop","status":"publish","type":"page","link":"https:\/\/departamento.us.es\/diqaus\/noticias-y-eventos\/carbon-capture-and-storage-workshop\/","title":{"rendered":"Carbon Capture and Storage Workshop"},"content":{"rendered":"<p><span style=\"color: #000080;\">CLIMATE CHANGE MITIGATION: MAKING PROGRESS IN CHALLENGING TIMES May 4, 2016 DIQA \u2013 University of Sevilla (Seville \u2013 Spain)<\/span><\/p>\n<p>Energy demand grows every day. With the global population set to rise from 7 to 9 billion by 2050, and the rapidly industrialization of developing countries such as China or India, world energy demand is expected to significantly increase over the next decades.<\/p>\n<p>The utilization of fossil fuel to meet high-energy demands entails large emissions of CO2 if new policy measurements are not taken. The solution to achieve CO2 emission reduction targets is a combination of energy efficiency, renewable energy and Carbon Capture and Storage (CCS) technologies.<\/p>\n<p>During this workshop,\u00a0 some of the recent milestones achieved in the CCS community were examined, with emphasis in Carbon Capture technology in Europe and USA, as well as scrutinize some of the challenges ahead.<\/p>\n<p>Related presentations and videos of the workshop are attached below.<\/p>\n<table style=\"height: 1578px;\" width=\"466\">\n<tbody>\n<tr>\n<td style=\"text-align: center;\" width=\"137\"><strong>Speakers<\/strong><\/td>\n<td width=\"137\">\n<p style=\"text-align: center;\"><strong>Presentations<\/strong><\/p>\n<\/td>\n<td width=\"137\">\n<p style=\"text-align: left;\"><strong>Videos<\/strong><\/p>\n<\/td>\n<\/tr>\n<tr>\n<td width=\"137\">\n<ul>\n<li>Howard Herzog. MIT Energy Initiative<\/li>\n<\/ul>\n<\/td>\n<td style=\"text-align: center;\" width=\"137\"><a href=\"http:\/\/departamento.us.es\/diqaus\/wp-content\/uploads\/Blog\/Howard Herzog MIT Energy Initiative.pdf\" target=\"_blank\">The Role of Carbon Dioxide Capture<\/a><br \/>\n<a href=\"http:\/\/departamento.us.es\/diqaus\/wp-content\/uploads\/Blog\/Howard Herzog MIT Energy Initiative.pdf\" target=\"_blank\">and Storage (CCS) in Addressing the<\/a><br \/>\n<a href=\"http:\/\/departamento.us.es\/diqaus\/wp-content\/uploads\/Blog\/Howard Herzog MIT Energy Initiative.pdf\" target=\"_blank\">Climate Change Challenge<\/a><\/td>\n<td width=\"137\"><a href=\"http:\/\/tv.us.es\/climate-change-mitigation-making-progress-in-challenging-times-howard-herzog-mit-energy-initiative\/\" target=\"_blank\"><img loading=\"lazy\" decoding=\"async\" class=\"wp-image-891 alignleft\" src=\"http:\/\/alojamientosv.us.es\/diqaus\/wp-content\/uploads\/2016\/06\/Howard-Herzog.-MIT-Energy-Initiative-1-300x230.jpg\" alt=\"Howard Herzog. MIT Energy Initiative\" width=\"200\" height=\"154\" srcset=\"https:\/\/departamento.us.es\/diqaus\/wp-content\/uploads\/2016\/06\/Howard-Herzog.-MIT-Energy-Initiative-1-300x230.jpg 300w, https:\/\/departamento.us.es\/diqaus\/wp-content\/uploads\/2016\/06\/Howard-Herzog.-MIT-Energy-Initiative-1.jpg 751w\" sizes=\"auto, (max-width: 200px) 100vw, 200px\" \/><\/a><\/td>\n<\/tr>\n<tr>\n<td width=\"137\">\n<ul>\n<li>Magdalena Strachinescu. DGENERGY &#8211; EC<\/li>\n<\/ul>\n<\/td>\n<td style=\"text-align: center;\" width=\"137\"><a href=\"http:\/\/departamento.us.es\/diqaus\/wp-content\/uploads\/Blog\/Magdalena Strachinescu DGENERGY EC.pdf\" target=\"_blank\">Perspectives on CCS<\/a><\/td>\n<td width=\"137\">\u00a0<a href=\"http:\/\/tv.us.es\/climate-change-mitigation-making-progress-in-challenging-times-magdalena-strachinescu-dgenergy-ec\/\" target=\"_blank\"><img loading=\"lazy\" decoding=\"async\" class=\"wp-image-893 alignleft\" src=\"http:\/\/alojamientosv.us.es\/diqaus\/wp-content\/uploads\/2016\/06\/Magdalena-Strachinescu-DGENERGY-EC-1-300x229.jpg\" alt=\"Magdalena Strachinescu DGENERGY - EC\" width=\"200\" height=\"152\" srcset=\"https:\/\/departamento.us.es\/diqaus\/wp-content\/uploads\/2016\/06\/Magdalena-Strachinescu-DGENERGY-EC-1-300x229.jpg 300w, https:\/\/departamento.us.es\/diqaus\/wp-content\/uploads\/2016\/06\/Magdalena-Strachinescu-DGENERGY-EC-1.jpg 749w\" sizes=\"auto, (max-width: 200px) 100vw, 200px\" \/><\/a><\/td>\n<\/tr>\n<tr>\n<td width=\"137\">\n<ul>\n<li>John Gale. IEA GHG<\/li>\n<\/ul>\n<\/td>\n<td style=\"text-align: center;\" width=\"137\"><a href=\"http:\/\/departamento.us.es\/diqaus\/wp-content\/uploads\/Blog\/John Gale IEA GHG.pdf\" target=\"_blank\">CCS: 10 Years of Progress and a <\/a><br \/>\n<a href=\"http:\/\/departamento.us.es\/diqaus\/wp-content\/uploads\/Blog\/John Gale IEA GHG.pdf\" target=\"_blank\">Bright Future?<\/a><\/td>\n<td width=\"137\"><a href=\"http:\/\/tv.us.es\/climate-change-mitigation-making-progress-in-challenging-times-john-gale-iea-ghg\/\" target=\"_blank\"><img loading=\"lazy\" decoding=\"async\" class=\"wp-image-892 alignleft\" src=\"http:\/\/alojamientosv.us.es\/diqaus\/wp-content\/uploads\/2016\/06\/John-Gale-IEA-GHG-1-300x227.jpg\" alt=\"John Gale IEA GHG\" width=\"200\" height=\"151\" srcset=\"https:\/\/departamento.us.es\/diqaus\/wp-content\/uploads\/2016\/06\/John-Gale-IEA-GHG-1-300x227.jpg 300w, https:\/\/departamento.us.es\/diqaus\/wp-content\/uploads\/2016\/06\/John-Gale-IEA-GHG-1.jpg 635w\" sizes=\"auto, (max-width: 200px) 100vw, 200px\" \/><\/a><\/td>\n<\/tr>\n<tr>\n<td width=\"137\">\n<ul>\n<li>Francisco J. Alonso. PTECO2<\/li>\n<\/ul>\n<\/td>\n<td style=\"text-align: center;\" width=\"137\"><a href=\"http:\/\/departamento.us.es\/diqaus\/wp-content\/uploads\/Blog\/Francisco J Alonso PTECO2.pdf\" target=\"_blank\">The Spanish CO2Technology Platform<\/a><\/td>\n<td width=\"137\">\u00a0<a href=\"http:\/\/tv.us.es\/climate-change-mitigation-making-progress-in-challenging-times-francisco-j-alonso-pteco2\/\" target=\"_blank\"><img loading=\"lazy\" decoding=\"async\" class=\"wp-image-904 alignleft\" src=\"http:\/\/alojamientosv.us.es\/diqaus\/wp-content\/uploads\/2016\/07\/Francisco-J-Alonso-PTECO2-300x226.jpg\" alt=\"Francisco J Alonso PTECO2\" width=\"200\" height=\"151\" srcset=\"https:\/\/departamento.us.es\/diqaus\/wp-content\/uploads\/2016\/07\/Francisco-J-Alonso-PTECO2-300x226.jpg 300w, https:\/\/departamento.us.es\/diqaus\/wp-content\/uploads\/2016\/07\/Francisco-J-Alonso-PTECO2.jpg 768w\" sizes=\"auto, (max-width: 200px) 100vw, 200px\" \/><\/a><\/td>\n<\/tr>\n<tr>\n<td width=\"137\">\n<ul>\n<li>Samantha McCulloch. IEA<\/li>\n<\/ul>\n<\/td>\n<td style=\"text-align: center;\" width=\"137\"><a href=\"http:\/\/departamento.us.es\/diqaus\/wp-content\/uploads\/Blog\/Samantha McCulloch.pdf\" target=\"_blank\">The Role of Fossil Fuels and CCS<\/a><\/td>\n<td width=\"137\">\u00a0<a href=\"http:\/\/tv.us.es\/climate-change-mitigation-making-progress-in-challenging-times-samantha-mcculloch-iea\/\" target=\"_blank\"><img loading=\"lazy\" decoding=\"async\" class=\"wp-image-905 alignleft\" src=\"http:\/\/alojamientosv.us.es\/diqaus\/wp-content\/uploads\/2016\/07\/Samantha-McCulloch-IEA-300x226.jpg\" alt=\"Samantha McCulloch IEA\" width=\"200\" height=\"151\" srcset=\"https:\/\/departamento.us.es\/diqaus\/wp-content\/uploads\/2016\/07\/Samantha-McCulloch-IEA-300x226.jpg 300w, https:\/\/departamento.us.es\/diqaus\/wp-content\/uploads\/2016\/07\/Samantha-McCulloch-IEA.jpg 640w\" sizes=\"auto, (max-width: 200px) 100vw, 200px\" \/><\/a><\/td>\n<\/tr>\n<tr>\n<td width=\"137\">\n<ul>\n<li>Alberto Ab\u00e1nades. MINECO<\/li>\n<\/ul>\n<\/td>\n<td width=\"137\"><\/td>\n<td width=\"137\">\u00a0<a href=\"http:\/\/tv.us.es\/climate-change-mitigation-making-progress-in-challenging-times-alberto-abanades-mineco\/\" target=\"_blank\"><img loading=\"lazy\" decoding=\"async\" class=\"wp-image-907 alignleft\" src=\"http:\/\/alojamientosv.us.es\/diqaus\/wp-content\/uploads\/2016\/07\/Alberto-Ab\u00e1nades-MINECO-300x226.jpg\" alt=\"Alberto Ab\u00e1nades MINECO\" width=\"200\" height=\"151\" srcset=\"https:\/\/departamento.us.es\/diqaus\/wp-content\/uploads\/2016\/07\/Alberto-Ab\u00e1nades-MINECO-300x226.jpg 300w, https:\/\/departamento.us.es\/diqaus\/wp-content\/uploads\/2016\/07\/Alberto-Ab\u00e1nades-MINECO.jpg 640w\" sizes=\"auto, (max-width: 200px) 100vw, 200px\" \/><\/a><\/td>\n<\/tr>\n<tr>\n<td width=\"137\">\n<ul>\n<li>Vicente Cort\u00e9s.\u00a0 INERCO<\/li>\n<\/ul>\n<\/td>\n<td width=\"137\"><\/td>\n<td width=\"137\">\u00a0<a href=\"http:\/\/tv.us.es\/climate-change-mitigation-making-progress-in-challenging-times-vicente-cortes-inerco\/\" target=\"_blank\"><img loading=\"lazy\" decoding=\"async\" class=\"wp-image-909 alignleft\" src=\"http:\/\/alojamientosv.us.es\/diqaus\/wp-content\/uploads\/2016\/07\/Vicente-Cortes-INERCO-300x226.jpg\" alt=\"Vicente Cortes INERCO\" width=\"200\" height=\"151\" srcset=\"https:\/\/departamento.us.es\/diqaus\/wp-content\/uploads\/2016\/07\/Vicente-Cortes-INERCO-300x226.jpg 300w, https:\/\/departamento.us.es\/diqaus\/wp-content\/uploads\/2016\/07\/Vicente-Cortes-INERCO.jpg 640w\" sizes=\"auto, (max-width: 200px) 100vw, 200px\" \/><\/a><\/td>\n<\/tr>\n<tr>\n<td width=\"137\">\n<ul>\n<li>Aimaro Sanna. CICCS<\/li>\n<\/ul>\n<\/td>\n<td style=\"text-align: center;\" width=\"137\"><a href=\"http:\/\/departamento.us.es\/diqaus\/wp-content\/uploads\/Blog\/Aimaro Sanna CICCS.pdf\" target=\"_blank\">Solid sorbents for CO2capture applications<\/a><\/td>\n<td width=\"137\">\u00a0<a href=\"http:\/\/tv.us.es\/climate-change-mitigation-making-progress-in-challenging-times-aimaro-sanna-ciccs\/\" target=\"_blank\"><img loading=\"lazy\" decoding=\"async\" class=\"wp-image-910 alignleft\" src=\"http:\/\/alojamientosv.us.es\/diqaus\/wp-content\/uploads\/2016\/07\/Aimaro-Sanna-CICCS-300x227.jpg\" alt=\"Aimaro Sanna CICCS\" width=\"200\" height=\"151\" srcset=\"https:\/\/departamento.us.es\/diqaus\/wp-content\/uploads\/2016\/07\/Aimaro-Sanna-CICCS-300x227.jpg 300w, https:\/\/departamento.us.es\/diqaus\/wp-content\/uploads\/2016\/07\/Aimaro-Sanna-CICCS.jpg 634w\" sizes=\"auto, (max-width: 200px) 100vw, 200px\" \/><\/a><\/td>\n<\/tr>\n<\/tbody>\n<\/table>\n","protected":false},"excerpt":{"rendered":"<p>CLIMATE CHANGE MITIGATION: MAKING PROGRESS IN CHALLENGING TIMES May 4, 2016 DIQA \u2013 University of Sevilla (Seville \u2013 Spain) Energy demand grows every day. With the global population set to rise from 7 to 9 billion by 2050, and the rapidly industrialization of developing countries such as China or India, world energy demand is expected [&hellip;]<\/p>\n","protected":false},"author":1,"featured_media":0,"parent":31,"menu_order":0,"comment_status":"closed","ping_status":"closed","template":"","meta":{"footnotes":""},"class_list":["post-861","page","type-page","status-publish","hentry"],"yoast_head":"<!-- This site is optimized with the Yoast SEO plugin v27.1.1 - https:\/\/yoast.com\/product\/yoast-seo-wordpress\/ -->\n<title>Carbon Capture and Storage Workshop - Departamento Ingenier\u00eda Qu\u00edmica y Ambiental US<\/title>\n<meta name=\"robots\" content=\"index, follow, max-snippet:-1, max-image-preview:large, max-video-preview:-1\" \/>\n<link rel=\"canonical\" href=\"https:\/\/departamento.us.es\/diqaus\/noticias-y-eventos\/carbon-capture-and-storage-workshop\/\" \/>\n<meta property=\"og:locale\" content=\"es_ES\" \/>\n<meta property=\"og:type\" content=\"article\" \/>\n<meta property=\"og:title\" content=\"Carbon Capture and Storage Workshop - Departamento Ingenier\u00eda Qu\u00edmica y Ambiental US\" \/>\n<meta property=\"og:description\" content=\"CLIMATE CHANGE MITIGATION: MAKING PROGRESS IN CHALLENGING TIMES May 4, 2016 DIQA \u2013 University of Sevilla (Seville \u2013 Spain) Energy demand grows every day. With the global population set to rise from 7 to 9 billion by 2050, and the rapidly industrialization of developing countries such as China or India, world energy demand is expected [&hellip;]\" \/>\n<meta property=\"og:url\" content=\"https:\/\/departamento.us.es\/diqaus\/noticias-y-eventos\/carbon-capture-and-storage-workshop\/\" \/>\n<meta property=\"og:site_name\" content=\"Departamento Ingenier\u00eda Qu\u00edmica y Ambiental US\" \/>\n<meta property=\"article:modified_time\" content=\"2016-07-26T08:51:41+00:00\" \/>\n<meta property=\"og:image\" content=\"http:\/\/alojamientosv.us.es\/diqaus\/wp-content\/uploads\/2016\/06\/Howard-Herzog.-MIT-Energy-Initiative-1-300x230.jpg\" \/>\n<meta name=\"twitter:card\" content=\"summary_large_image\" \/>\n<meta name=\"twitter:label1\" content=\"Tiempo de lectura\" \/>\n\t<meta name=\"twitter:data1\" content=\"3 minutos\" \/>\n<script type=\"application\/ld+json\" class=\"yoast-schema-graph\">{\"@context\":\"https:\/\/schema.org\",\"@graph\":[{\"@type\":\"WebPage\",\"@id\":\"https:\/\/departamento.us.es\/diqaus\/noticias-y-eventos\/carbon-capture-and-storage-workshop\/\",\"url\":\"https:\/\/departamento.us.es\/diqaus\/noticias-y-eventos\/carbon-capture-and-storage-workshop\/\",\"name\":\"Carbon Capture and Storage Workshop - Departamento Ingenier\u00eda Qu\u00edmica y Ambiental US\",\"isPartOf\":{\"@id\":\"https:\/\/departamento.us.es\/diqaus\/#website\"},\"primaryImageOfPage\":{\"@id\":\"https:\/\/departamento.us.es\/diqaus\/noticias-y-eventos\/carbon-capture-and-storage-workshop\/#primaryimage\"},\"image\":{\"@id\":\"https:\/\/departamento.us.es\/diqaus\/noticias-y-eventos\/carbon-capture-and-storage-workshop\/#primaryimage\"},\"thumbnailUrl\":\"http:\/\/alojamientosv.us.es\/diqaus\/wp-content\/uploads\/2016\/06\/Howard-Herzog.-MIT-Energy-Initiative-1-300x230.jpg\",\"datePublished\":\"2016-07-15T08:30:51+00:00\",\"dateModified\":\"2016-07-26T08:51:41+00:00\",\"breadcrumb\":{\"@id\":\"https:\/\/departamento.us.es\/diqaus\/noticias-y-eventos\/carbon-capture-and-storage-workshop\/#breadcrumb\"},\"inLanguage\":\"es\",\"potentialAction\":[{\"@type\":\"ReadAction\",\"target\":[\"https:\/\/departamento.us.es\/diqaus\/noticias-y-eventos\/carbon-capture-and-storage-workshop\/\"]}]},{\"@type\":\"ImageObject\",\"inLanguage\":\"es\",\"@id\":\"https:\/\/departamento.us.es\/diqaus\/noticias-y-eventos\/carbon-capture-and-storage-workshop\/#primaryimage\",\"url\":\"http:\/\/alojamientosv.us.es\/diqaus\/wp-content\/uploads\/2016\/06\/Howard-Herzog.-MIT-Energy-Initiative-1-300x230.jpg\",\"contentUrl\":\"http:\/\/alojamientosv.us.es\/diqaus\/wp-content\/uploads\/2016\/06\/Howard-Herzog.-MIT-Energy-Initiative-1-300x230.jpg\"},{\"@type\":\"BreadcrumbList\",\"@id\":\"https:\/\/departamento.us.es\/diqaus\/noticias-y-eventos\/carbon-capture-and-storage-workshop\/#breadcrumb\",\"itemListElement\":[{\"@type\":\"ListItem\",\"position\":1,\"name\":\"Portada\",\"item\":\"https:\/\/departamento.us.es\/diqaus\/\"},{\"@type\":\"ListItem\",\"position\":2,\"name\":\"Noticias y Eventos\",\"item\":\"https:\/\/departamento.us.es\/diqaus\/noticias-y-eventos\/\"},{\"@type\":\"ListItem\",\"position\":3,\"name\":\"Carbon Capture and Storage Workshop\"}]},{\"@type\":\"WebSite\",\"@id\":\"https:\/\/departamento.us.es\/diqaus\/#website\",\"url\":\"https:\/\/departamento.us.es\/diqaus\/\",\"name\":\"Departamento Ingenier\u00eda Qu\u00edmica y Ambiental US\",\"description\":\"Web del Departamento de Ingenier\u00eda Qu\u00edmica y Ambiental de la Universidad de Sevilla. Informaci\u00f3n sobre los estudios de Grado, Masters, l\u00edneas de investigaci\u00f3n y salidas laborales.\",\"publisher\":{\"@id\":\"https:\/\/departamento.us.es\/diqaus\/#organization\"},\"potentialAction\":[{\"@type\":\"SearchAction\",\"target\":{\"@type\":\"EntryPoint\",\"urlTemplate\":\"https:\/\/departamento.us.es\/diqaus\/?s={search_term_string}\"},\"query-input\":{\"@type\":\"PropertyValueSpecification\",\"valueRequired\":true,\"valueName\":\"search_term_string\"}}],\"inLanguage\":\"es\"},{\"@type\":\"Organization\",\"@id\":\"https:\/\/departamento.us.es\/diqaus\/#organization\",\"name\":\"Departamento de Ingenier\u00eda Qu\u00edmica y Ambiental US\",\"url\":\"https:\/\/departamento.us.es\/diqaus\/\",\"logo\":{\"@type\":\"ImageObject\",\"inLanguage\":\"es\",\"@id\":\"https:\/\/departamento.us.es\/diqaus\/#\/schema\/logo\/image\/\",\"url\":\"https:\/\/departamento.us.es\/diqaus\/wp-content\/uploads\/2021\/11\/logo-departamento-ingenieria-quimica-ambiental-us-e1637856642858.png\",\"contentUrl\":\"https:\/\/departamento.us.es\/diqaus\/wp-content\/uploads\/2021\/11\/logo-departamento-ingenieria-quimica-ambiental-us-e1637856642858.png\",\"width\":126,\"height\":127,\"caption\":\"Departamento de Ingenier\u00eda Qu\u00edmica y Ambiental US\"},\"image\":{\"@id\":\"https:\/\/departamento.us.es\/diqaus\/#\/schema\/logo\/image\/\"}}]}<\/script>\n<!-- \/ Yoast SEO plugin. -->","yoast_head_json":{"title":"Carbon Capture and Storage Workshop - Departamento Ingenier\u00eda Qu\u00edmica y Ambiental US","robots":{"index":"index","follow":"follow","max-snippet":"max-snippet:-1","max-image-preview":"max-image-preview:large","max-video-preview":"max-video-preview:-1"},"canonical":"https:\/\/departamento.us.es\/diqaus\/noticias-y-eventos\/carbon-capture-and-storage-workshop\/","og_locale":"es_ES","og_type":"article","og_title":"Carbon Capture and Storage Workshop - Departamento Ingenier\u00eda Qu\u00edmica y Ambiental US","og_description":"CLIMATE CHANGE MITIGATION: MAKING PROGRESS IN CHALLENGING TIMES May 4, 2016 DIQA \u2013 University of Sevilla (Seville \u2013 Spain) Energy demand grows every day. With the global population set to rise from 7 to 9 billion by 2050, and the rapidly industrialization of developing countries such as China or India, world energy demand is expected [&hellip;]","og_url":"https:\/\/departamento.us.es\/diqaus\/noticias-y-eventos\/carbon-capture-and-storage-workshop\/","og_site_name":"Departamento Ingenier\u00eda Qu\u00edmica y Ambiental US","article_modified_time":"2016-07-26T08:51:41+00:00","og_image":[{"url":"http:\/\/alojamientosv.us.es\/diqaus\/wp-content\/uploads\/2016\/06\/Howard-Herzog.-MIT-Energy-Initiative-1-300x230.jpg","type":"","width":"","height":""}],"twitter_card":"summary_large_image","twitter_misc":{"Tiempo de lectura":"3 minutos"},"schema":{"@context":"https:\/\/schema.org","@graph":[{"@type":"WebPage","@id":"https:\/\/departamento.us.es\/diqaus\/noticias-y-eventos\/carbon-capture-and-storage-workshop\/","url":"https:\/\/departamento.us.es\/diqaus\/noticias-y-eventos\/carbon-capture-and-storage-workshop\/","name":"Carbon Capture and Storage Workshop - Departamento Ingenier\u00eda Qu\u00edmica y Ambiental US","isPartOf":{"@id":"https:\/\/departamento.us.es\/diqaus\/#website"},"primaryImageOfPage":{"@id":"https:\/\/departamento.us.es\/diqaus\/noticias-y-eventos\/carbon-capture-and-storage-workshop\/#primaryimage"},"image":{"@id":"https:\/\/departamento.us.es\/diqaus\/noticias-y-eventos\/carbon-capture-and-storage-workshop\/#primaryimage"},"thumbnailUrl":"http:\/\/alojamientosv.us.es\/diqaus\/wp-content\/uploads\/2016\/06\/Howard-Herzog.-MIT-Energy-Initiative-1-300x230.jpg","datePublished":"2016-07-15T08:30:51+00:00","dateModified":"2016-07-26T08:51:41+00:00","breadcrumb":{"@id":"https:\/\/departamento.us.es\/diqaus\/noticias-y-eventos\/carbon-capture-and-storage-workshop\/#breadcrumb"},"inLanguage":"es","potentialAction":[{"@type":"ReadAction","target":["https:\/\/departamento.us.es\/diqaus\/noticias-y-eventos\/carbon-capture-and-storage-workshop\/"]}]},{"@type":"ImageObject","inLanguage":"es","@id":"https:\/\/departamento.us.es\/diqaus\/noticias-y-eventos\/carbon-capture-and-storage-workshop\/#primaryimage","url":"http:\/\/alojamientosv.us.es\/diqaus\/wp-content\/uploads\/2016\/06\/Howard-Herzog.-MIT-Energy-Initiative-1-300x230.jpg","contentUrl":"http:\/\/alojamientosv.us.es\/diqaus\/wp-content\/uploads\/2016\/06\/Howard-Herzog.-MIT-Energy-Initiative-1-300x230.jpg"},{"@type":"BreadcrumbList","@id":"https:\/\/departamento.us.es\/diqaus\/noticias-y-eventos\/carbon-capture-and-storage-workshop\/#breadcrumb","itemListElement":[{"@type":"ListItem","position":1,"name":"Portada","item":"https:\/\/departamento.us.es\/diqaus\/"},{"@type":"ListItem","position":2,"name":"Noticias y Eventos","item":"https:\/\/departamento.us.es\/diqaus\/noticias-y-eventos\/"},{"@type":"ListItem","position":3,"name":"Carbon Capture and Storage Workshop"}]},{"@type":"WebSite","@id":"https:\/\/departamento.us.es\/diqaus\/#website","url":"https:\/\/departamento.us.es\/diqaus\/","name":"Departamento Ingenier\u00eda Qu\u00edmica y Ambiental US","description":"Web del Departamento de Ingenier\u00eda Qu\u00edmica y Ambiental de la Universidad de Sevilla. Informaci\u00f3n sobre los estudios de Grado, Masters, l\u00edneas de investigaci\u00f3n y salidas laborales.","publisher":{"@id":"https:\/\/departamento.us.es\/diqaus\/#organization"},"potentialAction":[{"@type":"SearchAction","target":{"@type":"EntryPoint","urlTemplate":"https:\/\/departamento.us.es\/diqaus\/?s={search_term_string}"},"query-input":{"@type":"PropertyValueSpecification","valueRequired":true,"valueName":"search_term_string"}}],"inLanguage":"es"},{"@type":"Organization","@id":"https:\/\/departamento.us.es\/diqaus\/#organization","name":"Departamento de Ingenier\u00eda Qu\u00edmica y Ambiental US","url":"https:\/\/departamento.us.es\/diqaus\/","logo":{"@type":"ImageObject","inLanguage":"es","@id":"https:\/\/departamento.us.es\/diqaus\/#\/schema\/logo\/image\/","url":"https:\/\/departamento.us.es\/diqaus\/wp-content\/uploads\/2021\/11\/logo-departamento-ingenieria-quimica-ambiental-us-e1637856642858.png","contentUrl":"https:\/\/departamento.us.es\/diqaus\/wp-content\/uploads\/2021\/11\/logo-departamento-ingenieria-quimica-ambiental-us-e1637856642858.png","width":126,"height":127,"caption":"Departamento de Ingenier\u00eda Qu\u00edmica y Ambiental US"},"image":{"@id":"https:\/\/departamento.us.es\/diqaus\/#\/schema\/logo\/image\/"}}]}},"_links":{"self":[{"href":"https:\/\/departamento.us.es\/diqaus\/wp-json\/wp\/v2\/pages\/861","targetHints":{"allow":["GET"]}}],"collection":[{"href":"https:\/\/departamento.us.es\/diqaus\/wp-json\/wp\/v2\/pages"}],"about":[{"href":"https:\/\/departamento.us.es\/diqaus\/wp-json\/wp\/v2\/types\/page"}],"author":[{"embeddable":true,"href":"https:\/\/departamento.us.es\/diqaus\/wp-json\/wp\/v2\/users\/1"}],"replies":[{"embeddable":true,"href":"https:\/\/departamento.us.es\/diqaus\/wp-json\/wp\/v2\/comments?post=861"}],"version-history":[{"count":3,"href":"https:\/\/departamento.us.es\/diqaus\/wp-json\/wp\/v2\/pages\/861\/revisions"}],"predecessor-version":[{"id":2500,"href":"https:\/\/departamento.us.es\/diqaus\/wp-json\/wp\/v2\/pages\/861\/revisions\/2500"}],"up":[{"embeddable":true,"href":"https:\/\/departamento.us.es\/diqaus\/wp-json\/wp\/v2\/pages\/31"}],"wp:attachment":[{"href":"https:\/\/departamento.us.es\/diqaus\/wp-json\/wp\/v2\/media?parent=861"}],"curies":[{"name":"wp","href":"https:\/\/api.w.org\/{rel}","templated":true}]}}