{"id":2956,"date":"2022-11-14T10:21:12","date_gmt":"2022-11-14T10:21:12","guid":{"rendered":"https:\/\/departamento.us.es\/dmatcon\/?page_id=2956"},"modified":"2024-11-08T13:25:01","modified_gmt":"2024-11-08T13:25:01","slug":"docencia-en-master","status":"publish","type":"page","link":"https:\/\/departamento.us.es\/dmatcon\/docencia-en-master\/","title":{"rendered":"Docencia en M\u00e1ster"},"content":{"rendered":"\t\t<div data-elementor-type=\"wp-page\" data-elementor-id=\"2956\" class=\"elementor elementor-2956\">\n\t\t\t\t\t\t<section class=\"elementor-section elementor-top-section elementor-element elementor-element-36d644b elementor-section-boxed elementor-section-height-default elementor-section-height-default\" data-id=\"36d644b\" data-element_type=\"section\">\n\t\t\t\t\t\t<div class=\"elementor-container elementor-column-gap-default\">\n\t\t\t\t\t<div class=\"elementor-column elementor-col-100 elementor-top-column elementor-element elementor-element-4a6756b\" data-id=\"4a6756b\" data-element_type=\"column\">\n\t\t\t<div class=\"elementor-widget-wrap elementor-element-populated\">\n\t\t\t\t\t\t<div class=\"elementor-element elementor-element-38f1888 elementor-invisible elementor-widget elementor-widget-text-editor\" data-id=\"38f1888\" data-element_type=\"widget\" data-settings=\"{&quot;_animation&quot;:&quot;fadeIn&quot;}\" data-widget_type=\"text-editor.default\">\n\t\t\t\t<div class=\"elementor-widget-container\">\n\t\t\t\t\t\t\t\t\t<p style=\"text-align: justify;\">El Departamento de F\u00edsica de la Materia Condensada imparte docencia en siete titulaciones de Grado, cuatro titulaciones de Doble Grado y dos titulaciones de M\u00e1ster de la\u00a0<a href=\"http:\/\/www.us.es\/\" target=\"_blank\" rel=\"noopener\">Universidad de Sevilla<\/a>\u00a0. La docencia se desarrolla en diversos centros:\u00a0<a href=\"http:\/\/fisica.us.es\/\" target=\"_blank\" rel=\"noopener\">Facultad de F\u00edsica<\/a>,\u00a0<a href=\"http:\/\/www.bio.us.es\/\" target=\"_blank\" rel=\"noopener\">Facultad de Biologia<\/a>,\u00a0<a href=\"http:\/\/www.centro.us.es\/quimica\" target=\"_blank\" rel=\"noopener\">Facultad de Qu\u00edmica<\/a>,\u00a0<a href=\"http:\/\/www.farmacia.us.es\/\" target=\"_blank\" rel=\"noopener\">Facultad de Farmacia<\/a>,\u00a0<a href=\"http:\/\/www.informatica.us.es\/\" target=\"_blank\" rel=\"noopener\">Escuela T\u00e9cnica Superior de Ingenier\u00eda Inform\u00e1tica<\/a>\u00a0y\u00a0<a href=\"http:\/\/centrointernacional.us.es\/\" target=\"_blank\" rel=\"noopener\">Centro Internacional de Posgrado<\/a>. Para consultar el profesorado, los programas y los proyectos docentes de cada asignatura impartida despliegue el men\u00fa inferior.<\/p>\t\t\t\t\t\t\t\t<\/div>\n\t\t\t\t<\/div>\n\t\t\t\t<div class=\"elementor-element elementor-element-217a5aa elementor-invisible elementor-widget elementor-widget-toggle\" data-id=\"217a5aa\" data-element_type=\"widget\" data-settings=\"{&quot;_animation&quot;:&quot;fadeIn&quot;}\" data-widget_type=\"toggle.default\">\n\t\t\t\t<div class=\"elementor-widget-container\">\n\t\t\t\t\t\t\t<div class=\"elementor-toggle\">\n\t\t\t\t\t\t\t<div class=\"elementor-toggle-item\">\n\t\t\t\t\t<div id=\"elementor-tab-title-3511\" class=\"elementor-tab-title\" data-tab=\"1\" role=\"button\" aria-controls=\"elementor-tab-content-3511\" aria-expanded=\"false\">\n\t\t\t\t\t\t\t\t\t\t\t\t<span class=\"elementor-toggle-icon elementor-toggle-icon-left\" aria-hidden=\"true\">\n\t\t\t\t\t\t\t\t\t\t\t\t\t\t\t<span class=\"elementor-toggle-icon-closed\"><i class=\"fas fa-caret-right\"><\/i><\/span>\n\t\t\t\t\t\t\t\t<span class=\"elementor-toggle-icon-opened\"><i class=\"elementor-toggle-icon-opened fas fa-caret-up\"><\/i><\/span>\n\t\t\t\t\t\t\t\t\t\t\t\t\t<\/span>\n\t\t\t\t\t\t\t\t\t\t\t\t<a class=\"elementor-toggle-title\" tabindex=\"0\">M\u00e1ster Universitario en Ciencia y Tecnolog\u00eda de Nuevos Materiales (CyTNM)<\/a>\n\t\t\t\t\t<\/div>\n\n\t\t\t\t\t<div id=\"elementor-tab-content-3511\" class=\"elementor-tab-content elementor-clearfix\" data-tab=\"1\" role=\"region\" aria-labelledby=\"elementor-tab-title-3511\"><ul><li><a href=\"https:\/\/www.us.es\/estudiar\/que-estudiar\/oferta-de-masteres\/master-universitario-en-ciencia-y-tecnologia-de-nuevos\/50560016\" target=\"_blank\" rel=\"noopener\">Aplicaciones Tecnol\u00f3gicas de Materiales Funcionales<\/a><\/li><li><a href=\"https:\/\/www.us.es\/estudiar\/que-estudiar\/oferta-de-masteres\/master-universitario-en-ciencia-y-tecnologia-de-nuevos\/50560003\" target=\"_blank\" rel=\"noopener\">F\u00edsica del Estado S\u00f3lido<\/a><\/li><li><a href=\"https:\/\/www.us.es\/estudiar\/que-estudiar\/oferta-de-masteres\/master-universitario-en-ciencia-y-tecnologia-de-nuevos\/50560013\" target=\"_blank\" rel=\"noopener\">Procesado de Materiales Estructurales<\/a><\/li><li><a href=\"https:\/\/www.us.es\/estudiar\/que-estudiar\/oferta-de-masteres\/master-universitario-en-ciencia-y-tecnologia-de-nuevos\/50560018\" target=\"_blank\" rel=\"noopener\">Propiedades Magn\u00e9ticas de Materiales<\/a><\/li><li><a href=\"https:\/\/www.us.es\/estudiar\/que-estudiar\/oferta-de-masteres\/master-universitario-en-ciencia-y-tecnologia-de-nuevos\/50560019\" target=\"_blank\" rel=\"noopener\">Propiedades T\u00e9rmicas, Diel\u00e9ctricas y \u00d3pticas de Materiales<\/a><\/li><li><a href=\"https:\/\/www.us.es\/estudiar\/que-estudiar\/oferta-de-masteres\/master-universitario-en-ciencia-y-tecnologia-de-nuevos\/50560006\" target=\"_blank\" rel=\"noopener\">T\u00e9cnicas de Caracterizaci\u00f3n de Materiales<\/a><\/li><li><a href=\"https:\/\/www.us.es\/estudiar\/que-estudiar\/oferta-de-masteres\/master-universitario-en-ciencia-y-tecnologia-de-nuevos\/50560009\">\u00a0Comportamiento Mec\u00e1nico<\/a><\/li><\/ul><\/div>\n\t\t\t\t<\/div>\n\t\t\t\t\t\t\t<div class=\"elementor-toggle-item\">\n\t\t\t\t\t<div id=\"elementor-tab-title-3512\" class=\"elementor-tab-title\" data-tab=\"2\" role=\"button\" aria-controls=\"elementor-tab-content-3512\" aria-expanded=\"false\">\n\t\t\t\t\t\t\t\t\t\t\t\t<span class=\"elementor-toggle-icon elementor-toggle-icon-left\" aria-hidden=\"true\">\n\t\t\t\t\t\t\t\t\t\t\t\t\t\t\t<span class=\"elementor-toggle-icon-closed\"><i class=\"fas fa-caret-right\"><\/i><\/span>\n\t\t\t\t\t\t\t\t<span class=\"elementor-toggle-icon-opened\"><i class=\"elementor-toggle-icon-opened fas fa-caret-up\"><\/i><\/span>\n\t\t\t\t\t\t\t\t\t\t\t\t\t<\/span>\n\t\t\t\t\t\t\t\t\t\t\t\t<a class=\"elementor-toggle-title\" tabindex=\"0\">M\u00e1ster Universitario en Profesorado de Ense\u00f1anza Secundaria Obligatoria y Bachillerato, Formaci\u00f3n profesional y Ense\u00f1anza de Idiomas<\/a>\n\t\t\t\t\t<\/div>\n\n\t\t\t\t\t<div id=\"elementor-tab-content-3512\" class=\"elementor-tab-content elementor-clearfix\" data-tab=\"2\" role=\"region\" aria-labelledby=\"elementor-tab-title-3512\"><ul><li><a href=\"https:\/\/www.us.es\/estudiar\/que-estudiar\/oferta-de-masteres\/master-universitario-en-profesorado-de-ensenanza\/50440008\" target=\"_blank\" rel=\"noopener\">Complementos de formaci\u00f3n disciplinar en F\u00edsica y Qu\u00edmica<\/a><\/li><\/ul><\/div>\n\t\t\t\t<\/div>\n\t\t\t\t\t\t\t\t<\/div>\n\t\t\t\t\t\t<\/div>\n\t\t\t\t<\/div>\n\t\t\t\t<div class=\"elementor-element elementor-element-13f5341 elementor-widget elementor-widget-heading\" data-id=\"13f5341\" data-element_type=\"widget\" data-widget_type=\"heading.default\">\n\t\t\t\t<div class=\"elementor-widget-container\">\n\t\t\t\t\t<h2 class=\"elementor-heading-title elementor-size-default\">Enlaces de inter\u00e9s<\/h2>\t\t\t\t<\/div>\n\t\t\t\t<\/div>\n\t\t\t\t<section class=\"elementor-section elementor-inner-section elementor-element elementor-element-11407a4 elementor-section-boxed elementor-section-height-default elementor-section-height-default elementor-invisible\" data-id=\"11407a4\" data-element_type=\"section\" data-settings=\"{&quot;animation&quot;:&quot;fadeIn&quot;}\">\n\t\t\t\t\t\t<div class=\"elementor-container elementor-column-gap-default\">\n\t\t\t\t\t<div class=\"elementor-column elementor-col-25 elementor-inner-column elementor-element elementor-element-3278646\" data-id=\"3278646\" data-element_type=\"column\">\n\t\t\t<div class=\"elementor-widget-wrap elementor-element-populated\">\n\t\t\t\t\t\t<div class=\"elementor-element elementor-element-0027884 elementor-align-right elementor-mobile-align-center elementor-widget elementor-widget-button\" data-id=\"0027884\" data-element_type=\"widget\" data-widget_type=\"button.default\">\n\t\t\t\t<div class=\"elementor-widget-container\">\n\t\t\t\t\t\t\t\t\t<div class=\"elementor-button-wrapper\">\n\t\t\t\t\t<a class=\"elementor-button elementor-button-link elementor-size-sm\" href=\"https:\/\/departamento.us.es\/dmatcon\/wp-content\/uploads\/2024\/09\/HORARIO-DE-TUTORIAS-CURSO-2024-25.pdf\" target=\"_blank\" rel=\"nofollow\">\n\t\t\t\t\t\t<span class=\"elementor-button-content-wrapper\">\n\t\t\t\t\t\t\t\t\t<span class=\"elementor-button-text\">HORARIO DE TUTOR\u00cdAS<br>Curso 2024\/2025<\/span>\n\t\t\t\t\t<\/span>\n\t\t\t\t\t<\/a>\n\t\t\t\t<\/div>\n\t\t\t\t\t\t\t\t<\/div>\n\t\t\t\t<\/div>\n\t\t\t\t\t<\/div>\n\t\t<\/div>\n\t\t\t\t<div class=\"elementor-column elementor-col-25 elementor-inner-column elementor-element elementor-element-7686aa8\" data-id=\"7686aa8\" data-element_type=\"column\">\n\t\t\t<div class=\"elementor-widget-wrap elementor-element-populated\">\n\t\t\t\t\t\t<div class=\"elementor-element elementor-element-73d2340 elementor-align-center elementor-mobile-align-center elementor-widget elementor-widget-button\" data-id=\"73d2340\" data-element_type=\"widget\" data-widget_type=\"button.default\">\n\t\t\t\t<div class=\"elementor-widget-container\">\n\t\t\t\t\t\t\t\t\t<div class=\"elementor-button-wrapper\">\n\t\t\t\t\t<a class=\"elementor-button elementor-button-link elementor-size-sm\" href=\"https:\/\/institucional.us.es\/exponaus\/\" target=\"_blank\" rel=\"nofollow\">\n\t\t\t\t\t\t<span class=\"elementor-button-content-wrapper\">\n\t\t\t\t\t\t\t\t\t<span class=\"elementor-button-text\">QUEJAS Y<br> SUGERENCIAS<\/span>\n\t\t\t\t\t<\/span>\n\t\t\t\t\t<\/a>\n\t\t\t\t<\/div>\n\t\t\t\t\t\t\t\t<\/div>\n\t\t\t\t<\/div>\n\t\t\t\t\t<\/div>\n\t\t<\/div>\n\t\t\t\t<div class=\"elementor-column elementor-col-25 elementor-inner-column elementor-element elementor-element-920752f\" data-id=\"920752f\" data-element_type=\"column\">\n\t\t\t<div class=\"elementor-widget-wrap elementor-element-populated\">\n\t\t\t\t\t\t<div class=\"elementor-element elementor-element-b279dc7 elementor-align-left elementor-mobile-align-center elementor-widget elementor-widget-button\" data-id=\"b279dc7\" data-element_type=\"widget\" data-widget_type=\"button.default\">\n\t\t\t\t<div class=\"elementor-widget-container\">\n\t\t\t\t\t\t\t\t\t<div class=\"elementor-button-wrapper\">\n\t\t\t\t\t<a class=\"elementor-button elementor-button-link elementor-size-sm\" href=\"https:\/\/masteroficial.us.es\/materiales\/\" target=\"_blank\" rel=\"nofollow\">\n\t\t\t\t\t\t<span class=\"elementor-button-content-wrapper\">\n\t\t\t\t\t\t\t\t\t<span class=\"elementor-button-text\">M\u00e1ster Univ. <br>CyTNM<\/span>\n\t\t\t\t\t<\/span>\n\t\t\t\t\t<\/a>\n\t\t\t\t<\/div>\n\t\t\t\t\t\t\t\t<\/div>\n\t\t\t\t<\/div>\n\t\t\t\t\t<\/div>\n\t\t<\/div>\n\t\t\t\t<div class=\"elementor-column elementor-col-25 elementor-inner-column elementor-element elementor-element-aa65ac6\" data-id=\"aa65ac6\" data-element_type=\"column\">\n\t\t\t<div class=\"elementor-widget-wrap elementor-element-populated\">\n\t\t\t\t\t\t<div class=\"elementor-element elementor-element-14b90fd elementor-align-left elementor-mobile-align-center elementor-widget elementor-widget-button\" data-id=\"14b90fd\" data-element_type=\"widget\" data-widget_type=\"button.default\">\n\t\t\t\t<div class=\"elementor-widget-container\">\n\t\t\t\t\t\t\t\t\t<div class=\"elementor-button-wrapper\">\n\t\t\t\t\t<a class=\"elementor-button elementor-button-link elementor-size-sm\" href=\"https:\/\/tv.us.es\/media\/PRESENTACI%C3%93N+DEL+M%C3%81STER+UNIVERSITARIO+EN+CIENCIA+Y+TECNOLOG%C3%8DA+DE+NUEVOS+MATERIALES\/1_gihrx6y0\" target=\"_blank\" rel=\"nofollow\">\n\t\t\t\t\t\t<span class=\"elementor-button-content-wrapper\">\n\t\t\t\t\t\t\t\t\t<span class=\"elementor-button-text\">V\u00eddeo  del M\u00e1ster Univ. <br>CyTNM<\/span>\n\t\t\t\t\t<\/span>\n\t\t\t\t\t<\/a>\n\t\t\t\t<\/div>\n\t\t\t\t\t\t\t\t<\/div>\n\t\t\t\t<\/div>\n\t\t\t\t\t<\/div>\n\t\t<\/div>\n\t\t\t\t\t<\/div>\n\t\t<\/section>\n\t\t\t\t\t<\/div>\n\t\t<\/div>\n\t\t\t\t\t<\/div>\n\t\t<\/section>\n\t\t\t\t<\/div>\n\t\t","protected":false},"excerpt":{"rendered":"<p>El Departamento de F\u00edsica de la Materia Condensada imparte docencia en siete titulaciones de Grado, cuatro titulaciones de Doble Grado<\/p>\n","protected":false},"author":3,"featured_media":0,"parent":0,"menu_order":0,"comment_status":"closed","ping_status":"closed","template":"","meta":{"colormag_page_layout":"default_layout","footnotes":""},"class_list":["post-2956","page","type-page","status-publish","hentry"],"_links":{"self":[{"href":"https:\/\/departamento.us.es\/dmatcon\/wp-json\/wp\/v2\/pages\/2956","targetHints":{"allow":["GET"]}}],"collection":[{"href":"https:\/\/departamento.us.es\/dmatcon\/wp-json\/wp\/v2\/pages"}],"about":[{"href":"https:\/\/departamento.us.es\/dmatcon\/wp-json\/wp\/v2\/types\/page"}],"author":[{"embeddable":true,"href":"https:\/\/departamento.us.es\/dmatcon\/wp-json\/wp\/v2\/users\/3"}],"replies":[{"embeddable":true,"href":"https:\/\/departamento.us.es\/dmatcon\/wp-json\/wp\/v2\/comments?post=2956"}],"version-history":[{"count":24,"href":"https:\/\/departamento.us.es\/dmatcon\/wp-json\/wp\/v2\/pages\/2956\/revisions"}],"predecessor-version":[{"id":3735,"href":"https:\/\/departamento.us.es\/dmatcon\/wp-json\/wp\/v2\/pages\/2956\/revisions\/3735"}],"wp:attachment":[{"href":"https:\/\/departamento.us.es\/dmatcon\/wp-json\/wp\/v2\/media?parent=2956"}],"curies":[{"name":"wp","href":"https:\/\/api.w.org\/{rel}","templated":true}]}}