{"id":289,"date":"2026-01-22T10:31:11","date_gmt":"2026-01-22T09:31:11","guid":{"rendered":"https:\/\/departamento.us.es\/dmicro\/web\/?page_id=289"},"modified":"2026-03-06T21:13:35","modified_gmt":"2026-03-06T20:13:35","slug":"inicio","status":"publish","type":"page","link":"https:\/\/departamento.us.es\/dmicro\/web\/","title":{"rendered":"Inicio"},"content":{"rendered":"<h2>\u00a1\u00daLTIMA HORA!<\/h2>\n\n<ul class=\"wp-block-latest-posts__list has-dates wp-block-latest-posts\"><li><a class=\"wp-block-latest-posts__post-title\" href=\"https:\/\/departamento.us.es\/dmicro\/web\/nueva-pagina-web-departamento\/\">Nueva P\u00e1gina Web del Departamento<\/a><time datetime=\"2026-01-22T08:24:09+01:00\" class=\"wp-block-latest-posts__post-date\">22 de enero de 2026<\/time><div class=\"wp-block-latest-posts__post-excerpt\">Nos complace anunciar el lanzamiento del nuevo portal web oficial del Departamento de Microbiolog\u00eda de la Universidad de Sevilla. Tras un proceso de renovaci\u00f3n t\u00e9cnica y est\u00e9tica, esta nueva plataforma ha sido dise\u00f1ada para ofrecer un acceso m\u00e1s \u00e1gil y moderno a toda la informaci\u00f3n acad\u00e9mica, investigadora y administrativa de nuestro departamento en la Facultad&#8230;<\/div><\/li>\n<\/ul>\n\n\n<figure class=\"wp-block-pullquote\"><blockquote><p>\u00abNada en la <strong>biolog\u00eda<\/strong> tiene sentido, excepto a la <strong>luz de la evoluci\u00f3n<\/strong>.\u00bb<\/p><cite>\u2014 Theodosius Dobzhansky (1900\u20131975)<\/cite><\/blockquote><\/figure>\n","protected":false},"excerpt":{"rendered":"<p>\u00a1\u00daLTIMA HORA! \u00abNada en la biolog\u00eda tiene sentido, excepto a la luz de la evoluci\u00f3n.\u00bb \u2014 Theodosius Dobzhansky (1900\u20131975)<\/p>\n","protected":false},"author":1,"featured_media":0,"parent":0,"menu_order":0,"comment_status":"closed","ping_status":"closed","template":"","meta":{"_kad_post_transparent":"","_kad_post_title":"","_kad_post_layout":"default","_kad_post_sidebar_id":"","_kad_post_content_style":"","_kad_post_vertical_padding":"","_kad_post_feature":"","_kad_post_feature_position":"","_kad_post_header":false,"_kad_post_footer":false,"_kad_post_classname":"","footnotes":""},"class_list":["post-289","page","type-page","status-publish","hentry"],"_links":{"self":[{"href":"https:\/\/departamento.us.es\/dmicro\/web\/wp-json\/wp\/v2\/pages\/289","targetHints":{"allow":["GET"]}}],"collection":[{"href":"https:\/\/departamento.us.es\/dmicro\/web\/wp-json\/wp\/v2\/pages"}],"about":[{"href":"https:\/\/departamento.us.es\/dmicro\/web\/wp-json\/wp\/v2\/types\/page"}],"author":[{"embeddable":true,"href":"https:\/\/departamento.us.es\/dmicro\/web\/wp-json\/wp\/v2\/users\/1"}],"replies":[{"embeddable":true,"href":"https:\/\/departamento.us.es\/dmicro\/web\/wp-json\/wp\/v2\/comments?post=289"}],"version-history":[{"count":9,"href":"https:\/\/departamento.us.es\/dmicro\/web\/wp-json\/wp\/v2\/pages\/289\/revisions"}],"predecessor-version":[{"id":512,"href":"https:\/\/departamento.us.es\/dmicro\/web\/wp-json\/wp\/v2\/pages\/289\/revisions\/512"}],"wp:attachment":[{"href":"https:\/\/departamento.us.es\/dmicro\/web\/wp-json\/wp\/v2\/media?parent=289"}],"curies":[{"name":"wp","href":"https:\/\/api.w.org\/{rel}","templated":true}]}}