{"id":345,"date":"2026-01-22T14:39:42","date_gmt":"2026-01-22T13:39:42","guid":{"rendered":"https:\/\/departamento.us.es\/dmicro\/web\/?page_id=345"},"modified":"2026-02-18T12:25:46","modified_gmt":"2026-02-18T11:25:46","slug":"ptgas","status":"publish","type":"page","link":"https:\/\/departamento.us.es\/dmicro\/web\/ptgas\/","title":{"rendered":"PTGAS"},"content":{"rendered":"<p>Te invitamos a conocer al <strong>Personal T\u00e9cnico y de Administraci\u00f3n y Servicios (PTGAS)<\/strong> que forma parte del Departamento de Microbiolog\u00eda.<br \/>\n<!-- \n    LISTADO DE PTGAS PARA KADENCE\n\n    Estructura: \n    - El nombre va en etiqueta <strong>.\n    - El cargo va en la l\u00ednea siguiente despu\u00e9s de un salto de l\u00ednea (\n).\n    - Todo el bloque est\u00e1 contenido en un p\u00e1rrafo () para facilitar la edici\u00f3n \n      y evitar m\u00e1rgenes excesivos entre l\u00edneas.\n--><\/p>\n<p><a href=\"https:\/\/www.us.es\/trabaja-en-la-us\/directorio\/ines-quinta-pena\" target=\"_blank\" rel=\"noopener\"><strong>D\u00aa. In\u00e9s Quinta Pe\u00f1a<\/strong><\/a><br \/>\nResponsable de Unidad (Gestora).<\/p>\n<hr style=\"margin: 15px 0;\" \/>\n<p><a href=\"https:\/\/departamento.us.es\/dmicro\/web\/ptgas\/manuel-mesa-romero\/\"><strong>D. Manuel Mesa Romero<\/strong><\/a><br \/>\nAuxiliar Administrativo.<\/p>\n<hr style=\"margin: 15px 0;\" \/>\n<p><a href=\"https:\/\/departamento.us.es\/dmicro\/web\/ptgas\/nuria-madinabeitia-peiro\/\"><strong>Dra. D\u00aa. Nuria Madinabeitia Peir\u00f3 <\/strong><\/a><br \/>\nTitulada Grado Medio de Apoyo a la Docencia y la Investigaci\u00f3n.<\/p>\n<hr style=\"margin: 15px 0;\" \/>\n<p><a href=\"https:\/\/www.us.es\/trabaja-en-la-us\/directorio\/olivia-cruz-gomez\" target=\"_blank\" rel=\"noopener\"><strong>D\u00aa. Olivia Cruz G\u00f3mez<\/strong><\/a><br \/>\nT\u00e9cnico Especialista de Laboratorio.<\/p>\n","protected":false},"excerpt":{"rendered":"<p>Te invitamos a conocer al Personal T\u00e9cnico y de Administraci\u00f3n y Servicios (PTGAS) que forma parte del Departamento de Microbiolog\u00eda. D\u00aa. In\u00e9s Quinta Pe\u00f1a Responsable de Unidad (Gestora). D. Manuel Mesa Romero Auxiliar Administrativo. Dra. D\u00aa. Nuria Madinabeitia Peir\u00f3 Titulada Grado Medio de Apoyo a la Docencia y la Investigaci\u00f3n. D\u00aa. Olivia Cruz G\u00f3mez T\u00e9cnico&#8230;<\/p>\n","protected":false},"author":1,"featured_media":0,"parent":0,"menu_order":0,"comment_status":"closed","ping_status":"closed","template":"","meta":{"_kad_post_transparent":"","_kad_post_title":"","_kad_post_layout":"","_kad_post_sidebar_id":"","_kad_post_content_style":"","_kad_post_vertical_padding":"","_kad_post_feature":"","_kad_post_feature_position":"","_kad_post_header":false,"_kad_post_footer":false,"_kad_post_classname":"","footnotes":""},"class_list":["post-345","page","type-page","status-publish","hentry"],"_links":{"self":[{"href":"https:\/\/departamento.us.es\/dmicro\/web\/wp-json\/wp\/v2\/pages\/345","targetHints":{"allow":["GET"]}}],"collection":[{"href":"https:\/\/departamento.us.es\/dmicro\/web\/wp-json\/wp\/v2\/pages"}],"about":[{"href":"https:\/\/departamento.us.es\/dmicro\/web\/wp-json\/wp\/v2\/types\/page"}],"author":[{"embeddable":true,"href":"https:\/\/departamento.us.es\/dmicro\/web\/wp-json\/wp\/v2\/users\/1"}],"replies":[{"embeddable":true,"href":"https:\/\/departamento.us.es\/dmicro\/web\/wp-json\/wp\/v2\/comments?post=345"}],"version-history":[{"count":7,"href":"https:\/\/departamento.us.es\/dmicro\/web\/wp-json\/wp\/v2\/pages\/345\/revisions"}],"predecessor-version":[{"id":496,"href":"https:\/\/departamento.us.es\/dmicro\/web\/wp-json\/wp\/v2\/pages\/345\/revisions\/496"}],"wp:attachment":[{"href":"https:\/\/departamento.us.es\/dmicro\/web\/wp-json\/wp\/v2\/media?parent=345"}],"curies":[{"name":"wp","href":"https:\/\/api.w.org\/{rel}","templated":true}]}}