{"id":361,"date":"2026-01-23T08:45:01","date_gmt":"2026-01-23T07:45:01","guid":{"rendered":"https:\/\/departamento.us.es\/dmicro\/web\/?page_id=361"},"modified":"2026-03-20T11:16:41","modified_gmt":"2026-03-20T10:16:41","slug":"pdi","status":"publish","type":"page","link":"https:\/\/departamento.us.es\/dmicro\/web\/pdi\/","title":{"rendered":"PDI"},"content":{"rendered":"<p>Te invitamos a conocer a los <strong>Personal Docente e Investigador (PDI)<\/strong>\u00a0que forman parte del Departamento de Microbiolog\u00eda.<br \/>\n<!-- \n    LISTADO DE PROFESORADO PARA KADENCE\n\n    Estructura: \n    - El nombre va en etiqueta <strong>.\n    - El cargo va en la l\u00ednea siguiente despu\u00e9s de un salto de l\u00ednea (\n).\n    - Todo el bloque est\u00e1 contenido en un p\u00e1rrafo () para facilitar la edici\u00f3n \n      y evitar m\u00e1rgenes excesivos entre l\u00edneas.\n--><\/p>\n<p><a href=\"https:\/\/prisma.us.es\/investigador\/1197\" target=\"_blank\" rel=\"noopener\"><strong>Dra. D\u00aa. Mar\u00eda Rosario Espuny G\u00f3mez<\/strong><\/a><br \/>\nCatedr\u00e1tica.<\/p>\n<hr style=\"margin: 15px 0;\" \/>\n<p><a href=\"https:\/\/departamento.us.es\/dmicro\/web\/pdi\/francisco-javier-lopez-baena\/\"><strong>Dr. D. Francisco Javier L\u00f3pez Baena<\/strong><\/a><br \/>\nCatedr\u00e1tico.<\/p>\n<hr style=\"margin: 15px 0;\" \/>\n<p><a href=\"https:\/\/prisma.us.es\/investigador\/3050\" target=\"_blank\" rel=\"noopener\"><strong>Dr. D. Francisco Javier Ollero M\u00e1rquez<\/strong><\/a><br \/>\nCatedr\u00e1tico.<\/p>\n<hr style=\"margin: 15px 0;\" \/>\n<p><a href=\"https:\/\/investigacion.us.es\/sisius\/sis_showpub.php?idpers=799\" target=\"_blank\" rel=\"noopener\"><strong>Dr. D. Francisco Romero Portillo<\/strong><\/a><br \/>\nCatedr\u00e1tico.<\/p>\n<hr style=\"margin: 15px 0;\" \/>\n<p><a href=\"https:\/\/prisma.us.es\/investigador\/4357\" target=\"_blank\" rel=\"noopener\"><strong>Dr. D. Eduardo Villalobo Polo<\/strong><\/a><br \/>\nCatedr\u00e1tico.<\/p>\n<hr style=\"margin: 15px 0;\" \/>\n<p><a href=\"https:\/\/prisma.us.es\/investigador\/4374\" target=\"_blank\" rel=\"noopener\"><strong>Dr. D. Jos\u00e9 M\u00aa Vinardell Gonz\u00e1lez<\/strong><\/a><br \/>\nCatedr\u00e1tico.<\/p>\n<hr style=\"margin: 15px 0;\" \/>\n<p><a href=\"https:\/\/departamento.us.es\/dmicro\/web\/pdi\/patricia-bernal-guzman\/\" rel=\"noopener\"><strong>Dra. D\u00aa. Patricia Bernal Guzm\u00e1n<\/strong><\/a><br \/>\nProfesora Titular.<\/p>\n<hr style=\"margin: 15px 0;\" \/>\n<p><a href=\"https:\/\/departamento.us.es\/dmicro\/web\/pdi\/jose-manuel-borrero\/\"><strong>Dr. D. Jos\u00e9 Manuel Borrero de Acu\u00f1a<\/strong><\/a><br \/>\nProfesor Titular.<\/p>\n<hr style=\"margin: 15px 0;\" \/>\n<p><a href=\"https:\/\/prisma.us.es\/investigador\/497\" target=\"_blank\" rel=\"noopener\"><strong>Dra. D\u00aa. Ana Mar\u00eda Buend\u00eda Claver\u00eda<\/strong><\/a><br \/>\nProfesora Titular.<\/p>\n<hr style=\"margin: 15px 0;\" \/>\n<p><a href=\"https:\/\/departamento.us.es\/dmicro\/web\/pdi\/maria-teresa-cubo-sanchez\/\"><strong>Dra. D\u00aa. Mar\u00eda Teresa Cubo S\u00e1nchez<\/strong><\/a><br \/>\nProfesora Titular.<\/p>\n<hr style=\"margin: 15px 0;\" \/>\n<p><a href=\"https:\/\/prisma.us.es\/investigador\/2638\" target=\"_blank\" rel=\"noopener\"><strong>Dr. D. Carlos Medina Morillas <\/strong><\/a><br \/>\nProfesor Titular.<\/p>\n<hr style=\"margin: 15px 0;\" \/>\n<p><a href=\"https:\/\/prisma.us.es\/investigador\/3272\" target=\"_blank\" rel=\"noopener\"><strong>Dr. D. Francisco de As\u00eds P\u00e9rez Monta\u00f1o<\/strong><\/a><br \/>\nProfesor Titular.<\/p>\n<hr style=\"margin: 15px 0;\" \/>\n<p><a href=\"https:\/\/prisma.us.es\/investigador\/5292\" target=\"_blank\" rel=\"noopener\"><strong>Dra. D\u00aa. Irene Jim\u00e9nez Guerrero<\/strong><\/a><br \/>\nProfesora Permanente Laboral.<\/p>\n<hr style=\"margin: 15px 0;\" \/>\n<p><a href=\"https:\/\/prisma.us.es\/investigador\/2198\" target=\"_blank\" rel=\"noopener\"><strong>Dra. D\u00aa. Mar\u00eda Cristina Lim\u00f3n Mort\u00e9s<\/strong><\/a> (Secretaria del Departamento)<br \/>\nProfesora Contratada Doctora.<\/p>\n<hr style=\"margin: 15px 0;\" \/>\n<p><a href=\"https:\/\/investigacion.us.es\/sisius\/sis_showpub.php?idpers=11572\" target=\"_blank\" rel=\"noopener\"><strong>Dra. D\u00aa. Mar\u00eda del Mar Mora Santos<\/strong><\/a><br \/>\nProfesora Permanente Laboral.<\/p>\n<hr style=\"margin: 15px 0;\" \/>\n<p><a href=\"https:\/\/prisma.us.es\/investigador\/4182\" target=\"_blank\" rel=\"noopener\"><strong>Dr. D. Antonio I. Torres Rueda<\/strong><\/a><br \/>\nProfesor Em\u00e9rito.<\/p>\n<hr style=\"margin: 15px 0;\" \/>\n<p><a href=\"https:\/\/prisma.us.es\/investigador\/3833\" target=\"_blank\" rel=\"noopener\"><strong>Dr. D. Jos\u00e9 Enrique Ruiz Sainz<\/strong><\/a><br \/>\nCatedr\u00e1tico Jubilado (Asistente Honorario).<\/p>\n","protected":false},"excerpt":{"rendered":"<p>Te invitamos a conocer a los Personal Docente e Investigador (PDI)\u00a0que forman parte del Departamento de Microbiolog\u00eda. Dra. D\u00aa. Mar\u00eda Rosario Espuny G\u00f3mez Catedr\u00e1tica. Dr. D. Francisco Javier L\u00f3pez Baena Catedr\u00e1tico. Dr. D. Francisco Javier Ollero M\u00e1rquez Catedr\u00e1tico. Dr. D. Francisco Romero Portillo Catedr\u00e1tico. Dr. D. Eduardo Villalobo Polo Catedr\u00e1tico. Dr. D. Jos\u00e9 M\u00aa Vinardell&#8230;<\/p>\n","protected":false},"author":1,"featured_media":0,"parent":0,"menu_order":0,"comment_status":"closed","ping_status":"closed","template":"","meta":{"_kad_post_transparent":"","_kad_post_title":"","_kad_post_layout":"","_kad_post_sidebar_id":"","_kad_post_content_style":"","_kad_post_vertical_padding":"","_kad_post_feature":"","_kad_post_feature_position":"","_kad_post_header":false,"_kad_post_footer":false,"_kad_post_classname":"","footnotes":""},"class_list":["post-361","page","type-page","status-publish","hentry"],"_links":{"self":[{"href":"https:\/\/departamento.us.es\/dmicro\/web\/wp-json\/wp\/v2\/pages\/361","targetHints":{"allow":["GET"]}}],"collection":[{"href":"https:\/\/departamento.us.es\/dmicro\/web\/wp-json\/wp\/v2\/pages"}],"about":[{"href":"https:\/\/departamento.us.es\/dmicro\/web\/wp-json\/wp\/v2\/types\/page"}],"author":[{"embeddable":true,"href":"https:\/\/departamento.us.es\/dmicro\/web\/wp-json\/wp\/v2\/users\/1"}],"replies":[{"embeddable":true,"href":"https:\/\/departamento.us.es\/dmicro\/web\/wp-json\/wp\/v2\/comments?post=361"}],"version-history":[{"count":23,"href":"https:\/\/departamento.us.es\/dmicro\/web\/wp-json\/wp\/v2\/pages\/361\/revisions"}],"predecessor-version":[{"id":515,"href":"https:\/\/departamento.us.es\/dmicro\/web\/wp-json\/wp\/v2\/pages\/361\/revisions\/515"}],"wp:attachment":[{"href":"https:\/\/departamento.us.es\/dmicro\/web\/wp-json\/wp\/v2\/media?parent=361"}],"curies":[{"name":"wp","href":"https:\/\/api.w.org\/{rel}","templated":true}]}}