{"id":378,"date":"2026-01-23T11:58:09","date_gmt":"2026-01-23T10:58:09","guid":{"rendered":"https:\/\/departamento.us.es\/dmicro\/web\/?page_id=378"},"modified":"2026-01-27T11:39:46","modified_gmt":"2026-01-27T10:39:46","slug":"estudios-grado","status":"publish","type":"page","link":"https:\/\/departamento.us.es\/dmicro\/web\/estudios-grado\/","title":{"rendered":"Estudios de Grado"},"content":{"rendered":"<h3>GRADO EN BIOLOG\u00cdA<\/h3>\n<p><a href=\"https:\/\/www.us.es\/estudiar\/que-estudiar\/oferta-de-grados\/grado-en-biologia\/1530005\" target=\"_blank\" rel=\"noopener\">Principios, Instrumentaci\u00f3n y Metodolog\u00eda en Biolog\u00eda Celular y Microbiolog\u00eda<\/a><\/p>\n<p><a href=\"https:\/\/www.us.es\/estudiar\/que-estudiar\/oferta-de-grados\/grado-en-biologia\/1530037\" target=\"_blank\" rel=\"noopener\">Microbiolog\u00eda aplicada y Biotecnolog\u00eda<\/a><\/p>\n<p><a href=\"https:\/\/www.us.es\/estudiar\/que-estudiar\/oferta-de-grados\/grado-en-biologia\/1530038\" target=\"_blank\" rel=\"noopener\">Microbiolog\u00eda Celular<\/a><\/p>\n<p><a href=\"https:\/\/www.us.es\/estudiar\/que-estudiar\/oferta-de-grados\/grado-en-biologia\/1530047\" target=\"_blank\" rel=\"noopener\">Microbiolog\u00eda I<\/a><\/p>\n<p><a href=\"https:\/\/www.us.es\/estudiar\/que-estudiar\/oferta-de-grados\/grado-en-biologia\/1530048\" target=\"_blank\" rel=\"noopener\">Microbiolog\u00eda II<\/a><\/p>\n<h3>GRADO EN BIOQU\u00cdMICA<\/h3>\n<p><a href=\"https:\/\/www.us.es\/estudiar\/que-estudiar\/oferta-de-grados\/grado-en-bioquimica-por-la-universidad-de-sevilla-y-la\/2240009\" target=\"_blank\" rel=\"noopener\">Fundamentos de Microbiolog\u00eda<\/a><\/p>\n<p><a href=\"https:\/\/www.us.es\/estudiar\/que-estudiar\/oferta-de-grados\/grado-en-bioquimica-por-la-universidad-de-sevilla-y-la\/2240026\" target=\"_blank\" rel=\"noopener\">Bioqu\u00edmica y Microbiolog\u00eda Industrial<\/a><\/p>\n<p><a href=\"https:\/\/www.us.es\/estudiar\/que-estudiar\/oferta-de-grados\/grado-en-bioquimica-por-la-universidad-de-sevilla-y-la\/2240051\" target=\"_blank\" rel=\"noopener\">Biotecnolog\u00eda Microbiana<\/a><\/p>\n<p><a href=\"https:\/\/www.us.es\/estudiar\/que-estudiar\/oferta-de-grados\/grado-en-bioquimica-por-la-universidad-de-sevilla-y-la\/2240042\" target=\"_blank\" rel=\"noopener\">Virolog\u00eda<\/a><\/p>\n<hr style=\"margin: 15px 0;\" \/>\n<p>Los datos mostrados en esta Web relativos a Docencia se corresponden con la Sede del Departamento en la Facultad de Biolog\u00eda. Puedes visitar la Web de la Sede del Departamento en Medicina siguiendo <a href=\"https:\/\/departamento.us.es\/microccs\/\" target=\"_blank\" rel=\"noreferrer noopener\">este enlace<\/a><\/p>\n","protected":false},"excerpt":{"rendered":"<p>GRADO EN BIOLOG\u00cdA Principios, Instrumentaci\u00f3n y Metodolog\u00eda en Biolog\u00eda Celular y Microbiolog\u00eda Microbiolog\u00eda aplicada y Biotecnolog\u00eda Microbiolog\u00eda Celular Microbiolog\u00eda I Microbiolog\u00eda II GRADO EN BIOQU\u00cdMICA Fundamentos de Microbiolog\u00eda Bioqu\u00edmica y Microbiolog\u00eda Industrial Biotecnolog\u00eda Microbiana Virolog\u00eda Los datos mostrados en esta Web relativos a Docencia se corresponden con la Sede del Departamento en la Facultad de&#8230;<\/p>\n","protected":false},"author":1,"featured_media":0,"parent":0,"menu_order":0,"comment_status":"closed","ping_status":"closed","template":"","meta":{"_kad_post_transparent":"","_kad_post_title":"","_kad_post_layout":"","_kad_post_sidebar_id":"","_kad_post_content_style":"","_kad_post_vertical_padding":"","_kad_post_feature":"","_kad_post_feature_position":"","_kad_post_header":false,"_kad_post_footer":false,"_kad_post_classname":"","footnotes":""},"class_list":["post-378","page","type-page","status-publish","hentry"],"_links":{"self":[{"href":"https:\/\/departamento.us.es\/dmicro\/web\/wp-json\/wp\/v2\/pages\/378","targetHints":{"allow":["GET"]}}],"collection":[{"href":"https:\/\/departamento.us.es\/dmicro\/web\/wp-json\/wp\/v2\/pages"}],"about":[{"href":"https:\/\/departamento.us.es\/dmicro\/web\/wp-json\/wp\/v2\/types\/page"}],"author":[{"embeddable":true,"href":"https:\/\/departamento.us.es\/dmicro\/web\/wp-json\/wp\/v2\/users\/1"}],"replies":[{"embeddable":true,"href":"https:\/\/departamento.us.es\/dmicro\/web\/wp-json\/wp\/v2\/comments?post=378"}],"version-history":[{"count":1,"href":"https:\/\/departamento.us.es\/dmicro\/web\/wp-json\/wp\/v2\/pages\/378\/revisions"}],"predecessor-version":[{"id":379,"href":"https:\/\/departamento.us.es\/dmicro\/web\/wp-json\/wp\/v2\/pages\/378\/revisions\/379"}],"wp:attachment":[{"href":"https:\/\/departamento.us.es\/dmicro\/web\/wp-json\/wp\/v2\/media?parent=378"}],"curies":[{"name":"wp","href":"https:\/\/api.w.org\/{rel}","templated":true}]}}