{"id":389,"date":"2026-01-23T14:26:16","date_gmt":"2026-01-23T13:26:16","guid":{"rendered":"https:\/\/departamento.us.es\/dmicro\/web\/?page_id=389"},"modified":"2026-01-28T11:22:07","modified_gmt":"2026-01-28T10:22:07","slug":"grupos-investigacion","status":"publish","type":"page","link":"https:\/\/departamento.us.es\/dmicro\/web\/grupos-investigacion\/","title":{"rendered":"Grupos de Investigaci\u00f3n"},"content":{"rendered":"<h3><strong><br \/>\n<\/strong>BIO169: Biotecnolog\u00eda de la Interacci\u00f3n de Microorganismos con con leguminosas y otras plantas de Inter\u00e9s Agr\u00edcola<\/h3>\n<p><strong>Investigador Principal:<\/strong> Dr. Jos\u00e9 Mar\u00eda Vinardell Gonz\u00e1lez<\/p>\n<p><strong>L\u00edneas de Investigaci\u00f3n<\/strong><\/p>\n<ul>\n<li>Estudio de los Genes de la Nodulaci\u00f3n y Mol\u00e9culas Se\u00f1al en la Simbiosis Rizobios\/Leguminosas.<\/li>\n<li>Polisac\u00e1ridos Superficiales Rizobianos.<\/li>\n<li>Estudios del Trasncriptoma no Codificante de Rizobios de Inter\u00e9s Agr\u00edcola.<\/li>\n<li>Estudios Transcript\u00f3micos de la Regulaci\u00f3n de la Expresi\u00f3n G\u00e9nica en la Simbiosis Rizobio-Leguminosa.<\/li>\n<li>Sistema Rizobiano de Secreci\u00f3n de Tipo III en la Interacci\u00f3n con Leguminosas.<\/li>\n<li>Producci\u00f3n de Ves\u00edculas Extracelulares Por Rizobios y Estudio de su Importancia en Simbiosis con Leguminosas<\/li>\n<li>Producci\u00f3n de Ves\u00edculas Extracelulares Por Bacterias de Biocontrol.<\/li>\n<li>Interacciones de Bacterias con Plantas de Inter\u00e9s Agr\u00edcola<\/li>\n<li>Biotecnolog\u00eda Microbiana para la Producci\u00f3n de Compuestos de Inter\u00e9s Agr\u00edcola e Industrial<\/li>\n<li>Sistema de Secreci\u00f3n de Tipo VI en Microorganismos de Inter\u00e9s Agr\u00edcola.<\/li>\n<\/ul>\n<p><a href=\"https:\/\/investigacion.us.es\/sisius\/grupo\/BIO169\" target=\"_blank\" rel=\"noopener\">Acceso a la P\u00e1gina del Grupo de Investigaci\u00f3n en SISIUS<\/a><\/p>\n<hr style=\"margin: 15px 0;\" \/>\n<h3>BIO210: Microorganismos Eucariotas<\/h3>\n<p><strong>Investigadora Principal:<\/strong> Dr. Eduardo Villalobo Polo<\/p>\n<p><strong>L\u00edneas de Investigaci\u00f3n<\/strong><\/p>\n<ul>\n<li>An\u00e1lisis Molecular y Funcional de Actinas Altamente Divergentes de Ciliados. Inducci\u00f3n de Muerte Celular e C\u00e9lulas Tumorales Humanas &#8211; Caracterizaci\u00f3n Molecular de las Topoisomerasas de Ciliados. &#8211; Estudio de Genes Implicados en el Exquistamiento\/Enquistamiento de Ciliados &#8211; Dise\u00f1o de Cebadores para Dete<\/li>\n<li>Diagn\u00f3stico Molecular de Microorganismos Contaminantes de Productos L\u00e1cteos<\/li>\n<li>Prote\u00ednas de Reparaci\u00f3n de ADN Implicadas en Muerte Celular<\/li>\n<\/ul>\n<p><a href=\"https:\/\/investigacion.us.es\/sisius\/grupo\/BIO210\" target=\"_blank\" rel=\"noopener\">Acceso a la P\u00e1gina del Grupo de Investigaci\u00f3n en SISIUS<\/a><\/p>\n<hr style=\"margin: 15px 0;\" \/>\n<h3>BIO211: Transmisi\u00f3n de Senal en C\u00e9lulas de Mam\u00edferos<\/h3>\n<p><strong>Investigadora Principal:<\/strong> Dr. Francisco Romero Portillo<\/p>\n<p><strong>L\u00edneas de Investigaci\u00f3n<\/strong><\/p>\n<ul>\n<li>Transmisi\u00f3n de las Se\u00f1ales que Conducen a la Proliferaci\u00f3n y\/o Muerte Celular en C\u00e9lulas de Mam\u00edferos. Bases Moleculares que Intervienen en la Supervivencia, Proliferaci\u00f3n, y Muerte Celular y su Alteraci\u00f3n en Determinadas Patolog\u00edas Degenerativas.<\/li>\n<li>La Desregulaci\u00f3n de la Degradaci\u00f3n de Prote\u00ednas y su Papel en el C\u00e1ncer<\/li>\n<\/ul>\n<p><a href=\"https:\/\/investigacion.us.es\/sisius\/grupo\/BIO211\" target=\"_blank\" rel=\"noopener\">Acceso a la P\u00e1gina del Grupo de Investigaci\u00f3n en SISIUS<\/a><\/p>\n<hr style=\"margin: 15px 0;\" \/>\n<h3>BIO379: Biotecnologia de Sistemas de Secrecion (T6ss\/Bevs) y Herramientas de Edici\u00f3n G\u00e9nica (Crispr-Cas) en Pseudomonas<\/h3>\n<p><strong>Investigadora Principal:<\/strong> <a href=\"https:\/\/departamento.us.es\/dmicro\/web\/pdi\/patricia-bernal-guzman\/\">Dra. Patricia Bernal Guzm\u00e1n<\/a><\/p>\n<p><strong>L\u00edneas de Investigaci\u00f3n<\/strong><\/p>\n<ul>\n<li>Sistema de Secreci\u00f3n de Tipo VI en Microorganismos de Inter\u00e9s agr\u00edcola y Biotecnol\u00f3gico.<\/li>\n<li>Producci\u00f3n de Ves\u00edculas Extracelulares Por Bacterias De interes Biotecnol\u00f3gico, Agr\u00edcola y M\u00e9dico.<\/li>\n<li>Aplicaci\u00f3n de Sistemas Crispr\/Cas para Ingenier\u00eda Gen\u00e9tica Microbiana y el Desarrollo de Terapias Antibacterianas Dirigidas.<\/li>\n<\/ul>\n<p><a href=\"https:\/\/prisma.us.es\/colectivo\/grupo\/BIO-379\" target=\"_blank\" rel=\"noopener\">Acceso a la P\u00e1gina del Grupo de Investigaci\u00f3n en SISIUS<\/a><\/p>\n","protected":false},"excerpt":{"rendered":"<p>BIO169: Biotecnolog\u00eda de la Interacci\u00f3n de Microorganismos con con leguminosas y otras plantas de Inter\u00e9s Agr\u00edcola Investigador Principal: Dr. Jos\u00e9 Mar\u00eda Vinardell Gonz\u00e1lez L\u00edneas de Investigaci\u00f3n Estudio de los Genes de la Nodulaci\u00f3n y Mol\u00e9culas Se\u00f1al en la Simbiosis Rizobios\/Leguminosas. Polisac\u00e1ridos Superficiales Rizobianos. Estudios del Trasncriptoma no Codificante de Rizobios de Inter\u00e9s Agr\u00edcola. Estudios Transcript\u00f3micos&#8230;<\/p>\n","protected":false},"author":1,"featured_media":0,"parent":0,"menu_order":0,"comment_status":"closed","ping_status":"closed","template":"","meta":{"_kad_post_transparent":"","_kad_post_title":"","_kad_post_layout":"","_kad_post_sidebar_id":"","_kad_post_content_style":"","_kad_post_vertical_padding":"","_kad_post_feature":"","_kad_post_feature_position":"","_kad_post_header":false,"_kad_post_footer":false,"_kad_post_classname":"","footnotes":""},"class_list":["post-389","page","type-page","status-publish","hentry"],"_links":{"self":[{"href":"https:\/\/departamento.us.es\/dmicro\/web\/wp-json\/wp\/v2\/pages\/389","targetHints":{"allow":["GET"]}}],"collection":[{"href":"https:\/\/departamento.us.es\/dmicro\/web\/wp-json\/wp\/v2\/pages"}],"about":[{"href":"https:\/\/departamento.us.es\/dmicro\/web\/wp-json\/wp\/v2\/types\/page"}],"author":[{"embeddable":true,"href":"https:\/\/departamento.us.es\/dmicro\/web\/wp-json\/wp\/v2\/users\/1"}],"replies":[{"embeddable":true,"href":"https:\/\/departamento.us.es\/dmicro\/web\/wp-json\/wp\/v2\/comments?post=389"}],"version-history":[{"count":6,"href":"https:\/\/departamento.us.es\/dmicro\/web\/wp-json\/wp\/v2\/pages\/389\/revisions"}],"predecessor-version":[{"id":448,"href":"https:\/\/departamento.us.es\/dmicro\/web\/wp-json\/wp\/v2\/pages\/389\/revisions\/448"}],"wp:attachment":[{"href":"https:\/\/departamento.us.es\/dmicro\/web\/wp-json\/wp\/v2\/media?parent=389"}],"curies":[{"name":"wp","href":"https:\/\/api.w.org\/{rel}","templated":true}]}}