{"id":454,"date":"2026-01-28T12:16:20","date_gmt":"2026-01-28T11:16:20","guid":{"rendered":"https:\/\/departamento.us.es\/dmicro\/web\/?page_id=454"},"modified":"2026-01-28T12:17:03","modified_gmt":"2026-01-28T11:17:03","slug":"estudios-de-master","status":"publish","type":"page","link":"https:\/\/departamento.us.es\/dmicro\/web\/estudios-de-master\/","title":{"rendered":"Estudios de M\u00e1ster"},"content":{"rendered":"<h3>M\u00c1STER UNIVERSITARIO EN BIOLOG\u00cdA AVANZADA: INVESTIGACI\u00d3N Y APLICACI\u00d3N<\/h3>\n<p><a href=\"https:\/\/www.us.es\/estudiar\/que-estudiar\/oferta-de-masteres\/master-universitario-en-biologia-avanzada-investigacion-y\/51360038\" target=\"_blank\" rel=\"noopener\">Biotecnolog\u00eda Microbiana<\/a><\/p>\n<p><a href=\"https:\/\/www.us.es\/estudiar\/que-estudiar\/oferta-de-masteres\/master-universitario-en-biologia-avanzada-investigacion-y\/51360012\" target=\"_blank\" rel=\"noopener\">Seguridad en Biolog\u00eda Industrial y Ambiental<\/a><\/p>\n<p><a href=\"https:\/\/www.us.es\/estudiar\/que-estudiar\/oferta-de-masteres\/master-universitario-en-biologia-avanzada-investigacion-y\/51360018\" target=\"_blank\" rel=\"noopener\">Control Biol\u00f3gico<\/a><\/p>\n<h3>M\u00c1STER UNIVERSITARIO EN TECNOLOG\u00cdA E INDUSTRIA ALIMENTARIA<\/h3>\n<p><a href=\"https:\/\/www.us.es\/estudiar\/que-estudiar\/oferta-de-masteres\/master-universitario-en-tecnologia-e-industria-alimentaria\/51480005\" target=\"_blank\" rel=\"noopener\">Microbiolog\u00eda de los Alimentos<\/a><\/p>\n<h3>M\u00c1STER UNIVERSITARIO EN GEN\u00c9TICA MOLECULAR Y BIOTECNOLOG\u00cdA<\/h3>\n<p><a href=\"https:\/\/www.us.es\/estudiar\/que-estudiar\/oferta-de-masteres\/master-universitario-en-genetica-molecular-y-biotecnologia\/51570013\" target=\"_blank\" rel=\"noopener\">Biotecnolog\u00eda Agroalimentaria<\/a><\/p>\n<h3>M\u00c1STER UNIVERSITARIO EN CIUDAD Y ARQUITECTURA SOSTENIBLES<\/h3>\n<p><a href=\"https:\/\/www.us.es\/estudiar\/que-estudiar\/oferta-de-masteres\/master-universitario-en-ciudad-y-arquitectura-sostenibles\/51660007\" target=\"_blank\" rel=\"noopener\">La Arquitectura en la relaci\u00f3n de lo vivo con lo no vivo<\/a><\/p>\n<hr style=\"margin: 15px 0;\" \/>\n<p>Los datos mostrados en esta Web relativos a Docencia se corresponden con la Sede del Departamento en la Facultad de Biolog\u00eda. Puedes visitar la Web de la Sede del Departamento en Medicina siguiendo <a href=\"https:\/\/departamento.us.es\/microccs\/\" target=\"_blank\" rel=\"noreferrer noopener\">este enlace<\/a><\/p>\n","protected":false},"excerpt":{"rendered":"<p>M\u00c1STER UNIVERSITARIO EN BIOLOG\u00cdA AVANZADA: INVESTIGACI\u00d3N Y APLICACI\u00d3N Biotecnolog\u00eda Microbiana Seguridad en Biolog\u00eda Industrial y Ambiental Control Biol\u00f3gico M\u00c1STER UNIVERSITARIO EN TECNOLOG\u00cdA E INDUSTRIA ALIMENTARIA Microbiolog\u00eda de los Alimentos M\u00c1STER UNIVERSITARIO EN GEN\u00c9TICA MOLECULAR Y BIOTECNOLOG\u00cdA Biotecnolog\u00eda Agroalimentaria M\u00c1STER UNIVERSITARIO EN CIUDAD Y ARQUITECTURA SOSTENIBLES La Arquitectura en la relaci\u00f3n de lo vivo con lo&#8230;<\/p>\n","protected":false},"author":1,"featured_media":0,"parent":0,"menu_order":0,"comment_status":"closed","ping_status":"closed","template":"","meta":{"_kad_post_transparent":"","_kad_post_title":"","_kad_post_layout":"","_kad_post_sidebar_id":"","_kad_post_content_style":"","_kad_post_vertical_padding":"","_kad_post_feature":"","_kad_post_feature_position":"","_kad_post_header":false,"_kad_post_footer":false,"_kad_post_classname":"","footnotes":""},"class_list":["post-454","page","type-page","status-publish","hentry"],"_links":{"self":[{"href":"https:\/\/departamento.us.es\/dmicro\/web\/wp-json\/wp\/v2\/pages\/454","targetHints":{"allow":["GET"]}}],"collection":[{"href":"https:\/\/departamento.us.es\/dmicro\/web\/wp-json\/wp\/v2\/pages"}],"about":[{"href":"https:\/\/departamento.us.es\/dmicro\/web\/wp-json\/wp\/v2\/types\/page"}],"author":[{"embeddable":true,"href":"https:\/\/departamento.us.es\/dmicro\/web\/wp-json\/wp\/v2\/users\/1"}],"replies":[{"embeddable":true,"href":"https:\/\/departamento.us.es\/dmicro\/web\/wp-json\/wp\/v2\/comments?post=454"}],"version-history":[{"count":1,"href":"https:\/\/departamento.us.es\/dmicro\/web\/wp-json\/wp\/v2\/pages\/454\/revisions"}],"predecessor-version":[{"id":455,"href":"https:\/\/departamento.us.es\/dmicro\/web\/wp-json\/wp\/v2\/pages\/454\/revisions\/455"}],"wp:attachment":[{"href":"https:\/\/departamento.us.es\/dmicro\/web\/wp-json\/wp\/v2\/media?parent=454"}],"curies":[{"name":"wp","href":"https:\/\/api.w.org\/{rel}","templated":true}]}}