{"id":463,"date":"2026-03-20T11:10:11","date_gmt":"2026-03-20T10:10:11","guid":{"rendered":"https:\/\/departamento.us.es\/dmicro\/web\/?page_id=463"},"modified":"2026-03-20T11:10:27","modified_gmt":"2026-03-20T10:10:27","slug":"francisco-javier-lopez-baena","status":"publish","type":"page","link":"https:\/\/departamento.us.es\/dmicro\/web\/pdi\/francisco-javier-lopez-baena\/","title":{"rendered":"Dr. Francisco Javier L\u00f3pez Baena"},"content":{"rendered":"\n<div class=\"wp-block-media-text is-stacked-on-mobile\" style=\"grid-template-columns:19% auto\"><figure class=\"wp-block-media-text__media\"><img loading=\"lazy\" decoding=\"async\" width=\"175\" height=\"260\" src=\"https:\/\/departamento.us.es\/dmicro\/web\/wp-content\/uploads\/2026\/02\/Francisco-Javier-Lopez-Baena.jpg\" alt=\"\" class=\"wp-image-484 size-full\"\/><\/figure><div class=\"wp-block-media-text__content\">\n<p><strong>Dr. Francisco Javier L\u00f3pez Baena<\/strong><br \/>Catedr\u00e1tico.<br \/>Departamento de Microbiolog\u00eda \u2014 Facultad de Biolog\u00eda<br \/><strong><span style=\"color: #333;\" title=\"Correo electr\u00f3nico\">Correo: <\/span><\/strong><span style=\"color: #333;\" title=\"Correo electr\u00f3nico\">jlopez<\/span><span style=\"color: #333;\" title=\"Correo electr\u00f3nico\">@us.es<\/span>\u00a0| <strong><span style=\"color: #333;\" title=\"Despacho\">Despacho:<\/span><\/strong> 14 | <strong><span style=\"color: #333;\">Tel.:<\/span><\/strong> 954 557 116<br \/><a href=\"https:\/\/prisma.us.es\/investigador\/2231\" target=\"_blank\" rel=\"noopener\">Perfil PRISMA<\/a> | \u00a0<a href=\"https:\/\/investigacion.us.es\/sisius\/sis_showpub.php?idpers=8730\" target=\"_blank\" rel=\"noopener\">Perfil SISIUS<\/a>\u00a0 | \u00a0<a href=\"https:\/\/orcid.org\/0000-0001-7799-0338\" target=\"_blank\" rel=\"noopener\">ORCID<\/a>\u00a0 |\u00a0 <a href=\"https:\/\/idus.us.es\/author-profiles\/2231\" target=\"_blank\" rel=\"noopener\">iDUS<\/a>\u00a0<\/p>\n<\/div><\/div>\n\n\n<p><!-- Ficha breve de profesor para p\u00e1gina est\u00e1tica del Departamento --><\/p>\n<h3>Formaci\u00f3n y Trayectoria<\/h3>\n<ul>\n<li><strong>Formaci\u00f3n: <\/strong>Doctor en Ciencias Biol\u00f3gicas (Biolog\u00eda Molecular y Celular) por la Universidad de Sevilla (2008). Licenciado en Ciencias Biol\u00f3gicas (2001).<\/li>\n<li><strong>Cargo anteriores: <\/strong>Director del Departamento de Microbiolog\u00eda (2021-2025). Secretario del Departamento de Microbiolog\u00eda (2017-2021). Ponente PAU Biolog\u00eda (2024-actualidad).<\/li>\n<li><strong>Trayectoria en la US: <\/strong>23\u00a0a\u00f1os de experiencia en Docencia e Investigaci\u00f3n.<\/li>\n<li><strong>Trayectoria fuera de la US: <\/strong>Investigador postdoctoral en el Reino Unido (Department of Plant Science, University of Oxford).<\/li>\n<\/ul>\n<h3>Docencia<\/h3>\n<ul>\n<li>Grado en Bioqu\u00edmica.<\/li>\n<li>M\u00e1ster Universitario en Biolog\u00eda Avanzada.<\/li>\n<\/ul>\n<h3>Investigaci\u00f3n<\/h3>\n<ul>\n<li><strong><strong>Grupo de Investigaci\u00f3n: <\/strong><\/strong><a href=\"https:\/\/investigacion.us.es\/sisius\/grupo\/BIO169\" target=\"_blank\" rel=\"noopener\">BIO169: Biotecnologia de la Interacci\u00f3n de Microorganismos con Leguminosas y Otras Plantas de Inter\u00e9s Agr\u00edcola<\/a><\/li>\n<li><strong>L\u00edneas de investigaci\u00f3n:<\/strong>\n<ul>\n<li>Estudio de los Genes de la Nodulaci\u00f3n y Mol\u00e9culas Se\u00f1al en la Simbiosis Rizobios\/Leguminosas.<\/li>\n<li>Estudios del Trasncriptoma no Codificante de Rizobios de Inter\u00e9s Agr\u00edcola.<\/li>\n<li>Estudios Transcript\u00f3micos de la Regulaci\u00f3n de la Expresi\u00f3n G\u00e9nica en la Simbiosis Rizobio-Leguminosa.<\/li>\n<li>Sistema Rizobiano de Secreci\u00f3n de Tipo III en la Interacci\u00f3n con Leguminosas.<\/li>\n<li>Interacciones de Bacterias con Plantas de Inter\u00e9s Agr\u00edcola.<\/li>\n<li>Biotecnolog\u00eda Microbiana para la Producci\u00f3n de Compuestos de Inter\u00e9s Agr\u00edcola e Industrial.<\/li>\n<\/ul>\n<\/li>\n<\/ul>","protected":false},"excerpt":{"rendered":"<p>Dr. Francisco Javier L\u00f3pez BaenaCatedr\u00e1tico.Departamento de Microbiolog\u00eda \u2014 Facultad de Biolog\u00edaCorreo: jlopez@us.es\u00a0| Despacho: 14 | Tel.: 954 557 116Perfil PRISMA | \u00a0Perfil SISIUS\u00a0 | \u00a0ORCID\u00a0 |\u00a0 iDUS\u00a0 Formaci\u00f3n y Trayectoria Formaci\u00f3n: Doctor en Ciencias Biol\u00f3gicas (Biolog\u00eda Molecular y Celular) por la Universidad de Sevilla (2008). Licenciado en Ciencias Biol\u00f3gicas (2001). Cargo anteriores: Director del Departamento&#8230;<\/p>\n","protected":false},"author":1,"featured_media":0,"parent":361,"menu_order":0,"comment_status":"closed","ping_status":"closed","template":"","meta":{"_kad_post_transparent":"","_kad_post_title":"","_kad_post_layout":"","_kad_post_sidebar_id":"","_kad_post_content_style":"","_kad_post_vertical_padding":"","_kad_post_feature":"","_kad_post_feature_position":"","_kad_post_header":false,"_kad_post_footer":false,"_kad_post_classname":"","footnotes":""},"class_list":["post-463","page","type-page","status-publish","hentry"],"_links":{"self":[{"href":"https:\/\/departamento.us.es\/dmicro\/web\/wp-json\/wp\/v2\/pages\/463","targetHints":{"allow":["GET"]}}],"collection":[{"href":"https:\/\/departamento.us.es\/dmicro\/web\/wp-json\/wp\/v2\/pages"}],"about":[{"href":"https:\/\/departamento.us.es\/dmicro\/web\/wp-json\/wp\/v2\/types\/page"}],"author":[{"embeddable":true,"href":"https:\/\/departamento.us.es\/dmicro\/web\/wp-json\/wp\/v2\/users\/1"}],"replies":[{"embeddable":true,"href":"https:\/\/departamento.us.es\/dmicro\/web\/wp-json\/wp\/v2\/comments?post=463"}],"version-history":[{"count":2,"href":"https:\/\/departamento.us.es\/dmicro\/web\/wp-json\/wp\/v2\/pages\/463\/revisions"}],"predecessor-version":[{"id":485,"href":"https:\/\/departamento.us.es\/dmicro\/web\/wp-json\/wp\/v2\/pages\/463\/revisions\/485"}],"up":[{"embeddable":true,"href":"https:\/\/departamento.us.es\/dmicro\/web\/wp-json\/wp\/v2\/pages\/361"}],"wp:attachment":[{"href":"https:\/\/departamento.us.es\/dmicro\/web\/wp-json\/wp\/v2\/media?parent=463"}],"curies":[{"name":"wp","href":"https:\/\/api.w.org\/{rel}","templated":true}]}}