{"id":469,"date":"2026-01-30T11:09:50","date_gmt":"2026-01-30T10:09:50","guid":{"rendered":"https:\/\/departamento.us.es\/dmicro\/web\/?page_id=469"},"modified":"2026-04-09T12:05:31","modified_gmt":"2026-04-09T10:05:31","slug":"jose-manuel-borrero","status":"publish","type":"page","link":"https:\/\/departamento.us.es\/dmicro\/web\/pdi\/jose-manuel-borrero\/","title":{"rendered":"Dr. Jos\u00e9 Manuel Borrero de Acu\u00f1a"},"content":{"rendered":"\n<div class=\"wp-block-media-text is-stacked-on-mobile\" style=\"grid-template-columns:20% auto\"><figure class=\"wp-block-media-text__media\"><img loading=\"lazy\" decoding=\"async\" width=\"395\" height=\"438\" src=\"https:\/\/departamento.us.es\/dmicro\/web\/wp-content\/uploads\/2026\/01\/Jose-Manuel-Borrero.jpg\" alt=\"\" class=\"wp-image-470 size-full\" srcset=\"https:\/\/departamento.us.es\/dmicro\/web\/wp-content\/uploads\/2026\/01\/Jose-Manuel-Borrero.jpg 395w, https:\/\/departamento.us.es\/dmicro\/web\/wp-content\/uploads\/2026\/01\/Jose-Manuel-Borrero-271x300.jpg 271w\" sizes=\"auto, (max-width: 395px) 100vw, 395px\" \/><\/figure><div class=\"wp-block-media-text__content\">\n<p><strong>Dr. Jos\u00e9 Manuel Borrero de Acu\u00f1a<\/strong><br \/>Profesor Titular.<br \/>Departamento de Microbiolog\u00eda \u2014 Facultad de Biolog\u00eda<br \/><strong><span style=\"color: #333;\" title=\"Correo electr\u00f3nico\">Correo: <\/span><\/strong><span style=\"color: #333;\" title=\"Correo electr\u00f3nico\">jbdeacuna<\/span><span style=\"color: #333;\" title=\"Correo electr\u00f3nico\">@us.es<\/span>\u00a0| <strong><span style=\"color: #333;\" title=\"Despacho\">Despacho:<\/span><\/strong> 7 | <strong><span style=\"color: #333;\">Tel.:<\/span><\/strong> 954 557 115<br \/><a href=\"https:\/\/prisma.us.es\/investigador\/7794\" target=\"_blank\" rel=\"noopener\">Perfil PRISMA<\/a> | \u00a0<a href=\"https:\/\/investigacion.us.es\/sisius\/sis_showpub.php?idpers=33683\" target=\"_blank\" rel=\"noopener\">Perfil SISIUS<\/a>\u00a0 | \u00a0<a href=\"https:\/\/orcid.org\/0000-0002-6409-8110\" target=\"_blank\" rel=\"noopener\">ORCID<\/a>\u00a0 |\u00a0 <a href=\"https:\/\/idus.us.es\/author-profiles\/7794\" target=\"_blank\" rel=\"noopener\">iDUS<\/a> |\u00a0 <a href=\"https:\/\/www.semicrobiologia.org\/subgrupos-especializados\/sistemas-de-secrecion-de-tipo-vi-y-vesiculas-extracelulares-de-membrana-bacterianas\" target=\"_blank\" rel=\"noopener\">Grupo SEM<\/a><\/p>\n<\/div><\/div>\n\n\n<p><!-- Ficha breve de profesor para p\u00e1gina est\u00e1tica del Departamento --><\/p>\n<h3>Formaci\u00f3n y Trayectoria<\/h3>\n<ul>\n<li><strong>Formaci\u00f3n: <\/strong>Doctor en Biolog\u00eda por la Technical University Braunschweig, Alemania (2015). Licenciado en Biolog\u00eda (2010).<\/li>\n<li><strong>Trayectoria en la US: <\/strong>15\u00a0a\u00f1os de experiencia en Docencia e Investigaci\u00f3n.<\/li>\n<li><strong>Trayectoria fuera de la US: <\/strong>Co-Investigador principal del Grupo Especializado en Microbiolog\u00eda Molecular \u00abSistemas de secreci\u00f3n de tipo VI y ves\u00edculas extracelulares de membranas bacterianas\u00bb de la Sociedad Espa\u00f1ola de Microbilog\u00eda (actualmente). Jefe de Grupo de Investigaci\u00f3n y Docente en la Technical University Braunschweig (2017-2021).<\/li>\n<\/ul>\n<h3>Docencia<\/h3>\n<ul>\n<li>Grado en Biolog\u00eda.<\/li>\n<li>Doctorado en Biolog\u00eda Molecular, Biomedicina e Investigaci\u00f3n Cl\u00ednica.<\/li>\n<li>Doctorado en Biolog\u00eda Integrada.<\/li>\n<\/ul>\n<h3>Investigaci\u00f3n<\/h3>\n<ul>\n<li><strong>Grupo de Investigaci\u00f3n: <\/strong><a href=\"https:\/\/investigacion.us.es\/sisius\/grupo\/BIO379\" target=\"_blank\" rel=\"noopener\">BIO379: Biotecnologia de Sistemas de Secrecion (T6ss\/Bevs) y Herramientas de Edici\u00f3n G\u00e9nica (Crispr-Cas) en Pseudomonas<\/a><\/li>\n<li><strong>L\u00edneas de investigaci\u00f3n:<\/strong>\n<ul>\n<li aria-setsize=\"-1\" data-leveltext=\"\uf0b7\" data-font=\"Symbol\" data-listid=\"3\" data-list-defn-props=\"{&quot;335552541&quot;:1,&quot;335559685&quot;:1440,&quot;335559991&quot;:360,&quot;469769226&quot;:&quot;Symbol&quot;,&quot;469769242&quot;:[8226],&quot;469777803&quot;:&quot;left&quot;,&quot;469777804&quot;:&quot;\uf0b7&quot;,&quot;469777815&quot;:&quot;multilevel&quot;}\" data-aria-posinset=\"1\" data-aria-level=\"2\"><span data-contrast=\"auto\">Mecanismos de biog\u00e9nesis de ves\u00edculas extracelulares bacterianas.<\/span><span data-ccp-props=\"{}\">\u00a0<\/span><\/li>\n<li aria-setsize=\"-1\" data-leveltext=\"\uf0b7\" data-font=\"Symbol\" data-listid=\"3\" data-list-defn-props=\"{&quot;335552541&quot;:1,&quot;335559685&quot;:1440,&quot;335559991&quot;:360,&quot;469769226&quot;:&quot;Symbol&quot;,&quot;469769242&quot;:[8226],&quot;469777803&quot;:&quot;left&quot;,&quot;469777804&quot;:&quot;\uf0b7&quot;,&quot;469777815&quot;:&quot;multilevel&quot;}\" data-aria-posinset=\"2\" data-aria-level=\"2\"><span data-contrast=\"auto\">Ingenier\u00eda de ves\u00edculas extracelulares bacterianas y sus aplicaciones en biotecnolog\u00eda y biomedicina.<\/span><span data-ccp-props=\"{}\">\u00a0<\/span><\/li>\n<li aria-setsize=\"-1\" data-leveltext=\"\uf0b7\" data-font=\"Symbol\" data-listid=\"3\" data-list-defn-props=\"{&quot;335552541&quot;:1,&quot;335559685&quot;:1440,&quot;335559991&quot;:360,&quot;469769226&quot;:&quot;Symbol&quot;,&quot;469769242&quot;:[8226],&quot;469777803&quot;:&quot;left&quot;,&quot;469777804&quot;:&quot;\uf0b7&quot;,&quot;469777815&quot;:&quot;multilevel&quot;}\" data-aria-posinset=\"3\" data-aria-level=\"2\"><span data-contrast=\"auto\">Elucidaci\u00f3n de las bases moleculares y de los complejos proteicos implicados en la infecci\u00f3n por bacterias pat\u00f3genas humanas.<\/span><span data-ccp-props=\"{}\">\u00a0<\/span><\/li>\n<li aria-setsize=\"-1\" data-leveltext=\"\uf0b7\" data-font=\"Symbol\" data-listid=\"3\" data-list-defn-props=\"{&quot;335552541&quot;:1,&quot;335559685&quot;:1440,&quot;335559991&quot;:360,&quot;469769226&quot;:&quot;Symbol&quot;,&quot;469769242&quot;:[8226],&quot;469777803&quot;:&quot;left&quot;,&quot;469777804&quot;:&quot;\uf0b7&quot;,&quot;469777815&quot;:&quot;multilevel&quot;}\" data-aria-posinset=\"4\" data-aria-level=\"2\"><span data-contrast=\"auto\">Desarrollo de vacunas basadas en ves\u00edculas extracelulares bacterianas frente a pat\u00f3genos humanos y vegetales.<\/span><span data-ccp-props=\"{}\">\u00a0<\/span><\/li>\n<li aria-setsize=\"-1\" data-leveltext=\"\uf0b7\" data-font=\"Symbol\" data-listid=\"3\" data-list-defn-props=\"{&quot;335552541&quot;:1,&quot;335559685&quot;:1440,&quot;335559991&quot;:360,&quot;469769226&quot;:&quot;Symbol&quot;,&quot;469769242&quot;:[8226],&quot;469777803&quot;:&quot;left&quot;,&quot;469777804&quot;:&quot;\uf0b7&quot;,&quot;469777815&quot;:&quot;multilevel&quot;}\" data-aria-posinset=\"5\" data-aria-level=\"2\"><span data-contrast=\"auto\">Generaci\u00f3n de bioinoculantes basados en ves\u00edculas extracelulares bacterianas para la promoci\u00f3n del crecimiento vegetal en cultivos de inter\u00e9s agron\u00f3mico.<\/span><\/li>\n<\/ul>\n<\/li>\n<\/ul>","protected":false},"excerpt":{"rendered":"<p>Dr. Jos\u00e9 Manuel Borrero de Acu\u00f1aProfesor Titular.Departamento de Microbiolog\u00eda \u2014 Facultad de Biolog\u00edaCorreo: jbdeacuna@us.es\u00a0| Despacho: 7 | Tel.: 954 557 115Perfil PRISMA | \u00a0Perfil SISIUS\u00a0 | \u00a0ORCID\u00a0 |\u00a0 iDUS |\u00a0 Grupo SEM Formaci\u00f3n y Trayectoria Formaci\u00f3n: Doctor en Biolog\u00eda por la Technical University Braunschweig, Alemania (2015). Licenciado en Biolog\u00eda (2010). Trayectoria en la US: 15\u00a0a\u00f1os&#8230;<\/p>\n","protected":false},"author":1,"featured_media":0,"parent":361,"menu_order":0,"comment_status":"closed","ping_status":"closed","template":"","meta":{"_kad_post_transparent":"","_kad_post_title":"","_kad_post_layout":"","_kad_post_sidebar_id":"","_kad_post_content_style":"","_kad_post_vertical_padding":"","_kad_post_feature":"","_kad_post_feature_position":"","_kad_post_header":false,"_kad_post_footer":false,"_kad_post_classname":"","footnotes":""},"class_list":["post-469","page","type-page","status-publish","hentry"],"_links":{"self":[{"href":"https:\/\/departamento.us.es\/dmicro\/web\/wp-json\/wp\/v2\/pages\/469","targetHints":{"allow":["GET"]}}],"collection":[{"href":"https:\/\/departamento.us.es\/dmicro\/web\/wp-json\/wp\/v2\/pages"}],"about":[{"href":"https:\/\/departamento.us.es\/dmicro\/web\/wp-json\/wp\/v2\/types\/page"}],"author":[{"embeddable":true,"href":"https:\/\/departamento.us.es\/dmicro\/web\/wp-json\/wp\/v2\/users\/1"}],"replies":[{"embeddable":true,"href":"https:\/\/departamento.us.es\/dmicro\/web\/wp-json\/wp\/v2\/comments?post=469"}],"version-history":[{"count":5,"href":"https:\/\/departamento.us.es\/dmicro\/web\/wp-json\/wp\/v2\/pages\/469\/revisions"}],"predecessor-version":[{"id":519,"href":"https:\/\/departamento.us.es\/dmicro\/web\/wp-json\/wp\/v2\/pages\/469\/revisions\/519"}],"up":[{"embeddable":true,"href":"https:\/\/departamento.us.es\/dmicro\/web\/wp-json\/wp\/v2\/pages\/361"}],"wp:attachment":[{"href":"https:\/\/departamento.us.es\/dmicro\/web\/wp-json\/wp\/v2\/media?parent=469"}],"curies":[{"name":"wp","href":"https:\/\/api.w.org\/{rel}","templated":true}]}}