{"id":489,"date":"2026-02-18T12:23:05","date_gmt":"2026-02-18T11:23:05","guid":{"rendered":"https:\/\/departamento.us.es\/dmicro\/web\/?page_id=489"},"modified":"2026-02-19T10:31:14","modified_gmt":"2026-02-19T09:31:14","slug":"nuria-madinabeitia-peiro","status":"publish","type":"page","link":"https:\/\/departamento.us.es\/dmicro\/web\/ptgas\/nuria-madinabeitia-peiro\/","title":{"rendered":"Dra. Nuria Madinabeitia Peir\u00f3"},"content":{"rendered":"\n<div class=\"wp-block-media-text is-stacked-on-mobile\" style=\"grid-template-columns:15% auto\"><figure class=\"wp-block-media-text__media\"><img loading=\"lazy\" decoding=\"async\" width=\"768\" height=\"1024\" src=\"https:\/\/departamento.us.es\/dmicro\/web\/wp-content\/uploads\/2026\/02\/IMG_20260128_125718587_HDR-768x1024.jpg\" alt=\"\" class=\"wp-image-490 size-full\" srcset=\"https:\/\/departamento.us.es\/dmicro\/web\/wp-content\/uploads\/2026\/02\/IMG_20260128_125718587_HDR-768x1024.jpg 768w, https:\/\/departamento.us.es\/dmicro\/web\/wp-content\/uploads\/2026\/02\/IMG_20260128_125718587_HDR-225x300.jpg 225w, https:\/\/departamento.us.es\/dmicro\/web\/wp-content\/uploads\/2026\/02\/IMG_20260128_125718587_HDR-1152x1536.jpg 1152w, https:\/\/departamento.us.es\/dmicro\/web\/wp-content\/uploads\/2026\/02\/IMG_20260128_125718587_HDR-1536x2048.jpg 1536w, https:\/\/departamento.us.es\/dmicro\/web\/wp-content\/uploads\/2026\/02\/IMG_20260128_125718587_HDR-scaled.jpg 1920w\" sizes=\"auto, (max-width: 768px) 100vw, 768px\" \/><\/figure><div class=\"wp-block-media-text__content\">\n<p><strong>Dra. D\u00aa. Nuria Madinabeitia Peir\u00f3<\/strong><br \/>Titulada G. Medio de Apoyo a la Docencia y a la Investigaci\u00f3n (PTGAS Laboral)<br \/>Departamento de Microbiolog\u00eda \u2014 Facultad de Biolog\u00eda<br \/><strong><span style=\"color: #333;\" title=\"Correo electr\u00f3nico\">Correo: <\/span><\/strong><span style=\"color: #333;\" title=\"Correo electr\u00f3nico\">nuria<\/span><span style=\"color: #333;\" title=\"Correo electr\u00f3nico\">@us.es<\/span>\u00a0| <strong><span style=\"color: #333;\" title=\"Despacho\">Despacho:<\/span><\/strong> Laboratorios | <strong><span style=\"color: #333;\">Tel.:<\/span><\/strong> 954 554 416<br \/><a href=\"https:\/\/investigacion.us.es\/sisius\/sis_showpub.php?idpers=5712\" target=\"_blank\" rel=\"noopener\">Perfil SISIUS<\/a> | <a href=\"https:\/\/orcid.org\/0009-0005-1046-4233\" target=\"_blank\" rel=\"noopener\">ORCID<\/a> | <a href=\"https:\/\/idus.us.es\/browse\/author?value=Madinabeitia%20Peiro,%20Nuria&amp;bbm.return=1\" target=\"_blank\" rel=\"noopener\">iDUS<\/a> | <a href=\"https:\/\/fama.us.es\/discovery\/search?query=any,contains,nuria%20madinabeitia&amp;tab=all_data_not_idus&amp;search_scope=all_data_not_idus&amp;vid=34CBUA_US:VU1\" target=\"_blank\" rel=\"noopener\">SCOPUS<\/a><\/p>\n<\/div><\/div>\n\n\n<p><!-- Ficha breve de profesor para p\u00e1gina est\u00e1tica del Departamento --><\/p>\n<h3>Formaci\u00f3n y Trayectoria<\/h3>\n<ul>\n<li><strong>Formaci\u00f3n: <\/strong>Doctora en Ciencias Biol\u00f3gicas por la Universidad de Sevilla.<\/li>\n<li><strong>Trayectoria en la US: <\/strong>30 a\u00f1os de experiencia en el \u00c1rea de Gesti\u00f3n y Administraci\u00f3n. Investigadora colaboradora en el Grupo de Investigaci\u00f3n FQM206: Grupo de Cin\u00e9tica del Profesor Rodr\u00edguez Velasco.\u00a0<\/li>\n<\/ul>\n<h3>Aportaciones de valor<\/h3>\n<ul>\n<li>Habilidades para el desarrollo del trabajo en equipo.<\/li>\n<li>Mejora continua en las pr\u00e1cticas docentes.<\/li>\n<li>Optimizaci\u00f3n de recursos y tiempos.<\/li>\n<li>Soporte t\u00e9cnico especializado como enlace entre el Departamento y en las empresas externas.\u00a0\u00a0<\/li>\n<\/ul>\n<h3>Investigaci\u00f3n<\/h3>\n<ul>\n<li><strong><strong>Grupo de Investigaci\u00f3n: <\/strong><\/strong><a href=\"https:\/\/investigacion.us.es\/sisius\/sis_depgrupos.php?ct=&amp;cs=&amp;seltext=FQM-206&amp;selfield=CodPAI\" target=\"_blank\" rel=\"noopener\">FQM206: Grupo de Cin\u00e9tica del Profesor Rodr\u00edguez Velasco<\/a><\/li>\n<li><strong>L\u00edneas de investigaci\u00f3n:<\/strong>\n<ul>\n<li>Dise\u00f1o y Construcci\u00f3n de Nanotransportadores de F\u00e1rmacos y de Material Gen\u00e9tico<\/li>\n<li>Desarrollo de Nanosistemas Biocompatibles Basados en el Uso de Nanotubos de Carbono para Paliar Problemas de Salud de Car\u00e1cter Neurodegenerativos.<\/li>\n<\/ul>\n<\/li>\n<\/ul>\n<h3>Directorios y Portales profesionales<\/h3>\n<ul>\n<li><a href=\"https:\/\/bib.us.es\/ulloa\/noticias\/nuria-madinabeitia-peir%C3%B3-compartimos-conocimiento-visibilizamos-talento\" target=\"_blank\" rel=\"noopener\">10 preguntas desde la Biblioteca Universitaria: \u00abVisibilizar el papel de la Mujer en la Sostenibilidad de la Ciencia\u00bb<\/a><\/li>\n<li><a href=\"https:\/\/www.us.es\/trabaja-en-la-us\/directorio\/nuria-madinabeitia-peiro\" target=\"_blank\" rel=\"noopener\">Directorio de Personal de la Universidad de Sevilla<\/a><\/li>\n<\/ul>","protected":false},"excerpt":{"rendered":"<p>Dra. D\u00aa. Nuria Madinabeitia Peir\u00f3Titulada G. Medio de Apoyo a la Docencia y a la Investigaci\u00f3n (PTGAS Laboral)Departamento de Microbiolog\u00eda \u2014 Facultad de Biolog\u00edaCorreo: nuria@us.es\u00a0| Despacho: Laboratorios | Tel.: 954 554 416Perfil SISIUS | ORCID | iDUS | SCOPUS Formaci\u00f3n y Trayectoria Formaci\u00f3n: Doctora en Ciencias Biol\u00f3gicas por la Universidad de Sevilla. Trayectoria en la&#8230;<\/p>\n","protected":false},"author":1,"featured_media":0,"parent":345,"menu_order":0,"comment_status":"closed","ping_status":"closed","template":"","meta":{"_kad_post_transparent":"","_kad_post_title":"","_kad_post_layout":"","_kad_post_sidebar_id":"","_kad_post_content_style":"","_kad_post_vertical_padding":"","_kad_post_feature":"","_kad_post_feature_position":"","_kad_post_header":false,"_kad_post_footer":false,"_kad_post_classname":"","footnotes":""},"class_list":["post-489","page","type-page","status-publish","hentry"],"_links":{"self":[{"href":"https:\/\/departamento.us.es\/dmicro\/web\/wp-json\/wp\/v2\/pages\/489","targetHints":{"allow":["GET"]}}],"collection":[{"href":"https:\/\/departamento.us.es\/dmicro\/web\/wp-json\/wp\/v2\/pages"}],"about":[{"href":"https:\/\/departamento.us.es\/dmicro\/web\/wp-json\/wp\/v2\/types\/page"}],"author":[{"embeddable":true,"href":"https:\/\/departamento.us.es\/dmicro\/web\/wp-json\/wp\/v2\/users\/1"}],"replies":[{"embeddable":true,"href":"https:\/\/departamento.us.es\/dmicro\/web\/wp-json\/wp\/v2\/comments?post=489"}],"version-history":[{"count":6,"href":"https:\/\/departamento.us.es\/dmicro\/web\/wp-json\/wp\/v2\/pages\/489\/revisions"}],"predecessor-version":[{"id":499,"href":"https:\/\/departamento.us.es\/dmicro\/web\/wp-json\/wp\/v2\/pages\/489\/revisions\/499"}],"up":[{"embeddable":true,"href":"https:\/\/departamento.us.es\/dmicro\/web\/wp-json\/wp\/v2\/pages\/345"}],"wp:attachment":[{"href":"https:\/\/departamento.us.es\/dmicro\/web\/wp-json\/wp\/v2\/media?parent=489"}],"curies":[{"name":"wp","href":"https:\/\/api.w.org\/{rel}","templated":true}]}}