{"id":501,"date":"2026-02-23T13:24:07","date_gmt":"2026-02-23T12:24:07","guid":{"rendered":"https:\/\/departamento.us.es\/dmicro\/web\/?page_id=501"},"modified":"2026-02-23T14:06:49","modified_gmt":"2026-02-23T13:06:49","slug":"maria-teresa-cubo-sanchez","status":"publish","type":"page","link":"https:\/\/departamento.us.es\/dmicro\/web\/pdi\/maria-teresa-cubo-sanchez\/","title":{"rendered":"Dra. Mar\u00eda Teresa Cubo S\u00e1nchez"},"content":{"rendered":"\n<div class=\"wp-block-media-text is-stacked-on-mobile\" style=\"grid-template-columns:20% auto\"><figure class=\"wp-block-media-text__media\"><img loading=\"lazy\" decoding=\"async\" width=\"294\" height=\"330\" src=\"https:\/\/departamento.us.es\/dmicro\/web\/wp-content\/uploads\/2026\/02\/MTCubo.png\" alt=\"\" class=\"wp-image-505 size-full\" srcset=\"https:\/\/departamento.us.es\/dmicro\/web\/wp-content\/uploads\/2026\/02\/MTCubo.png 294w, https:\/\/departamento.us.es\/dmicro\/web\/wp-content\/uploads\/2026\/02\/MTCubo-267x300.png 267w\" sizes=\"auto, (max-width: 294px) 100vw, 294px\" \/><\/figure><div class=\"wp-block-media-text__content\">\n<p><strong>Dra. Mar\u00eda Teresa Cubo S\u00e1nchez<\/strong><br \/>Profesora Titular.<br \/>Departamento de Microbiolog\u00eda \u2014 Facultad de Biolog\u00eda<br \/><strong><span style=\"color: #333;\" title=\"Correo electr\u00f3nico\">Correo: <\/span><\/strong><span style=\"color: #333;\" title=\"Correo electr\u00f3nico\">cubo<\/span><span style=\"color: #333;\" title=\"Correo electr\u00f3nico\">@us.es<\/span>\u00a0| <strong><span style=\"color: #333;\" title=\"Despacho\">Despacho:<\/span><\/strong> 17 | <strong><span style=\"color: #333;\">Tel.:<\/span><\/strong> 954 557 116<br \/><a href=\"https:\/\/prisma.us.es\/investigador\/994\" target=\"_blank\" rel=\"noopener\">Perfil PRISMA<\/a> | \u00a0<a href=\"https:\/\/investigacion.us.es\/sisius\/sis_showpub.php?idpers=75\" target=\"_blank\" rel=\"noopener\">Perfil SISIUS<\/a>\u00a0 | \u00a0<a href=\"https:\/\/orcid.org\/0000-0001-7027-7126\" target=\"_blank\" rel=\"noopener\">ORCID<\/a>\u00a0 |\u00a0 <a href=\"https:\/\/idus.us.es\/author-profiles\/994\" target=\"_blank\" rel=\"noopener\">iDUS<\/a>\u00a0<\/p>\n<\/div><\/div>\n\n\n<p><!-- Ficha breve de profesor para p\u00e1gina est\u00e1tica del Departamento --><\/p>\n<h3>Formaci\u00f3n y Trayectoria<\/h3>\n<ul>\n<li><strong>Formaci\u00f3n: <\/strong>Doctora en Biolog\u00eda por la Universidad de Sevilla (1988). Licenciada en Biolog\u00eda (1982).<\/li>\n<li><strong>Trayectoria en la US: <\/strong>41\u00a0a\u00f1os de experiencia en Docencia e Investigaci\u00f3n.<\/li>\n<li><strong>Trayectoria fuera de la US: <\/strong>Estancia postdoctoral en el John Innes Institute (1988-1991, Norwich, UK).\u00a0<\/li>\n<\/ul>\n<h3>Docencia<\/h3>\n<ul>\n<li>Grado en Bioqu\u00edmica.<\/li>\n<li>M\u00e1ster Universitario en Gen\u00e9tica Molecular y Biotecnolog\u00eda.<\/li>\n<li>M\u00e1ster Universitario en Biolog\u00eda Avanzada.<\/li>\n<\/ul>\n<h3>Investigaci\u00f3n<\/h3>\n<ul>\n<li><strong><strong>Grupo de Investigaci\u00f3n: <\/strong><\/strong>BIO169: Biotecnolog\u00eda de la Interacci\u00f3n de Microorganismos con Leguminosas y otras Plantas de inter\u00e9s agr\u00edcola.<\/li>\n<li><strong>L\u00edneas de investigaci\u00f3n (palabras clave): <\/strong>Sinorhizobium (Ensifer)\n<ul>\n<li>Simbiosis rizobio-leguminosa, soja, Producci\u00f3n de melanina, genes de nodulaci\u00f3n, factores de nodulaci\u00f3n, cobalamina, auxotrof\u00edas, ADN, qu\u00f3rum sensing, bacterias promotoras del crecimiento vegetal. Bacteri\u00f3fagos, Bioinoculantes, biofortificaci\u00f3n, fitorremediaci\u00f3n.<\/li>\n<\/ul>\n<\/li>\n<\/ul>","protected":false},"excerpt":{"rendered":"<p>Dra. Mar\u00eda Teresa Cubo S\u00e1nchezProfesora Titular.Departamento de Microbiolog\u00eda \u2014 Facultad de Biolog\u00edaCorreo: cubo@us.es\u00a0| Despacho: 17 | Tel.: 954 557 116Perfil PRISMA | \u00a0Perfil SISIUS\u00a0 | \u00a0ORCID\u00a0 |\u00a0 iDUS\u00a0 Formaci\u00f3n y Trayectoria Formaci\u00f3n: Doctora en Biolog\u00eda por la Universidad de Sevilla (1988). Licenciada en Biolog\u00eda (1982). Trayectoria en la US: 41\u00a0a\u00f1os de experiencia en Docencia e&#8230;<\/p>\n","protected":false},"author":1,"featured_media":0,"parent":361,"menu_order":0,"comment_status":"closed","ping_status":"closed","template":"","meta":{"_kad_post_transparent":"","_kad_post_title":"","_kad_post_layout":"","_kad_post_sidebar_id":"","_kad_post_content_style":"","_kad_post_vertical_padding":"","_kad_post_feature":"","_kad_post_feature_position":"","_kad_post_header":false,"_kad_post_footer":false,"_kad_post_classname":"","footnotes":""},"class_list":["post-501","page","type-page","status-publish","hentry"],"_links":{"self":[{"href":"https:\/\/departamento.us.es\/dmicro\/web\/wp-json\/wp\/v2\/pages\/501","targetHints":{"allow":["GET"]}}],"collection":[{"href":"https:\/\/departamento.us.es\/dmicro\/web\/wp-json\/wp\/v2\/pages"}],"about":[{"href":"https:\/\/departamento.us.es\/dmicro\/web\/wp-json\/wp\/v2\/types\/page"}],"author":[{"embeddable":true,"href":"https:\/\/departamento.us.es\/dmicro\/web\/wp-json\/wp\/v2\/users\/1"}],"replies":[{"embeddable":true,"href":"https:\/\/departamento.us.es\/dmicro\/web\/wp-json\/wp\/v2\/comments?post=501"}],"version-history":[{"count":3,"href":"https:\/\/departamento.us.es\/dmicro\/web\/wp-json\/wp\/v2\/pages\/501\/revisions"}],"predecessor-version":[{"id":508,"href":"https:\/\/departamento.us.es\/dmicro\/web\/wp-json\/wp\/v2\/pages\/501\/revisions\/508"}],"up":[{"embeddable":true,"href":"https:\/\/departamento.us.es\/dmicro\/web\/wp-json\/wp\/v2\/pages\/361"}],"wp:attachment":[{"href":"https:\/\/departamento.us.es\/dmicro\/web\/wp-json\/wp\/v2\/media?parent=501"}],"curies":[{"name":"wp","href":"https:\/\/api.w.org\/{rel}","templated":true}]}}