{"id":521,"date":"2026-04-09T13:54:29","date_gmt":"2026-04-09T11:54:29","guid":{"rendered":"https:\/\/departamento.us.es\/dmicro\/web\/?page_id=521"},"modified":"2026-04-09T13:55:12","modified_gmt":"2026-04-09T11:55:12","slug":"antonio-javier-moreno-perez","status":"publish","type":"page","link":"https:\/\/departamento.us.es\/dmicro\/web\/investigadores-contratados\/antonio-javier-moreno-perez\/","title":{"rendered":"Dr. Antonio Javier Moreno P\u00e9rez"},"content":{"rendered":"\n<div class=\"wp-block-media-text is-stacked-on-mobile\" style=\"grid-template-columns:20% auto\"><figure class=\"wp-block-media-text__media\"><img loading=\"lazy\" decoding=\"async\" width=\"1024\" height=\"862\" src=\"https:\/\/departamento.us.es\/dmicro\/web\/wp-content\/uploads\/2026\/04\/IMG_8859-2-e1775735539873-1024x862.jpg\" alt=\"\" class=\"wp-image-524 size-full\" srcset=\"https:\/\/departamento.us.es\/dmicro\/web\/wp-content\/uploads\/2026\/04\/IMG_8859-2-e1775735539873-1024x862.jpg 1024w, https:\/\/departamento.us.es\/dmicro\/web\/wp-content\/uploads\/2026\/04\/IMG_8859-2-e1775735539873-300x252.jpg 300w, https:\/\/departamento.us.es\/dmicro\/web\/wp-content\/uploads\/2026\/04\/IMG_8859-2-e1775735539873-768x646.jpg 768w, https:\/\/departamento.us.es\/dmicro\/web\/wp-content\/uploads\/2026\/04\/IMG_8859-2-e1775735539873.jpg 1433w\" sizes=\"auto, (max-width: 1024px) 100vw, 1024px\" \/><\/figure><div class=\"wp-block-media-text__content\">\n<p><strong>Dr. Antonio Javier Moreno P\u00e9rez<\/strong><br \/>Investigador Contrado de Acceso<br \/>Departamento de Microbiolog\u00eda \u2014 Facultad de Biolog\u00eda<br \/><strong><span style=\"color: #333;\" title=\"Correo electr\u00f3nico\">Correo: <\/span><\/strong><span style=\"color: #333;\" title=\"Correo electr\u00f3nico\">amorenop<\/span><span style=\"color: #333;\" title=\"Correo electr\u00f3nico\">@us.es<\/span>\u00a0| <strong><span style=\"color: #333;\" title=\"Despacho\">Despacho: <\/span><\/strong><span style=\"color: #333;\" title=\"Despacho\">Laboratorio 1<\/span>\u00a0| <strong><span style=\"color: #333;\">Tel.:<\/span><\/strong> 954 557 115<br \/><a href=\"https:\/\/prisma.us.es\/investigador\/7672\" target=\"_blank\" rel=\"noopener\">Perfil PRISMA<\/a> | \u00a0<a href=\"https:\/\/investigacion.us.es\/sisius\/sis_showpub.php?idpers=27499\" target=\"_blank\" rel=\"noopener\">Perfil SISIUS<\/a>\u00a0 | \u00a0<a href=\"https:\/\/orcid.org\/0000-0003-4908-8958\" target=\"_blank\" rel=\"noopener\">ORCID<\/a>\u00a0 |\u00a0 <a href=\"https:\/\/idus.us.es\/author-profiles\/7672\" target=\"_blank\" rel=\"noopener\">iDUS<\/a>\u00a0<\/p>\n<\/div><\/div>\n\n\n<p><!-- Ficha breve de profesor para p\u00e1gina est\u00e1tica del Departamento --><\/p>\n<h3>Formaci\u00f3n y Trayectoria<\/h3>\n<ul>\n<li><strong>Formaci\u00f3n: <\/strong>Doctor en Biolog\u00eda por la Universidad de Sevilla (2010). Licenciado en Biolog\u00eda (2005).<\/li>\n<li><strong>Trayectoria en la US: <\/strong>3 a\u00f1os de experiencia en Docencia e Investigaci\u00f3n.<\/li>\n<li><strong>Trayectoria fuera de la US: <\/strong>Investigador predoctoral (2005-2010) y postdoctoral en el Instituto de la Grasa del CSIC (2016-2023). Investigador postdoctoral en la Universit\u00e9 de technologie de Compi\u00e8gne (2018-2019). Investigador en Abengoa Bioenerg\u00eda Nuevas Tecnolog\u00edas (2011-2016).\u00a0<\/li>\n<\/ul>\n<h3>Docencia<\/h3>\n<ul>\n<li>Grado en Biolog\u00eda.<\/li>\n<li>M\u00e1ster Universitario en Biolog\u00eda Avanzada.<\/li>\n<\/ul>\n<h3>Investigaci\u00f3n<\/h3>\n<ul>\n<li><strong><strong>Grupo de Investigaci\u00f3n: <\/strong><\/strong><a href=\"https:\/\/investigacion.us.es\/sisius\/sis_depgrupos.php?seltext=BIO210&amp;selfield=CODIGO\" target=\"_blank\" rel=\"noopener\">BIO210: Microorganismos Eucariotas<\/a><\/li>\n<li><strong>L\u00edneas de investigaci\u00f3n:<\/strong>\n<ul>\n<li>\n<div role=\"presentation\" data-olk-copy-source=\"MessageBody\">Microbiolog\u00eda Industrial. Producci\u00f3n de cepas de hongos filamentosos con inter\u00e9s industrial.<\/div>\n<\/li>\n<li>\n<div role=\"presentation\">Revalorizaci\u00f3n de subproductos vegetales.<\/div>\n<\/li>\n<li>\n<div role=\"presentation\">Producci\u00f3n de bioproductos.<\/div>\n<\/li>\n<li>\n<div role=\"presentation\">Lipid\u00f3mica.<\/div>\n<\/li>\n<li>\n<div role=\"presentation\">Ecofisiolog\u00eda de ambientes hal\u00f3fitos.<\/div>\n<\/li>\n<\/ul>\n<\/li>\n<\/ul>","protected":false},"excerpt":{"rendered":"<p>Dr. Antonio Javier Moreno P\u00e9rezInvestigador Contrado de AccesoDepartamento de Microbiolog\u00eda \u2014 Facultad de Biolog\u00edaCorreo: amorenop@us.es\u00a0| Despacho: Laboratorio 1\u00a0| Tel.: 954 557 115Perfil PRISMA | \u00a0Perfil SISIUS\u00a0 | \u00a0ORCID\u00a0 |\u00a0 iDUS\u00a0 Formaci\u00f3n y Trayectoria Formaci\u00f3n: Doctor en Biolog\u00eda por la Universidad de Sevilla (2010). Licenciado en Biolog\u00eda (2005). Trayectoria en la US: 3 a\u00f1os de experiencia&#8230;<\/p>\n","protected":false},"author":1,"featured_media":0,"parent":371,"menu_order":0,"comment_status":"closed","ping_status":"closed","template":"","meta":{"_kad_post_transparent":"","_kad_post_title":"","_kad_post_layout":"","_kad_post_sidebar_id":"","_kad_post_content_style":"","_kad_post_vertical_padding":"","_kad_post_feature":"","_kad_post_feature_position":"","_kad_post_header":false,"_kad_post_footer":false,"_kad_post_classname":"","footnotes":""},"class_list":["post-521","page","type-page","status-publish","hentry"],"_links":{"self":[{"href":"https:\/\/departamento.us.es\/dmicro\/web\/wp-json\/wp\/v2\/pages\/521","targetHints":{"allow":["GET"]}}],"collection":[{"href":"https:\/\/departamento.us.es\/dmicro\/web\/wp-json\/wp\/v2\/pages"}],"about":[{"href":"https:\/\/departamento.us.es\/dmicro\/web\/wp-json\/wp\/v2\/types\/page"}],"author":[{"embeddable":true,"href":"https:\/\/departamento.us.es\/dmicro\/web\/wp-json\/wp\/v2\/users\/1"}],"replies":[{"embeddable":true,"href":"https:\/\/departamento.us.es\/dmicro\/web\/wp-json\/wp\/v2\/comments?post=521"}],"version-history":[{"count":4,"href":"https:\/\/departamento.us.es\/dmicro\/web\/wp-json\/wp\/v2\/pages\/521\/revisions"}],"predecessor-version":[{"id":526,"href":"https:\/\/departamento.us.es\/dmicro\/web\/wp-json\/wp\/v2\/pages\/521\/revisions\/526"}],"up":[{"embeddable":true,"href":"https:\/\/departamento.us.es\/dmicro\/web\/wp-json\/wp\/v2\/pages\/371"}],"wp:attachment":[{"href":"https:\/\/departamento.us.es\/dmicro\/web\/wp-json\/wp\/v2\/media?parent=521"}],"curies":[{"name":"wp","href":"https:\/\/api.w.org\/{rel}","templated":true}]}}