{"id":1223,"date":"2026-01-08T11:04:45","date_gmt":"2026-01-08T10:04:45","guid":{"rendered":"https:\/\/departamento.us.es\/dpaetsas\/?page_id=1223"},"modified":"2026-01-08T11:06:11","modified_gmt":"2026-01-08T10:06:11","slug":"aviso-legal","status":"publish","type":"page","link":"https:\/\/departamento.us.es\/dpaetsas\/aviso-legal\/","title":{"rendered":"Aviso Legal"},"content":{"rendered":"\t\t<div data-elementor-type=\"wp-page\" data-elementor-id=\"1223\" class=\"elementor elementor-1223\" data-elementor-post-type=\"page\">\n\t\t\t\t<div class=\"elementor-element elementor-element-2e6a40ef e-flex e-con-boxed e-con e-parent\" data-id=\"2e6a40ef\" data-element_type=\"container\" data-e-type=\"container\">\n\t\t\t\t\t<div class=\"e-con-inner\">\n\t\t\t\t<div class=\"elementor-element elementor-element-1e72e9a2 elementor-widget elementor-widget-text-editor\" data-id=\"1e72e9a2\" data-element_type=\"widget\" data-e-type=\"widget\" data-widget_type=\"text-editor.default\">\n\t\t\t\t\t\t\t\t\t<h5>1. IDENTIFICACI\u00d3N<\/h5><ul><li>Titular: UNIVERSIDAD DE SEVILLA.<\/li><li>Domicilio social: AVDA. REINA MERCEDES, 2, 41012 (Sevilla)<\/li><li>Tel\u00e9fono: 95 455 65 75<\/li><li>Email: etsadprar@us.es<\/li><\/ul><p>\u00a0<\/p><h5>2. INFORMACI\u00d3N Y CONSENTIMIENTO<\/h5><p>De conformidad con lo dispuesto en la normativa reguladora en vigor de Protecci\u00f3n de Datos prestas t\u00fa consentimiento informado, expreso, libre y de forma inequ\u00edvoca para que tus datos personales sean tratados con la finalidad de atender las solicitudes realizadas a trav\u00e9s del sitio web, el env\u00edo de comunicaciones y newsletter acerca de la Universidad de sevilla, y para la realizaci\u00f3n de encuestas y estad\u00edsticas. En cualquier momento el usuario podr\u00e1 darse de baja y revocar el consentimiento otorgado.<\/p><p>El registro de menores de 18 a\u00f1os no esta permitido. Si alg\u00fan registro revelara que el usuario es un menor de edad, UNIVERSIDAD DE SEVILLA. se reserva el derecho de anularlo. Sin embargo, UNIVERSIDAD DE SEVILLA., no se hace responsable de los efectos y consecuencias que los registros de menores de edad pudieran ocasionar. En cualquier momento, los padres \/ tutores de un menor que hubiera cumplimentado alguno de los formularios de recabo de datos sin autorizaci\u00f3n podr\u00e1n revisar, cancelar u oponerse al tratamiento de datos personales a trav\u00e9s de una comunicaci\u00f3n a la siguiente direcci\u00f3n etsadprar@us.es o en la direcci\u00f3n del domicilio de AVDA. REINA MERCEDES, 2, 41012 (Sevilla).<\/p><p>Los datos ser\u00e1n incluidos en un fichero propiedad de UNIVERSIDAD DE SEVILLA. que consta debidamente inscrito en la Agencia Espa\u00f1ola de Protecci\u00f3n de Datos.<\/p><p>UNIVERSIDAD DE SEVILLA., tiene establecidas las medidas de seguridad t\u00e9cnicas, organizativas y jur\u00eddicas exigidas por el RD 1720\/2007 (RLOPD \u2013 Reglamento de Desarrollo de la LOPD), para la protecci\u00f3n de los datos.<\/p><p>UNIVERSIDAD DE SEVILLA., podr\u00e1 ceder los datos a otras entidades integrantes del Grupo con la finalidad publicidad y prospecci\u00f3n comercial de sus productos, servicios y promociones, salvo que el usuario manifieste su oposici\u00f3n.<\/p><p>\u00a0<\/p><h5>3. EJERCICIO DE DERECHOS<\/h5><p>Cualquier usuario que as\u00ed lo dese\u00e9 puede ejercer sus derechos de Acceso, Rectificaci\u00f3n, Cancelaci\u00f3n y Oposici\u00f3n, solicit\u00e1ndolo por escrito a trav\u00e9s de cualquiera de los medios siguientes, incluyendo junto a la solicitud una copia de su DNI o documento oficial acreditativo de la identidad<\/p><p>Correo Postal: AVDA. REINA MERCEDES, 2, 41012 (Sevilla).<br \/>E-mail: etsadprar@us.es<\/p>\t\t\t\t\t\t\t\t<\/div>\n\t\t\t\t\t<\/div>\n\t\t\t\t<\/div>\n\t\t\t\t<\/div>\n\t\t","protected":false},"excerpt":{"rendered":"<p>1. IDENTIFICACI\u00d3N Titular: UNIVERSIDAD DE SEVILLA. Domicilio social: AVDA. REINA MERCEDES, 2, 41012 (Sevilla) Tel\u00e9fono: 95 455 65 75 Email: etsadprar@us.es \u00a0 2. INFORMACI\u00d3N Y CONSENTIMIENTO De conformidad con lo dispuesto en la normativa reguladora en vigor de Protecci\u00f3n de Datos prestas t\u00fa consentimiento informado, expreso, libre y de forma inequ\u00edvoca para que tus datos [&hellip;]<\/p>\n","protected":false},"author":2,"featured_media":0,"parent":0,"menu_order":0,"comment_status":"closed","ping_status":"closed","template":"","meta":{"_acf_changed":false,"footnotes":""},"class_list":["post-1223","page","type-page","status-publish","hentry"],"acf":[],"_links":{"self":[{"href":"https:\/\/departamento.us.es\/dpaetsas\/wp-json\/wp\/v2\/pages\/1223","targetHints":{"allow":["GET"]}}],"collection":[{"href":"https:\/\/departamento.us.es\/dpaetsas\/wp-json\/wp\/v2\/pages"}],"about":[{"href":"https:\/\/departamento.us.es\/dpaetsas\/wp-json\/wp\/v2\/types\/page"}],"author":[{"embeddable":true,"href":"https:\/\/departamento.us.es\/dpaetsas\/wp-json\/wp\/v2\/users\/2"}],"replies":[{"embeddable":true,"href":"https:\/\/departamento.us.es\/dpaetsas\/wp-json\/wp\/v2\/comments?post=1223"}],"version-history":[{"count":0,"href":"https:\/\/departamento.us.es\/dpaetsas\/wp-json\/wp\/v2\/pages\/1223\/revisions"}],"wp:attachment":[{"href":"https:\/\/departamento.us.es\/dpaetsas\/wp-json\/wp\/v2\/media?parent=1223"}],"curies":[{"name":"wp","href":"https:\/\/api.w.org\/{rel}","templated":true}]}}