{"id":2944,"date":"2025-07-16T08:08:21","date_gmt":"2025-07-16T08:08:21","guid":{"rendered":"https:\/\/departamento.us.es\/newdpccjjbb\/?page_id=2944"},"modified":"2025-07-18T12:56:51","modified_gmt":"2025-07-18T12:56:51","slug":"horario-de-consultas","status":"publish","type":"page","link":"https:\/\/departamento.us.es\/dpccjjbb\/horario-de-consultas\/","title":{"rendered":"Horario de consultas"},"content":{"rendered":"\t\t<div data-elementor-type=\"wp-page\" data-elementor-id=\"2944\" class=\"elementor elementor-2944\" data-elementor-post-type=\"page\">\n\t\t\t\t<div class=\"elementor-element elementor-element-da380f6 e-flex e-con-boxed e-con e-parent\" data-id=\"da380f6\" data-element_type=\"container\" data-e-type=\"container\">\n\t\t\t\t\t<div class=\"e-con-inner\">\n\t\t\t\t<div class=\"elementor-element elementor-element-f6d5d56 elementor-list-item-link-inline elementor-icon-list--layout-traditional elementor-widget elementor-widget-icon-list\" data-id=\"f6d5d56\" data-element_type=\"widget\" data-e-type=\"widget\" data-widget_type=\"icon-list.default\">\n\t\t\t\t<div class=\"elementor-widget-container\">\n\t\t\t\t\t\t\t<ul class=\"elementor-icon-list-items\">\n\t\t\t\t\t\t\t<li class=\"elementor-icon-list-item\">\n\t\t\t\t\t\t\t\t\t\t\t<a href=\"https:\/\/departamento.us.es\/dpccjjbb\/wp-content\/uploads\/2025\/07\/TUTORIAS-AREA-DE-DERECHO-ROMANO-2C-2025-26.pdf\" target=\"_blank\" rel=\"nofollow\">\n\n\t\t\t\t\t\t\t\t\t\t\t\t<span class=\"elementor-icon-list-icon\">\n\t\t\t\t\t\t\t<i aria-hidden=\"true\" class=\"fas fa-external-link-alt\"><\/i>\t\t\t\t\t\t<\/span>\n\t\t\t\t\t\t\t\t\t\t<span class=\"elementor-icon-list-text\">\u00c1rea de Derecho Romano<\/span>\n\t\t\t\t\t\t\t\t\t\t\t<\/a>\n\t\t\t\t\t\t\t\t\t<\/li>\n\t\t\t\t\t\t\t\t<li class=\"elementor-icon-list-item\">\n\t\t\t\t\t\t\t\t\t\t\t<a href=\"https:\/\/departamento.us.es\/dpccjjbb\/wp-content\/uploads\/2025\/07\/TUTORIAS-AREA-DE-HISTORIA-DEL-DERECHO-2C-2025-26.pdf\" target=\"_blank\" rel=\"nofollow\">\n\n\t\t\t\t\t\t\t\t\t\t\t\t<span class=\"elementor-icon-list-icon\">\n\t\t\t\t\t\t\t<i aria-hidden=\"true\" class=\"fas fa-external-link-alt\"><\/i>\t\t\t\t\t\t<\/span>\n\t\t\t\t\t\t\t\t\t\t<span class=\"elementor-icon-list-text\">\u00c1rea de Historia del Derecho y de las Instituciones<\/span>\n\t\t\t\t\t\t\t\t\t\t\t<\/a>\n\t\t\t\t\t\t\t\t\t<\/li>\n\t\t\t\t\t\t\t\t<li class=\"elementor-icon-list-item\">\n\t\t\t\t\t\t\t\t\t\t\t<a href=\"https:\/\/departamento.us.es\/dpccjjbb\/wp-content\/uploads\/2025\/07\/TUTORIAS-AREA-DE-DERECHO-ECLESIASTICO-DEL-ESTADO-2C-2025-26.pdf\" target=\"_blank\" rel=\"nofollow\">\n\n\t\t\t\t\t\t\t\t\t\t\t\t<span class=\"elementor-icon-list-icon\">\n\t\t\t\t\t\t\t<i aria-hidden=\"true\" class=\"fas fa-external-link-alt\"><\/i>\t\t\t\t\t\t<\/span>\n\t\t\t\t\t\t\t\t\t\t<span class=\"elementor-icon-list-text\">\u00c1rea de Derecho Eclesi\u00e1stico del Estado<\/span>\n\t\t\t\t\t\t\t\t\t\t\t<\/a>\n\t\t\t\t\t\t\t\t\t<\/li>\n\t\t\t\t\t\t<\/ul>\n\t\t\t\t\t\t<\/div>\n\t\t\t\t<\/div>\n\t\t\t\t\t<\/div>\n\t\t\t\t<\/div>\n\t\t\t\t<\/div>\n\t\t","protected":false},"excerpt":{"rendered":"<p>\u00c1rea de Derecho Romano \u00c1rea de Historia del Derecho y de las Instituciones \u00c1rea de Derecho Eclesi\u00e1stico del Estado<\/p>\n","protected":false},"author":1,"featured_media":0,"parent":0,"menu_order":0,"comment_status":"closed","ping_status":"closed","template":"","meta":{"footnotes":""},"class_list":["post-2944","page","type-page","status-publish","hentry"],"yoast_head":"<!-- This site is optimized with the Yoast SEO plugin v27.3 - https:\/\/yoast.com\/product\/yoast-seo-wordpress\/ -->\n<title>Horario de consultas - Departamento de Ciencias Jur\u00eddicas<\/title>\n<meta name=\"robots\" content=\"index, follow, max-snippet:-1, max-image-preview:large, max-video-preview:-1\" \/>\n<link rel=\"canonical\" href=\"https:\/\/departamento.us.es\/newdpccjjbb\/horario-de-consultas\/\" \/>\n<meta property=\"og:locale\" content=\"es_ES\" \/>\n<meta property=\"og:type\" content=\"article\" \/>\n<meta property=\"og:title\" content=\"Horario de consultas - Departamento de Ciencias Jur\u00eddicas\" \/>\n<meta property=\"og:description\" content=\"\u00c1rea de Derecho Romano \u00c1rea de Historia del Derecho y de las Instituciones \u00c1rea de Derecho Eclesi\u00e1stico del Estado\" \/>\n<meta property=\"og:url\" content=\"https:\/\/departamento.us.es\/newdpccjjbb\/horario-de-consultas\/\" \/>\n<meta property=\"og:site_name\" content=\"Departamento de Ciencias Jur\u00eddicas\" \/>\n<meta property=\"article:modified_time\" content=\"2025-07-18T12:56:51+00:00\" \/>\n<meta name=\"twitter:card\" content=\"summary_large_image\" \/>\n<meta name=\"twitter:label1\" content=\"Tiempo de lectura\" \/>\n\t<meta name=\"twitter:data1\" content=\"1 minuto\" \/>\n<script type=\"application\/ld+json\" class=\"yoast-schema-graph\">{\"@context\":\"https:\\\/\\\/schema.org\",\"@graph\":[{\"@type\":\"WebPage\",\"@id\":\"https:\\\/\\\/departamento.us.es\\\/newdpccjjbb\\\/horario-de-consultas\\\/\",\"url\":\"https:\\\/\\\/departamento.us.es\\\/newdpccjjbb\\\/horario-de-consultas\\\/\",\"name\":\"Horario de consultas - Departamento de Ciencias Jur\u00eddicas\",\"isPartOf\":{\"@id\":\"https:\\\/\\\/departamento.us.es\\\/newdpccjjbb\\\/#website\"},\"datePublished\":\"2025-07-16T08:08:21+00:00\",\"dateModified\":\"2025-07-18T12:56:51+00:00\",\"breadcrumb\":{\"@id\":\"https:\\\/\\\/departamento.us.es\\\/newdpccjjbb\\\/horario-de-consultas\\\/#breadcrumb\"},\"inLanguage\":\"es\",\"potentialAction\":[{\"@type\":\"ReadAction\",\"target\":[\"https:\\\/\\\/departamento.us.es\\\/newdpccjjbb\\\/horario-de-consultas\\\/\"]}]},{\"@type\":\"BreadcrumbList\",\"@id\":\"https:\\\/\\\/departamento.us.es\\\/newdpccjjbb\\\/horario-de-consultas\\\/#breadcrumb\",\"itemListElement\":[{\"@type\":\"ListItem\",\"position\":1,\"name\":\"Inicio\",\"item\":\"https:\\\/\\\/departamento.us.es\\\/dpccjjbb\\\/\"},{\"@type\":\"ListItem\",\"position\":2,\"name\":\"Horario de consultas\"}]},{\"@type\":\"WebSite\",\"@id\":\"https:\\\/\\\/departamento.us.es\\\/newdpccjjbb\\\/#website\",\"url\":\"https:\\\/\\\/departamento.us.es\\\/newdpccjjbb\\\/\",\"name\":\"Departamento de Ciencias Jur\u00eddicas\",\"description\":\"Facultad de Derecho - Universidad de Sevilla\",\"publisher\":{\"@id\":\"https:\\\/\\\/departamento.us.es\\\/newdpccjjbb\\\/#organization\"},\"potentialAction\":[{\"@type\":\"SearchAction\",\"target\":{\"@type\":\"EntryPoint\",\"urlTemplate\":\"https:\\\/\\\/departamento.us.es\\\/newdpccjjbb\\\/?s={search_term_string}\"},\"query-input\":{\"@type\":\"PropertyValueSpecification\",\"valueRequired\":true,\"valueName\":\"search_term_string\"}}],\"inLanguage\":\"es\"},{\"@type\":\"Organization\",\"@id\":\"https:\\\/\\\/departamento.us.es\\\/newdpccjjbb\\\/#organization\",\"name\":\"Departamento de Ciencias Jur\u00eddicas B\u00e1sicas\",\"url\":\"https:\\\/\\\/departamento.us.es\\\/newdpccjjbb\\\/\",\"logo\":{\"@type\":\"ImageObject\",\"inLanguage\":\"es\",\"@id\":\"https:\\\/\\\/departamento.us.es\\\/newdpccjjbb\\\/#\\\/schema\\\/logo\\\/image\\\/\",\"url\":\"https:\\\/\\\/departamento.us.es\\\/dpccjjbb\\\/wp-content\\\/uploads\\\/2022\\\/02\\\/LogoUS-110.png\",\"contentUrl\":\"https:\\\/\\\/departamento.us.es\\\/dpccjjbb\\\/wp-content\\\/uploads\\\/2022\\\/02\\\/LogoUS-110.png\",\"width\":249,\"height\":110,\"caption\":\"Departamento de Ciencias Jur\u00eddicas B\u00e1sicas\"},\"image\":{\"@id\":\"https:\\\/\\\/departamento.us.es\\\/newdpccjjbb\\\/#\\\/schema\\\/logo\\\/image\\\/\"}}]}<\/script>\n<!-- \/ Yoast SEO plugin. -->","yoast_head_json":{"title":"Horario de consultas - Departamento de Ciencias Jur\u00eddicas","robots":{"index":"index","follow":"follow","max-snippet":"max-snippet:-1","max-image-preview":"max-image-preview:large","max-video-preview":"max-video-preview:-1"},"canonical":"https:\/\/departamento.us.es\/newdpccjjbb\/horario-de-consultas\/","og_locale":"es_ES","og_type":"article","og_title":"Horario de consultas - Departamento de Ciencias Jur\u00eddicas","og_description":"\u00c1rea de Derecho Romano \u00c1rea de Historia del Derecho y de las Instituciones \u00c1rea de Derecho Eclesi\u00e1stico del Estado","og_url":"https:\/\/departamento.us.es\/newdpccjjbb\/horario-de-consultas\/","og_site_name":"Departamento de Ciencias Jur\u00eddicas","article_modified_time":"2025-07-18T12:56:51+00:00","twitter_card":"summary_large_image","twitter_misc":{"Tiempo de lectura":"1 minuto"},"schema":{"@context":"https:\/\/schema.org","@graph":[{"@type":"WebPage","@id":"https:\/\/departamento.us.es\/newdpccjjbb\/horario-de-consultas\/","url":"https:\/\/departamento.us.es\/newdpccjjbb\/horario-de-consultas\/","name":"Horario de consultas - Departamento de Ciencias Jur\u00eddicas","isPartOf":{"@id":"https:\/\/departamento.us.es\/newdpccjjbb\/#website"},"datePublished":"2025-07-16T08:08:21+00:00","dateModified":"2025-07-18T12:56:51+00:00","breadcrumb":{"@id":"https:\/\/departamento.us.es\/newdpccjjbb\/horario-de-consultas\/#breadcrumb"},"inLanguage":"es","potentialAction":[{"@type":"ReadAction","target":["https:\/\/departamento.us.es\/newdpccjjbb\/horario-de-consultas\/"]}]},{"@type":"BreadcrumbList","@id":"https:\/\/departamento.us.es\/newdpccjjbb\/horario-de-consultas\/#breadcrumb","itemListElement":[{"@type":"ListItem","position":1,"name":"Inicio","item":"https:\/\/departamento.us.es\/dpccjjbb\/"},{"@type":"ListItem","position":2,"name":"Horario de consultas"}]},{"@type":"WebSite","@id":"https:\/\/departamento.us.es\/newdpccjjbb\/#website","url":"https:\/\/departamento.us.es\/newdpccjjbb\/","name":"Departamento de Ciencias Jur\u00eddicas","description":"Facultad de Derecho - Universidad de Sevilla","publisher":{"@id":"https:\/\/departamento.us.es\/newdpccjjbb\/#organization"},"potentialAction":[{"@type":"SearchAction","target":{"@type":"EntryPoint","urlTemplate":"https:\/\/departamento.us.es\/newdpccjjbb\/?s={search_term_string}"},"query-input":{"@type":"PropertyValueSpecification","valueRequired":true,"valueName":"search_term_string"}}],"inLanguage":"es"},{"@type":"Organization","@id":"https:\/\/departamento.us.es\/newdpccjjbb\/#organization","name":"Departamento de Ciencias Jur\u00eddicas B\u00e1sicas","url":"https:\/\/departamento.us.es\/newdpccjjbb\/","logo":{"@type":"ImageObject","inLanguage":"es","@id":"https:\/\/departamento.us.es\/newdpccjjbb\/#\/schema\/logo\/image\/","url":"https:\/\/departamento.us.es\/dpccjjbb\/wp-content\/uploads\/2022\/02\/LogoUS-110.png","contentUrl":"https:\/\/departamento.us.es\/dpccjjbb\/wp-content\/uploads\/2022\/02\/LogoUS-110.png","width":249,"height":110,"caption":"Departamento de Ciencias Jur\u00eddicas B\u00e1sicas"},"image":{"@id":"https:\/\/departamento.us.es\/newdpccjjbb\/#\/schema\/logo\/image\/"}}]}},"_links":{"self":[{"href":"https:\/\/departamento.us.es\/dpccjjbb\/wp-json\/wp\/v2\/pages\/2944","targetHints":{"allow":["GET"]}}],"collection":[{"href":"https:\/\/departamento.us.es\/dpccjjbb\/wp-json\/wp\/v2\/pages"}],"about":[{"href":"https:\/\/departamento.us.es\/dpccjjbb\/wp-json\/wp\/v2\/types\/page"}],"author":[{"embeddable":true,"href":"https:\/\/departamento.us.es\/dpccjjbb\/wp-json\/wp\/v2\/users\/1"}],"replies":[{"embeddable":true,"href":"https:\/\/departamento.us.es\/dpccjjbb\/wp-json\/wp\/v2\/comments?post=2944"}],"version-history":[{"count":0,"href":"https:\/\/departamento.us.es\/dpccjjbb\/wp-json\/wp\/v2\/pages\/2944\/revisions"}],"wp:attachment":[{"href":"https:\/\/departamento.us.es\/dpccjjbb\/wp-json\/wp\/v2\/media?parent=2944"}],"curies":[{"name":"wp","href":"https:\/\/api.w.org\/{rel}","templated":true}]}}