{"id":2946,"date":"2025-07-16T08:08:51","date_gmt":"2025-07-16T08:08:51","guid":{"rendered":"https:\/\/departamento.us.es\/newdpccjjbb\/?page_id=2946"},"modified":"2026-02-20T11:27:34","modified_gmt":"2026-02-20T11:27:34","slug":"tfg-tfg-practicas","status":"publish","type":"page","link":"https:\/\/departamento.us.es\/dpccjjbb\/tfg-tfg-practicas\/","title":{"rendered":"TFG\/TFG\/Pr\u00e1cticas"},"content":{"rendered":"\t\t<div data-elementor-type=\"wp-page\" data-elementor-id=\"2946\" class=\"elementor elementor-2946\" data-elementor-post-type=\"page\">\n\t\t\t\t<div class=\"elementor-element elementor-element-bde1704 e-flex e-con-boxed e-con e-parent\" data-id=\"bde1704\" data-element_type=\"container\" data-e-type=\"container\">\n\t\t\t\t\t<div class=\"e-con-inner\">\n\t\t\t\t<div class=\"elementor-element elementor-element-4ee98d0 elementor-widget elementor-widget-heading\" data-id=\"4ee98d0\" data-element_type=\"widget\" data-e-type=\"widget\" data-widget_type=\"heading.default\">\n\t\t\t\t<div class=\"elementor-widget-container\">\n\t\t\t\t\t<h4 class=\"elementor-heading-title elementor-size-default\">CONVOCATORIA TFG Y PR\u00c1CTICAS\n<\/h4>\t\t\t\t<\/div>\n\t\t\t\t<\/div>\n\t\t\t\t<div class=\"elementor-element elementor-element-68ca3c6 elementor-widget elementor-widget-heading\" data-id=\"68ca3c6\" data-element_type=\"widget\" data-e-type=\"widget\" data-widget_type=\"heading.default\">\n\t\t\t\t<div class=\"elementor-widget-container\">\n\t\t\t\t\t<h5 class=\"elementor-heading-title elementor-size-default\">TFG y Pr\u00e1cticas \u00c1rea de  Derecho Romano<\/h5>\t\t\t\t<\/div>\n\t\t\t\t<\/div>\n\t\t\t\t<div class=\"elementor-element elementor-element-24743c5 elementor-list-item-link-inline elementor-icon-list--layout-traditional elementor-widget elementor-widget-icon-list\" data-id=\"24743c5\" data-element_type=\"widget\" data-e-type=\"widget\" data-widget_type=\"icon-list.default\">\n\t\t\t\t<div class=\"elementor-widget-container\">\n\t\t\t\t\t\t\t<ul class=\"elementor-icon-list-items\">\n\t\t\t\t\t\t\t<li class=\"elementor-icon-list-item\">\n\t\t\t\t\t\t\t\t\t\t\t<a href=\"https:\/\/departamento.us.es\/dpccjjbb\/wp-content\/uploads\/2025\/07\/Criterios_TFG_romano.pdf\" target=\"_blank\" rel=\"nofollow\">\n\n\t\t\t\t\t\t\t\t\t\t\t\t<span class=\"elementor-icon-list-icon\">\n\t\t\t\t\t\t\t<i aria-hidden=\"true\" class=\"fas fa-external-link-alt\"><\/i>\t\t\t\t\t\t<\/span>\n\t\t\t\t\t\t\t\t\t\t<span class=\"elementor-icon-list-text\">Criterios TFG <\/span>\n\t\t\t\t\t\t\t\t\t\t\t<\/a>\n\t\t\t\t\t\t\t\t\t<\/li>\n\t\t\t\t\t\t\t\t<li class=\"elementor-icon-list-item\">\n\t\t\t\t\t\t\t\t\t\t\t<a href=\"https:\/\/departamento.us.es\/dpccjjbb\/wp-content\/uploads\/2025\/07\/derecho-romano.pdf\" target=\"_blank\" rel=\"nofollow\">\n\n\t\t\t\t\t\t\t\t\t\t\t\t<span class=\"elementor-icon-list-icon\">\n\t\t\t\t\t\t\t<i aria-hidden=\"true\" class=\"fas fa-external-link-alt\"><\/i>\t\t\t\t\t\t<\/span>\n\t\t\t\t\t\t\t\t\t\t<span class=\"elementor-icon-list-text\">Asignaci\u00f3n de TFG y pr\u00e1cticas<\/span>\n\t\t\t\t\t\t\t\t\t\t\t<\/a>\n\t\t\t\t\t\t\t\t\t<\/li>\n\t\t\t\t\t\t\t\t<li class=\"elementor-icon-list-item\">\n\t\t\t\t\t\t\t\t\t\t\t<a href=\"http:\/\/departamento.us.es\/dpccjjbb\/wp-content\/uploads\/2026\/02\/Ampliacion-derecho-Romano-1.pdf\" target=\"_blank\" rel=\"nofollow\">\n\n\t\t\t\t\t\t\t\t\t\t\t\t<span class=\"elementor-icon-list-icon\">\n\t\t\t\t\t\t\t<i aria-hidden=\"true\" class=\"fas fa-external-link-alt\"><\/i>\t\t\t\t\t\t<\/span>\n\t\t\t\t\t\t\t\t\t\t<span class=\"elementor-icon-list-text\">Ampliaci\u00f3n matr\u00edcula TFG y pr\u00e1cticas<\/span>\n\t\t\t\t\t\t\t\t\t\t\t<\/a>\n\t\t\t\t\t\t\t\t\t<\/li>\n\t\t\t\t\t\t<\/ul>\n\t\t\t\t\t\t<\/div>\n\t\t\t\t<\/div>\n\t\t\t\t\t<\/div>\n\t\t\t\t<\/div>\n\t\t<div class=\"elementor-element elementor-element-18759b9 e-flex e-con-boxed e-con e-parent\" data-id=\"18759b9\" data-element_type=\"container\" data-e-type=\"container\">\n\t\t\t\t\t<div class=\"e-con-inner\">\n\t\t\t\t<div class=\"elementor-element elementor-element-0131117 elementor-widget elementor-widget-heading\" data-id=\"0131117\" data-element_type=\"widget\" data-e-type=\"widget\" data-widget_type=\"heading.default\">\n\t\t\t\t<div class=\"elementor-widget-container\">\n\t\t\t\t\t<h5 class=\"elementor-heading-title elementor-size-default\">TFG y Pr\u00e1cticas \u00c1rea de Historia del Derecho y de las Instituciones<\/h5>\t\t\t\t<\/div>\n\t\t\t\t<\/div>\n\t\t\t\t<div class=\"elementor-element elementor-element-4d298dd elementor-list-item-link-inline elementor-icon-list--layout-traditional elementor-widget elementor-widget-icon-list\" data-id=\"4d298dd\" data-element_type=\"widget\" data-e-type=\"widget\" data-widget_type=\"icon-list.default\">\n\t\t\t\t<div class=\"elementor-widget-container\">\n\t\t\t\t\t\t\t<ul class=\"elementor-icon-list-items\">\n\t\t\t\t\t\t\t<li class=\"elementor-icon-list-item\">\n\t\t\t\t\t\t\t\t\t\t\t<a href=\"https:\/\/departamento.us.es\/dpccjjbb\/wp-content\/uploads\/2025\/07\/Criterios_TFG-TFM_Area_de_Historia_del_Derecho_y_de_las_Instituciones_3.pdf\" target=\"_blank\" rel=\"nofollow\">\n\n\t\t\t\t\t\t\t\t\t\t\t\t<span class=\"elementor-icon-list-icon\">\n\t\t\t\t\t\t\t<i aria-hidden=\"true\" class=\"fas fa-external-link-alt\"><\/i>\t\t\t\t\t\t<\/span>\n\t\t\t\t\t\t\t\t\t\t<span class=\"elementor-icon-list-text\">Criterios TFG <\/span>\n\t\t\t\t\t\t\t\t\t\t\t<\/a>\n\t\t\t\t\t\t\t\t\t<\/li>\n\t\t\t\t\t\t\t\t<li class=\"elementor-icon-list-item\">\n\t\t\t\t\t\t\t\t\t\t\t<a href=\"https:\/\/departamento.us.es\/dpccjjbb\/wp-content\/uploads\/2025\/07\/historia-del-derecho-1.pdf\" target=\"_blank\" rel=\"nofollow\">\n\n\t\t\t\t\t\t\t\t\t\t\t\t<span class=\"elementor-icon-list-icon\">\n\t\t\t\t\t\t\t<i aria-hidden=\"true\" class=\"fas fa-external-link-alt\"><\/i>\t\t\t\t\t\t<\/span>\n\t\t\t\t\t\t\t\t\t\t<span class=\"elementor-icon-list-text\">Asignaci\u00f3n de TFG y pr\u00e1cticas<\/span>\n\t\t\t\t\t\t\t\t\t\t\t<\/a>\n\t\t\t\t\t\t\t\t\t<\/li>\n\t\t\t\t\t\t\t\t<li class=\"elementor-icon-list-item\">\n\t\t\t\t\t\t\t\t\t\t\t<a href=\"http:\/\/departamento.us.es\/dpccjjbb\/wp-content\/uploads\/2026\/02\/Ampliacion-Historia-del-Derecho-1.pdf\" target=\"_blank\" rel=\"nofollow\">\n\n\t\t\t\t\t\t\t\t\t\t\t\t<span class=\"elementor-icon-list-icon\">\n\t\t\t\t\t\t\t<i aria-hidden=\"true\" class=\"fas fa-external-link-alt\"><\/i>\t\t\t\t\t\t<\/span>\n\t\t\t\t\t\t\t\t\t\t<span class=\"elementor-icon-list-text\">Ampliaci\u00f3n matr\u00edcula TFG y pr\u00e1cticas<\/span>\n\t\t\t\t\t\t\t\t\t\t\t<\/a>\n\t\t\t\t\t\t\t\t\t<\/li>\n\t\t\t\t\t\t<\/ul>\n\t\t\t\t\t\t<\/div>\n\t\t\t\t<\/div>\n\t\t\t\t\t<\/div>\n\t\t\t\t<\/div>\n\t\t<div class=\"elementor-element elementor-element-79f0ea3 e-flex e-con-boxed e-con e-parent\" data-id=\"79f0ea3\" data-element_type=\"container\" data-e-type=\"container\">\n\t\t\t\t\t<div class=\"e-con-inner\">\n\t\t\t\t<div class=\"elementor-element elementor-element-468a916 elementor-widget elementor-widget-heading\" data-id=\"468a916\" data-element_type=\"widget\" data-e-type=\"widget\" data-widget_type=\"heading.default\">\n\t\t\t\t<div class=\"elementor-widget-container\">\n\t\t\t\t\t<h5 class=\"elementor-heading-title elementor-size-default\">TFG y Pr\u00e1cticas \u00c1rea de Derecho Ecles\u00edastico del Estado<\/h5>\t\t\t\t<\/div>\n\t\t\t\t<\/div>\n\t\t\t\t<div class=\"elementor-element elementor-element-acf0b92 elementor-list-item-link-inline elementor-icon-list--layout-traditional elementor-widget elementor-widget-icon-list\" data-id=\"acf0b92\" data-element_type=\"widget\" data-e-type=\"widget\" data-widget_type=\"icon-list.default\">\n\t\t\t\t<div class=\"elementor-widget-container\">\n\t\t\t\t\t\t\t<ul class=\"elementor-icon-list-items\">\n\t\t\t\t\t\t\t<li class=\"elementor-icon-list-item\">\n\t\t\t\t\t\t\t\t\t\t\t<a href=\"https:\/\/departamento.us.es\/dpccjjbb\/wp-content\/uploads\/2025\/07\/Criterios_TFG_eclesiastico.pdf\" target=\"_blank\" rel=\"nofollow\">\n\n\t\t\t\t\t\t\t\t\t\t\t\t<span class=\"elementor-icon-list-icon\">\n\t\t\t\t\t\t\t<i aria-hidden=\"true\" class=\"fas fa-external-link-alt\"><\/i>\t\t\t\t\t\t<\/span>\n\t\t\t\t\t\t\t\t\t\t<span class=\"elementor-icon-list-text\">Criterios TFG <\/span>\n\t\t\t\t\t\t\t\t\t\t\t<\/a>\n\t\t\t\t\t\t\t\t\t<\/li>\n\t\t\t\t\t\t\t\t<li class=\"elementor-icon-list-item\">\n\t\t\t\t\t\t\t\t\t\t\t<a href=\"https:\/\/departamento.us.es\/dpccjjbb\/wp-content\/uploads\/2025\/07\/derecho-eclesiastico.pdf\" target=\"_blank\" rel=\"nofollow\">\n\n\t\t\t\t\t\t\t\t\t\t\t\t<span class=\"elementor-icon-list-icon\">\n\t\t\t\t\t\t\t<i aria-hidden=\"true\" class=\"fas fa-external-link-alt\"><\/i>\t\t\t\t\t\t<\/span>\n\t\t\t\t\t\t\t\t\t\t<span class=\"elementor-icon-list-text\">Asignaci\u00f3n de TFG y pr\u00e1cticas<\/span>\n\t\t\t\t\t\t\t\t\t\t\t<\/a>\n\t\t\t\t\t\t\t\t\t<\/li>\n\t\t\t\t\t\t\t\t<li class=\"elementor-icon-list-item\">\n\t\t\t\t\t\t\t\t\t\t\t<a href=\"http:\/\/departamento.us.es\/dpccjjbb\/wp-content\/uploads\/2026\/02\/Ampliacion-Derecho-Eclesiastico-1.pdf\" target=\"_blank\" rel=\"nofollow\">\n\n\t\t\t\t\t\t\t\t\t\t\t\t<span class=\"elementor-icon-list-icon\">\n\t\t\t\t\t\t\t<i aria-hidden=\"true\" class=\"fas fa-external-link-alt\"><\/i>\t\t\t\t\t\t<\/span>\n\t\t\t\t\t\t\t\t\t\t<span class=\"elementor-icon-list-text\">Ampliaci\u00f3n matr\u00edcula TFG y pr\u00e1cticas<\/span>\n\t\t\t\t\t\t\t\t\t\t\t<\/a>\n\t\t\t\t\t\t\t\t\t<\/li>\n\t\t\t\t\t\t<\/ul>\n\t\t\t\t\t\t<\/div>\n\t\t\t\t<\/div>\n\t\t\t\t\t<\/div>\n\t\t\t\t<\/div>\n\t\t<div class=\"elementor-element elementor-element-732bc2a e-flex e-con-boxed e-con e-parent\" data-id=\"732bc2a\" data-element_type=\"container\" data-e-type=\"container\">\n\t\t\t\t\t<div class=\"e-con-inner\">\n\t\t\t\t<div class=\"elementor-element elementor-element-aeab2fd elementor-widget elementor-widget-heading\" data-id=\"aeab2fd\" data-element_type=\"widget\" data-e-type=\"widget\" data-widget_type=\"heading.default\">\n\t\t\t\t<div class=\"elementor-widget-container\">\n\t\t\t\t\t<h5 class=\"elementor-heading-title elementor-size-default\">TFM y Pr\u00e1cticas (Todas  las \u00c1reas)<\/h5>\t\t\t\t<\/div>\n\t\t\t\t<\/div>\n\t\t\t\t<div class=\"elementor-element elementor-element-b745f6d elementor-list-item-link-inline elementor-icon-list--layout-traditional elementor-widget elementor-widget-icon-list\" data-id=\"b745f6d\" data-element_type=\"widget\" data-e-type=\"widget\" data-widget_type=\"icon-list.default\">\n\t\t\t\t<div class=\"elementor-widget-container\">\n\t\t\t\t\t\t\t<ul class=\"elementor-icon-list-items\">\n\t\t\t\t\t\t\t<li class=\"elementor-icon-list-item\">\n\t\t\t\t\t\t\t\t\t\t\t<a href=\"https:\/\/departamento.us.es\/dpccjjbb\/wp-content\/uploads\/2025\/07\/Criterios_TFM_areas.pdf\" target=\"_blank\" rel=\"nofollow\">\n\n\t\t\t\t\t\t\t\t\t\t\t\t<span class=\"elementor-icon-list-icon\">\n\t\t\t\t\t\t\t<i aria-hidden=\"true\" class=\"fas fa-external-link-alt\"><\/i>\t\t\t\t\t\t<\/span>\n\t\t\t\t\t\t\t\t\t\t<span class=\"elementor-icon-list-text\">Criterios TFm<\/span>\n\t\t\t\t\t\t\t\t\t\t\t<\/a>\n\t\t\t\t\t\t\t\t\t<\/li>\n\t\t\t\t\t\t\t\t<li class=\"elementor-icon-list-item\">\n\t\t\t\t\t\t\t\t\t\t\t<a href=\"https:\/\/departamento.us.es\/dpccjjbb\/wp-content\/uploads\/2025\/07\/tfm_2911.pdf\" target=\"_blank\" rel=\"nofollow\">\n\n\t\t\t\t\t\t\t\t\t\t\t\t<span class=\"elementor-icon-list-icon\">\n\t\t\t\t\t\t\t<i aria-hidden=\"true\" class=\"fas fa-external-link-alt\"><\/i>\t\t\t\t\t\t<\/span>\n\t\t\t\t\t\t\t\t\t\t<span class=\"elementor-icon-list-text\">Asignaci\u00f3n de TFM y pr\u00e1cticas<\/span>\n\t\t\t\t\t\t\t\t\t\t\t<\/a>\n\t\t\t\t\t\t\t\t\t<\/li>\n\t\t\t\t\t\t<\/ul>\n\t\t\t\t\t\t<\/div>\n\t\t\t\t<\/div>\n\t\t\t\t\t<\/div>\n\t\t\t\t<\/div>\n\t\t\t\t<\/div>\n\t\t","protected":false},"excerpt":{"rendered":"<p>CONVOCATORIA TFG Y PR\u00c1CTICAS TFG y Pr\u00e1cticas \u00c1rea de Derecho Romano Criterios TFG Asignaci\u00f3n de TFG y pr\u00e1cticas Ampliaci\u00f3n matr\u00edcula TFG y pr\u00e1cticas TFG y Pr\u00e1cticas \u00c1rea de Historia del Derecho y de las Instituciones Criterios TFG Asignaci\u00f3n de TFG y pr\u00e1cticas Ampliaci\u00f3n matr\u00edcula TFG y pr\u00e1cticas TFG y Pr\u00e1cticas \u00c1rea de Derecho Ecles\u00edastico del [&hellip;]<\/p>\n","protected":false},"author":1,"featured_media":0,"parent":0,"menu_order":0,"comment_status":"closed","ping_status":"closed","template":"","meta":{"footnotes":""},"class_list":["post-2946","page","type-page","status-publish","hentry"],"yoast_head":"<!-- This site is optimized with the Yoast SEO plugin v27.3 - https:\/\/yoast.com\/product\/yoast-seo-wordpress\/ -->\n<title>TFG\/TFG\/Pr\u00e1cticas - Departamento de Ciencias Jur\u00eddicas<\/title>\n<meta name=\"robots\" content=\"index, follow, max-snippet:-1, max-image-preview:large, max-video-preview:-1\" \/>\n<link rel=\"canonical\" href=\"https:\/\/departamento.us.es\/dpccjjbb\/tfg-tfg-practicas\/\" \/>\n<meta property=\"og:locale\" content=\"es_ES\" \/>\n<meta property=\"og:type\" content=\"article\" \/>\n<meta property=\"og:title\" content=\"TFG\/TFG\/Pr\u00e1cticas - Departamento de Ciencias Jur\u00eddicas\" \/>\n<meta property=\"og:description\" content=\"CONVOCATORIA TFG Y PR\u00c1CTICAS TFG y Pr\u00e1cticas \u00c1rea de Derecho Romano Criterios TFG Asignaci\u00f3n de TFG y pr\u00e1cticas Ampliaci\u00f3n matr\u00edcula TFG y pr\u00e1cticas TFG y Pr\u00e1cticas \u00c1rea de Historia del Derecho y de las Instituciones Criterios TFG Asignaci\u00f3n de TFG y pr\u00e1cticas Ampliaci\u00f3n matr\u00edcula TFG y pr\u00e1cticas TFG y Pr\u00e1cticas \u00c1rea de Derecho Ecles\u00edastico del [&hellip;]\" \/>\n<meta property=\"og:url\" content=\"https:\/\/departamento.us.es\/dpccjjbb\/tfg-tfg-practicas\/\" \/>\n<meta property=\"og:site_name\" content=\"Departamento de Ciencias Jur\u00eddicas\" \/>\n<meta property=\"article:modified_time\" content=\"2026-02-20T11:27:34+00:00\" \/>\n<meta name=\"twitter:card\" content=\"summary_large_image\" \/>\n<meta name=\"twitter:label1\" content=\"Tiempo de lectura\" \/>\n\t<meta name=\"twitter:data1\" content=\"1 minuto\" \/>\n<script type=\"application\/ld+json\" class=\"yoast-schema-graph\">{\"@context\":\"https:\\\/\\\/schema.org\",\"@graph\":[{\"@type\":\"WebPage\",\"@id\":\"https:\\\/\\\/departamento.us.es\\\/dpccjjbb\\\/tfg-tfg-practicas\\\/\",\"url\":\"https:\\\/\\\/departamento.us.es\\\/dpccjjbb\\\/tfg-tfg-practicas\\\/\",\"name\":\"TFG\\\/TFG\\\/Pr\u00e1cticas - Departamento de Ciencias Jur\u00eddicas\",\"isPartOf\":{\"@id\":\"https:\\\/\\\/departamento.us.es\\\/newdpccjjbb\\\/#website\"},\"datePublished\":\"2025-07-16T08:08:51+00:00\",\"dateModified\":\"2026-02-20T11:27:34+00:00\",\"breadcrumb\":{\"@id\":\"https:\\\/\\\/departamento.us.es\\\/dpccjjbb\\\/tfg-tfg-practicas\\\/#breadcrumb\"},\"inLanguage\":\"es\",\"potentialAction\":[{\"@type\":\"ReadAction\",\"target\":[\"https:\\\/\\\/departamento.us.es\\\/dpccjjbb\\\/tfg-tfg-practicas\\\/\"]}]},{\"@type\":\"BreadcrumbList\",\"@id\":\"https:\\\/\\\/departamento.us.es\\\/dpccjjbb\\\/tfg-tfg-practicas\\\/#breadcrumb\",\"itemListElement\":[{\"@type\":\"ListItem\",\"position\":1,\"name\":\"Inicio\",\"item\":\"https:\\\/\\\/departamento.us.es\\\/dpccjjbb\\\/\"},{\"@type\":\"ListItem\",\"position\":2,\"name\":\"TFG\\\/TFG\\\/Pr\u00e1cticas\"}]},{\"@type\":\"WebSite\",\"@id\":\"https:\\\/\\\/departamento.us.es\\\/newdpccjjbb\\\/#website\",\"url\":\"https:\\\/\\\/departamento.us.es\\\/newdpccjjbb\\\/\",\"name\":\"Departamento de Ciencias Jur\u00eddicas\",\"description\":\"Facultad de Derecho - Universidad de Sevilla\",\"publisher\":{\"@id\":\"https:\\\/\\\/departamento.us.es\\\/newdpccjjbb\\\/#organization\"},\"potentialAction\":[{\"@type\":\"SearchAction\",\"target\":{\"@type\":\"EntryPoint\",\"urlTemplate\":\"https:\\\/\\\/departamento.us.es\\\/newdpccjjbb\\\/?s={search_term_string}\"},\"query-input\":{\"@type\":\"PropertyValueSpecification\",\"valueRequired\":true,\"valueName\":\"search_term_string\"}}],\"inLanguage\":\"es\"},{\"@type\":\"Organization\",\"@id\":\"https:\\\/\\\/departamento.us.es\\\/newdpccjjbb\\\/#organization\",\"name\":\"Departamento de Ciencias Jur\u00eddicas B\u00e1sicas\",\"url\":\"https:\\\/\\\/departamento.us.es\\\/newdpccjjbb\\\/\",\"logo\":{\"@type\":\"ImageObject\",\"inLanguage\":\"es\",\"@id\":\"https:\\\/\\\/departamento.us.es\\\/newdpccjjbb\\\/#\\\/schema\\\/logo\\\/image\\\/\",\"url\":\"https:\\\/\\\/departamento.us.es\\\/dpccjjbb\\\/wp-content\\\/uploads\\\/2022\\\/02\\\/LogoUS-110.png\",\"contentUrl\":\"https:\\\/\\\/departamento.us.es\\\/dpccjjbb\\\/wp-content\\\/uploads\\\/2022\\\/02\\\/LogoUS-110.png\",\"width\":249,\"height\":110,\"caption\":\"Departamento de Ciencias Jur\u00eddicas B\u00e1sicas\"},\"image\":{\"@id\":\"https:\\\/\\\/departamento.us.es\\\/newdpccjjbb\\\/#\\\/schema\\\/logo\\\/image\\\/\"}}]}<\/script>\n<!-- \/ Yoast SEO plugin. -->","yoast_head_json":{"title":"TFG\/TFG\/Pr\u00e1cticas - Departamento de Ciencias Jur\u00eddicas","robots":{"index":"index","follow":"follow","max-snippet":"max-snippet:-1","max-image-preview":"max-image-preview:large","max-video-preview":"max-video-preview:-1"},"canonical":"https:\/\/departamento.us.es\/dpccjjbb\/tfg-tfg-practicas\/","og_locale":"es_ES","og_type":"article","og_title":"TFG\/TFG\/Pr\u00e1cticas - Departamento de Ciencias Jur\u00eddicas","og_description":"CONVOCATORIA TFG Y PR\u00c1CTICAS TFG y Pr\u00e1cticas \u00c1rea de Derecho Romano Criterios TFG Asignaci\u00f3n de TFG y pr\u00e1cticas Ampliaci\u00f3n matr\u00edcula TFG y pr\u00e1cticas TFG y Pr\u00e1cticas \u00c1rea de Historia del Derecho y de las Instituciones Criterios TFG Asignaci\u00f3n de TFG y pr\u00e1cticas Ampliaci\u00f3n matr\u00edcula TFG y pr\u00e1cticas TFG y Pr\u00e1cticas \u00c1rea de Derecho Ecles\u00edastico del [&hellip;]","og_url":"https:\/\/departamento.us.es\/dpccjjbb\/tfg-tfg-practicas\/","og_site_name":"Departamento de Ciencias Jur\u00eddicas","article_modified_time":"2026-02-20T11:27:34+00:00","twitter_card":"summary_large_image","twitter_misc":{"Tiempo de lectura":"1 minuto"},"schema":{"@context":"https:\/\/schema.org","@graph":[{"@type":"WebPage","@id":"https:\/\/departamento.us.es\/dpccjjbb\/tfg-tfg-practicas\/","url":"https:\/\/departamento.us.es\/dpccjjbb\/tfg-tfg-practicas\/","name":"TFG\/TFG\/Pr\u00e1cticas - Departamento de Ciencias Jur\u00eddicas","isPartOf":{"@id":"https:\/\/departamento.us.es\/newdpccjjbb\/#website"},"datePublished":"2025-07-16T08:08:51+00:00","dateModified":"2026-02-20T11:27:34+00:00","breadcrumb":{"@id":"https:\/\/departamento.us.es\/dpccjjbb\/tfg-tfg-practicas\/#breadcrumb"},"inLanguage":"es","potentialAction":[{"@type":"ReadAction","target":["https:\/\/departamento.us.es\/dpccjjbb\/tfg-tfg-practicas\/"]}]},{"@type":"BreadcrumbList","@id":"https:\/\/departamento.us.es\/dpccjjbb\/tfg-tfg-practicas\/#breadcrumb","itemListElement":[{"@type":"ListItem","position":1,"name":"Inicio","item":"https:\/\/departamento.us.es\/dpccjjbb\/"},{"@type":"ListItem","position":2,"name":"TFG\/TFG\/Pr\u00e1cticas"}]},{"@type":"WebSite","@id":"https:\/\/departamento.us.es\/newdpccjjbb\/#website","url":"https:\/\/departamento.us.es\/newdpccjjbb\/","name":"Departamento de Ciencias Jur\u00eddicas","description":"Facultad de Derecho - Universidad de Sevilla","publisher":{"@id":"https:\/\/departamento.us.es\/newdpccjjbb\/#organization"},"potentialAction":[{"@type":"SearchAction","target":{"@type":"EntryPoint","urlTemplate":"https:\/\/departamento.us.es\/newdpccjjbb\/?s={search_term_string}"},"query-input":{"@type":"PropertyValueSpecification","valueRequired":true,"valueName":"search_term_string"}}],"inLanguage":"es"},{"@type":"Organization","@id":"https:\/\/departamento.us.es\/newdpccjjbb\/#organization","name":"Departamento de Ciencias Jur\u00eddicas B\u00e1sicas","url":"https:\/\/departamento.us.es\/newdpccjjbb\/","logo":{"@type":"ImageObject","inLanguage":"es","@id":"https:\/\/departamento.us.es\/newdpccjjbb\/#\/schema\/logo\/image\/","url":"https:\/\/departamento.us.es\/dpccjjbb\/wp-content\/uploads\/2022\/02\/LogoUS-110.png","contentUrl":"https:\/\/departamento.us.es\/dpccjjbb\/wp-content\/uploads\/2022\/02\/LogoUS-110.png","width":249,"height":110,"caption":"Departamento de Ciencias Jur\u00eddicas B\u00e1sicas"},"image":{"@id":"https:\/\/departamento.us.es\/newdpccjjbb\/#\/schema\/logo\/image\/"}}]}},"_links":{"self":[{"href":"https:\/\/departamento.us.es\/dpccjjbb\/wp-json\/wp\/v2\/pages\/2946","targetHints":{"allow":["GET"]}}],"collection":[{"href":"https:\/\/departamento.us.es\/dpccjjbb\/wp-json\/wp\/v2\/pages"}],"about":[{"href":"https:\/\/departamento.us.es\/dpccjjbb\/wp-json\/wp\/v2\/types\/page"}],"author":[{"embeddable":true,"href":"https:\/\/departamento.us.es\/dpccjjbb\/wp-json\/wp\/v2\/users\/1"}],"replies":[{"embeddable":true,"href":"https:\/\/departamento.us.es\/dpccjjbb\/wp-json\/wp\/v2\/comments?post=2946"}],"version-history":[{"count":0,"href":"https:\/\/departamento.us.es\/dpccjjbb\/wp-json\/wp\/v2\/pages\/2946\/revisions"}],"wp:attachment":[{"href":"https:\/\/departamento.us.es\/dpccjjbb\/wp-json\/wp\/v2\/media?parent=2946"}],"curies":[{"name":"wp","href":"https:\/\/api.w.org\/{rel}","templated":true}]}}