{"id":2948,"date":"2025-07-16T08:10:18","date_gmt":"2025-07-16T08:10:18","guid":{"rendered":"https:\/\/departamento.us.es\/newdpccjjbb\/?page_id=2948"},"modified":"2025-07-24T09:42:07","modified_gmt":"2025-07-24T09:42:07","slug":"comisiones-del-departamento","status":"publish","type":"page","link":"https:\/\/departamento.us.es\/dpccjjbb\/organizacion\/comisiones-del-departamento\/","title":{"rendered":"Comisiones del Departamento"},"content":{"rendered":"\t\t<div data-elementor-type=\"wp-page\" data-elementor-id=\"2948\" class=\"elementor elementor-2948\" data-elementor-post-type=\"page\">\n\t\t\t\t<div class=\"elementor-element elementor-element-d50f358 e-flex e-con-boxed e-con e-parent\" data-id=\"d50f358\" data-element_type=\"container\" data-e-type=\"container\">\n\t\t\t\t\t<div class=\"e-con-inner\">\n\t\t\t\t<div class=\"elementor-element elementor-element-9fbef32 elementor-widget__width-inherit elementor-widget elementor-widget-heading\" data-id=\"9fbef32\" data-element_type=\"widget\" data-e-type=\"widget\" data-widget_type=\"heading.default\">\n\t\t\t\t<div class=\"elementor-widget-container\">\n\t\t\t\t\t<h5 class=\"elementor-heading-title elementor-size-default\">Comisi\u00f3n Permanente<\/h5>\t\t\t\t<\/div>\n\t\t\t\t<\/div>\n\t\t\t\t<div class=\"elementor-element elementor-element-94fc988 elementor-widget elementor-widget-text-editor\" data-id=\"94fc988\" data-element_type=\"widget\" data-e-type=\"widget\" data-widget_type=\"text-editor.default\">\n\t\t\t\t<div class=\"elementor-widget-container\">\n\t\t\t\t\t\t\t\t\t<table style=\"width: 100%; border-collapse: collapse; border-style: solid; border-color: #ffffff;\" border=\"0 px\" cellpadding=\"0 px\"><tbody><tr><td style=\"width: 32.9757%; border-style: solid; border-color: #ffffff;\"><strong>Directora:<\/strong><\/td><td style=\"width: 67.0243%; border-style: solid; border-color: #ffffff;\">Dra. D\u00aa. Mar\u00eda del Mar Leal Adorna<\/td><\/tr><tr><td style=\"width: 32.9757%; border-style: solid; border-color: #ffffff;\"><strong>Secretario:<\/strong><\/td><td style=\"width: 67.0243%; border-style: solid; border-color: #ffffff;\">Dr. D. Rafael Valencia Candalija<\/td><\/tr><tr><td style=\"width: 32.9757%; border-style: solid; border-color: #ffffff;\"><strong>Coordinador \u00c1rea de Dcho. Romano:<\/strong><\/td><td style=\"width: 67.0243%; border-style: solid; border-color: #ffffff;\">Dr. D. Jos\u00e9 Mar\u00eda Ribas Alba<\/td><\/tr><tr><td style=\"width: 32.9757%; border-style: solid; border-color: #ffffff;\"><strong>Coordinadora \u00c1rea de Historia del Dcho.:<\/strong><\/td><td style=\"width: 67.0243%; border-style: solid; border-color: #ffffff;\">Dra. D\u00aa. Carmen Serv\u00e1n Reyes<\/td><\/tr><tr><td style=\"width: 32.9757%; border-style: solid; border-color: #ffffff;\"><strong>Coordinador \u00c1rea de Dcho. Eclesi\u00e1stico:<\/strong><\/td><td style=\"width: 67.0243%; border-style: solid; border-color: #ffffff;\">Dra. D\u00aa. Mar\u00eda del Mar Leal Adorna<\/td><\/tr><tr><td style=\"width: 32.9757%; border-style: solid; border-color: #ffffff;\"><strong>PAS<\/strong><\/td><td style=\"width: 67.0243%; border-style: solid; border-color: #ffffff;\">D\u00aa. Pilar S\u00e1nchez Villaz\u00e1n<\/td><\/tr><tr><td style=\"width: 32.9757%; border-style: solid; border-color: #ffffff;\"><strong>Alumnos:<\/strong><\/td><td style=\"width: 67.0243%; border-style: solid; border-color: #ffffff;\">2 Estudiantes<\/td><\/tr><\/tbody><\/table>\t\t\t\t\t\t\t\t<\/div>\n\t\t\t\t<\/div>\n\t\t\t\t\t<\/div>\n\t\t\t\t<\/div>\n\t\t<div class=\"elementor-element elementor-element-1edbdb9 e-flex e-con-boxed e-con e-parent\" data-id=\"1edbdb9\" data-element_type=\"container\" data-e-type=\"container\">\n\t\t\t\t\t<div class=\"e-con-inner\">\n\t\t\t\t<div class=\"elementor-element elementor-element-a76221e elementor-widget__width-inherit elementor-widget elementor-widget-heading\" data-id=\"a76221e\" data-element_type=\"widget\" data-e-type=\"widget\" data-widget_type=\"heading.default\">\n\t\t\t\t<div class=\"elementor-widget-container\">\n\t\t\t\t\t<h5 class=\"elementor-heading-title elementor-size-default\">Comisi\u00f3n de Docencia<\/h5>\t\t\t\t<\/div>\n\t\t\t\t<\/div>\n\t\t\t\t<div class=\"elementor-element elementor-element-602029b elementor-widget elementor-widget-text-editor\" data-id=\"602029b\" data-element_type=\"widget\" data-e-type=\"widget\" data-widget_type=\"text-editor.default\">\n\t\t\t\t<div class=\"elementor-widget-container\">\n\t\t\t\t\t\t\t\t\t<table style=\"width: 100%; border-collapse: collapse; border-style: solid; border-color: #ffffff;\" border=\"0 px\" cellpadding=\"0 px\"><tbody><tr><td style=\"width: 32.9757%; border-style: solid; border-color: #ffffff;\"><strong>Profesores Titulares:<\/strong><\/td><td style=\"width: 67.0243%; border-style: solid; border-color: #ffffff;\"><p>Dr. D. Jos\u00e9 Mar\u00eda Ribas Alba<\/p><p>Dr. D.\u00a0Sebasti\u00e1n Mart\u00edn\u00a0Mart\u00edn<\/p><p>D\u00aa. Reyes Le\u00f3n Ben\u00edtez<\/p><\/td><\/tr><tr><td style=\"width: 32.9757%; border-style: solid; border-color: #ffffff;\"><strong>Profesores Suplentes:<\/strong><\/td><td style=\"width: 67.0243%; border-style: solid; border-color: #ffffff;\"><p>Dr. D. Rosario de Castro Camero<\/p><p>Dr. Enrique Rold\u00e1n Ca\u00f1izares<\/p><p>Dr. D. Rafael Valencia\u00a0Candalija<\/p><\/td><\/tr><tr><td style=\"width: 32.9757%; border-style: solid; border-color: #ffffff;\"><strong>Alumnos:<\/strong><\/td><td style=\"width: 67.0243%; border-style: solid; border-color: #ffffff;\">3 Estudiantes<\/td><\/tr><\/tbody><\/table>\t\t\t\t\t\t\t\t<\/div>\n\t\t\t\t<\/div>\n\t\t\t\t\t<\/div>\n\t\t\t\t<\/div>\n\t\t<div class=\"elementor-element elementor-element-546212a e-flex e-con-boxed e-con e-parent\" data-id=\"546212a\" data-element_type=\"container\" data-e-type=\"container\">\n\t\t\t\t\t<div class=\"e-con-inner\">\n\t\t\t\t<div class=\"elementor-element elementor-element-824c39b elementor-widget__width-inherit elementor-widget elementor-widget-heading\" data-id=\"824c39b\" data-element_type=\"widget\" data-e-type=\"widget\" data-widget_type=\"heading.default\">\n\t\t\t\t<div class=\"elementor-widget-container\">\n\t\t\t\t\t<h5 class=\"elementor-heading-title elementor-size-default\">Comisi\u00f3n de Ordenaci\u00f3n Acad\u00e9mica, Adaptaciones y Convalidaciones<\/h5>\t\t\t\t<\/div>\n\t\t\t\t<\/div>\n\t\t\t\t<div class=\"elementor-element elementor-element-3316e7c elementor-widget elementor-widget-text-editor\" data-id=\"3316e7c\" data-element_type=\"widget\" data-e-type=\"widget\" data-widget_type=\"text-editor.default\">\n\t\t\t\t<div class=\"elementor-widget-container\">\n\t\t\t\t\t\t\t\t\t<table style=\"width: 100%; border-collapse: collapse; border-style: solid; border-color: #ffffff;\" border=\"0 px\" cellpadding=\"0 px\"><tbody><tr><td style=\"width: 32.9757%; border-style: solid; border-color: #ffffff;\"><strong>Directora:<\/strong><\/td><td style=\"width: 67.0243%; border-style: solid; border-color: #ffffff;\">Dra. D\u00aa. Mar\u00eda del Mar Leal Adorna<\/td><\/tr><tr><td style=\"width: 32.9757%; border-style: solid; border-color: #ffffff;\"><strong>Secretario:<\/strong><\/td><td style=\"width: 67.0243%; border-style: solid; border-color: #ffffff;\">Dr. D. Rafael Valencia Candalija<\/td><\/tr><tr><td style=\"width: 32.9757%; border-style: solid; border-color: #ffffff;\"><strong>\u00c1rea de Derecho Eclesi\u00e1stico:\u00a0<\/strong><\/td><td style=\"width: 67.0243%; border-style: solid; border-color: #ffffff;\">Dra. D\u00aa. Mar\u00eda del Mar Leal Adorna<\/td><\/tr><tr><td style=\"width: 32.9757%; border-style: solid; border-color: #ffffff;\"><strong>\u00c1rea de Historia:<\/strong><\/td><td style=\"width: 67.0243%; border-style: solid; border-color: #ffffff;\">Dra. D\u00aa. Carmen Serv\u00e1n Reyes<\/td><\/tr><tr><td style=\"width: 32.9757%; border-style: solid; border-color: #ffffff;\"><strong>\u00c1rea de Derecho Romano:<\/strong><\/td><td style=\"width: 67.0243%; border-style: solid; border-color: #ffffff;\">Dra. D\u00aa. Rosario de Castro Camero<\/td><\/tr><tr><td style=\"width: 32.9757%; border-style: solid; border-color: #ffffff;\"><strong>PAS<\/strong><\/td><td style=\"width: 67.0243%; border-style: solid; border-color: #ffffff;\">D\u00aa. Pilar S\u00e1nchez Villaz\u00e1n<\/td><\/tr><tr><td style=\"width: 32.9757%; border-style: solid; border-color: #ffffff;\"><strong>Alumnos:<\/strong><\/td><td style=\"width: 67.0243%; border-style: solid; border-color: #ffffff;\">2 Estudiantes<\/td><\/tr><\/tbody><\/table>\t\t\t\t\t\t\t\t<\/div>\n\t\t\t\t<\/div>\n\t\t\t\t\t<\/div>\n\t\t\t\t<\/div>\n\t\t<div class=\"elementor-element elementor-element-3ce1a1b e-flex e-con-boxed e-con e-parent\" data-id=\"3ce1a1b\" data-element_type=\"container\" data-e-type=\"container\">\n\t\t\t\t\t<div class=\"e-con-inner\">\n\t\t\t\t<div class=\"elementor-element elementor-element-b6a4229 elementor-widget__width-inherit elementor-widget elementor-widget-heading\" data-id=\"b6a4229\" data-element_type=\"widget\" data-e-type=\"widget\" data-widget_type=\"heading.default\">\n\t\t\t\t<div class=\"elementor-widget-container\">\n\t\t\t\t\t<h5 class=\"elementor-heading-title elementor-size-default\">Comisi\u00f3n Electoral del Departamento<\/h5>\t\t\t\t<\/div>\n\t\t\t\t<\/div>\n\t\t\t\t<div class=\"elementor-element elementor-element-058a151 elementor-widget elementor-widget-text-editor\" data-id=\"058a151\" data-element_type=\"widget\" data-e-type=\"widget\" data-widget_type=\"text-editor.default\">\n\t\t\t\t<div class=\"elementor-widget-container\">\n\t\t\t\t\t\t\t\t\t<table style=\"width: 100%; border-collapse: collapse; border-style: solid; border-color: #ffffff;\" border=\"0 px\" cellpadding=\"0 px\"><tbody><tr><td style=\"width: 32.9757%; border-style: solid; border-color: #ffffff;\"><strong>Sector A:<\/strong><\/td><td style=\"width: 67.0243%; border-style: solid; border-color: #ffffff;\"><p><strong>Titular:<\/strong> Alfredo Mart\u00ednez Gonz\u00e1lez<\/p><p><strong>Suplente:<\/strong> Dr. D. Jos\u00e9 Mar\u00eda Ribas Alba<\/p><\/td><\/tr><tr><td style=\"width: 32.9757%; border-style: solid; border-color: #ffffff;\"><strong>Sector B:<\/strong><\/td><td style=\"width: 67.0243%; border-style: solid; border-color: #ffffff;\"><p><strong>Titular:<\/strong> Dr. Rafael Valencia Candalija<\/p><p><strong>Suplente:<\/strong>\u00a0D.\u00aa\u00a0Joaqu\u00edn Garrido Mart\u00edn<\/p><\/td><\/tr><tr><td style=\"width: 32.9757%; border-style: solid; border-color: #ffffff;\"><strong>Sector C:<\/strong><\/td><td style=\"width: 67.0243%; border-style: solid; border-color: #ffffff;\"><p>2 Estudiantes<\/p><\/td><\/tr><tr><td style=\"width: 32.9757%; border-style: solid; border-color: #ffffff;\"><strong>Sector D:<\/strong><\/td><td style=\"width: 67.0243%; border-style: solid; border-color: #ffffff;\"><strong>Titular:\u00a0<\/strong>D.\u00aa\u00a0Pilar S\u00e1nchez Villaz\u00e1n<\/td><\/tr><\/tbody><\/table>\t\t\t\t\t\t\t\t<\/div>\n\t\t\t\t<\/div>\n\t\t\t\t\t<\/div>\n\t\t\t\t<\/div>\n\t\t<div class=\"elementor-element elementor-element-7d19e09 e-flex e-con-boxed e-con e-parent\" data-id=\"7d19e09\" data-element_type=\"container\" data-e-type=\"container\">\n\t\t\t\t\t<div class=\"e-con-inner\">\n\t\t\t\t<div class=\"elementor-element elementor-element-bbf5f4a elementor-widget__width-inherit elementor-widget elementor-widget-heading\" data-id=\"bbf5f4a\" data-element_type=\"widget\" data-e-type=\"widget\" data-widget_type=\"heading.default\">\n\t\t\t\t<div class=\"elementor-widget-container\">\n\t\t\t\t\t<h5 class=\"elementor-heading-title elementor-size-default\">Comisi\u00f3n de Investigaci\u00f3n<\/h5>\t\t\t\t<\/div>\n\t\t\t\t<\/div>\n\t\t\t\t<div class=\"elementor-element elementor-element-1bee1fb elementor-widget elementor-widget-text-editor\" data-id=\"1bee1fb\" data-element_type=\"widget\" data-e-type=\"widget\" data-widget_type=\"text-editor.default\">\n\t\t\t\t<div class=\"elementor-widget-container\">\n\t\t\t\t\t\t\t\t\t<table style=\"width: 100%; border-collapse: collapse; border-style: solid; border-color: #ffffff;\" border=\"0 px\" cellpadding=\"0 px\"><tbody><tr><td style=\"width: 32.9757%; border-style: solid; border-color: #ffffff;\"><strong>Directora:<\/strong><\/td><td style=\"width: 67.0243%; border-style: solid; border-color: #ffffff;\"><p>Dra. Mar\u00eda del Mar Leal Adorna<\/p><\/td><\/tr><tr><td style=\"width: 32.9757%; border-style: solid; border-color: #ffffff;\"><p><strong>Titulares:<\/strong><\/p><p>Dr. Alfonso Castro S\u00e1enz<\/p><p>Dr..Rafael Valencia\u00a0Candalija<\/p><p>Dra. Mar\u00eda del Mar Tiz\u00f3n Ferrer<\/p><p>Dr. Jes\u00fas Vallejo Fdez de la Reguera<\/p><p>1 Estudiante de Doctorado<\/p><\/td><td style=\"width: 67.0243%; border-style: solid; border-color: #ffffff;\"><p><strong>Suplentes:<\/strong><\/p><p>Dra. Rosario de Castro Camero<\/p><p>Dr. Jos\u00e9 Cruz D\u00edaz<\/p><p>Dr. Enrique Rold\u00e1n Ca\u00f1izares<\/p><p>Dr. Jose Mar\u00eda Ribas Alba<\/p><\/td><\/tr><\/tbody><\/table>\t\t\t\t\t\t\t\t<\/div>\n\t\t\t\t<\/div>\n\t\t\t\t\t<\/div>\n\t\t\t\t<\/div>\n\t\t\t\t<\/div>\n\t\t","protected":false},"excerpt":{"rendered":"<p>Comisi\u00f3n Permanente Directora: Dra. D\u00aa. Mar\u00eda del Mar Leal Adorna Secretario: Dr. D. Rafael Valencia Candalija Coordinador \u00c1rea de Dcho. Romano: Dr. D. Jos\u00e9 Mar\u00eda Ribas Alba Coordinadora \u00c1rea de Historia del Dcho.: Dra. D\u00aa. Carmen Serv\u00e1n Reyes Coordinador \u00c1rea de Dcho. Eclesi\u00e1stico: Dra. D\u00aa. Mar\u00eda del Mar Leal Adorna PAS D\u00aa. Pilar S\u00e1nchez Villaz\u00e1n [&hellip;]<\/p>\n","protected":false},"author":1,"featured_media":0,"parent":2936,"menu_order":0,"comment_status":"closed","ping_status":"closed","template":"","meta":{"footnotes":""},"class_list":["post-2948","page","type-page","status-publish","hentry"],"yoast_head":"<!-- This site is optimized with the Yoast SEO plugin v27.3 - https:\/\/yoast.com\/product\/yoast-seo-wordpress\/ -->\n<title>Comisiones del Departamento - Departamento de Ciencias Jur\u00eddicas<\/title>\n<meta name=\"robots\" content=\"index, follow, max-snippet:-1, max-image-preview:large, max-video-preview:-1\" \/>\n<link rel=\"canonical\" href=\"https:\/\/departamento.us.es\/newdpccjjbb\/organizacion\/comisiones-del-departamento\/\" \/>\n<meta property=\"og:locale\" content=\"es_ES\" \/>\n<meta property=\"og:type\" content=\"article\" \/>\n<meta property=\"og:title\" content=\"Comisiones del Departamento - Departamento de Ciencias Jur\u00eddicas\" \/>\n<meta property=\"og:description\" content=\"Comisi\u00f3n Permanente Directora: Dra. D\u00aa. Mar\u00eda del Mar Leal Adorna Secretario: Dr. D. Rafael Valencia Candalija Coordinador \u00c1rea de Dcho. Romano: Dr. D. Jos\u00e9 Mar\u00eda Ribas Alba Coordinadora \u00c1rea de Historia del Dcho.: Dra. D\u00aa. Carmen Serv\u00e1n Reyes Coordinador \u00c1rea de Dcho. Eclesi\u00e1stico: Dra. D\u00aa. Mar\u00eda del Mar Leal Adorna PAS D\u00aa. Pilar S\u00e1nchez Villaz\u00e1n [&hellip;]\" \/>\n<meta property=\"og:url\" content=\"https:\/\/departamento.us.es\/newdpccjjbb\/organizacion\/comisiones-del-departamento\/\" \/>\n<meta property=\"og:site_name\" content=\"Departamento de Ciencias Jur\u00eddicas\" \/>\n<meta property=\"article:modified_time\" content=\"2025-07-24T09:42:07+00:00\" \/>\n<meta name=\"twitter:card\" content=\"summary_large_image\" \/>\n<meta name=\"twitter:label1\" content=\"Tiempo de lectura\" \/>\n\t<meta name=\"twitter:data1\" content=\"2 minutos\" \/>\n<script type=\"application\/ld+json\" class=\"yoast-schema-graph\">{\"@context\":\"https:\\\/\\\/schema.org\",\"@graph\":[{\"@type\":\"WebPage\",\"@id\":\"https:\\\/\\\/departamento.us.es\\\/newdpccjjbb\\\/organizacion\\\/comisiones-del-departamento\\\/\",\"url\":\"https:\\\/\\\/departamento.us.es\\\/newdpccjjbb\\\/organizacion\\\/comisiones-del-departamento\\\/\",\"name\":\"Comisiones del Departamento - Departamento de Ciencias Jur\u00eddicas\",\"isPartOf\":{\"@id\":\"https:\\\/\\\/departamento.us.es\\\/newdpccjjbb\\\/#website\"},\"datePublished\":\"2025-07-16T08:10:18+00:00\",\"dateModified\":\"2025-07-24T09:42:07+00:00\",\"breadcrumb\":{\"@id\":\"https:\\\/\\\/departamento.us.es\\\/newdpccjjbb\\\/organizacion\\\/comisiones-del-departamento\\\/#breadcrumb\"},\"inLanguage\":\"es\",\"potentialAction\":[{\"@type\":\"ReadAction\",\"target\":[\"https:\\\/\\\/departamento.us.es\\\/newdpccjjbb\\\/organizacion\\\/comisiones-del-departamento\\\/\"]}]},{\"@type\":\"BreadcrumbList\",\"@id\":\"https:\\\/\\\/departamento.us.es\\\/newdpccjjbb\\\/organizacion\\\/comisiones-del-departamento\\\/#breadcrumb\",\"itemListElement\":[{\"@type\":\"ListItem\",\"position\":1,\"name\":\"Inicio\",\"item\":\"https:\\\/\\\/departamento.us.es\\\/dpccjjbb\\\/\"},{\"@type\":\"ListItem\",\"position\":2,\"name\":\"Organizaci\u00f3n\",\"item\":\"https:\\\/\\\/departamento.us.es\\\/newdpccjjbb\\\/organizacion\\\/\"},{\"@type\":\"ListItem\",\"position\":3,\"name\":\"Comisiones del Departamento\"}]},{\"@type\":\"WebSite\",\"@id\":\"https:\\\/\\\/departamento.us.es\\\/newdpccjjbb\\\/#website\",\"url\":\"https:\\\/\\\/departamento.us.es\\\/newdpccjjbb\\\/\",\"name\":\"Departamento de Ciencias Jur\u00eddicas\",\"description\":\"Facultad de Derecho - Universidad de Sevilla\",\"publisher\":{\"@id\":\"https:\\\/\\\/departamento.us.es\\\/newdpccjjbb\\\/#organization\"},\"potentialAction\":[{\"@type\":\"SearchAction\",\"target\":{\"@type\":\"EntryPoint\",\"urlTemplate\":\"https:\\\/\\\/departamento.us.es\\\/newdpccjjbb\\\/?s={search_term_string}\"},\"query-input\":{\"@type\":\"PropertyValueSpecification\",\"valueRequired\":true,\"valueName\":\"search_term_string\"}}],\"inLanguage\":\"es\"},{\"@type\":\"Organization\",\"@id\":\"https:\\\/\\\/departamento.us.es\\\/newdpccjjbb\\\/#organization\",\"name\":\"Departamento de Ciencias Jur\u00eddicas B\u00e1sicas\",\"url\":\"https:\\\/\\\/departamento.us.es\\\/newdpccjjbb\\\/\",\"logo\":{\"@type\":\"ImageObject\",\"inLanguage\":\"es\",\"@id\":\"https:\\\/\\\/departamento.us.es\\\/newdpccjjbb\\\/#\\\/schema\\\/logo\\\/image\\\/\",\"url\":\"https:\\\/\\\/departamento.us.es\\\/dpccjjbb\\\/wp-content\\\/uploads\\\/2022\\\/02\\\/LogoUS-110.png\",\"contentUrl\":\"https:\\\/\\\/departamento.us.es\\\/dpccjjbb\\\/wp-content\\\/uploads\\\/2022\\\/02\\\/LogoUS-110.png\",\"width\":249,\"height\":110,\"caption\":\"Departamento de Ciencias Jur\u00eddicas B\u00e1sicas\"},\"image\":{\"@id\":\"https:\\\/\\\/departamento.us.es\\\/newdpccjjbb\\\/#\\\/schema\\\/logo\\\/image\\\/\"}}]}<\/script>\n<!-- \/ Yoast SEO plugin. -->","yoast_head_json":{"title":"Comisiones del Departamento - Departamento de Ciencias Jur\u00eddicas","robots":{"index":"index","follow":"follow","max-snippet":"max-snippet:-1","max-image-preview":"max-image-preview:large","max-video-preview":"max-video-preview:-1"},"canonical":"https:\/\/departamento.us.es\/newdpccjjbb\/organizacion\/comisiones-del-departamento\/","og_locale":"es_ES","og_type":"article","og_title":"Comisiones del Departamento - Departamento de Ciencias Jur\u00eddicas","og_description":"Comisi\u00f3n Permanente Directora: Dra. D\u00aa. Mar\u00eda del Mar Leal Adorna Secretario: Dr. D. Rafael Valencia Candalija Coordinador \u00c1rea de Dcho. Romano: Dr. D. Jos\u00e9 Mar\u00eda Ribas Alba Coordinadora \u00c1rea de Historia del Dcho.: Dra. D\u00aa. Carmen Serv\u00e1n Reyes Coordinador \u00c1rea de Dcho. Eclesi\u00e1stico: Dra. D\u00aa. Mar\u00eda del Mar Leal Adorna PAS D\u00aa. Pilar S\u00e1nchez Villaz\u00e1n [&hellip;]","og_url":"https:\/\/departamento.us.es\/newdpccjjbb\/organizacion\/comisiones-del-departamento\/","og_site_name":"Departamento de Ciencias Jur\u00eddicas","article_modified_time":"2025-07-24T09:42:07+00:00","twitter_card":"summary_large_image","twitter_misc":{"Tiempo de lectura":"2 minutos"},"schema":{"@context":"https:\/\/schema.org","@graph":[{"@type":"WebPage","@id":"https:\/\/departamento.us.es\/newdpccjjbb\/organizacion\/comisiones-del-departamento\/","url":"https:\/\/departamento.us.es\/newdpccjjbb\/organizacion\/comisiones-del-departamento\/","name":"Comisiones del Departamento - Departamento de Ciencias Jur\u00eddicas","isPartOf":{"@id":"https:\/\/departamento.us.es\/newdpccjjbb\/#website"},"datePublished":"2025-07-16T08:10:18+00:00","dateModified":"2025-07-24T09:42:07+00:00","breadcrumb":{"@id":"https:\/\/departamento.us.es\/newdpccjjbb\/organizacion\/comisiones-del-departamento\/#breadcrumb"},"inLanguage":"es","potentialAction":[{"@type":"ReadAction","target":["https:\/\/departamento.us.es\/newdpccjjbb\/organizacion\/comisiones-del-departamento\/"]}]},{"@type":"BreadcrumbList","@id":"https:\/\/departamento.us.es\/newdpccjjbb\/organizacion\/comisiones-del-departamento\/#breadcrumb","itemListElement":[{"@type":"ListItem","position":1,"name":"Inicio","item":"https:\/\/departamento.us.es\/dpccjjbb\/"},{"@type":"ListItem","position":2,"name":"Organizaci\u00f3n","item":"https:\/\/departamento.us.es\/newdpccjjbb\/organizacion\/"},{"@type":"ListItem","position":3,"name":"Comisiones del Departamento"}]},{"@type":"WebSite","@id":"https:\/\/departamento.us.es\/newdpccjjbb\/#website","url":"https:\/\/departamento.us.es\/newdpccjjbb\/","name":"Departamento de Ciencias Jur\u00eddicas","description":"Facultad de Derecho - Universidad de Sevilla","publisher":{"@id":"https:\/\/departamento.us.es\/newdpccjjbb\/#organization"},"potentialAction":[{"@type":"SearchAction","target":{"@type":"EntryPoint","urlTemplate":"https:\/\/departamento.us.es\/newdpccjjbb\/?s={search_term_string}"},"query-input":{"@type":"PropertyValueSpecification","valueRequired":true,"valueName":"search_term_string"}}],"inLanguage":"es"},{"@type":"Organization","@id":"https:\/\/departamento.us.es\/newdpccjjbb\/#organization","name":"Departamento de Ciencias Jur\u00eddicas B\u00e1sicas","url":"https:\/\/departamento.us.es\/newdpccjjbb\/","logo":{"@type":"ImageObject","inLanguage":"es","@id":"https:\/\/departamento.us.es\/newdpccjjbb\/#\/schema\/logo\/image\/","url":"https:\/\/departamento.us.es\/dpccjjbb\/wp-content\/uploads\/2022\/02\/LogoUS-110.png","contentUrl":"https:\/\/departamento.us.es\/dpccjjbb\/wp-content\/uploads\/2022\/02\/LogoUS-110.png","width":249,"height":110,"caption":"Departamento de Ciencias Jur\u00eddicas B\u00e1sicas"},"image":{"@id":"https:\/\/departamento.us.es\/newdpccjjbb\/#\/schema\/logo\/image\/"}}]}},"_links":{"self":[{"href":"https:\/\/departamento.us.es\/dpccjjbb\/wp-json\/wp\/v2\/pages\/2948","targetHints":{"allow":["GET"]}}],"collection":[{"href":"https:\/\/departamento.us.es\/dpccjjbb\/wp-json\/wp\/v2\/pages"}],"about":[{"href":"https:\/\/departamento.us.es\/dpccjjbb\/wp-json\/wp\/v2\/types\/page"}],"author":[{"embeddable":true,"href":"https:\/\/departamento.us.es\/dpccjjbb\/wp-json\/wp\/v2\/users\/1"}],"replies":[{"embeddable":true,"href":"https:\/\/departamento.us.es\/dpccjjbb\/wp-json\/wp\/v2\/comments?post=2948"}],"version-history":[{"count":0,"href":"https:\/\/departamento.us.es\/dpccjjbb\/wp-json\/wp\/v2\/pages\/2948\/revisions"}],"up":[{"embeddable":true,"href":"https:\/\/departamento.us.es\/dpccjjbb\/wp-json\/wp\/v2\/pages\/2936"}],"wp:attachment":[{"href":"https:\/\/departamento.us.es\/dpccjjbb\/wp-json\/wp\/v2\/media?parent=2948"}],"curies":[{"name":"wp","href":"https:\/\/api.w.org\/{rel}","templated":true}]}}