{"id":2952,"date":"2025-07-16T08:11:57","date_gmt":"2025-07-16T08:11:57","guid":{"rendered":"https:\/\/departamento.us.es\/newdpccjjbb\/?page_id=2952"},"modified":"2026-03-12T11:32:46","modified_gmt":"2026-03-12T11:32:46","slug":"pdi","status":"publish","type":"page","link":"https:\/\/departamento.us.es\/dpccjjbb\/directorio\/pdi\/","title":{"rendered":"PDI"},"content":{"rendered":"\t\t<div data-elementor-type=\"wp-page\" data-elementor-id=\"2952\" class=\"elementor elementor-2952\" data-elementor-post-type=\"page\">\n\t\t\t\t<div class=\"elementor-element elementor-element-9fd3963 e-flex e-con-boxed e-con e-parent\" data-id=\"9fd3963\" data-element_type=\"container\" data-e-type=\"container\">\n\t\t\t\t\t<div class=\"e-con-inner\">\n\t\t\t\t<div class=\"elementor-element elementor-element-be3c4fe elementor-widget__width-inherit elementor-widget elementor-widget-heading\" data-id=\"be3c4fe\" data-element_type=\"widget\" data-e-type=\"widget\" data-widget_type=\"heading.default\">\n\t\t\t\t<div class=\"elementor-widget-container\">\n\t\t\t\t\t<h5 class=\"elementor-heading-title elementor-size-default\">PDI DE DERECHO ROMANO\n\n<\/h5>\t\t\t\t<\/div>\n\t\t\t\t<\/div>\n\t\t\t\t<div class=\"elementor-element elementor-element-d38b477 elementor-widget__width-initial elementor-widget elementor-widget-text-editor\" data-id=\"d38b477\" data-element_type=\"widget\" data-e-type=\"widget\" data-widget_type=\"text-editor.default\">\n\t\t\t\t<div class=\"elementor-widget-container\">\n\t\t\t\t\t\t\t\t\t<table style=\"width: 100%; border-collapse: collapse; border-style: solid; border-color: #ffffff; height: 240px;\" cellpadding=\"0 px\"><tbody><tr style=\"background-color: #b30000;\"><th style=\"width: 37.9966%; background-color: #fcfcfc; text-align: left; border-bottom: 2px solid #881536; border-top: none; border-left: none; border-right: none; height: 24px;\">PROFESOR<\/th><th style=\"width: 15.5783%; background-color: #fcfcfc; text-align: left; border-bottom: 2px solid #881536; border-top: none; border-left: none; border-right: none; height: 24px;\">CATEGORIA<\/th><\/tr><tr style=\"height: 24px;\"><td style=\"width: 37.9966%; border-color: #ffffff; height: 24px;\" width=\"80\"><a href=\"https:\/\/investigacion.us.es\/sisius\/sis_showpub.php?idpers=2640\" target=\"_blank\" rel=\"noopener\">Dr.\u00a0 Alfonso Castro S\u00e1enz<\/a><\/td><td style=\"width: 15.5783%; border-color: #ffffff; height: 24px;\" width=\"279\">CU<\/td><\/tr><tr style=\"height: 24px;\"><td style=\"width: 37.9966%; border-color: #ffffff; height: 24px;\"><a href=\"https:\/\/investigacion.us.es\/sisius\/sis_showpub.php?idpers=2641\" target=\"_blank\" rel=\"noopener\">Dra.\u00a0 Rosario de Castro Camero<\/a><\/td><td style=\"width: 15.5783%; border-color: #ffffff; height: 24px;\">TU<\/td><\/tr><tr style=\"height: 24px;\"><td style=\"width: 37.9966%; border-color: #ffffff; height: 24px;\"><a href=\"https:\/\/investigacion.us.es\/sisius\/sis_showpub.php?idpers=2645\" target=\"_blank\" rel=\"noopener\">Dr.\u00a0 Jos\u00e9 Mar\u00eda Ribas Alba<\/a><\/td><td style=\"width: 15.5783%; border-color: #ffffff; height: 24px;\">CU<\/td><\/tr><tr style=\"height: 24px;\"><td style=\"width: 37.9966%; border-color: #ffffff; height: 24px;\"><a href=\"https:\/\/investigacion.us.es\/sisius\/sis_showpub.php?idpers=2646\" target=\"_blank\" rel=\"noopener\">Dr. Mart\u00edn Serrano Vicente<\/a><\/td><td style=\"width: 15.5783%; border-color: #ffffff; height: 24px;\">TU<\/td><\/tr><tr style=\"height: 24px;\"><td style=\"width: 37.9966%; border-color: #ffffff; height: 24px;\"><a href=\"https:\/\/investigacion.us.es\/sisius\/sis_showpub.php?idpers=28104\" target=\"_blank\" rel=\"noopener\">Dra. Macarena Guerrero Lebr\u00f3n<\/a><\/td><td style=\"width: 15.5783%; border-color: #ffffff; height: 24px;\">TU<\/td><\/tr><tr style=\"height: 24px;\"><td style=\"width: 37.9966%; border-color: #ffffff; height: 24px;\"><a href=\"https:\/\/investigacion.us.es\/sisius\/sis_showpub.php?idpers=24815\" target=\"_blank\" rel=\"noopener\">Dr.\u00a0 Joaqu\u00edn Garrido Mart\u00edn<\/a><\/td><td style=\"width: 15.5783%; border-color: #ffffff; height: 24px;\">TU<\/td><\/tr><tr style=\"height: 24px;\"><td style=\"width: 37.9966%; border-color: #ffffff; height: 24px;\"><a href=\"https:\/\/investigacion.us.es\/sisius\/sis_showpub.php?idpers=20643\" target=\"_blank\" rel=\"noopener\">Dr. Pablo Hald\u00f3n Contreras<\/a><\/td><td style=\"width: 15.5783%; border-color: #ffffff; height: 24px;\">PSI<\/td><\/tr><tr style=\"height: 24px;\"><td style=\"width: 37.9966%; border-color: #ffffff; height: 24px;\"><a href=\"https:\/\/investigacion.us.es\/sisius\/sis_showpub.php?idpers=35571\" target=\"_blank\" rel=\"noopener\">D\u00a0Francisco J. Tejada Hern\u00e1ndez<\/a><\/td><td style=\"width: 15.5783%; border-color: #ffffff; height: 24px;\">PPL<\/td><\/tr><tr style=\"height: 24px;\"><td style=\"width: 37.9966%; border-color: #ffffff; height: 24px;\">\u00a0<\/td><td style=\"width: 15.5783%; border-color: #ffffff; height: 24px;\">\u00a0<\/td><\/tr><\/tbody><\/table>\t\t\t\t\t\t\t\t<\/div>\n\t\t\t\t<\/div>\n\t\t\t\t\t<\/div>\n\t\t\t\t<\/div>\n\t\t<div class=\"elementor-element elementor-element-ef0cabf e-flex e-con-boxed e-con e-parent\" data-id=\"ef0cabf\" data-element_type=\"container\" data-e-type=\"container\">\n\t\t\t\t\t<div class=\"e-con-inner\">\n\t\t\t\t<div class=\"elementor-element elementor-element-f68d325 elementor-widget__width-inherit elementor-widget elementor-widget-heading\" data-id=\"f68d325\" data-element_type=\"widget\" data-e-type=\"widget\" data-widget_type=\"heading.default\">\n\t\t\t\t<div class=\"elementor-widget-container\">\n\t\t\t\t\t<h5 class=\"elementor-heading-title elementor-size-default\">PDI DE HISTORIA DEL DERECHO Y DE LAS INSTITUCIONES<\/h5>\t\t\t\t<\/div>\n\t\t\t\t<\/div>\n\t\t\t\t<div class=\"elementor-element elementor-element-70db0ad elementor-widget__width-initial elementor-widget elementor-widget-text-editor\" data-id=\"70db0ad\" data-element_type=\"widget\" data-e-type=\"widget\" data-widget_type=\"text-editor.default\">\n\t\t\t\t<div class=\"elementor-widget-container\">\n\t\t\t\t\t\t\t\t\t<table style=\"width: 100%; border-collapse: collapse; border-style: solid; border-color: #ffffff; height: 216px;\" cellpadding=\"0 px\"><tbody><tr style=\"background-color: #b30000;\"><th style=\"width: 37.9966%; background-color: #fcfcfc; text-align: left; border-bottom: 2px solid #881536; border-top: none; border-left: none; border-right: none; height: 24px;\">PROFESOR<\/th><th style=\"width: 15.5783%; background-color: #fcfcfc; text-align: left; border-bottom: 2px solid #881536; border-top: none; border-left: none; border-right: none; height: 24px;\">CATEGORIA<\/th><\/tr><tr style=\"height: 24px;\"><td style=\"width: 37.9966%; border-color: #ffffff; height: 24px;\" width=\"80\"><a href=\"https:\/\/investigacion.us.es\/sisius\/sis_showpub.php?idpers=3890\" target=\"_blank\" rel=\"noopener\">Dr.\u00a0 Jes\u00fas Vallejo Fern\u00e1ndez de la Reguera<\/a><\/td><td style=\"width: 15.5783%; border-color: #ffffff; height: 24px;\" width=\"279\">CU<\/td><\/tr><tr style=\"height: 24px;\"><td style=\"width: 37.9966%; border-color: #ffffff; height: 24px;\"><a href=\"https:\/\/investigacion.us.es\/sisius\/sis_showpub.php?idpers=15380\" target=\"_blank\" rel=\"noopener\">Dr. Sebasti\u00e1n Mart\u00edn Mart\u00edn<\/a><\/td><td style=\"width: 15.5783%; border-color: #ffffff; height: 24px;\">CU<\/td><\/tr><tr style=\"height: 24px;\"><td style=\"width: 37.9966%; border-color: #ffffff; height: 24px;\"><a href=\"https:\/\/investigacion.us.es\/sisius\/sis_showpub.php?idpers=3892\" target=\"_blank\" rel=\"noopener\">Dra.\u00a0 Carmen Serv\u00e1n Reyes<\/a><\/td><td style=\"width: 15.5783%; border-color: #ffffff; height: 24px;\">CD<\/td><\/tr><tr style=\"height: 24px;\"><td style=\"width: 37.9966%; border-color: #ffffff; height: 24px;\"><a href=\"https:\/\/investigacion.us.es\/sisius\/sis_showpub.php?idpers=15930\" target=\"_blank\" rel=\"noopener\">Dr. Alfredo Jos\u00e9 Mart\u00ednez Gonz\u00e1lez<\/a><\/td><td style=\"width: 15.5783%; border-color: #ffffff; height: 24px;\">TU<\/td><\/tr><tr style=\"height: 24px;\"><td style=\"width: 37.9966%; border-color: #ffffff; height: 24px;\"><a href=\"https:\/\/investigacion.us.es\/sisius\/sis_showpub.php?idpers=4120\" target=\"_blank\" rel=\"noopener\">Dra. Mar\u00eda del Mar Tiz\u00f3n Ferrer<\/a><\/td><td style=\"width: 15.5783%; border-color: #ffffff; height: 24px;\">CD<\/td><\/tr><tr style=\"height: 24px;\"><td style=\"width: 37.9966%; border-color: #ffffff; height: 24px;\"><a href=\"https:\/\/investigacion.us.es\/sisius\/sis_showpub.php?idpers=23883\" target=\"_blank\" rel=\"noopener\">Dr. Enrique Rold\u00e1n Ca\u00f1izares<\/a><\/td><td style=\"width: 15.5783%; border-color: #ffffff; height: 24px;\">PPL<\/td><\/tr><tr style=\"height: 24px;\"><td style=\"width: 37.9966%; border-color: #ffffff; height: 24px;\"><a href=\"https:\/\/investigacion.us.es\/sisius\/sis_showpub.php?idpers=4121\" target=\"_blank\" rel=\"noopener\">D. Pablo Guti\u00e9rrez Vega<\/a><\/td><td style=\"width: 15.5783%; border-color: #ffffff; height: 24px;\">PSI<\/td><\/tr><tr style=\"height: 24px;\"><td style=\"width: 37.9966%; border-color: #ffffff; height: 24px;\"><a href=\"https:\/\/investigacion.us.es\/sisius\/sis_showpub.php?idpers=3888\" target=\"_blank\" rel=\"noopener\">Dr. Antonio Merch\u00e1n \u00c1lvarez<\/a><\/td><td style=\"width: 15.5783%; border-color: #ffffff; height: 24px;\">C.U. Em\u00e9rito<\/td><\/tr><\/tbody><\/table>\t\t\t\t\t\t\t\t<\/div>\n\t\t\t\t<\/div>\n\t\t\t\t\t<\/div>\n\t\t\t\t<\/div>\n\t\t<div class=\"elementor-element elementor-element-0618c3a e-flex e-con-boxed e-con e-parent\" data-id=\"0618c3a\" data-element_type=\"container\" data-e-type=\"container\">\n\t\t\t\t\t<div class=\"e-con-inner\">\n\t\t\t\t<div class=\"elementor-element elementor-element-9ad26a7 elementor-widget__width-inherit elementor-widget elementor-widget-heading\" data-id=\"9ad26a7\" data-element_type=\"widget\" data-e-type=\"widget\" data-widget_type=\"heading.default\">\n\t\t\t\t<div class=\"elementor-widget-container\">\n\t\t\t\t\t<h5 class=\"elementor-heading-title elementor-size-default\">PDI DERECHO ECLESI\u00c1STICO DEL ESTADO<\/h5>\t\t\t\t<\/div>\n\t\t\t\t<\/div>\n\t\t\t\t<div class=\"elementor-element elementor-element-f890d4c elementor-widget__width-initial elementor-widget elementor-widget-text-editor\" data-id=\"f890d4c\" data-element_type=\"widget\" data-e-type=\"widget\" data-widget_type=\"text-editor.default\">\n\t\t\t\t<div class=\"elementor-widget-container\">\n\t\t\t\t\t\t\t\t\t<p>\u00a0<\/p><table style=\"width: 100%; border-collapse: collapse; border-style: solid; border-color: #ffffff; height: 143px;\" cellpadding=\"0 px\"><tbody><tr style=\"background-color: #b30000;\"><th style=\"width: 37.9966%; background-color: #fcfcfc; text-align: left; border-bottom: 2px solid #881536; border-top: none; border-left: none; border-right: none; height: 24px;\">PROFESOR<\/th><th style=\"width: 15.5783%; background-color: #fcfcfc; text-align: left; border-bottom: 2px solid #881536; border-top: none; border-left: none; border-right: none; height: 24px;\">CATEGORIA<\/th><\/tr><tr style=\"height: 24px;\"><td style=\"width: 37.9966%; border-color: #ffffff; height: 24px;\" width=\"80\"><a href=\"https:\/\/investigacion.us.es\/sisius\/sis_showpub.php?idpers=4134\" target=\"_blank\" rel=\"noopener\">Dr\u00aa. Mar\u00eda del Mar Leal Adorna<\/a><\/td><td style=\"width: 15.5783%; border-color: #ffffff; height: 24px;\" width=\"279\">TU<\/td><\/tr><tr style=\"height: 24px;\"><td style=\"width: 37.9966%; border-color: #ffffff; height: 24px;\"><a href=\"https:\/\/investigacion.us.es\/sisius\/sis_showpub.php?idpers=27310\" target=\"_blank\" rel=\"noopener\">Dr.\u00a0 Rafael Valencia Candalija<\/a><\/td><td style=\"width: 15.5783%; border-color: #ffffff; height: 24px;\">TU<\/td><\/tr><tr style=\"height: 24px;\"><td style=\"width: 37.9966%; border-color: #ffffff; height: 24px;\"><a href=\"https:\/\/investigacion.us.es\/sisius\/sis_showpub.php?idpers=32404\" target=\"_blank\" rel=\"noopener\">Dr. Jos\u00e9 Cruz D\u00edaz<\/a><\/td><td style=\"width: 15.5783%; border-color: #ffffff; height: 24px;\">PSI<\/td><\/tr><tr style=\"height: 24px;\"><td style=\"width: 37.9966%; border-color: #ffffff; height: 24px;\"><a href=\"https:\/\/investigacion.us.es\/sisius\/sis_showpub.php?idpers=26594\">D. Jose Antonio Ma\u00f1as C\u00e1rdenas<\/a><\/td><td style=\"width: 15.5783%; border-color: #ffffff; height: 24px;\">PSI<\/td><\/tr><tr style=\"height: 23px;\"><td style=\"width: 37.9966%; border-color: #ffffff; height: 23px;\"><a href=\"https:\/\/investigacion.us.es\/sisius\/sis_dep.php?id_dpto=25#:~:text=Jesus%20Martin%20Fernandez\">D. Jes\u00fas Mart\u00edn Fern\u00e1ndez<\/a><\/td><td style=\"width: 15.5783%; border-color: #ffffff; height: 23px;\">PSI<\/td><\/tr><\/tbody><\/table>\t\t\t\t\t\t\t\t<\/div>\n\t\t\t\t<\/div>\n\t\t\t\t\t<\/div>\n\t\t\t\t<\/div>\n\t\t<div class=\"elementor-element elementor-element-7117501 e-flex e-con-boxed e-con e-parent\" data-id=\"7117501\" data-element_type=\"container\" data-e-type=\"container\">\n\t\t\t\t\t<div class=\"e-con-inner\">\n\t\t\t\t<div class=\"elementor-element elementor-element-f99b848 elementor-widget elementor-widget-text-editor\" data-id=\"f99b848\" data-element_type=\"widget\" data-e-type=\"widget\" data-widget_type=\"text-editor.default\">\n\t\t\t\t<div class=\"elementor-widget-container\">\n\t\t\t\t\t\t\t\t\t<p>Lorem ipsum dolor sit amet, consectetur adipiscing elit. Ut elit tellus, luctus nec ullamcorper mattis, pulvinar dapibus leo.<\/p>\t\t\t\t\t\t\t\t<\/div>\n\t\t\t\t<\/div>\n\t\t\t\t\t<\/div>\n\t\t\t\t<\/div>\n\t\t<div class=\"elementor-element elementor-element-9bf5d60 e-flex e-con-boxed e-con e-parent\" data-id=\"9bf5d60\" data-element_type=\"container\" data-e-type=\"container\">\n\t\t\t\t\t<div class=\"e-con-inner\">\n\t\t\t\t<div class=\"elementor-element elementor-element-2171783 elementor-widget elementor-widget-text-editor\" data-id=\"2171783\" data-element_type=\"widget\" data-e-type=\"widget\" data-widget_type=\"text-editor.default\">\n\t\t\t\t<div class=\"elementor-widget-container\">\n\t\t\t\t\t\t\t\t\t<p>Lorem ipsum dolor sit amet, consectetur adipiscing elit. Ut elit tellus, luctus nec ullamcorper mattis, pulvinar dapibus leo.<\/p>\t\t\t\t\t\t\t\t<\/div>\n\t\t\t\t<\/div>\n\t\t\t\t\t<\/div>\n\t\t\t\t<\/div>\n\t\t\t\t<\/div>\n\t\t","protected":false},"excerpt":{"rendered":"<p>PDI DE DERECHO ROMANO PROFESOR CATEGORIA Dr.\u00a0 Alfonso Castro S\u00e1enz CU Dra.\u00a0 Rosario de Castro Camero TU Dr.\u00a0 Jos\u00e9 Mar\u00eda Ribas Alba CU Dr. Mart\u00edn Serrano Vicente TU Dra. Macarena Guerrero Lebr\u00f3n TU Dr.\u00a0 Joaqu\u00edn Garrido Mart\u00edn TU Dr. Pablo Hald\u00f3n Contreras PSI D\u00a0Francisco J. Tejada Hern\u00e1ndez PPL \u00a0 \u00a0 PDI DE HISTORIA DEL DERECHO [&hellip;]<\/p>\n","protected":false},"author":1,"featured_media":0,"parent":2939,"menu_order":0,"comment_status":"closed","ping_status":"closed","template":"","meta":{"footnotes":""},"class_list":["post-2952","page","type-page","status-publish","hentry"],"yoast_head":"<!-- This site is optimized with the Yoast SEO plugin v27.3 - https:\/\/yoast.com\/product\/yoast-seo-wordpress\/ -->\n<title>PDI - Departamento de Ciencias Jur\u00eddicas<\/title>\n<meta name=\"robots\" content=\"index, follow, max-snippet:-1, max-image-preview:large, max-video-preview:-1\" \/>\n<link rel=\"canonical\" href=\"https:\/\/departamento.us.es\/dpccjjbb\/directorio\/pdi\/\" \/>\n<meta property=\"og:locale\" content=\"es_ES\" \/>\n<meta property=\"og:type\" content=\"article\" \/>\n<meta property=\"og:title\" content=\"PDI - Departamento de Ciencias Jur\u00eddicas\" \/>\n<meta property=\"og:description\" content=\"PDI DE DERECHO ROMANO PROFESOR CATEGORIA Dr.\u00a0 Alfonso Castro S\u00e1enz CU Dra.\u00a0 Rosario de Castro Camero TU Dr.\u00a0 Jos\u00e9 Mar\u00eda Ribas Alba CU Dr. Mart\u00edn Serrano Vicente TU Dra. Macarena Guerrero Lebr\u00f3n TU Dr.\u00a0 Joaqu\u00edn Garrido Mart\u00edn TU Dr. Pablo Hald\u00f3n Contreras PSI D\u00a0Francisco J. Tejada Hern\u00e1ndez PPL \u00a0 \u00a0 PDI DE HISTORIA DEL DERECHO [&hellip;]\" \/>\n<meta property=\"og:url\" content=\"https:\/\/departamento.us.es\/dpccjjbb\/directorio\/pdi\/\" \/>\n<meta property=\"og:site_name\" content=\"Departamento de Ciencias Jur\u00eddicas\" \/>\n<meta property=\"article:modified_time\" content=\"2026-03-12T11:32:46+00:00\" \/>\n<meta name=\"twitter:card\" content=\"summary_large_image\" \/>\n<meta name=\"twitter:label1\" content=\"Tiempo de lectura\" \/>\n\t<meta name=\"twitter:data1\" content=\"1 minuto\" \/>\n<script type=\"application\/ld+json\" class=\"yoast-schema-graph\">{\"@context\":\"https:\\\/\\\/schema.org\",\"@graph\":[{\"@type\":\"WebPage\",\"@id\":\"https:\\\/\\\/departamento.us.es\\\/dpccjjbb\\\/directorio\\\/pdi\\\/\",\"url\":\"https:\\\/\\\/departamento.us.es\\\/dpccjjbb\\\/directorio\\\/pdi\\\/\",\"name\":\"PDI - Departamento de Ciencias Jur\u00eddicas\",\"isPartOf\":{\"@id\":\"https:\\\/\\\/departamento.us.es\\\/newdpccjjbb\\\/#website\"},\"datePublished\":\"2025-07-16T08:11:57+00:00\",\"dateModified\":\"2026-03-12T11:32:46+00:00\",\"breadcrumb\":{\"@id\":\"https:\\\/\\\/departamento.us.es\\\/dpccjjbb\\\/directorio\\\/pdi\\\/#breadcrumb\"},\"inLanguage\":\"es\",\"potentialAction\":[{\"@type\":\"ReadAction\",\"target\":[\"https:\\\/\\\/departamento.us.es\\\/dpccjjbb\\\/directorio\\\/pdi\\\/\"]}]},{\"@type\":\"BreadcrumbList\",\"@id\":\"https:\\\/\\\/departamento.us.es\\\/dpccjjbb\\\/directorio\\\/pdi\\\/#breadcrumb\",\"itemListElement\":[{\"@type\":\"ListItem\",\"position\":1,\"name\":\"Inicio\",\"item\":\"https:\\\/\\\/departamento.us.es\\\/dpccjjbb\\\/\"},{\"@type\":\"ListItem\",\"position\":2,\"name\":\"Directorio\",\"item\":\"https:\\\/\\\/departamento.us.es\\\/newdpccjjbb\\\/directorio\\\/\"},{\"@type\":\"ListItem\",\"position\":3,\"name\":\"PDI\"}]},{\"@type\":\"WebSite\",\"@id\":\"https:\\\/\\\/departamento.us.es\\\/newdpccjjbb\\\/#website\",\"url\":\"https:\\\/\\\/departamento.us.es\\\/newdpccjjbb\\\/\",\"name\":\"Departamento de Ciencias Jur\u00eddicas\",\"description\":\"Facultad de Derecho - Universidad de Sevilla\",\"publisher\":{\"@id\":\"https:\\\/\\\/departamento.us.es\\\/newdpccjjbb\\\/#organization\"},\"potentialAction\":[{\"@type\":\"SearchAction\",\"target\":{\"@type\":\"EntryPoint\",\"urlTemplate\":\"https:\\\/\\\/departamento.us.es\\\/newdpccjjbb\\\/?s={search_term_string}\"},\"query-input\":{\"@type\":\"PropertyValueSpecification\",\"valueRequired\":true,\"valueName\":\"search_term_string\"}}],\"inLanguage\":\"es\"},{\"@type\":\"Organization\",\"@id\":\"https:\\\/\\\/departamento.us.es\\\/newdpccjjbb\\\/#organization\",\"name\":\"Departamento de Ciencias Jur\u00eddicas B\u00e1sicas\",\"url\":\"https:\\\/\\\/departamento.us.es\\\/newdpccjjbb\\\/\",\"logo\":{\"@type\":\"ImageObject\",\"inLanguage\":\"es\",\"@id\":\"https:\\\/\\\/departamento.us.es\\\/newdpccjjbb\\\/#\\\/schema\\\/logo\\\/image\\\/\",\"url\":\"https:\\\/\\\/departamento.us.es\\\/dpccjjbb\\\/wp-content\\\/uploads\\\/2022\\\/02\\\/LogoUS-110.png\",\"contentUrl\":\"https:\\\/\\\/departamento.us.es\\\/dpccjjbb\\\/wp-content\\\/uploads\\\/2022\\\/02\\\/LogoUS-110.png\",\"width\":249,\"height\":110,\"caption\":\"Departamento de Ciencias Jur\u00eddicas B\u00e1sicas\"},\"image\":{\"@id\":\"https:\\\/\\\/departamento.us.es\\\/newdpccjjbb\\\/#\\\/schema\\\/logo\\\/image\\\/\"}}]}<\/script>\n<!-- \/ Yoast SEO plugin. -->","yoast_head_json":{"title":"PDI - Departamento de Ciencias Jur\u00eddicas","robots":{"index":"index","follow":"follow","max-snippet":"max-snippet:-1","max-image-preview":"max-image-preview:large","max-video-preview":"max-video-preview:-1"},"canonical":"https:\/\/departamento.us.es\/dpccjjbb\/directorio\/pdi\/","og_locale":"es_ES","og_type":"article","og_title":"PDI - Departamento de Ciencias Jur\u00eddicas","og_description":"PDI DE DERECHO ROMANO PROFESOR CATEGORIA Dr.\u00a0 Alfonso Castro S\u00e1enz CU Dra.\u00a0 Rosario de Castro Camero TU Dr.\u00a0 Jos\u00e9 Mar\u00eda Ribas Alba CU Dr. Mart\u00edn Serrano Vicente TU Dra. Macarena Guerrero Lebr\u00f3n TU Dr.\u00a0 Joaqu\u00edn Garrido Mart\u00edn TU Dr. Pablo Hald\u00f3n Contreras PSI D\u00a0Francisco J. Tejada Hern\u00e1ndez PPL \u00a0 \u00a0 PDI DE HISTORIA DEL DERECHO [&hellip;]","og_url":"https:\/\/departamento.us.es\/dpccjjbb\/directorio\/pdi\/","og_site_name":"Departamento de Ciencias Jur\u00eddicas","article_modified_time":"2026-03-12T11:32:46+00:00","twitter_card":"summary_large_image","twitter_misc":{"Tiempo de lectura":"1 minuto"},"schema":{"@context":"https:\/\/schema.org","@graph":[{"@type":"WebPage","@id":"https:\/\/departamento.us.es\/dpccjjbb\/directorio\/pdi\/","url":"https:\/\/departamento.us.es\/dpccjjbb\/directorio\/pdi\/","name":"PDI - Departamento de Ciencias Jur\u00eddicas","isPartOf":{"@id":"https:\/\/departamento.us.es\/newdpccjjbb\/#website"},"datePublished":"2025-07-16T08:11:57+00:00","dateModified":"2026-03-12T11:32:46+00:00","breadcrumb":{"@id":"https:\/\/departamento.us.es\/dpccjjbb\/directorio\/pdi\/#breadcrumb"},"inLanguage":"es","potentialAction":[{"@type":"ReadAction","target":["https:\/\/departamento.us.es\/dpccjjbb\/directorio\/pdi\/"]}]},{"@type":"BreadcrumbList","@id":"https:\/\/departamento.us.es\/dpccjjbb\/directorio\/pdi\/#breadcrumb","itemListElement":[{"@type":"ListItem","position":1,"name":"Inicio","item":"https:\/\/departamento.us.es\/dpccjjbb\/"},{"@type":"ListItem","position":2,"name":"Directorio","item":"https:\/\/departamento.us.es\/newdpccjjbb\/directorio\/"},{"@type":"ListItem","position":3,"name":"PDI"}]},{"@type":"WebSite","@id":"https:\/\/departamento.us.es\/newdpccjjbb\/#website","url":"https:\/\/departamento.us.es\/newdpccjjbb\/","name":"Departamento de Ciencias Jur\u00eddicas","description":"Facultad de Derecho - Universidad de Sevilla","publisher":{"@id":"https:\/\/departamento.us.es\/newdpccjjbb\/#organization"},"potentialAction":[{"@type":"SearchAction","target":{"@type":"EntryPoint","urlTemplate":"https:\/\/departamento.us.es\/newdpccjjbb\/?s={search_term_string}"},"query-input":{"@type":"PropertyValueSpecification","valueRequired":true,"valueName":"search_term_string"}}],"inLanguage":"es"},{"@type":"Organization","@id":"https:\/\/departamento.us.es\/newdpccjjbb\/#organization","name":"Departamento de Ciencias Jur\u00eddicas B\u00e1sicas","url":"https:\/\/departamento.us.es\/newdpccjjbb\/","logo":{"@type":"ImageObject","inLanguage":"es","@id":"https:\/\/departamento.us.es\/newdpccjjbb\/#\/schema\/logo\/image\/","url":"https:\/\/departamento.us.es\/dpccjjbb\/wp-content\/uploads\/2022\/02\/LogoUS-110.png","contentUrl":"https:\/\/departamento.us.es\/dpccjjbb\/wp-content\/uploads\/2022\/02\/LogoUS-110.png","width":249,"height":110,"caption":"Departamento de Ciencias Jur\u00eddicas B\u00e1sicas"},"image":{"@id":"https:\/\/departamento.us.es\/newdpccjjbb\/#\/schema\/logo\/image\/"}}]}},"_links":{"self":[{"href":"https:\/\/departamento.us.es\/dpccjjbb\/wp-json\/wp\/v2\/pages\/2952","targetHints":{"allow":["GET"]}}],"collection":[{"href":"https:\/\/departamento.us.es\/dpccjjbb\/wp-json\/wp\/v2\/pages"}],"about":[{"href":"https:\/\/departamento.us.es\/dpccjjbb\/wp-json\/wp\/v2\/types\/page"}],"author":[{"embeddable":true,"href":"https:\/\/departamento.us.es\/dpccjjbb\/wp-json\/wp\/v2\/users\/1"}],"replies":[{"embeddable":true,"href":"https:\/\/departamento.us.es\/dpccjjbb\/wp-json\/wp\/v2\/comments?post=2952"}],"version-history":[{"count":0,"href":"https:\/\/departamento.us.es\/dpccjjbb\/wp-json\/wp\/v2\/pages\/2952\/revisions"}],"up":[{"embeddable":true,"href":"https:\/\/departamento.us.es\/dpccjjbb\/wp-json\/wp\/v2\/pages\/2939"}],"wp:attachment":[{"href":"https:\/\/departamento.us.es\/dpccjjbb\/wp-json\/wp\/v2\/media?parent=2952"}],"curies":[{"name":"wp","href":"https:\/\/api.w.org\/{rel}","templated":true}]}}