{"id":2953,"date":"2025-07-16T08:12:05","date_gmt":"2025-07-16T08:12:05","guid":{"rendered":"https:\/\/departamento.us.es\/newdpccjjbb\/?page_id=2953"},"modified":"2025-09-16T09:44:51","modified_gmt":"2025-09-16T09:44:51","slug":"pas","status":"publish","type":"page","link":"https:\/\/departamento.us.es\/dpccjjbb\/directorio\/pas\/","title":{"rendered":"PAS"},"content":{"rendered":"\t\t<div data-elementor-type=\"wp-page\" data-elementor-id=\"2953\" class=\"elementor elementor-2953\" data-elementor-post-type=\"page\">\n\t\t\t\t<div class=\"elementor-element elementor-element-6efd81b e-flex e-con-boxed e-con e-parent\" data-id=\"6efd81b\" data-element_type=\"container\" data-e-type=\"container\">\n\t\t\t\t\t<div class=\"e-con-inner\">\n\t\t\t\t<div class=\"elementor-element elementor-element-b2551d1 elementor-widget__width-inherit elementor-widget elementor-widget-heading\" data-id=\"b2551d1\" data-element_type=\"widget\" data-e-type=\"widget\" data-widget_type=\"heading.default\">\n\t\t\t\t<div class=\"elementor-widget-container\">\n\t\t\t\t\t<h5 class=\"elementor-heading-title elementor-size-default\">PERSONAL DE ADMINISTRACI\u00d3N DEL DEPARTAMENTO DE CIENCIAS JUR\u00cdDICAS B\u00c1SICAS<\/h5>\t\t\t\t<\/div>\n\t\t\t\t<\/div>\n\t\t\t\t<div class=\"elementor-element elementor-element-fff2224 elementor-widget__width-initial elementor-widget elementor-widget-text-editor\" data-id=\"fff2224\" data-element_type=\"widget\" data-e-type=\"widget\" data-widget_type=\"text-editor.default\">\n\t\t\t\t<div class=\"elementor-widget-container\">\n\t\t\t\t\t\t\t\t\t<table style=\"width: 100%; border-collapse: collapse; border-style: solid; border-color: #ffffff;\" cellpadding=\"0 px\"><tbody><tr style=\"background-color: #b30000;\"><th style=\"width: 31.2005%; background-color: #fcfcfc; text-align: left; border-bottom: 2px solid #881536; border-top: none; border-left: none; border-right: none;\">NOMBRE<\/th><th style=\"width: 8.11276%; background-color: #fcfcfc; text-align: left; border-bottom: 2px solid #881536; border-top: none; border-left: none; border-right: none;\">CATEGORIA<\/th><th style=\"width: 14.2616%; background-color: #fcfcfc; text-align: left; border-bottom: 2px solid #881536; border-top: none; border-left: none; border-right: none;\">TEL\u00c9FONO<\/th><\/tr><tr><td style=\"width: 31.2005%; border-color: #f7f7f7;\" width=\"80\"><p>Mar\u00eda Pilar S\u00e1nchez Villaz\u00e1n<\/p><p>Antonio David Garcia Rojo<\/p><\/td><td style=\"width: 8.11276%; border-color: #f7f7f7;\" width=\"279\"><p>Gestora<\/p><p>Aux. Administrativo<\/p><\/td><td style=\"width: 14.2616%; border-color: #f7f7f7;\" width=\"413\"><p>954557323-954551300<\/p><p>954551300<\/p><\/td><\/tr><\/tbody><\/table>\t\t\t\t\t\t\t\t<\/div>\n\t\t\t\t<\/div>\n\t\t\t\t\t<\/div>\n\t\t\t\t<\/div>\n\t\t\t\t<\/div>\n\t\t","protected":false},"excerpt":{"rendered":"<p>PERSONAL DE ADMINISTRACI\u00d3N DEL DEPARTAMENTO DE CIENCIAS JUR\u00cdDICAS B\u00c1SICAS NOMBRE CATEGORIA TEL\u00c9FONO Mar\u00eda Pilar S\u00e1nchez Villaz\u00e1n Antonio David Garcia Rojo Gestora Aux. Administrativo 954557323-954551300 954551300<\/p>\n","protected":false},"author":1,"featured_media":0,"parent":2939,"menu_order":0,"comment_status":"closed","ping_status":"closed","template":"","meta":{"footnotes":""},"class_list":["post-2953","page","type-page","status-publish","hentry"],"yoast_head":"<!-- This site is optimized with the Yoast SEO plugin v27.3 - https:\/\/yoast.com\/product\/yoast-seo-wordpress\/ -->\n<title>PAS - Departamento de Ciencias Jur\u00eddicas<\/title>\n<meta name=\"robots\" content=\"index, follow, max-snippet:-1, max-image-preview:large, max-video-preview:-1\" \/>\n<link rel=\"canonical\" href=\"https:\/\/departamento.us.es\/dpccjjbb\/directorio\/pas\/\" \/>\n<meta property=\"og:locale\" content=\"es_ES\" \/>\n<meta property=\"og:type\" content=\"article\" \/>\n<meta property=\"og:title\" content=\"PAS - Departamento de Ciencias Jur\u00eddicas\" \/>\n<meta property=\"og:description\" content=\"PERSONAL DE ADMINISTRACI\u00d3N DEL DEPARTAMENTO DE CIENCIAS JUR\u00cdDICAS B\u00c1SICAS NOMBRE CATEGORIA TEL\u00c9FONO Mar\u00eda Pilar S\u00e1nchez Villaz\u00e1n Antonio David Garcia Rojo Gestora Aux. Administrativo 954557323-954551300 954551300\" \/>\n<meta property=\"og:url\" content=\"https:\/\/departamento.us.es\/dpccjjbb\/directorio\/pas\/\" \/>\n<meta property=\"og:site_name\" content=\"Departamento de Ciencias Jur\u00eddicas\" \/>\n<meta property=\"article:modified_time\" content=\"2025-09-16T09:44:51+00:00\" \/>\n<meta name=\"twitter:card\" content=\"summary_large_image\" \/>\n<meta name=\"twitter:label1\" content=\"Tiempo de lectura\" \/>\n\t<meta name=\"twitter:data1\" content=\"1 minuto\" \/>\n<script type=\"application\/ld+json\" class=\"yoast-schema-graph\">{\"@context\":\"https:\\\/\\\/schema.org\",\"@graph\":[{\"@type\":\"WebPage\",\"@id\":\"https:\\\/\\\/departamento.us.es\\\/dpccjjbb\\\/directorio\\\/pas\\\/\",\"url\":\"https:\\\/\\\/departamento.us.es\\\/dpccjjbb\\\/directorio\\\/pas\\\/\",\"name\":\"PAS - Departamento de Ciencias Jur\u00eddicas\",\"isPartOf\":{\"@id\":\"https:\\\/\\\/departamento.us.es\\\/newdpccjjbb\\\/#website\"},\"datePublished\":\"2025-07-16T08:12:05+00:00\",\"dateModified\":\"2025-09-16T09:44:51+00:00\",\"breadcrumb\":{\"@id\":\"https:\\\/\\\/departamento.us.es\\\/dpccjjbb\\\/directorio\\\/pas\\\/#breadcrumb\"},\"inLanguage\":\"es\",\"potentialAction\":[{\"@type\":\"ReadAction\",\"target\":[\"https:\\\/\\\/departamento.us.es\\\/dpccjjbb\\\/directorio\\\/pas\\\/\"]}]},{\"@type\":\"BreadcrumbList\",\"@id\":\"https:\\\/\\\/departamento.us.es\\\/dpccjjbb\\\/directorio\\\/pas\\\/#breadcrumb\",\"itemListElement\":[{\"@type\":\"ListItem\",\"position\":1,\"name\":\"Inicio\",\"item\":\"https:\\\/\\\/departamento.us.es\\\/dpccjjbb\\\/\"},{\"@type\":\"ListItem\",\"position\":2,\"name\":\"Directorio\",\"item\":\"https:\\\/\\\/departamento.us.es\\\/newdpccjjbb\\\/directorio\\\/\"},{\"@type\":\"ListItem\",\"position\":3,\"name\":\"PAS\"}]},{\"@type\":\"WebSite\",\"@id\":\"https:\\\/\\\/departamento.us.es\\\/newdpccjjbb\\\/#website\",\"url\":\"https:\\\/\\\/departamento.us.es\\\/newdpccjjbb\\\/\",\"name\":\"Departamento de Ciencias Jur\u00eddicas\",\"description\":\"Facultad de Derecho - Universidad de Sevilla\",\"publisher\":{\"@id\":\"https:\\\/\\\/departamento.us.es\\\/newdpccjjbb\\\/#organization\"},\"potentialAction\":[{\"@type\":\"SearchAction\",\"target\":{\"@type\":\"EntryPoint\",\"urlTemplate\":\"https:\\\/\\\/departamento.us.es\\\/newdpccjjbb\\\/?s={search_term_string}\"},\"query-input\":{\"@type\":\"PropertyValueSpecification\",\"valueRequired\":true,\"valueName\":\"search_term_string\"}}],\"inLanguage\":\"es\"},{\"@type\":\"Organization\",\"@id\":\"https:\\\/\\\/departamento.us.es\\\/newdpccjjbb\\\/#organization\",\"name\":\"Departamento de Ciencias Jur\u00eddicas B\u00e1sicas\",\"url\":\"https:\\\/\\\/departamento.us.es\\\/newdpccjjbb\\\/\",\"logo\":{\"@type\":\"ImageObject\",\"inLanguage\":\"es\",\"@id\":\"https:\\\/\\\/departamento.us.es\\\/newdpccjjbb\\\/#\\\/schema\\\/logo\\\/image\\\/\",\"url\":\"https:\\\/\\\/departamento.us.es\\\/dpccjjbb\\\/wp-content\\\/uploads\\\/2022\\\/02\\\/LogoUS-110.png\",\"contentUrl\":\"https:\\\/\\\/departamento.us.es\\\/dpccjjbb\\\/wp-content\\\/uploads\\\/2022\\\/02\\\/LogoUS-110.png\",\"width\":249,\"height\":110,\"caption\":\"Departamento de Ciencias Jur\u00eddicas B\u00e1sicas\"},\"image\":{\"@id\":\"https:\\\/\\\/departamento.us.es\\\/newdpccjjbb\\\/#\\\/schema\\\/logo\\\/image\\\/\"}}]}<\/script>\n<!-- \/ Yoast SEO plugin. -->","yoast_head_json":{"title":"PAS - Departamento de Ciencias Jur\u00eddicas","robots":{"index":"index","follow":"follow","max-snippet":"max-snippet:-1","max-image-preview":"max-image-preview:large","max-video-preview":"max-video-preview:-1"},"canonical":"https:\/\/departamento.us.es\/dpccjjbb\/directorio\/pas\/","og_locale":"es_ES","og_type":"article","og_title":"PAS - Departamento de Ciencias Jur\u00eddicas","og_description":"PERSONAL DE ADMINISTRACI\u00d3N DEL DEPARTAMENTO DE CIENCIAS JUR\u00cdDICAS B\u00c1SICAS NOMBRE CATEGORIA TEL\u00c9FONO Mar\u00eda Pilar S\u00e1nchez Villaz\u00e1n Antonio David Garcia Rojo Gestora Aux. Administrativo 954557323-954551300 954551300","og_url":"https:\/\/departamento.us.es\/dpccjjbb\/directorio\/pas\/","og_site_name":"Departamento de Ciencias Jur\u00eddicas","article_modified_time":"2025-09-16T09:44:51+00:00","twitter_card":"summary_large_image","twitter_misc":{"Tiempo de lectura":"1 minuto"},"schema":{"@context":"https:\/\/schema.org","@graph":[{"@type":"WebPage","@id":"https:\/\/departamento.us.es\/dpccjjbb\/directorio\/pas\/","url":"https:\/\/departamento.us.es\/dpccjjbb\/directorio\/pas\/","name":"PAS - Departamento de Ciencias Jur\u00eddicas","isPartOf":{"@id":"https:\/\/departamento.us.es\/newdpccjjbb\/#website"},"datePublished":"2025-07-16T08:12:05+00:00","dateModified":"2025-09-16T09:44:51+00:00","breadcrumb":{"@id":"https:\/\/departamento.us.es\/dpccjjbb\/directorio\/pas\/#breadcrumb"},"inLanguage":"es","potentialAction":[{"@type":"ReadAction","target":["https:\/\/departamento.us.es\/dpccjjbb\/directorio\/pas\/"]}]},{"@type":"BreadcrumbList","@id":"https:\/\/departamento.us.es\/dpccjjbb\/directorio\/pas\/#breadcrumb","itemListElement":[{"@type":"ListItem","position":1,"name":"Inicio","item":"https:\/\/departamento.us.es\/dpccjjbb\/"},{"@type":"ListItem","position":2,"name":"Directorio","item":"https:\/\/departamento.us.es\/newdpccjjbb\/directorio\/"},{"@type":"ListItem","position":3,"name":"PAS"}]},{"@type":"WebSite","@id":"https:\/\/departamento.us.es\/newdpccjjbb\/#website","url":"https:\/\/departamento.us.es\/newdpccjjbb\/","name":"Departamento de Ciencias Jur\u00eddicas","description":"Facultad de Derecho - Universidad de Sevilla","publisher":{"@id":"https:\/\/departamento.us.es\/newdpccjjbb\/#organization"},"potentialAction":[{"@type":"SearchAction","target":{"@type":"EntryPoint","urlTemplate":"https:\/\/departamento.us.es\/newdpccjjbb\/?s={search_term_string}"},"query-input":{"@type":"PropertyValueSpecification","valueRequired":true,"valueName":"search_term_string"}}],"inLanguage":"es"},{"@type":"Organization","@id":"https:\/\/departamento.us.es\/newdpccjjbb\/#organization","name":"Departamento de Ciencias Jur\u00eddicas B\u00e1sicas","url":"https:\/\/departamento.us.es\/newdpccjjbb\/","logo":{"@type":"ImageObject","inLanguage":"es","@id":"https:\/\/departamento.us.es\/newdpccjjbb\/#\/schema\/logo\/image\/","url":"https:\/\/departamento.us.es\/dpccjjbb\/wp-content\/uploads\/2022\/02\/LogoUS-110.png","contentUrl":"https:\/\/departamento.us.es\/dpccjjbb\/wp-content\/uploads\/2022\/02\/LogoUS-110.png","width":249,"height":110,"caption":"Departamento de Ciencias Jur\u00eddicas B\u00e1sicas"},"image":{"@id":"https:\/\/departamento.us.es\/newdpccjjbb\/#\/schema\/logo\/image\/"}}]}},"_links":{"self":[{"href":"https:\/\/departamento.us.es\/dpccjjbb\/wp-json\/wp\/v2\/pages\/2953","targetHints":{"allow":["GET"]}}],"collection":[{"href":"https:\/\/departamento.us.es\/dpccjjbb\/wp-json\/wp\/v2\/pages"}],"about":[{"href":"https:\/\/departamento.us.es\/dpccjjbb\/wp-json\/wp\/v2\/types\/page"}],"author":[{"embeddable":true,"href":"https:\/\/departamento.us.es\/dpccjjbb\/wp-json\/wp\/v2\/users\/1"}],"replies":[{"embeddable":true,"href":"https:\/\/departamento.us.es\/dpccjjbb\/wp-json\/wp\/v2\/comments?post=2953"}],"version-history":[{"count":0,"href":"https:\/\/departamento.us.es\/dpccjjbb\/wp-json\/wp\/v2\/pages\/2953\/revisions"}],"up":[{"embeddable":true,"href":"https:\/\/departamento.us.es\/dpccjjbb\/wp-json\/wp\/v2\/pages\/2939"}],"wp:attachment":[{"href":"https:\/\/departamento.us.es\/dpccjjbb\/wp-json\/wp\/v2\/media?parent=2953"}],"curies":[{"name":"wp","href":"https:\/\/api.w.org\/{rel}","templated":true}]}}