{"id":19,"date":"2017-04-09T05:10:05","date_gmt":"2017-04-09T05:10:05","guid":{"rendered":"https:\/\/periodismo1web.wordpress.com\/?page_id=19"},"modified":"2025-06-23T16:11:09","modified_gmt":"2025-06-23T16:11:09","slug":"investigacion","status":"publish","type":"page","link":"https:\/\/departamento.us.es\/dperiodismo1\/investigacion\/","title":{"rendered":"Grupos de investigaci\u00f3n vinculados al Departamento"},"content":{"rendered":"<p style=\"padding-left: 40px;\"><span style=\"color: #008000;\"><strong>Grupo de Investigaci\u00f3n en Comunicaci\u00f3n, Cultura y Ciencia<\/strong><\/span><\/p>\n<p style=\"padding-left: 40px;\">El Grupo de Investigaci\u00f3n en Comunicaci\u00f3n, Cultura y Ciencia es un equipo plurisdisciplinario de estudio y formaci\u00f3n en comunicaci\u00f3n constituido como red de intercambio acad\u00e9mico orientada al an\u00e1lisis de los cambios y estructuras significativas del sector de la informaci\u00f3n y la comunicaci\u00f3n p\u00fablica, desde un enfoque abierto e integrador que trata de vincular la teor\u00eda y la pr\u00e1ctica, el pensamiento y la din\u00e1mica cultural, desde una visi\u00f3n cr\u00edtica y una cultura de investigaci\u00f3n productiva a la hora de plantear las problem\u00e1ticas y propuestas de an\u00e1lisis sobre los objetos y l\u00f3gicas que atraviesan los procesos comunicacionales.<\/p>\n<p style=\"padding-left: 40px;\"><a href=\"https:\/\/investigacion.us.es\/sisius\/grupo\/HUM752\" target=\"_blank\" rel=\"nofollow noopener\">SISIUS<br \/>\n<\/a><\/p>\n<p style=\"padding-left: 40px;\"><span style=\"color: #008000;\"><strong>Grupo Interdisciplinario de Estudios en Comunicaci\u00f3n, Pol\u00edtica y Cambio Social (COMPOLITICAS)<\/strong><\/span><\/p>\n<p style=\"padding-left: 40px;\">El Grupo Interdisciplinario de Estudios en Comunicaci\u00f3n, Pol\u00edtica y Cambio Social (COMPOLITICAS) es un colectivo acad\u00e9mico de an\u00e1lisis y formaci\u00f3n especializado en el estudio te\u00f3rico, pol\u00edtico e hist\u00f3rico-cr\u00edtico de los procesos de desarrollo y cambio social en torno a las mediaciones simb\u00f3licas e infocomunicacionales.<\/p>\n<p style=\"padding-left: 40px;\"><a href=\"https:\/\/www.compoliticas.org\" target=\"_blank\" rel=\"nofollow noopener\">Web del grupo<br \/>\n<\/a><\/p>\n<p style=\"padding-left: 40px;\"><span style=\"color: #008000;\"><strong>Grupo de Investigaci\u00f3n en Estudios Visuales, Arte y Patrimonio Cultural<\/strong><\/span><\/p>\n<p style=\"padding-left: 40px;\">El Grupo de Investigaci\u00f3n en Estudios Visuales, Arte y Patrimonio Cultural desarrolla una labor interdisciplinar centrada en la visualidad como eje articulador de saberes, memorias e identidades, abordando cr\u00edticamente las pr\u00e1cticas visuales en el arte contempor\u00e1neo, las narrativas del patrimonio cultural, y los dispositivos de mediaci\u00f3n est\u00e9tica, pol\u00edtica y digital. Su enfoque integra los estudios visuales, la antropolog\u00eda de la imagen, la teor\u00eda cr\u00edtica, la archiv\u00edstica audiovisual, la monumentalidad, la museolog\u00eda y los estudios decoloniales para analizar la circulaci\u00f3n medi\u00e1tica, producci\u00f3n y resignificaci\u00f3n de im\u00e1genes en contextos sociohist\u00f3ricos espec\u00edficos. La reciente integraci\u00f3n del grupo en Visual Modi \u2013 International Association for Research in Visual and Multimodal Methods \u2013 consolida su proyecci\u00f3n internacional y potencia su contribuci\u00f3n al desarrollo de metodolog\u00edas visuales y multimodales, entendiendo la imagen no solo como objeto de an\u00e1lisis, sino como herramienta epistemol\u00f3gica y agente transformador en la investigaci\u00f3n social, art\u00edstica y cultural contempor\u00e1nea.<\/p>\n<p style=\"padding-left: 40px;\"><a href=\"https:\/\/investigacion.us.es\/sisius\/sis_depgrupos.php?ct=&amp;cs=&amp;seltext=HUM-868&amp;selfield=CodPAI\" target=\"_blank\" rel=\"nofollow noopener\">SISIUS<\/a><\/p>\n<p style=\"padding-left: 40px;\"><span style=\"color: #008000;\"><strong>Historia del Periodismo y las Lecturas Populares en Andaluc\u00eda<\/strong><\/span><\/p>\n<p style=\"padding-left: 40px;\">El Grupo de Investigaci\u00f3n \u201cHistoria del Periodismo y las Lecturas Populares en Andaluc\u00eda\u201d se fund\u00f3 en 2012 con el objetivo de promover la investigaci\u00f3n en el campo de la historia del periodismo andaluz, particularmente en sus etapas hist\u00f3ricas previas a la contempor\u00e1nea (Siglos de Oro, Ilustraci\u00f3n, siglo XIX\u2026), hasta entonces poco atendidas por los expertos. Otra de sus l\u00edneas fundamentales es el estudio y reivindicaci\u00f3n de la prensa popular (relaciones de sucesos, romances, prensa sat\u00edrica, prensa obrera\u2026) y de las lecturas en clave popular de otros modelos de prensa.<\/p>\n<p style=\"padding-left: 40px;\"><a href=\"https:\/\/investigacion.us.es\/sisius\/sis_depgrupos.php?ct=&amp;cs=&amp;seltext=SEJ-070&amp;selfield=CodPAI\" target=\"_blank\" rel=\"nofollow noopener\">SISIUS<\/a><a href=\"https:\/\/historiadelperiodismoenandalucia.wordpress.com\/\" target=\"_blank\" rel=\"nofollow noopener\"><br \/>\nWeb del grupo<br \/>\n<\/a><\/p>\n","protected":false},"excerpt":{"rendered":"<p>Grupo de Investigaci\u00f3n en Comunicaci\u00f3n, Cultura y Ciencia El Grupo de Investigaci\u00f3n en Comunicaci\u00f3n, Cultura y Ciencia es un equipo plurisdisciplinario de estudio y formaci\u00f3n en comunicaci\u00f3n constituido como red de intercambio acad\u00e9mico orientada al an\u00e1lisis de los cambios y estructuras significativas del sector de la informaci\u00f3n y la comunicaci\u00f3n p\u00fablica, desde un enfoque abierto [&hellip;]<\/p>\n","protected":false},"author":6,"featured_media":0,"parent":0,"menu_order":0,"comment_status":"closed","ping_status":"closed","template":"","meta":{"_acf_changed":false,"footnotes":""},"class_list":["post-19","page","type-page","status-publish","hentry"],"acf":[],"_links":{"self":[{"href":"https:\/\/departamento.us.es\/dperiodismo1\/wp-json\/wp\/v2\/pages\/19","targetHints":{"allow":["GET"]}}],"collection":[{"href":"https:\/\/departamento.us.es\/dperiodismo1\/wp-json\/wp\/v2\/pages"}],"about":[{"href":"https:\/\/departamento.us.es\/dperiodismo1\/wp-json\/wp\/v2\/types\/page"}],"author":[{"embeddable":true,"href":"https:\/\/departamento.us.es\/dperiodismo1\/wp-json\/wp\/v2\/users\/6"}],"replies":[{"embeddable":true,"href":"https:\/\/departamento.us.es\/dperiodismo1\/wp-json\/wp\/v2\/comments?post=19"}],"version-history":[{"count":0,"href":"https:\/\/departamento.us.es\/dperiodismo1\/wp-json\/wp\/v2\/pages\/19\/revisions"}],"wp:attachment":[{"href":"https:\/\/departamento.us.es\/dperiodismo1\/wp-json\/wp\/v2\/media?parent=19"}],"curies":[{"name":"wp","href":"https:\/\/api.w.org\/{rel}","templated":true}]}}