{"id":481,"date":"2017-09-06T21:48:31","date_gmt":"2017-09-06T21:48:31","guid":{"rendered":"http:\/\/departamento.us.es\/newdperiodismo1\/?page_id=481"},"modified":"2025-06-13T10:43:20","modified_gmt":"2025-06-13T10:43:20","slug":"formacion","status":"publish","type":"page","link":"https:\/\/departamento.us.es\/dperiodismo1\/formacion\/","title":{"rendered":"Plan de Innovaci\u00f3n Docente y Formaci\u00f3n"},"content":{"rendered":"\t\t<div data-elementor-type=\"wp-page\" data-elementor-id=\"481\" class=\"elementor elementor-481\" data-elementor-post-type=\"page\">\n\t\t\t\t<div class=\"elementor-element elementor-element-13000e08 e-flex e-con-boxed e-con e-parent\" data-id=\"13000e08\" data-element_type=\"container\">\n\t\t\t\t\t<div class=\"e-con-inner\">\n\t\t\t\t<div class=\"elementor-element elementor-element-77a675f8 elementor-widget elementor-widget-text-editor\" data-id=\"77a675f8\" data-element_type=\"widget\" data-widget_type=\"text-editor.default\">\n\t\t\t\t<div class=\"elementor-widget-container\">\n\t\t\t\t\t\t\t\t\t<p><img decoding=\"async\" class=\"size-medium wp-image-482 alignright\" src=\"http:\/\/departamento.us.es\/newdperiodismo1\/wp-content\/uploads\/2017\/09\/criancas-nao-vao-escola-conflitos-politicos-noticias-300x147.jpg\" alt=\"\" width=\"300\" height=\"147\" srcset=\"https:\/\/departamento.us.es\/dperiodismo1\/wp-content\/uploads\/2017\/09\/criancas-nao-vao-escola-conflitos-politicos-noticias-300x147.jpg 300w, https:\/\/departamento.us.es\/dperiodismo1\/wp-content\/uploads\/2017\/09\/criancas-nao-vao-escola-conflitos-politicos-noticias.jpg 712w\" sizes=\"(max-width: 300px) 100vw, 300px\" \/><\/p><p>El Departamento de Periodismo I\u00a0est\u00e1 comprometido con la innovaci\u00f3n docente universitaria a trav\u00e9s de la participaci\u00f3n en el III y IV Plan Propio de Docencia de la Universidad de Sevilla:<\/p><p><strong>PLAN de\u00a0INNOVACION DOCENTE. III PLAN PROPIO DE DOCENCIA DE LA UNIVERSIDAD DE SEVILLA\u00a0(2017-2020)<\/strong> que persigue: a)\u00a0La simplificaci\u00f3n y mejora de los procesos encaminados al seguimiento y acreditaci\u00f3n de los t\u00edtulos oficiales; b)\u00a0Promover la reflexi\u00f3n y an\u00e1lisis de nuestros t\u00edtulos oficiales y apoyar el dise\u00f1o de estrategias de mejora; c)\u00a0Apoyar y facilitar los procesos de gesti\u00f3n acad\u00e9mica y calidad de la docencia; d)El apoyo y fomento de la pol\u00edtica ling\u00fc\u00edstica de la Universidad; e)\u00a0El impulso a la proyecci\u00f3n internacional y la cooperaci\u00f3n interuniversitaria de nuestras ense\u00f1anzas. \u00a0El Departamento de Periodismo 1 lidera dos a\u00f1os consecutivos el proyecto de Cooperative Learning de \u00abC\u00edrculos de Colaboraci\u00f3n\u00bb.<\/p>\t\t\t\t\t\t\t\t<\/div>\n\t\t\t\t<\/div>\n\t\t\t\t<div class=\"elementor-element elementor-element-c7ca214 elementor-list-item-link-inline elementor-icon-list--layout-traditional elementor-widget elementor-widget-icon-list\" data-id=\"c7ca214\" data-element_type=\"widget\" data-widget_type=\"icon-list.default\">\n\t\t\t\t<div class=\"elementor-widget-container\">\n\t\t\t\t\t\t\t<ul class=\"elementor-icon-list-items\">\n\t\t\t\t\t\t\t<li class=\"elementor-icon-list-item\">\n\t\t\t\t\t\t\t\t\t\t\t<a href=\"https:\/\/departamento.us.es\/dperiodismo1\/innovacion-docente\/\">\n\n\t\t\t\t\t\t\t\t\t\t\t\t<span class=\"elementor-icon-list-icon\">\n\t\t\t\t\t\t\t<i aria-hidden=\"true\" class=\"fas fa-link\"><\/i>\t\t\t\t\t\t<\/span>\n\t\t\t\t\t\t\t\t\t\t<span class=\"elementor-icon-list-text\">C\u00edrculos de Colaboraci\u00f3n. Innovaci\u00f3n universitaria desde el Cooperative Learning (Curso 2018-19)<\/span>\n\t\t\t\t\t\t\t\t\t\t\t<\/a>\n\t\t\t\t\t\t\t\t\t<\/li>\n\t\t\t\t\t\t\t\t<li class=\"elementor-icon-list-item\">\n\t\t\t\t\t\t\t\t\t\t\t<a href=\"https:\/\/departamento.us.es\/dperiodismo1\/circulos-de-colaboracion-2-innovacion-universitaria-desde-las-estrategias-del-cooperative-learning\/\">\n\n\t\t\t\t\t\t\t\t\t\t\t\t<span class=\"elementor-icon-list-icon\">\n\t\t\t\t\t\t\t<i aria-hidden=\"true\" class=\"fas fa-link\"><\/i>\t\t\t\t\t\t<\/span>\n\t\t\t\t\t\t\t\t\t\t<span class=\"elementor-icon-list-text\">C\u00edrculos de Colaboraci\u00f3n 2: Innovaci\u00f3n Docente Universitaria desde Estrategias del Cooperative Learning  (Curso 2019-20)<\/span>\n\t\t\t\t\t\t\t\t\t\t\t<\/a>\n\t\t\t\t\t\t\t\t\t<\/li>\n\t\t\t\t\t\t<\/ul>\n\t\t\t\t\t\t<\/div>\n\t\t\t\t<\/div>\n\t\t\t\t\t<\/div>\n\t\t\t\t<\/div>\n\t\t<div class=\"elementor-element elementor-element-5db3368 e-flex e-con-boxed e-con e-parent\" data-id=\"5db3368\" data-element_type=\"container\">\n\t\t\t\t\t<div class=\"e-con-inner\">\n\t\t\t\t<div class=\"elementor-element elementor-element-3bf43cf elementor-widget elementor-widget-text-editor\" data-id=\"3bf43cf\" data-element_type=\"widget\" data-widget_type=\"text-editor.default\">\n\t\t\t\t<div class=\"elementor-widget-container\">\n\t\t\t\t\t\t\t\t\t<div class=\"page\" title=\"Page 1\"><div class=\"layoutArea\"><div class=\"column\"><p><strong>PLAN de INNOVACION DOCENTE. VI PLAN PROPIO DE DOCENCIA DE LA UNIVERSIDAD DE SEVILLA (2022-2025) <\/strong>que tiene como objetivos principales: a)Promocionar las posibilidades formativas de nuestros t\u00edtulos oficiales; b) Mejorar los procedimientos de apoyo a la docencia oficial; c) Fomentar las herramientas avanzadas orientadas a la docencia de las ense\u00f1anzas oficiales; d)\u00a0 Impulsar las acreditaciones, la evaluaci\u00f3n y la mejora de la calidad de nuestros t\u00edtulos oficiales; e) Estimular la internacionalizaci\u00f3n de los t\u00edtulos oficiales; f) Apoyar la movilidad acad\u00e9mica; g) Intensificar la formaci\u00f3n y la innovaci\u00f3n educativa en el conjunto del profesorado; h) Contribuir al Plan de Formaci\u00f3n Integral del estudiantado e impulsar el Plan de Participaci\u00f3n Estudiantil; i)\u00a0 Reforzar la inserci\u00f3n y entorno profesional vinculado a la docencia oficial, las acciones de captaci\u00f3n de Talento y los procesos de orientaci\u00f3n al estudiantado.<\/p><\/div><\/div><\/div>\t\t\t\t\t\t\t\t<\/div>\n\t\t\t\t<\/div>\n\t\t\t\t<div class=\"elementor-element elementor-element-b32a988 elementor-list-item-link-inline elementor-icon-list--layout-traditional elementor-widget elementor-widget-icon-list\" data-id=\"b32a988\" data-element_type=\"widget\" data-widget_type=\"icon-list.default\">\n\t\t\t\t<div class=\"elementor-widget-container\">\n\t\t\t\t\t\t\t<ul class=\"elementor-icon-list-items\">\n\t\t\t\t\t\t\t<li class=\"elementor-icon-list-item\">\n\t\t\t\t\t\t\t\t\t\t<span class=\"elementor-icon-list-text\">Red de Innovaci\u00f3n en Metodolog\u00edas centradas en el Conocimiento Pr\u00e1ctico aplicadas al Periodismo (Curso 2022-2023)<\/span>\n\t\t\t\t\t\t\t\t\t<\/li>\n\t\t\t\t\t\t<\/ul>\n\t\t\t\t\t\t<\/div>\n\t\t\t\t<\/div>\n\t\t\t\t\t<\/div>\n\t\t\t\t<\/div>\n\t\t<div class=\"elementor-element elementor-element-1515ca2 e-flex e-con-boxed e-con e-parent\" data-id=\"1515ca2\" data-element_type=\"container\">\n\t\t\t\t\t<div class=\"e-con-inner\">\n\t\t\t\t<div class=\"elementor-element elementor-element-a4f92ea elementor-widget elementor-widget-text-editor\" data-id=\"a4f92ea\" data-element_type=\"widget\" data-widget_type=\"text-editor.default\">\n\t\t\t\t<div class=\"elementor-widget-container\">\n\t\t\t\t\t\t\t\t\t<div class=\"page\" title=\"Page 1\"><div class=\"layoutArea\"><div class=\"column\"><strong>FORMACI\u00d3N CONTINUA<\/strong><\/div><\/div><\/div><p>El Departamento de Periodismo I lidera diversos proyectos de extensi\u00f3n, formaci\u00f3n continua y t\u00edtulos propios a trav\u00e9s de sus grupos y el profesorado que conforma la unidad acad\u00e9mica. Toda la oferta de formaci\u00f3n est\u00e1 vinculada a entidades profesionales, asociaciones y colectivos sociales, as\u00ed como empresas, con larga trayectoria y reconocimiento en el \u00e1mbito regional y del Estado.<\/p><ul><li>Curso de Fotograf\u00eda y Artes Esc\u00e9nicas.<\/li><li>Curso de Gesti\u00f3n y Producci\u00f3n Editorial.<\/li><li>Curso de Periodismo, Rock y Cultura Pop.<\/li><\/ul>\t\t\t\t\t\t\t\t<\/div>\n\t\t\t\t<\/div>\n\t\t\t\t\t<\/div>\n\t\t\t\t<\/div>\n\t\t\t\t<\/div>\n\t\t","protected":false},"excerpt":{"rendered":"<p>El Departamento de Periodismo I\u00a0est\u00e1 comprometido con la innovaci\u00f3n docente universitaria a trav\u00e9s de la participaci\u00f3n en el III y IV Plan Propio de Docencia de la Universidad de Sevilla: PLAN de\u00a0INNOVACION DOCENTE. III PLAN PROPIO DE DOCENCIA DE LA UNIVERSIDAD DE SEVILLA\u00a0(2017-2020) que persigue: a)\u00a0La simplificaci\u00f3n y mejora de los procesos encaminados al seguimiento [&hellip;]<\/p>\n","protected":false},"author":6,"featured_media":0,"parent":0,"menu_order":0,"comment_status":"closed","ping_status":"closed","template":"","meta":{"_acf_changed":false,"footnotes":""},"class_list":["post-481","page","type-page","status-publish","hentry"],"acf":[],"_links":{"self":[{"href":"https:\/\/departamento.us.es\/dperiodismo1\/wp-json\/wp\/v2\/pages\/481","targetHints":{"allow":["GET"]}}],"collection":[{"href":"https:\/\/departamento.us.es\/dperiodismo1\/wp-json\/wp\/v2\/pages"}],"about":[{"href":"https:\/\/departamento.us.es\/dperiodismo1\/wp-json\/wp\/v2\/types\/page"}],"author":[{"embeddable":true,"href":"https:\/\/departamento.us.es\/dperiodismo1\/wp-json\/wp\/v2\/users\/6"}],"replies":[{"embeddable":true,"href":"https:\/\/departamento.us.es\/dperiodismo1\/wp-json\/wp\/v2\/comments?post=481"}],"version-history":[{"count":0,"href":"https:\/\/departamento.us.es\/dperiodismo1\/wp-json\/wp\/v2\/pages\/481\/revisions"}],"wp:attachment":[{"href":"https:\/\/departamento.us.es\/dperiodismo1\/wp-json\/wp\/v2\/media?parent=481"}],"curies":[{"name":"wp","href":"https:\/\/api.w.org\/{rel}","templated":true}]}}