{"id":38,"date":"2025-07-03T20:19:47","date_gmt":"2025-07-03T18:19:47","guid":{"rendered":"https:\/\/departamento.us.es\/newdpreyarq\/?page_id=38"},"modified":"2026-02-18T13:50:17","modified_gmt":"2026-02-18T12:50:17","slug":"organizacion-interna","status":"publish","type":"page","link":"https:\/\/departamento.us.es\/dpreyarq\/organizacion-interna\/","title":{"rendered":"Organizaci\u00f3n interna"},"content":{"rendered":"\n<p><strong>Director<\/strong>. Francisco Jos\u00e9 Garc\u00eda Fern\u00e1ndez<br><strong>Secretaria<\/strong>. Marta Cintas Pe\u00f1a<\/p>\n\n\n\n<p>(Desde el 9 de noviembre de 2021)<\/p>\n\n\n\n<p><strong>COMISI\u00d3N PERMANENTE<\/strong><\/p>\n\n\n\n<p>Francisco Jos\u00e9 Garc\u00eda Fern\u00e1ndez (Presidente)<br>Marta Cintas Pe\u00f1a (secretaria)<br>Mercedes Oria Segura (vocal)<br>Miguel Cort\u00e9s S\u00e1nchez (vocal)<\/p>\n\n\n\n<p><strong>COMISI\u00d3N DE ECONOM\u00cdA<\/strong><\/p>\n\n\n\n<p>Director Dpto. (presidente) Francisco Jos\u00e9 Garc\u00eda Fern\u00e1ndez<br>Mercedes Oria Segura (secretaria)<br>Natalia Vergara Lobato (vocal)<br>Carlos P. Odriozola Lloret (vocal)<br>Sebasti\u00e1n J. Vargas V\u00e1zquez (vocal)<\/p>\n\n\n\n<p><strong>COMISI\u00d3N DE DOCENCIA<\/strong><\/p>\n\n\n\n<p>Eduardo Ferrer Albelda (presidente)<br>Oliva Rodr\u00edguez Guti\u00e9rrez (secretaria)<br>Jos\u00e9 Luis Escacena Carrasco (vocal)<br>Representante del alumnado<\/p>\n\n\n\n<p><strong>COMISI\u00d3N DE INVESTIGACI\u00d3N<\/strong><\/p>\n\n\n\n<p>Director Dpto. (presidente) Francisco Jos\u00e9 Garc\u00eda Fern\u00e1ndez<br>Pedro Albuquerque (secretario)<br>Enrique Garc\u00eda Vargas (vocal)<br>Carlos P. Odriozola Lloret (vocal)<br>Daniel Garc\u00eda Rivero (vocal)<br>Representante del alumnado<\/p>\n\n\n\n<p><strong>COMISI\u00d3N DE DOCTORADO<\/strong><\/p>\n\n\n\n<p>Sebasti\u00e1n V\u00e1zquez Vargas<br>Miguel Cort\u00e9s S\u00e1nchez<\/p>\n\n\n\n<p><strong>COMISI\u00d3N DE BIBLIOTECA<\/strong><\/p>\n\n\n\n<p>Leonardo Garc\u00eda Sanju\u00e1n (presidente)<br>\u00c1lvaro G\u00f3mez Pe\u00f1a (vocal)<br>Representante del personal predoctoral (secretaria)<br>Representante del alumnado<\/p>\n\n\n\n<p><strong>TRIBUNAL ESPEC\u00cdFICO DE EVALUACI\u00d3N Y APELACI\u00d3N<\/strong><\/p>\n\n\n\n<p>Presidente: Carlos Odriozola Lloret<br>Vocal 1: \u00c1lvaro G\u00f3mez Pe\u00f1a<br>Secretario: Jes\u00fas Acero P\u00e9rez<\/p>\n\n\n\n<p>Suplente 1: Mar\u00eda Dolores Sim\u00f3n Vallejo<br>Suplente 2: Pedro de Araujo Albuquerque<br>Suplente 3: Antonio S\u00e1ez Romero<\/p>\n\n\n\n<div class=\"wp-block-spice-block-spice-socials social-block\"><\/div>\n\n\n\n<p><\/p>\n","protected":false},"excerpt":{"rendered":"<p>Director. Francisco Jos\u00e9 Garc\u00eda Fern\u00e1ndezSecretaria. Marta Cintas Pe\u00f1a (Desde el 9 de noviembre de 2021) COMISI\u00d3N PERMANENTE Francisco Jos\u00e9 Garc\u00eda Fern\u00e1ndez (Presidente)Marta Cintas Pe\u00f1a (secretaria)Mercedes Oria Segura (vocal)Miguel Cort\u00e9s S\u00e1nchez (vocal) COMISI\u00d3N DE ECONOM\u00cdA Director Dpto. (presidente) Francisco Jos\u00e9 Garc\u00eda Fern\u00e1ndezMercedes Oria Segura (secretaria)Natalia Vergara Lobato (vocal)Carlos P. Odriozola Lloret (vocal)Sebasti\u00e1n J. Vargas V\u00e1zquez (vocal) [&hellip;]<\/p>\n","protected":false},"author":1,"featured_media":0,"parent":0,"menu_order":0,"comment_status":"closed","ping_status":"closed","template":"","meta":{"footnotes":""},"class_list":["post-38","page","type-page","status-publish","hentry"],"_links":{"self":[{"href":"https:\/\/departamento.us.es\/dpreyarq\/wp-json\/wp\/v2\/pages\/38","targetHints":{"allow":["GET"]}}],"collection":[{"href":"https:\/\/departamento.us.es\/dpreyarq\/wp-json\/wp\/v2\/pages"}],"about":[{"href":"https:\/\/departamento.us.es\/dpreyarq\/wp-json\/wp\/v2\/types\/page"}],"author":[{"embeddable":true,"href":"https:\/\/departamento.us.es\/dpreyarq\/wp-json\/wp\/v2\/users\/1"}],"replies":[{"embeddable":true,"href":"https:\/\/departamento.us.es\/dpreyarq\/wp-json\/wp\/v2\/comments?post=38"}],"version-history":[{"count":14,"href":"https:\/\/departamento.us.es\/dpreyarq\/wp-json\/wp\/v2\/pages\/38\/revisions"}],"predecessor-version":[{"id":596,"href":"https:\/\/departamento.us.es\/dpreyarq\/wp-json\/wp\/v2\/pages\/38\/revisions\/596"}],"wp:attachment":[{"href":"https:\/\/departamento.us.es\/dpreyarq\/wp-json\/wp\/v2\/media?parent=38"}],"curies":[{"name":"wp","href":"https:\/\/api.w.org\/{rel}","templated":true}]}}