{"id":40,"date":"2025-07-03T20:20:00","date_gmt":"2025-07-03T18:20:00","guid":{"rendered":"https:\/\/departamento.us.es\/newdpreyarq\/?page_id=40"},"modified":"2025-09-27T10:39:09","modified_gmt":"2025-09-27T08:39:09","slug":"recursos","status":"publish","type":"page","link":"https:\/\/departamento.us.es\/dpreyarq\/recursos\/","title":{"rendered":"Recursos"},"content":{"rendered":"\n<p><strong>LABORATORIO<\/strong><\/p>\n\n\n\n<p>El Departamento de Prehistoria y Arqueolog\u00eda cuenta con un laboratorio orientado prioritariamente a las tareas investigadoras de sus miembros. Est\u00e1 dotado de un equipamiento b\u00e1sico de instrumental \u00f3ptico, de fotograf\u00eda, topograf\u00eda y dibujo, as\u00ed como de los equipamientos espec\u00edficos de los grupos de investigaci\u00f3n del Departamento que han solicitado el uso de este espacio.<\/p>\n\n\n\n<p><strong>Equipamiento<\/strong><\/p>\n\n\n\n<p>Lupas binoculares<br>Microscopio petrogr\u00e1fico<br>Microscopio metalogr\u00e1fico<br>Esc\u00e1ner 3D<br>Impresora 3D<br>Instrumental para preparaci\u00f3n de muestras<\/p>\n\n\n\n<p><strong>Material de pr\u00e1cticas<\/strong><\/p>\n\n\n\n<p>Materiales arqueol\u00f3gicos de pr\u00e1cticas<br>Reproducciones arqueol\u00f3gicas<br>Instrumental de fotograf\u00eda<br>Instrumental de topograf\u00eda<br>Instrumental de dibujo<\/p>\n\n\n\n<p><strong>COLECCIONES DE REFERENCIA<\/strong><\/p>\n\n\n\n<p>Est\u00e1 formada por las colecciones hist\u00f3ricas del Departamento de Prehistoria y Arqueolog\u00eda, integradas en los fondos del Patrimonio Cultural de la Universidad de Sevilla (*), as\u00ed como por otras colecciones legadas posteriormente por antiguos profesores del mismo.<\/p>\n\n\n\n<p>Colecci\u00f3n Machado (antiguo Museo de Ciencias Naturales de la US)*<br>Colecci\u00f3n Numism\u00e1tica (Fondo Numism\u00e1tica)*<br>Colecci\u00f3n E. Vallesp\u00ed P\u00e9rez<br>Colecci\u00f3n M. Pellicer Catal\u00e1n<\/p>\n\n\n\n<p><strong>ARCHIVO<\/strong><\/p>\n\n\n\n<p>Archivo F. Collantes de Ter\u00e1n<br>Archivo M. Pellicer Catal\u00e1n<br>Archivo M\u00aa E. Aubet Semmler (fondo Setefilla)<br>Archivo de tesis doctorales del Departamento de Prehistoria y Arqueolog\u00eda<br>Archivo de la antigua biblioteca del Departamento de Prehistoria y Arqueolog\u00eda<\/p>\n\n\n\n<p><strong>BIBLIOTECA<\/strong><\/p>\n\n\n\n<p>La antigua biblioteca del Departamento de Prehistoria y Arqueolog\u00eda se encuentra actualmente integrada en los fondos de la <a href=\"https:\/\/bib.us.es\/humanidades\/imprescindibles\/bibliotecaenlosdepartamentos\/prehistoria\">Biblioteca de Humanidades de la Universidad de Sevilla<\/a>, custodiada en el mismo edificio de la Real F\u00e1brica de Tabacos de Sevilla. Antes de su traslado los fondos contaban con m\u00e1s de 9000 libros y 6000 vol\u00famenes de revistas que cubren todos los temas de investigaci\u00f3n prehist\u00f3rica y arqueol\u00f3gica. Estos fondos se han ido ampliando desde entonces con nuevas adquisiciones a trav\u00e9s de donaciones o de compras espec\u00edficas realizadas a trav\u00e9s de la Biblioteca de Humanidades, coordinadas por la Comisi\u00f3n de Biblioteca del departamento. Destaca, sobre todo, la hemeroteca, que alberga ejemplares de un gran n\u00famero revistas espa\u00f1olas y extranjeras, algunas de ellas ya extinguidas. Su colecci\u00f3n se mantiene actualizada a trav\u00e9s de acuerdos de suscripci\u00f3n o canje con las instituciones editoras, incluyendo el creciente volumen de revistas electr\u00f3nicas.<\/p>\n","protected":false},"excerpt":{"rendered":"<p>LABORATORIO El Departamento de Prehistoria y Arqueolog\u00eda cuenta con un laboratorio orientado prioritariamente a las tareas investigadoras de sus miembros. Est\u00e1 dotado de un equipamiento b\u00e1sico de instrumental \u00f3ptico, de fotograf\u00eda, topograf\u00eda y dibujo, as\u00ed como de los equipamientos espec\u00edficos de los grupos de investigaci\u00f3n del Departamento que han solicitado el uso de este espacio. [&hellip;]<\/p>\n","protected":false},"author":1,"featured_media":0,"parent":0,"menu_order":0,"comment_status":"closed","ping_status":"closed","template":"","meta":{"footnotes":""},"class_list":["post-40","page","type-page","status-publish","hentry"],"_links":{"self":[{"href":"https:\/\/departamento.us.es\/dpreyarq\/wp-json\/wp\/v2\/pages\/40","targetHints":{"allow":["GET"]}}],"collection":[{"href":"https:\/\/departamento.us.es\/dpreyarq\/wp-json\/wp\/v2\/pages"}],"about":[{"href":"https:\/\/departamento.us.es\/dpreyarq\/wp-json\/wp\/v2\/types\/page"}],"author":[{"embeddable":true,"href":"https:\/\/departamento.us.es\/dpreyarq\/wp-json\/wp\/v2\/users\/1"}],"replies":[{"embeddable":true,"href":"https:\/\/departamento.us.es\/dpreyarq\/wp-json\/wp\/v2\/comments?post=40"}],"version-history":[{"count":4,"href":"https:\/\/departamento.us.es\/dpreyarq\/wp-json\/wp\/v2\/pages\/40\/revisions"}],"predecessor-version":[{"id":557,"href":"https:\/\/departamento.us.es\/dpreyarq\/wp-json\/wp\/v2\/pages\/40\/revisions\/557"}],"wp:attachment":[{"href":"https:\/\/departamento.us.es\/dpreyarq\/wp-json\/wp\/v2\/media?parent=40"}],"curies":[{"name":"wp","href":"https:\/\/api.w.org\/{rel}","templated":true}]}}