{"id":99,"date":"2025-07-03T20:32:50","date_gmt":"2025-07-03T18:32:50","guid":{"rendered":"https:\/\/departamento.us.es\/newdpreyarq\/?page_id=99"},"modified":"2025-07-04T13:26:21","modified_gmt":"2025-07-04T11:26:21","slug":"grupos-investigacion","status":"publish","type":"page","link":"https:\/\/departamento.us.es\/dpreyarq\/grupos-investigacion\/","title":{"rendered":"Grupos de Investigaci\u00f3n"},"content":{"rendered":"\n<details class=\"wp-block-details is-layout-flow wp-block-details-is-layout-flow\"><summary><strong>HUM152: De la Turdetania a la B\u00e9tica<\/strong><br>Ver m\u00e1s<\/summary>\n<div class=\"wp-block-group is-vertical is-layout-flex wp-container-core-group-is-layout-8cf370e7 wp-block-group-is-layout-flex\">\n<p><\/p>\n\n\n\n<p>Responsable: Mercedes Oria Segura<\/p>\n\n\n\n<p>Web: <a href=\"https:\/\/investigacion.us.es\/sisius\/sis_depgrupos.php?seltext=103&amp;selfield=IdDpto\">https:\/\/investigacion.us.es\/sisius\/sis_depgrupos.php?seltext=103&amp;selfield=IdDpto<\/a><\/p>\n\n\n\n<p>L\u00edneas de investigaci\u00f3n:<\/p>\n<\/div>\n\n\n\n<p>El grupo HUM-152 \u201cDe la Turdetania a la B\u00e9tica\u201d forma parte, desde su creaci\u00f3n en 1989 bajo la direcci\u00f3n de la Prof\u00aa Francisca Chaves Trist\u00e1n, del Sistema Andaluz de Investigaci\u00f3n. En la actualidad su responsable es la Dra. Mercedes Oria Segura y se compone de 24 miembros y 9 colaboradores. Las l\u00edneas de investigaci\u00f3n del grupo pueden resumirse en las siguientes:<\/p>\n\n\n\n<ul class=\"wp-block-list\">\n<li>An\u00e1lisis del proceso de transformaci\u00f3n desde las culturas protohist\u00f3ricas de Andaluc\u00eda Occidental hasta su integraci\u00f3n en el Imperio Romano como <em>Prouincia Baetica<\/em>.<\/li>\n\n\n\n<li>Ocupaci\u00f3n territorial y explotaci\u00f3n econ\u00f3mica.<\/li>\n\n\n\n<li>Estudio hist\u00f3rico de los paisajes rurales y su gesti\u00f3n patrimonial.<\/li>\n\n\n\n<li>Econom\u00eda y documentaci\u00f3n arqueol\u00f3gica, cer\u00e1mica y moneda.<\/li>\n\n\n\n<li>Transformaciones sociales e identidades culturales.<\/li>\n<\/ul>\n\n\n\n<p>Todas ellas se han desarrollado en diferentes proyectos con financiaci\u00f3n auton\u00f3mica y nacional, dedicados a la evoluci\u00f3n hist\u00f3rica del Suroeste peninsular entre la Protohistoria y la etapa romana. Centrados b\u00e1sicamente en cuestiones de poblamiento rural, con la prospecci\u00f3n arqueol\u00f3gica como herramienta fundamental, han tenido siempre a la vista el car\u00e1cter del territorio rural como parte indisoluble del concepto antiguo de ciudad y el papel del n\u00facleo urbano como vertebrador del mismo. El resultado de estos proyectos ha quedado recogido en una abundante producci\u00f3n bibliogr\u00e1fica.<\/p>\n\n\n\n<ul class=\"wp-block-list\">\n<li>Componentes (del Departamento)<ul><li>Enrique Garc\u00eda Vargas.<\/li><\/ul><ul><li>Eduardo Ferrer Albelda.<\/li><\/ul><ul><li>Francisco Jos\u00e9 Garc\u00eda Fern\u00e1ndez.<\/li><\/ul><ul><li>Ruth Pliego V\u00e1zquez.<\/li><\/ul><ul><li>Miriam Seco \u00c1lvarez.<\/li><\/ul><ul><li>Antonio Manuel S\u00e1ez Romero. correo<\/li><\/ul><ul><li>Violeta Moreno Meg\u00edas.<\/li><\/ul><ul><li>Pedro Ara\u00fajo Albuquerque.<\/li><\/ul><ul><li>\u00c1lvaro Corrales \u00c1lvarez.<\/li><\/ul><ul><li>M. Reyes L\u00f3pez Jurado.<\/li><\/ul><ul><li>Carmen Ram\u00edrez Ca\u00f1as.<\/li><\/ul>\n<ul class=\"wp-block-list\">\n<li>Mar\u00eda Alcaide Ram\u00edrez.<\/li>\n<\/ul>\n<\/li>\n<\/ul>\n\n\n\n<p>Proyectos de investigaci\u00f3n<\/p>\n\n\n\n<ul class=\"wp-block-list\">\n<li>Moneda y econom\u00eda en la b\u00e9tica tardorromana: Estudio cient\u00edfico del Tesoro de Tomares (II) (PID2022-139617NB-I00): <a href=\"https:\/\/investigacion.us.es\/sisius\/sis_proyecto.php?idproy=37777\">https:\/\/investigacion.us.es\/sisius\/sis_proyecto.php?idproy=37777<\/a><\/li>\n\n\n\n<li>Tarteso olvidado (en los Museos) 2. Redes urbanas vs paisajes rurales (PID2022-139879NB-I00): https:\/\/investigacion.us.es\/sisius\/sis_proyecto.php?idproy=37788<\/li>\n\n\n\n<li>Guardianas de la memoria. An\u00e1lisis arqueol\u00f3gico y resignificaci\u00f3n hist\u00f3rica de los roles femeninos en las comunidades fenicio-p\u00fanicas del sur de Iberia (25-6-ID24): https:\/\/investigacion.us.es\/sisius\/sis_proyecto.php?idproy=39662<\/li>\n<\/ul>\n<\/details>\n\n\n\n<p><\/p>\n\n\n\n<details class=\"wp-block-details is-layout-flow wp-block-details-is-layout-flow\"><summary><strong>HUM1089: Paleol\u00edtico Medio y Superior en el sur de Iberia<\/strong><br>Ver m\u00e1s<\/summary>\n<p><\/p>\n\n\n\n<p>Responsable: Miguel Cortes S\u00e1nchez<br>L\u00edneas de investigaci\u00f3n:<\/p>\n\n\n\n<ul class=\"wp-block-list\">\n<li>Prehistoria del Extremo Occidental de Europa<\/li>\n\n\n\n<li>Arqueozoolog\u00eda<\/li>\n\n\n\n<li>Gesti\u00f3n y Transferencia del Patrimonio Prehist\u00f3rico<\/li>\n\n\n\n<li>Recursos Marinos en la Prehistoria<\/li>\n\n\n\n<li>Evoluci\u00f3n Humana<\/li>\n\n\n\n<li>Bioarqueolog\u00eda<\/li>\n\n\n\n<li>Simbolismo Complejo Humano<\/li>\n<\/ul>\n\n\n\n<p>Componentes (del Departamento)<\/p>\n\n\n\n<ul class=\"wp-block-list\">\n<li>Mar\u00eda Dolores Sim\u00f3n Vallejo.<\/li>\n\n\n\n<li>Sara Mac\u00edas Tejada. <\/li>\n<\/ul>\n\n\n\n<p>Proyectos de investigaci\u00f3n:<br>Encrucijada. Cueva de La Pileta, un atractor simb\u00f3lico pluricultural <a href=\"https:\/\/investigacion.us.es\/sisius\/sis_proyecto.php?idproy=39341\">(PID2023-151553NB-I00<\/a>)<\/p>\n<\/details>\n\n\n\n<p><\/p>\n\n\n\n<details class=\"wp-block-details is-layout-flow wp-block-details-is-layout-flow\"><summary><strong>HUM402: Historiograf\u00eda y Patrimonio Andaluz<\/strong><br>Ver m\u00e1s<br><br><\/summary>\n<p>Responsable: Jos\u00e9 Beltr\u00e1n Fortes<br>L\u00edneas de investigaci\u00f3n:<\/p>\n\n\n\n<ul class=\"wp-block-list\">\n<li>Historiograf\u00eda Arqueol\u00f3gica en Andaluc\u00eda y Espa\u00f1a.<\/li>\n\n\n\n<li>Epigraf\u00eda Romana.<\/li>\n\n\n\n<li>Arqueolog\u00eda en Am\u00e9rica Hispana.<\/li>\n\n\n\n<li>Arqueometr\u00eda Aplicada a los bienes arqueol\u00f3gicos.<\/li>\n\n\n\n<li>Gesti\u00f3n del Patrimonio Cultural (Arqueol\u00f3gico).<\/li>\n\n\n\n<li>Estudio del Patrimonio Arqueol\u00f3gico Andaluz en \u00c9poca Protohist\u00f3rica, Cl\u00e1sica, Medieval y Postmedieval, con Especial Incidencia en los Fen\u00f3menos de Poblamiento, Relaciones Ciudad\/ Territorio, Mundo Funerario, Escultura.<\/li>\n\n\n\n<li>Historia del Coleccionismo y de los Museos Arqueol\u00f3gicos.<\/li>\n<\/ul>\n\n\n\n<p>Componentes (del Departamento)<\/p>\n\n\n\n<ul class=\"wp-block-list\">\n<li>Oliva Rodr\u00edguez Guti\u00e9rrez.<\/li>\n\n\n\n<li>Sebasti\u00e1n, J. Vargas V\u00e1zquez.<\/li>\n\n\n\n<li>Diego Romero Vera.<\/li>\n\n\n\n<li>Jes\u00fas Acero P\u00e9rez.<\/li>\n\n\n\n<li>Filipa Alexandra Vaz Cortes\u00e3o Silva<\/li>\n\n\n\n<li><\/li>\n<\/ul>\n\n\n\n<p>Proyectos de investigaci\u00f3n:<br><\/p>\n\n\n\n<ul class=\"wp-block-list\">\n<li>Italica Adrianea: la \u00abNova Urbs\u00bb. An\u00e1lisis arqueol\u00f3gico del paradigma urbano y su evoluci\u00f3n, y contrastaci\u00f3n del modelo (PID2020-114528GB-I00): <a href=\"https:\/\/investigacion.us.es\/sisius\/sis_proyecto.php?idproy=33870\">https:\/\/investigacion.us.es\/sisius\/sis_proyecto.php?idproy=33870<\/a><\/li>\n\n\n\n<li>Funus astigitanorum: an\u00e1lisis bioarqueol\u00f3gico de las pr\u00e1cticas funerarias de \u00e9poca romana y tardoantigua en \u00c9cija, Sevilla (siglos I a.C. &#8211; VIII d.C.) (PROYEXCEL_00713): <a href=\"https:\/\/investigacion.us.es\/sisius\/sis_proyecto.php?idproy=36022\">https:\/\/investigacion.us.es\/sisius\/sis_proyecto.php?idproy=36022<\/a><\/li>\n\n\n\n<li>La log\u00edstica de la ciudad romana: \u00bfuna econom\u00eda circular? (PID2020-114349GB-I00): <a href=\"https:\/\/investigacion.us.es\/sisius\/sis_showpub.php?idpers=10818\">https:\/\/investigacion.us.es\/sisius\/sis_showpub.php?idpers=10818<\/a><\/li>\n<\/ul>\n\n\n\n<p><\/p>\n<\/details>\n\n\n\n<details class=\"wp-block-details is-layout-flow wp-block-details-is-layout-flow\"><summary><strong>HUM949: Tellus. Prehistoria y Arqueolog\u00eda en el sur de Iberia<\/strong><br>Ver m\u00e1s<\/summary>\n<p><\/p>\n\n\n\n<p>Responsable: Jos\u00e9 Luis Escacena Carrasco<br><br>L\u00edneas de investigaci\u00f3n:<\/p>\n\n\n\n<ul class=\"wp-block-list\">\n<li>Prehistoria y Arqueolog\u00eda<\/li>\n\n\n\n<li>Prehistoria y Arqueolog\u00eda del sur de la Pen\u00ednsula Ib\u00e9rica<\/li>\n\n\n\n<li>Prehistoria y Arqueolog\u00eda del Mediterr\u00e1neo y Norte de \u00c1frica<\/li>\n\n\n\n<li>Termodin\u00e1mica de las Comunidades Humanas del Pasado<\/li>\n\n\n\n<li>Arqueolog\u00eda de las Manifestaciones Simb\u00f3licas<\/li>\n\n\n\n<li>Arqueolog\u00eda Evolutiva<\/li>\n\n\n\n<li>Arqueoastronom\u00eda y Astronom\u00eda Cultural<\/li>\n\n\n\n<li>Gesti\u00f3n del Patrimonio Cultural (Arqueol\u00f3gico)<\/li>\n<\/ul>\n\n\n\n<p>Componentes (del Departamento)<\/p>\n\n\n\n<ul class=\"wp-block-list\">\n<li>Daniel Garc\u00eda Rivero.<\/li>\n\n\n\n<li>Juan Carlos Mej\u00edas Garc\u00eda.<\/li>\n\n\n\n<li>\u00c1lvaro G\u00f3mez Pe\u00f1a.<\/li>\n\n\n\n<li>Marta Berm\u00fadez Cordero.<\/li>\n<\/ul>\n\n\n\n<p>Proyectos de investigaci\u00f3n:<\/p>\n\n\n\n<p>Proyecto: Turismo para los ciudadanos. Inteligencia para un turismo sostenible y participativo<br>Organismo ejecutor: IATUR (Instituto Andaluz de Investigaci\u00f3n e Innovaci\u00f3n en Turismo IP: Concepci\u00f3n Foronda-Robles (IATUR)<br>Plan: Programa Operativo FEDER Andaluc\u00eda 2021-2027.<br>Referencia: SOL2024-31731 Fecha de Inicio: 01-01-2025 Fecha de Finalizaci\u00f3n: 31-12-2027<br>Organismo financiador\/es: Universidad De Sevilla y Junta de Andaluc\u00eda<br>Miembros del Grupo Tellus en el Equipo de Investigaci\u00f3n: -Jos\u00e9 Luis Escacena Carrasco.<\/p>\n\n\n\n<p>Proyecto: Modelos y procesos en la neolitizaci\u00f3n del sur de la Pen\u00ednsula Ib\u00e9rica IP: Daniel Garc\u00eda Rivero<br>Tipo de Proyecto\/Ayuda: Plan Estatal 2021-2023 \u2013 Proyectos Investigaci\u00f3n No Orientada Referencia: PID2022-137946NB-I00<br>Fecha de Inicio: 01-09-2023<br>Fecha de Finalizaci\u00f3n: 31-08-2027<br>Organismo financiador: Ministerio de Ciencia e Innovaci\u00f3n<br>Miembros del Grupo Tellus en el Equipo de Trabajo:<br>-Manuel Jes\u00fas D\u00edaz Rodr\u00edguez -Mar\u00eda Roc\u00edo L\u00f3pez Serena<\/p>\n<\/details>\n\n\n\n<p><\/p>\n\n\n\n<details class=\"wp-block-details is-layout-flow wp-block-details-is-layout-flow\"><summary><strong>HUM694: Atlas. Territorios y Paisajes en la Prehistoria Reciente de Andaluc\u00eda<\/strong><br>Ver m\u00e1s<\/summary>\n<p><\/p>\n\n\n\n<p>Web: <a href=\"https:\/\/grupo.us.es\/atlas\/\">https:\/\/grupo.us.es\/atlas\/<\/a><br>Responsable: Leonardo Garc\u00eda Sanju\u00e1n<br>L\u00edneas de investigaci\u00f3n:<br>El Grupo de Investigaci\u00f3n ATLAS de la Universidad de Sevilla fue constituido en 2001, y actualmente incluye nueve doctores, cinco investigadoras predoctorales y un investigador no doctor. Desde su creaci\u00f3n ha promovido el avance y la modernizaci\u00f3n de la investigaci\u00f3n arqueol\u00f3gica relativa a la Prehistoria Reciente y la Antig\u00fcedad de Andaluc\u00eda y otras regiones del sur de Espa\u00f1a mediante la realizaci\u00f3n de proyectos de investigaci\u00f3n, la direcci\u00f3n de trabajos acad\u00e9micos y la publicaci\u00f3n de estudios cient\u00edficos. Las \u00e1reas de inter\u00e9s cient\u00edfico de sus integrantes incluyen temas tales como la arqueolog\u00eda del territorio y del paisaje, la arqueolog\u00eda del intercambio, la arqueolog\u00eda de la producci\u00f3n cer\u00e1mica, la bioarqueolog\u00eda, la arqueometalurgia, la arqueometr\u00eda, la gesti\u00f3n de inventarios de sitios arqueol\u00f3gicos, la arqueolog\u00eda de la desigualdad social, el megalitismo, etc. En los \u00faltimos diez a\u00f1os, las investigaciones del Grupo ATLAS han sido publicadas en algunas de las m\u00e1s prestigiosas revistas cient\u00edficas internacionales, incluyendo Antiquity, European Journal of Archaeology, Geoarchaeology, Journal of Archaeological Science, Oxford Journal of Archaeology, Science of the Total Environment y Trabajos de Prehistoria. Esperamos que en esta web encuentre informaci\u00f3n \u00fatil sobre la actividad cient\u00edfica desarrollada por nuestro grupo.<br><\/p>\n\n\n\n<p>Componentes (del Departamento):<\/p>\n\n\n\n<ul class=\"wp-block-list\">\n<li>Marcos A. Hunt Ortiz<\/li>\n\n\n\n<li>Marta Cintas Pe\u00f1a.<\/li>\n\n\n\n<li>Raquel Mar\u00eda Montero Art\u00fas.<\/li>\n<\/ul>\n\n\n\n<p>Proyectos de investigaci\u00f3n:<br>Demograf\u00eda, Movilidad y Sociedad en las Sociedades Complejas Tempranas. Los Megasitios Ib\u00e9ricos del IV y III Milenios ANE (PID2022-141726OB-I00)<br>https:\/\/investigacion.us.es\/sisius\/sis_proyecto.php?idproy=37844<br><\/p>\n\n\n\n<p>Estudio y propuesta general del plan de actuaci\u00f3n con las cautelas para protecci\u00f3n del Patrimonio Arqueol\u00f3gico indicadas en la Autorizaci\u00f3n Ambiental Unificada con n\u00famero de expediente AAU\/SE\/0139\/2018\/N en el \u00e1mbito del Proyecto Mina Los Frailes, en los T\u00e9rminos Municipales de Aznalc\u00f3llar, Olivares, Sanl\u00facar La Mayor, Santiponce, Salteras y Valencina de la Concepci\u00f3n (Provincia de Sevilla) (5285\/0900)<br>https:\/\/investigacion.us.es\/sisius\/sis_proyecto.php?idproy=39940<br><\/p>\n\n\n\n<p>Memoria de mujeres. Recuperando identidades singulares en la prehistoria. MEMORIES (25-2-ID23)<br>https:\/\/investigacion.us.es\/sisius\/sis_proyecto.php?idproy=38542<\/p>\n\n\n\n<p><\/p>\n<\/details>\n\n\n\n<p><\/p>\n\n\n\n<details class=\"wp-block-details is-layout-flow wp-block-details-is-layout-flow\"><summary><strong>HUM1085: Quantitative Archaeology and Archaeological Science<\/strong><br>Ver m\u00e1s<br><\/summary>\n<p>Responsable: Carlos Patricio Odriozola Lloret<br>L\u00edneas de investigaci\u00f3n:<br><\/p>\n\n\n\n<ul class=\"wp-block-list\">\n<li>Conservaci\u00f3n y Restauraci\u00f3n del Patrimonio<\/li>\n\n\n\n<li>Ilustraci\u00f3n Cient\u00edfica<\/li>\n\n\n\n<li>Arqueolog\u00eda Cuantitativa, Arqueometr\u00eda y Arqueolog\u00eda Espacial<\/li>\n<\/ul>\n\n\n\n<p>Componentes (del Departamento):<br><\/p>\n\n\n\n<ul class=\"wp-block-list\">\n<li>Jos\u00e9 \u00c1ngel Garrido Cordero.<\/li>\n<\/ul>\n\n\n\n<p>Proyectos de investigaci\u00f3n:<br>Arqueolog\u00eda de las falsificaciones y la percepci\u00f3n: adornos y autopercepci\u00f3n en el mediterr\u00e1neo occidental (PID2021-124421NB-I00)<br><a href=\"https:\/\/investigacion.us.es\/sisius\/sis_proyecto.php?idproy=36407\">https:\/\/investigacion.us.es\/sisius\/sis_proyecto.php?idproy=36407<\/a><\/p>\n\n\n\n<p><\/p>\n<\/details>\n\n\n\n<p><\/p>\n\n\n\n<details class=\"wp-block-details is-layout-flow wp-block-details-is-layout-flow\"><summary><strong>HUM-1089, PAMSUR (Paleol\u00edtico Medio y Superior en el sur de Iberia)<\/strong><br>Ver m\u00e1s<\/summary>\n<p><\/p>\n\n\n\n<p>El Grupo HUM-1089, PAMSUR (Paleol\u00edtico Medio y Superior en el sur de Iberia), aborda la investigaci\u00f3n hol\u00edstica e interdisciplinar del Paleol\u00edtico Medio, Paleol\u00edtico Superior y Neol\u00edtico antiguo del extremo Occidental de Europa. Otras de las l\u00edneas de trabajo del grupo se refieren a estudios sobre bioaqueolog\u00eda y arqueozoolog\u00eda o el an\u00e1lisis de origen y evoluci\u00f3n de la explotaci\u00f3n de recursos marinos en la costa septentrional del Mar de Albor\u00e1n.<br>As\u00ed mismo, desarrollamos estudios sobre el comportamiento tecnol\u00f3gico o del simbolismo complejo humano de las poblaciones prehist\u00f3ricas del Pleistoceno superior y Holoceno antiguo.<br>Por \u00faltimo abordamos tambi\u00e9n proyectos de gesti\u00f3n y transferencia del patrimonio prehist\u00f3rico.<br>Entre los principales yacimientos sobre los que los miembros de PAMSUR hemos trabajado o lo hacemos en la actualidad destacaremos los siguientes:<\/p>\n\n\n\n<p>Andaluc\u00eda:<\/p>\n\n\n\n<ul class=\"wp-block-list\">\n<li>C\u00f3rdoba: El Pirulejo<\/li>\n\n\n\n<li>Granada: cuevas de Las Ventanas, Carig\u00fcela, Malalamuerzo y Abrigo de las Veredas.<\/li>\n\n\n\n<li>M\u00e1laga: cuevas de La Pileta, Bajondillo y Hoyo de la Mina.<\/li>\n\n\n\n<li>Gibraltar (Reino Unido):<\/li>\n\n\n\n<li>Arte rupestre de las cuevas de Gorham\u00b4s y Martin\u00b4s.<\/li>\n<\/ul>\n\n\n\n<p>Portugal:<\/p>\n\n\n\n<p>Arte mueble de Vale Boi (Algarve)<\/p>\n\n\n\n<p>Principales Proyectos liderados por PAMSUR<\/p>\n\n\n\n<ul class=\"wp-block-list\">\n<li>Crossroads. La Pileta Cave, a multicultural symbolic \u00abattractor\u00bb (<a href=\"https:\/\/investigacion.us.es\/sisius\/sis_proyecto.php?idproy=39341\">PID2023-151553NB-I00<\/a>)<\/li>\n\n\n\n<li>Contextualizaci\u00f3n cronocultural y arqueom\u00e9trica del primer arte rupestre en el sur de la pen\u00ednsula ib\u00e9rica (<a href=\"https:\/\/investigacion.us.es\/sisius\/sis_proyecto.php?idproy=30613\">US-1264079<\/a>)<\/li>\n\n\n\n<li>El Tr\u00e1nsito Paleol\u00edtico Medio-Superior en el sur de Iberia (50-16 Ka Bp): Marco Cronol\u00f3gico y Ambiental y Procesos de Cambios Tecnol\u00f3gicos, Econ\u00f3micos y Simb\u00f3licos (<a href=\"https:\/\/investigacion.us.es\/sisius\/sis_proyecto.php?idproy=27595\">HAR2016-77789-P<\/a>)<\/li>\n\n\n\n<li>El Tr\u00e1nsito Paleol\u00edtico Medio-Superior en el sur de Iberia (50-20 Ka Bp): Marco Cronol\u00f3gico y Ambiental y Procesos de Cambios Tecnol\u00f3gicos, Econ\u00f3micos y Simb\u00f3licos <a href=\"https:\/\/investigacion.us.es\/sisius\/sis_proyecto.php?idproy=24463\">(HAR2013-44269-P<\/a>)<\/li>\n<\/ul>\n\n\n\n<p>Participaci\u00f3n en proyectos de investigaci\u00f3n<\/p>\n\n\n\n<p>Estudio de los materiales f\u00f3siles procedentes de yacimientos arqueol\u00f3gicos depositados en el Museo Nacional y Centro de Investigaci\u00f3n de Altamira (Santillana del Mar, Cantabria) (Museo y Centro de Investigaci\u00f3n Altamira).<\/p>\n\n\n\n<p>FINISTERRA. Population Trajectories and Cultural Dynamics of Late Neanderthals in Far Western Eurasia (European Research Council (CoG \u2013 101045506)<\/p>\n\n\n\n<p>REDES: Sociedades costeras prehist\u00f3ricas (PrehCOAST)<\/p>\n\n\n\n<p>Entidad financiadora: Agencia Estatal de Investigaci\u00f3n (Ministerio de Ciencia, Innovaci\u00f3n y Universidades, Gobierno de Espa\u00f1a). Ayudas a redes de investigaci\u00f3n, en el marco del Programa Estatal de Transferencia y Colaboraci\u00f3n, del Plan Estatal de Investigaci\u00f3n Cient\u00edfica y T\u00e9cnica y de Innovaci\u00f3n para el per\u00edodo de 2024-2027 (convocatoria de 2024)<\/p>\n\n\n\n<p>Geocronolog\u00eda y paleoambientes de los yacimientos arqueo-paleontol\u00f3gicos cuaternarios del Guadalquivir en la Rinconada: Investigaci\u00f3n para la conservaci\u00f3n y la puesta en valor el patrimonio (US-1381157)<\/p>\n\n\n\n<p>Investigaci\u00f3n y desarrollo de nuevas tecnolog\u00edas para el discurso del poder: imitando adornos de \u00e1mbar en la prehistoria reciente de Iberia (P20_01080)<\/p>\n<\/details>\n\n\n\n<p><\/p>\n","protected":false},"excerpt":{"rendered":"","protected":false},"author":1,"featured_media":0,"parent":0,"menu_order":0,"comment_status":"closed","ping_status":"closed","template":"","meta":{"footnotes":""},"class_list":["post-99","page","type-page","status-publish","hentry"],"_links":{"self":[{"href":"https:\/\/departamento.us.es\/dpreyarq\/wp-json\/wp\/v2\/pages\/99","targetHints":{"allow":["GET"]}}],"collection":[{"href":"https:\/\/departamento.us.es\/dpreyarq\/wp-json\/wp\/v2\/pages"}],"about":[{"href":"https:\/\/departamento.us.es\/dpreyarq\/wp-json\/wp\/v2\/types\/page"}],"author":[{"embeddable":true,"href":"https:\/\/departamento.us.es\/dpreyarq\/wp-json\/wp\/v2\/users\/1"}],"replies":[{"embeddable":true,"href":"https:\/\/departamento.us.es\/dpreyarq\/wp-json\/wp\/v2\/comments?post=99"}],"version-history":[{"count":18,"href":"https:\/\/departamento.us.es\/dpreyarq\/wp-json\/wp\/v2\/pages\/99\/revisions"}],"predecessor-version":[{"id":186,"href":"https:\/\/departamento.us.es\/dpreyarq\/wp-json\/wp\/v2\/pages\/99\/revisions\/186"}],"wp:attachment":[{"href":"https:\/\/departamento.us.es\/dpreyarq\/wp-json\/wp\/v2\/media?parent=99"}],"curies":[{"name":"wp","href":"https:\/\/api.w.org\/{rel}","templated":true}]}}