{"id":2,"date":"2018-08-07T08:40:46","date_gmt":"2018-08-07T08:40:46","guid":{"rendered":"https:\/\/departamento.us.es\/duot\/?page_id=2"},"modified":"2022-07-11T11:13:39","modified_gmt":"2022-07-11T09:13:39","slug":"inicio","status":"publish","type":"page","link":"https:\/\/departamento.us.es\/duot\/","title":{"rendered":"Inicio"},"content":{"rendered":"[mk_page_section bg_image=&#8221;https:\/\/departamento.us.es\/duot\/wp-content\/uploads\/2022\/05\/banner_inicio.jpg&#8221; bg_repeat=&#8221;no-repeat&#8221; bg_stretch=&#8221;true&#8221; video_opacity=&#8221;0.73&#8243; min_height=&#8221;600&#8243; js_vertical_centered=&#8221;true&#8221; sidebar=&#8221;sidebar-1&#8243;][vc_column][vc_row_inner el_class=&#8221;title_dott&#8221;][vc_column_inner][mk_fancy_title tag_name=&#8221;h1&#8243; color=&#8221;#ffffff&#8221; size=&#8221;60&#8243; force_font_size=&#8221;true&#8221; size_smallscreen=&#8221;40&#8243; size_phone=&#8221;40&#8243; margin_bottom=&#8221;0&#8243; font_family=&#8221;none&#8221; align=&#8221;right&#8221;]URBAN\u00cdSTICA Y ORDENACI\u00d3N<br \/>\nDEL TERRITORIO[\/mk_fancy_title][mk_fancy_title tag_name=&#8221;span&#8221; color=&#8221;#ffffff&#8221; font_weight=&#8221;600&#8243; txt_transform=&#8221;uppercase&#8221; font_family=&#8221;none&#8221; align=&#8221;right&#8221;]C\/ Reina Mercedes, 2 \u00b7 3\u00aa Planta &#8211; 41012 Sevilla &#8211; Espa\u00f1a[\/mk_fancy_title][\/vc_column_inner][\/vc_row_inner][\/vc_column][\/mk_page_section][vc_row el_class=&#8221;entradas&#8221;][vc_column][vc_row_inner][vc_column_inner][vc_raw_html]JTVCYmRwX3Bvc3QlMjBncmlkJTNEJTIyNCUyMiUyMHNob3dfYXV0aG9yJTNEJTIyZmFsc2UlMjIlMjBzaG93X3RhZ3MlM0QlMjJmYWxzZSUyMiUyMHNob3dfY29tbWVudHMlM0QlMjJmYWxzZSUyMiUyMHNob3dfY2F0ZWdvcnklM0QlMjJmYWxzZSUyMiUyMGxpbWl0JTNEJTIyOCUyMiUyMHBhZ2luYXRpb24lM0QlMjJmYWxzZSUyMiUyMGNhdGVnb3J5JTNEJTIyMzUlMjIlNUQ=[\/vc_raw_html][mk_button dimension=&#8221;outline&#8221; size=&#8221;large&#8221; url=&#8221;https:\/\/departamento.us.es\/duot\/noticias\/&#8221; align=&#8221;center&#8221; fullwidth=&#8221;true&#8221; el_class=&#8221;boton-noticias&#8221;]VER TODAS LAS NOTICIAS[\/mk_button][\/vc_column_inner][\/vc_row_inner][\/vc_column][\/vc_row][mk_page_section bg_image=&#8221;https:\/\/departamento.us.es\/duot\/wp-content\/uploads\/2022\/05\/bg_inicio.jpg&#8221; bg_color=&#8221;#ffffff&#8221; bg_position=&#8221;center center&#8221; bg_repeat=&#8221;no-repeat&#8221; bg_stretch=&#8221;true&#8221; video_color_mask=&#8221;#ffffff&#8221; video_opacity=&#8221;0.9&#8243; min_height=&#8221;500&#8243; full_width=&#8221;true&#8221; js_vertical_centered=&#8221;true&#8221; sidebar=&#8221;sidebar-1&#8243;][vc_column][vc_row_inner css=&#8221;.vc_custom_1652768141650{margin-bottom: 30px !important;}&#8221;][vc_column_inner][mk_fancy_title tag_name=&#8221;span&#8221; size=&#8221;35&#8243; force_font_size=&#8221;true&#8221; size_smallscreen=&#8221;20&#8243; size_phone=&#8221;40&#8243; txt_transform=&#8221;uppercase&#8221; margin_bottom=&#8221;0&#8243; font_family=&#8221;none&#8221; align=&#8221;center&#8221;]Urban\u00edstica y Ordenaci\u00f3n del Territorio[\/mk_fancy_title][\/vc_column_inner][\/vc_row_inner][vc_row_inner is_fullwidth_content=&#8221;false&#8221;][vc_column_inner width=&#8221;1\/2&#8243; css=&#8221;.vc_custom_1652699394891{margin-bottom: 50px !important;}&#8221;][vc_raw_html]JTNDaWZyYW1lJTIwc3JjJTNEJTIyaHR0cHMlM0ElMkYlMkZ3d3cuZ29vZ2xlLmNvbSUyRm1hcHMlMkZlbWJlZCUzRnBiJTNEJTIxMW0xOCUyMTFtMTIlMjExbTMlMjExZDMxNzEuMTY1ODA3NjgwMDEyJTIxMmQtNS45ODY1NjgzOTk5OTk5OTk1JTIxM2QzNy4zNjIyNTM0JTIxMm0zJTIxMWYwJTIxMmYwJTIxM2YwJTIxM20yJTIxMWkxMDI0JTIxMmk3NjglMjE0ZjEzLjElMjEzbTMlMjExbTIlMjExczB4ZDEyNmMyYmE3OWU5ZjQ3JTI1M0EweDI4NTlmZmQwOGZlYzExYTUlMjEyc0F2LiUyNTIwZGUlMjUyMGxhJTI1MjBSZWluYSUyNTIwTWVyY2VkZXMlMjUyQyUyNTIwMiUyNTJDJTI1MjA0MTAxMiUyNTIwU2V2aWxsYSUyMTVlMCUyMTNtMiUyMTFzZXMlMjEyc2VzJTIxNHYxNjUyNjkyMzczMDQ1JTIxNW0yJTIxMXNlcyUyMTJzZXMlMjIlMjB3aWR0aCUzRCUyMjEwMCUyNSUyMiUyMGhlaWdodCUzRCUyMjMwMCUyMiUyMHN0eWxlJTNEJTIyYm9yZGVyJTNBMCUzQiUyMiUyMGFsbG93ZnVsbHNjcmVlbiUzRCUyMiUyMiUyMGxvYWRpbmclM0QlMjJsYXp5JTIyJTIwcmVmZXJyZXJwb2xpY3klM0QlMjJuby1yZWZlcnJlci13aGVuLWRvd25ncmFkZSUyMiUzRSUzQyUyRmlmcmFtZSUzRQ==[\/vc_raw_html][\/vc_column_inner][vc_column_inner width=&#8221;1\/2&#8243;][mk_fancy_title tag_name=&#8221;span&#8221; size=&#8221;16&#8243; line_height=&#8221;190&#8243; font_family=&#8221;none&#8221;]Desde siempre, pero fundamentalmente a partir de la cultura cl\u00e1sica grecorromana y sobre todo desde el renacimiento hasta nuestros d\u00edas, los arquitectos han sido los proyectistas de la ciudad. La ciudad era un espacio acotado que se constru\u00eda con la arquitectura, y el arquitecto, siempre se ha ocupado de lo urbano como lugar de la arquitectura. Es por lo cual, que en todos los planes de estudios de la carrera sUrbanismo Azuliempre ha figurado el urbanismo como materia de conocimiento de la titulaci\u00f3n de arquitecto.<\/p>\n<p><b>Misi\u00f3n y Prop\u00f3sito<\/b><br \/>\nLa ciudad actual ya no es un espacio acotado cada vez mas extenso, desapareciendo incluso las barreras entre la ciudad y el territorio.[\/mk_fancy_title][\/vc_column_inner][\/vc_row_inner][vc_row_inner is_fullwidth_content=&#8221;false&#8221;][vc_column_inner][mk_fancy_title tag_name=&#8221;span&#8221; size=&#8221;16&#8243; line_height=&#8221;190&#8243; font_family=&#8221;none&#8221;]La complejidad del urbanismo se ha incrementado enormemente cual obliga a que tambi\u00e9n deba aumentarse la formaci\u00f3n del arquitecto en estas materias.<\/p>\n<p>En el actual plan de estudios, este Departamento contribuye a la formaci\u00f3n del futuro arquitecto:<\/p>\n<ul>\n<li>Ense\u00f1\u00e1ndole a conocer la realidad urbana como lugar de sus actuaciones<\/li>\n<li>Familiariz\u00e1ndose con los instrumentos de planeamiento adecuados para su aplicaci\u00f3n en la ciudad construida<\/li>\n<li>Analizando el espacio p\u00fablico desde las componentes formales.<\/li>\n<li>Prepar\u00e1ndose para realizar planeamiento general, planeamiento de desarrollo y planeamiento especial y protecci\u00f3n del patrimonio<\/li>\n<li>Aproxim\u00e1ndose a los cada vez mas complicados pero imprescindibles instrumentos de gestion urban\u00edstica.<\/li>\n<\/ul>\n[\/mk_fancy_title][\/vc_column_inner][\/vc_row_inner][\/vc_column][\/mk_page_section]\n","protected":false},"excerpt":{"rendered":"<p>[mk_page_section bg_image=&#8221;https:\/\/departamento.us.es\/duot\/wp-content\/uploads\/2022\/05\/banner_inicio.jpg&#8221; bg_repeat=&#8221;no-repeat&#8221; bg_stretch=&#8221;true&#8221; video_opacity=&#8221;0.73&#8243; min_height=&#8221;600&#8243; js_vertical_centered=&#8221;true&#8221; sidebar=&#8221;sidebar-1&#8243;][vc_column][vc_row_inner el_class=&#8221;title_dott&#8221;][vc_column_inner][mk_fancy_title tag_name=&#8221;h1&#8243; color=&#8221;#ffffff&#8221; size=&#8221;60&#8243; force_font_size=&#8221;true&#8221; size_smallscreen=&#8221;40&#8243; size_phone=&#8221;40&#8243; margin_bottom=&#8221;0&#8243; font_family=&#8221;none&#8221; align=&#8221;right&#8221;]URBAN\u00cdSTICA Y ORDENACI\u00d3N DEL TERRITORIO[\/mk_fancy_title][mk_fancy_title tag_name=&#8221;span&#8221; color=&#8221;#ffffff&#8221; font_weight=&#8221;600&#8243; txt_transform=&#8221;uppercase&#8221; font_family=&#8221;none&#8221; align=&#8221;right&#8221;]C\/ Reina Mercedes, 2 \u00b7 3\u00aa Planta &#8211; 41012 Sevilla &#8211; Espa\u00f1a[\/mk_fancy_title][\/vc_column_inner][\/vc_row_inner][\/vc_column][\/mk_page_section][vc_row el_class=&#8221;entradas&#8221;][vc_column][vc_row_inner][vc_column_inner][vc_raw_html]JTVCYmRwX3Bvc3QlMjBncmlkJTNEJTIyNCUyMiUyMHNob3dfYXV0aG9yJTNEJTIyZmFsc2UlMjIlMjBzaG93X3RhZ3MlM0QlMjJmYWxzZSUyMiUyMHNob3dfY29tbWVudHMlM0QlMjJmYWxzZSUyMiUyMHNob3dfY2F0ZWdvcnklM0QlMjJmYWxzZSUyMiUyMGxpbWl0JTNEJTIyOCUyMiUyMHBhZ2luYXRpb24lM0QlMjJmYWxzZSUyMiUyMGNhdGVnb3J5JTNEJTIyMzUlMjIlNUQ=[\/vc_raw_html][mk_button dimension=&#8221;outline&#8221; size=&#8221;large&#8221; url=&#8221;https:\/\/departamento.us.es\/duot\/noticias\/&#8221; align=&#8221;center&#8221; fullwidth=&#8221;true&#8221; el_class=&#8221;boton-noticias&#8221;]VER TODAS LAS NOTICIAS[\/mk_button][\/vc_column_inner][\/vc_row_inner][\/vc_column][\/vc_row][mk_page_section bg_image=&#8221;https:\/\/departamento.us.es\/duot\/wp-content\/uploads\/2022\/05\/bg_inicio.jpg&#8221; bg_color=&#8221;#ffffff&#8221; bg_position=&#8221;center center&#8221; bg_repeat=&#8221;no-repeat&#8221; bg_stretch=&#8221;true&#8221; [&hellip;]<\/p>\n","protected":false},"author":4,"featured_media":0,"parent":0,"menu_order":0,"comment_status":"closed","ping_status":"open","template":"","meta":{"inline_featured_image":false,"footnotes":""},"yoast_head":"<!-- This site is optimized with the Yoast SEO plugin v22.6 - https:\/\/yoast.com\/wordpress\/plugins\/seo\/ -->\n<title>Dpto. Urban\u00edstica y Ordenaci\u00f3n del Territorio<\/title>\n<meta name=\"robots\" content=\"index, follow, max-snippet:-1, max-image-preview:large, max-video-preview:-1\" \/>\n<link rel=\"canonical\" href=\"https:\/\/departamento.us.es\/duot\/\" \/>\n<meta property=\"og:locale\" content=\"es_ES\" \/>\n<meta property=\"og:type\" content=\"article\" \/>\n<meta property=\"og:title\" content=\"Dpto. Urban\u00edstica y Ordenaci\u00f3n del Territorio\" \/>\n<meta property=\"og:description\" content=\"[mk_page_section bg_image=&#8221;https:\/\/departamento.us.es\/duot\/wp-content\/uploads\/2022\/05\/banner_inicio.jpg&#8221; bg_repeat=&#8221;no-repeat&#8221; bg_stretch=&#8221;true&#8221; video_opacity=&#8221;0.73&#8243; min_height=&#8221;600&#8243; js_vertical_centered=&#8221;true&#8221; sidebar=&#8221;sidebar-1&#8243;][vc_column][vc_row_inner el_class=&#8221;title_dott&#8221;][vc_column_inner][mk_fancy_title tag_name=&#8221;h1&#8243; color=&#8221;#ffffff&#8221; size=&#8221;60&#8243; force_font_size=&#8221;true&#8221; size_smallscreen=&#8221;40&#8243; size_phone=&#8221;40&#8243; margin_bottom=&#8221;0&#8243; font_family=&#8221;none&#8221; align=&#8221;right&#8221;]URBAN\u00cdSTICA Y ORDENACI\u00d3N DEL TERRITORIO[\/mk_fancy_title][mk_fancy_title tag_name=&#8221;span&#8221; color=&#8221;#ffffff&#8221; font_weight=&#8221;600&#8243; txt_transform=&#8221;uppercase&#8221; font_family=&#8221;none&#8221; align=&#8221;right&#8221;]C\/ Reina Mercedes, 2 \u00b7 3\u00aa Planta &#8211; 41012 Sevilla &#8211; Espa\u00f1a[\/mk_fancy_title][\/vc_column_inner][\/vc_row_inner][\/vc_column][\/mk_page_section][vc_row el_class=&#8221;entradas&#8221;][vc_column][vc_row_inner][vc_column_inner][vc_raw_html]JTVCYmRwX3Bvc3QlMjBncmlkJTNEJTIyNCUyMiUyMHNob3dfYXV0aG9yJTNEJTIyZmFsc2UlMjIlMjBzaG93X3RhZ3MlM0QlMjJmYWxzZSUyMiUyMHNob3dfY29tbWVudHMlM0QlMjJmYWxzZSUyMiUyMHNob3dfY2F0ZWdvcnklM0QlMjJmYWxzZSUyMiUyMGxpbWl0JTNEJTIyOCUyMiUyMHBhZ2luYXRpb24lM0QlMjJmYWxzZSUyMiUyMGNhdGVnb3J5JTNEJTIyMzUlMjIlNUQ=[\/vc_raw_html][mk_button dimension=&#8221;outline&#8221; size=&#8221;large&#8221; url=&#8221;https:\/\/departamento.us.es\/duot\/noticias\/&#8221; align=&#8221;center&#8221; fullwidth=&#8221;true&#8221; el_class=&#8221;boton-noticias&#8221;]VER TODAS LAS NOTICIAS[\/mk_button][\/vc_column_inner][\/vc_row_inner][\/vc_column][\/vc_row][mk_page_section bg_image=&#8221;https:\/\/departamento.us.es\/duot\/wp-content\/uploads\/2022\/05\/bg_inicio.jpg&#8221; bg_color=&#8221;#ffffff&#8221; bg_position=&#8221;center center&#8221; bg_repeat=&#8221;no-repeat&#8221; bg_stretch=&#8221;true&#8221; [&hellip;]\" \/>\n<meta property=\"og:url\" content=\"https:\/\/departamento.us.es\/duot\/\" \/>\n<meta property=\"og:site_name\" content=\"Dpto. Urban\u00edstica y Ordenaci\u00f3n del Territorio US\" \/>\n<meta property=\"article:modified_time\" content=\"2022-07-11T09:13:39+00:00\" \/>\n<meta name=\"twitter:card\" content=\"summary_large_image\" \/>\n<script type=\"application\/ld+json\" class=\"yoast-schema-graph\">{\"@context\":\"https:\/\/schema.org\",\"@graph\":[{\"@type\":\"WebPage\",\"@id\":\"https:\/\/departamento.us.es\/duot\/\",\"url\":\"https:\/\/departamento.us.es\/duot\/\",\"name\":\"Dpto. Urban\u00edstica y Ordenaci\u00f3n del Territorio\",\"isPartOf\":{\"@id\":\"https:\/\/departamento.us.es\/duot\/#website\"},\"datePublished\":\"2018-08-07T08:40:46+00:00\",\"dateModified\":\"2022-07-11T09:13:39+00:00\",\"breadcrumb\":{\"@id\":\"https:\/\/departamento.us.es\/duot\/#breadcrumb\"},\"inLanguage\":\"es\",\"potentialAction\":[{\"@type\":\"ReadAction\",\"target\":[\"https:\/\/departamento.us.es\/duot\/\"]}]},{\"@type\":\"BreadcrumbList\",\"@id\":\"https:\/\/departamento.us.es\/duot\/#breadcrumb\",\"itemListElement\":[{\"@type\":\"ListItem\",\"position\":1,\"name\":\"Portada\",\"item\":\"https:\/\/departamento.us.es\/duot\/\"},{\"@type\":\"ListItem\",\"position\":2,\"name\":\"Inicio\"}]},{\"@type\":\"WebSite\",\"@id\":\"https:\/\/departamento.us.es\/duot\/#website\",\"url\":\"https:\/\/departamento.us.es\/duot\/\",\"name\":\"Dpto. Urban\u00edstica y Ordenaci\u00f3n del Territorio US\",\"description\":\"Departamento de Urban\u00edstica y Ordenaci\u00f3n del territorio de la Universidad de Sevilla\",\"publisher\":{\"@id\":\"https:\/\/departamento.us.es\/duot\/#organization\"},\"potentialAction\":[{\"@type\":\"SearchAction\",\"target\":{\"@type\":\"EntryPoint\",\"urlTemplate\":\"https:\/\/departamento.us.es\/duot\/?s={search_term_string}\"},\"query-input\":\"required name=search_term_string\"}],\"inLanguage\":\"es\"},{\"@type\":\"Organization\",\"@id\":\"https:\/\/departamento.us.es\/duot\/#organization\",\"name\":\"Departamento de Urban\u00edstica y Ordenaci\u00f3n del territorio US\",\"url\":\"https:\/\/departamento.us.es\/duot\/\",\"logo\":{\"@type\":\"ImageObject\",\"inLanguage\":\"es\",\"@id\":\"https:\/\/departamento.us.es\/duot\/#\/schema\/logo\/image\/\",\"url\":\"https:\/\/departamento.us.es\/duot\/wp-content\/uploads\/2022\/05\/logo_negro.png\",\"contentUrl\":\"https:\/\/departamento.us.es\/duot\/wp-content\/uploads\/2022\/05\/logo_negro.png\",\"width\":475,\"height\":79,\"caption\":\"Departamento de Urban\u00edstica y Ordenaci\u00f3n del territorio US\"},\"image\":{\"@id\":\"https:\/\/departamento.us.es\/duot\/#\/schema\/logo\/image\/\"}}]}<\/script>\n<!-- \/ Yoast SEO plugin. -->","yoast_head_json":{"title":"Dpto. Urban\u00edstica y Ordenaci\u00f3n del Territorio","robots":{"index":"index","follow":"follow","max-snippet":"max-snippet:-1","max-image-preview":"max-image-preview:large","max-video-preview":"max-video-preview:-1"},"canonical":"https:\/\/departamento.us.es\/duot\/","og_locale":"es_ES","og_type":"article","og_title":"Dpto. Urban\u00edstica y Ordenaci\u00f3n del Territorio","og_description":"[mk_page_section bg_image=&#8221;https:\/\/departamento.us.es\/duot\/wp-content\/uploads\/2022\/05\/banner_inicio.jpg&#8221; bg_repeat=&#8221;no-repeat&#8221; bg_stretch=&#8221;true&#8221; video_opacity=&#8221;0.73&#8243; min_height=&#8221;600&#8243; js_vertical_centered=&#8221;true&#8221; sidebar=&#8221;sidebar-1&#8243;][vc_column][vc_row_inner el_class=&#8221;title_dott&#8221;][vc_column_inner][mk_fancy_title tag_name=&#8221;h1&#8243; color=&#8221;#ffffff&#8221; size=&#8221;60&#8243; force_font_size=&#8221;true&#8221; size_smallscreen=&#8221;40&#8243; size_phone=&#8221;40&#8243; margin_bottom=&#8221;0&#8243; font_family=&#8221;none&#8221; align=&#8221;right&#8221;]URBAN\u00cdSTICA Y ORDENACI\u00d3N DEL TERRITORIO[\/mk_fancy_title][mk_fancy_title tag_name=&#8221;span&#8221; color=&#8221;#ffffff&#8221; font_weight=&#8221;600&#8243; txt_transform=&#8221;uppercase&#8221; font_family=&#8221;none&#8221; align=&#8221;right&#8221;]C\/ Reina Mercedes, 2 \u00b7 3\u00aa Planta &#8211; 41012 Sevilla &#8211; Espa\u00f1a[\/mk_fancy_title][\/vc_column_inner][\/vc_row_inner][\/vc_column][\/mk_page_section][vc_row el_class=&#8221;entradas&#8221;][vc_column][vc_row_inner][vc_column_inner][vc_raw_html]JTVCYmRwX3Bvc3QlMjBncmlkJTNEJTIyNCUyMiUyMHNob3dfYXV0aG9yJTNEJTIyZmFsc2UlMjIlMjBzaG93X3RhZ3MlM0QlMjJmYWxzZSUyMiUyMHNob3dfY29tbWVudHMlM0QlMjJmYWxzZSUyMiUyMHNob3dfY2F0ZWdvcnklM0QlMjJmYWxzZSUyMiUyMGxpbWl0JTNEJTIyOCUyMiUyMHBhZ2luYXRpb24lM0QlMjJmYWxzZSUyMiUyMGNhdGVnb3J5JTNEJTIyMzUlMjIlNUQ=[\/vc_raw_html][mk_button dimension=&#8221;outline&#8221; size=&#8221;large&#8221; url=&#8221;https:\/\/departamento.us.es\/duot\/noticias\/&#8221; align=&#8221;center&#8221; fullwidth=&#8221;true&#8221; el_class=&#8221;boton-noticias&#8221;]VER TODAS LAS NOTICIAS[\/mk_button][\/vc_column_inner][\/vc_row_inner][\/vc_column][\/vc_row][mk_page_section bg_image=&#8221;https:\/\/departamento.us.es\/duot\/wp-content\/uploads\/2022\/05\/bg_inicio.jpg&#8221; bg_color=&#8221;#ffffff&#8221; bg_position=&#8221;center center&#8221; bg_repeat=&#8221;no-repeat&#8221; bg_stretch=&#8221;true&#8221; [&hellip;]","og_url":"https:\/\/departamento.us.es\/duot\/","og_site_name":"Dpto. Urban\u00edstica y Ordenaci\u00f3n del Territorio US","article_modified_time":"2022-07-11T09:13:39+00:00","twitter_card":"summary_large_image","schema":{"@context":"https:\/\/schema.org","@graph":[{"@type":"WebPage","@id":"https:\/\/departamento.us.es\/duot\/","url":"https:\/\/departamento.us.es\/duot\/","name":"Dpto. Urban\u00edstica y Ordenaci\u00f3n del Territorio","isPartOf":{"@id":"https:\/\/departamento.us.es\/duot\/#website"},"datePublished":"2018-08-07T08:40:46+00:00","dateModified":"2022-07-11T09:13:39+00:00","breadcrumb":{"@id":"https:\/\/departamento.us.es\/duot\/#breadcrumb"},"inLanguage":"es","potentialAction":[{"@type":"ReadAction","target":["https:\/\/departamento.us.es\/duot\/"]}]},{"@type":"BreadcrumbList","@id":"https:\/\/departamento.us.es\/duot\/#breadcrumb","itemListElement":[{"@type":"ListItem","position":1,"name":"Portada","item":"https:\/\/departamento.us.es\/duot\/"},{"@type":"ListItem","position":2,"name":"Inicio"}]},{"@type":"WebSite","@id":"https:\/\/departamento.us.es\/duot\/#website","url":"https:\/\/departamento.us.es\/duot\/","name":"Dpto. Urban\u00edstica y Ordenaci\u00f3n del Territorio US","description":"Departamento de Urban\u00edstica y Ordenaci\u00f3n del territorio de la Universidad de Sevilla","publisher":{"@id":"https:\/\/departamento.us.es\/duot\/#organization"},"potentialAction":[{"@type":"SearchAction","target":{"@type":"EntryPoint","urlTemplate":"https:\/\/departamento.us.es\/duot\/?s={search_term_string}"},"query-input":"required name=search_term_string"}],"inLanguage":"es"},{"@type":"Organization","@id":"https:\/\/departamento.us.es\/duot\/#organization","name":"Departamento de Urban\u00edstica y Ordenaci\u00f3n del territorio US","url":"https:\/\/departamento.us.es\/duot\/","logo":{"@type":"ImageObject","inLanguage":"es","@id":"https:\/\/departamento.us.es\/duot\/#\/schema\/logo\/image\/","url":"https:\/\/departamento.us.es\/duot\/wp-content\/uploads\/2022\/05\/logo_negro.png","contentUrl":"https:\/\/departamento.us.es\/duot\/wp-content\/uploads\/2022\/05\/logo_negro.png","width":475,"height":79,"caption":"Departamento de Urban\u00edstica y Ordenaci\u00f3n del territorio US"},"image":{"@id":"https:\/\/departamento.us.es\/duot\/#\/schema\/logo\/image\/"}}]}},"_links":{"self":[{"href":"https:\/\/departamento.us.es\/duot\/wp-json\/wp\/v2\/pages\/2"}],"collection":[{"href":"https:\/\/departamento.us.es\/duot\/wp-json\/wp\/v2\/pages"}],"about":[{"href":"https:\/\/departamento.us.es\/duot\/wp-json\/wp\/v2\/types\/page"}],"author":[{"embeddable":true,"href":"https:\/\/departamento.us.es\/duot\/wp-json\/wp\/v2\/users\/4"}],"replies":[{"embeddable":true,"href":"https:\/\/departamento.us.es\/duot\/wp-json\/wp\/v2\/comments?post=2"}],"version-history":[{"count":5,"href":"https:\/\/departamento.us.es\/duot\/wp-json\/wp\/v2\/pages\/2\/revisions"}],"predecessor-version":[{"id":4105,"href":"https:\/\/departamento.us.es\/duot\/wp-json\/wp\/v2\/pages\/2\/revisions\/4105"}],"wp:attachment":[{"href":"https:\/\/departamento.us.es\/duot\/wp-json\/wp\/v2\/media?parent=2"}],"curies":[{"name":"wp","href":"https:\/\/api.w.org\/{rel}","templated":true}]}}