{"id":3656,"date":"2022-05-16T14:52:03","date_gmt":"2022-05-16T12:52:03","guid":{"rendered":"https:\/\/departamento.us.es\/duot\/?page_id=3656"},"modified":"2022-07-12T11:33:40","modified_gmt":"2022-07-12T09:33:40","slug":"revista-del-master","status":"publish","type":"page","link":"https:\/\/departamento.us.es\/duot\/revista-del-master\/","title":{"rendered":"Revista del m\u00e1ster"},"content":{"rendered":"[mk_page_section bg_image=&#8221;https:\/\/departamento.us.es\/duot\/wp-content\/uploads\/2022\/04\/banner_docente.jpg&#8221; bg_repeat=&#8221;no-repeat&#8221; bg_stretch=&#8221;true&#8221; video_color_mask=&#8221;#000000&#8243; min_height=&#8221;500&#8243; js_vertical_centered=&#8221;true&#8221; sidebar=&#8221;sidebar-1&#8243;][vc_column][vc_row_inner el_class=&#8221;title_dott&#8221;][vc_column_inner][mk_fancy_title tag_name=&#8221;h1&#8243; color=&#8221;#ffffff&#8221; size=&#8221;60&#8243; force_font_size=&#8221;true&#8221; size_smallscreen=&#8221;50&#8243; size_phone=&#8221;50&#8243; font_weight=&#8221;300&#8243; font_family=&#8221;none&#8221;]REVISTA DEL M\u00c1STER[\/mk_fancy_title][\/vc_column_inner][\/vc_row_inner][\/vc_column][\/mk_page_section][vc_row el_class=&#8221;contenido shadow&#8221;][vc_column][vc_row_inner css=&#8221;.vc_custom_1652705408785{padding-top: 50px !important;}&#8221;][vc_column_inner][vc_single_image image=&#8221;3664&#8243; img_size=&#8221;full&#8221; alignment=&#8221;center&#8221;][mk_fancy_title line_height=&#8221;190&#8243; font_family=&#8221;none&#8221; responsive_align=&#8221;left&#8221;]La revista <strong>CUESTIONES URBANAS<\/strong>, editada por el Departamento de Urban\u00edstica y Ordenaci\u00f3n del Territorio, ha venido recogiendo las conferencias impartidas en las ediciones del MUPDU (desde el curso 2009-10), una selecci\u00f3n de los trabajos pr\u00e1cticos desarrollados en r\u00e9gimen de taller por los alumnos, as\u00ed como diversos art\u00edculos y trabajos de investigaci\u00f3n del profesorado del m\u00e1ster.<\/p>\n<p>Este primer n\u00famero, acorde a la tem\u00e1tica desarrollada en el curso, aborda el crecimiento metropolitano con voluntad de soldadura entre tramas existentes y, por lo que se refiere a los ejercicios de taller, explicita propuestas de ordenaci\u00f3n del \u00e1rea de oportunidad prevista en el Plan de Ordenaci\u00f3n del Territorio de la Aglomeraci\u00f3n Urbana de Sevilla en el Sector SUS R1 A.O. El Zacat\u00edn de Alcal\u00e1 de Guadaira.<\/p>\n<p>La revista, con periodicidad anual, pretende ser el canal de divulgaci\u00f3n de las tareas relacionadas con la ense\u00f1anza de postgrado que lleva a cabo el Departamento de Urban\u00edstica y O. T., recogiendo las aportaciones de expertos invitados al m\u00e1ster, los trabajos que desarrollen los alumnos, as\u00ed como la labor de investigaci\u00f3n que realiza el profesorado del m\u00e1ster.<\/p>\n<p>Va dirigida a los distintos profesionales que intervienen en el Urbanismo y a los estudiantes de las diversas disciplinas que concurren en las tareas de planeamiento y dise\u00f1o urbano, tratando de explicitar nuevas t\u00e9cnicas anal\u00edticas y de diagn\u00f3stico, la ex\u00e9gesis de nuevos modelos urbanos y paradigmas de cohesi\u00f3n social y sostenibilidad, as\u00ed como el diagn\u00f3stico de las novedosas relaciones entre lo urbano y lo territorial y la puesta al d\u00eda de nuevos modelos de gesti\u00f3n que a\u00fanen las exigencias de una mayor gobernanza y participaci\u00f3n, y coadyuven a la configuraci\u00f3n del marco de desarrollo de los nuevos planes de ordenaci\u00f3n.<\/p>\n<table border=\"1\" width=\"75%\">\n<tbody>\n<tr>\n<td width=\"23%\">\n<div align=\"center\"><strong>Edici\u00f3n Master<\/strong><\/div>\n<\/td>\n<td width=\"18%\">\n<div align=\"center\"><strong>N\u00fam. Revista<\/strong><\/div>\n<\/td>\n<td width=\"59%\">\n<div align=\"center\"><strong>Contenido descargable<\/strong><\/div>\n<\/td>\n<\/tr>\n<tr>\n<td>\n<div align=\"center\">2010-11<\/div>\n<\/td>\n<td>\n<div align=\"center\">1<\/div>\n<\/td>\n<td><a href=\"https:\/\/departamento.us.es\/duot\/master\/archivos\/2010-11\/CuestionesUrbanas1.pdf\" target=\"_blank\" rel=\"noopener\">Descargar documento completo<\/a><\/td>\n<\/tr>\n<\/tbody>\n<\/table>\n[\/mk_fancy_title][\/vc_column_inner][\/vc_row_inner][\/vc_column][\/vc_row]\n","protected":false},"excerpt":{"rendered":"<p>[mk_page_section bg_image=&#8221;https:\/\/departamento.us.es\/duot\/wp-content\/uploads\/2022\/04\/banner_docente.jpg&#8221; bg_repeat=&#8221;no-repeat&#8221; bg_stretch=&#8221;true&#8221; video_color_mask=&#8221;#000000&#8243; min_height=&#8221;500&#8243; js_vertical_centered=&#8221;true&#8221; sidebar=&#8221;sidebar-1&#8243;][vc_column][vc_row_inner el_class=&#8221;title_dott&#8221;][vc_column_inner][mk_fancy_title tag_name=&#8221;h1&#8243; color=&#8221;#ffffff&#8221; size=&#8221;60&#8243; force_font_size=&#8221;true&#8221; size_smallscreen=&#8221;50&#8243; size_phone=&#8221;50&#8243; font_weight=&#8221;300&#8243; font_family=&#8221;none&#8221;]REVISTA DEL M\u00c1STER[\/mk_fancy_title][\/vc_column_inner][\/vc_row_inner][\/vc_column][\/mk_page_section][vc_row el_class=&#8221;contenido shadow&#8221;][vc_column][vc_row_inner css=&#8221;.vc_custom_1652705408785{padding-top: 50px !important;}&#8221;][vc_column_inner][vc_single_image image=&#8221;3664&#8243; img_size=&#8221;full&#8221; alignment=&#8221;center&#8221;][mk_fancy_title line_height=&#8221;190&#8243; font_family=&#8221;none&#8221; responsive_align=&#8221;left&#8221;]La revista CUESTIONES URBANAS, editada por el Departamento de Urban\u00edstica y Ordenaci\u00f3n del Territorio, ha venido recogiendo las conferencias impartidas en las ediciones del MUPDU (desde [&hellip;]<\/p>\n","protected":false},"author":4,"featured_media":0,"parent":0,"menu_order":0,"comment_status":"closed","ping_status":"closed","template":"","meta":{"inline_featured_image":false,"footnotes":""},"yoast_head":"<!-- This site is optimized with the Yoast SEO plugin v22.6 - https:\/\/yoast.com\/wordpress\/plugins\/seo\/ -->\n<title>Revista del m\u00e1ster | Dpto. Urban\u00edstica y Ordenaci\u00f3n del Territorio US<\/title>\n<meta name=\"robots\" content=\"index, follow, max-snippet:-1, max-image-preview:large, max-video-preview:-1\" \/>\n<link rel=\"canonical\" href=\"https:\/\/departamento.us.es\/duot\/revista-del-master\/\" \/>\n<meta property=\"og:locale\" content=\"es_ES\" \/>\n<meta property=\"og:type\" content=\"article\" \/>\n<meta property=\"og:title\" content=\"Revista del m\u00e1ster | Dpto. Urban\u00edstica y Ordenaci\u00f3n del Territorio US\" \/>\n<meta property=\"og:description\" content=\"[mk_page_section bg_image=&#8221;https:\/\/departamento.us.es\/duot\/wp-content\/uploads\/2022\/04\/banner_docente.jpg&#8221; bg_repeat=&#8221;no-repeat&#8221; bg_stretch=&#8221;true&#8221; video_color_mask=&#8221;#000000&#8243; min_height=&#8221;500&#8243; js_vertical_centered=&#8221;true&#8221; sidebar=&#8221;sidebar-1&#8243;][vc_column][vc_row_inner el_class=&#8221;title_dott&#8221;][vc_column_inner][mk_fancy_title tag_name=&#8221;h1&#8243; color=&#8221;#ffffff&#8221; size=&#8221;60&#8243; force_font_size=&#8221;true&#8221; size_smallscreen=&#8221;50&#8243; size_phone=&#8221;50&#8243; font_weight=&#8221;300&#8243; font_family=&#8221;none&#8221;]REVISTA DEL M\u00c1STER[\/mk_fancy_title][\/vc_column_inner][\/vc_row_inner][\/vc_column][\/mk_page_section][vc_row el_class=&#8221;contenido shadow&#8221;][vc_column][vc_row_inner css=&#8221;.vc_custom_1652705408785{padding-top: 50px !important;}&#8221;][vc_column_inner][vc_single_image image=&#8221;3664&#8243; img_size=&#8221;full&#8221; alignment=&#8221;center&#8221;][mk_fancy_title line_height=&#8221;190&#8243; font_family=&#8221;none&#8221; responsive_align=&#8221;left&#8221;]La revista CUESTIONES URBANAS, editada por el Departamento de Urban\u00edstica y Ordenaci\u00f3n del Territorio, ha venido recogiendo las conferencias impartidas en las ediciones del MUPDU (desde [&hellip;]\" \/>\n<meta property=\"og:url\" content=\"https:\/\/departamento.us.es\/duot\/revista-del-master\/\" \/>\n<meta property=\"og:site_name\" content=\"Dpto. Urban\u00edstica y Ordenaci\u00f3n del Territorio US\" \/>\n<meta property=\"article:modified_time\" content=\"2022-07-12T09:33:40+00:00\" \/>\n<meta name=\"twitter:card\" content=\"summary_large_image\" \/>\n<script type=\"application\/ld+json\" class=\"yoast-schema-graph\">{\"@context\":\"https:\/\/schema.org\",\"@graph\":[{\"@type\":\"WebPage\",\"@id\":\"https:\/\/departamento.us.es\/duot\/revista-del-master\/\",\"url\":\"https:\/\/departamento.us.es\/duot\/revista-del-master\/\",\"name\":\"Revista del m\u00e1ster | Dpto. Urban\u00edstica y Ordenaci\u00f3n del Territorio US\",\"isPartOf\":{\"@id\":\"https:\/\/departamento.us.es\/duot\/#website\"},\"datePublished\":\"2022-05-16T12:52:03+00:00\",\"dateModified\":\"2022-07-12T09:33:40+00:00\",\"breadcrumb\":{\"@id\":\"https:\/\/departamento.us.es\/duot\/revista-del-master\/#breadcrumb\"},\"inLanguage\":\"es\",\"potentialAction\":[{\"@type\":\"ReadAction\",\"target\":[\"https:\/\/departamento.us.es\/duot\/revista-del-master\/\"]}]},{\"@type\":\"BreadcrumbList\",\"@id\":\"https:\/\/departamento.us.es\/duot\/revista-del-master\/#breadcrumb\",\"itemListElement\":[{\"@type\":\"ListItem\",\"position\":1,\"name\":\"Portada\",\"item\":\"https:\/\/departamento.us.es\/duot\/\"},{\"@type\":\"ListItem\",\"position\":2,\"name\":\"Revista del m\u00e1ster\"}]},{\"@type\":\"WebSite\",\"@id\":\"https:\/\/departamento.us.es\/duot\/#website\",\"url\":\"https:\/\/departamento.us.es\/duot\/\",\"name\":\"Dpto. Urban\u00edstica y Ordenaci\u00f3n del Territorio US\",\"description\":\"Departamento de Urban\u00edstica y Ordenaci\u00f3n del territorio de la Universidad de Sevilla\",\"publisher\":{\"@id\":\"https:\/\/departamento.us.es\/duot\/#organization\"},\"potentialAction\":[{\"@type\":\"SearchAction\",\"target\":{\"@type\":\"EntryPoint\",\"urlTemplate\":\"https:\/\/departamento.us.es\/duot\/?s={search_term_string}\"},\"query-input\":\"required name=search_term_string\"}],\"inLanguage\":\"es\"},{\"@type\":\"Organization\",\"@id\":\"https:\/\/departamento.us.es\/duot\/#organization\",\"name\":\"Departamento de Urban\u00edstica y Ordenaci\u00f3n del territorio US\",\"url\":\"https:\/\/departamento.us.es\/duot\/\",\"logo\":{\"@type\":\"ImageObject\",\"inLanguage\":\"es\",\"@id\":\"https:\/\/departamento.us.es\/duot\/#\/schema\/logo\/image\/\",\"url\":\"https:\/\/departamento.us.es\/duot\/wp-content\/uploads\/2022\/05\/logo_negro.png\",\"contentUrl\":\"https:\/\/departamento.us.es\/duot\/wp-content\/uploads\/2022\/05\/logo_negro.png\",\"width\":475,\"height\":79,\"caption\":\"Departamento de Urban\u00edstica y Ordenaci\u00f3n del territorio US\"},\"image\":{\"@id\":\"https:\/\/departamento.us.es\/duot\/#\/schema\/logo\/image\/\"}}]}<\/script>\n<!-- \/ Yoast SEO plugin. -->","yoast_head_json":{"title":"Revista del m\u00e1ster | Dpto. Urban\u00edstica y Ordenaci\u00f3n del Territorio US","robots":{"index":"index","follow":"follow","max-snippet":"max-snippet:-1","max-image-preview":"max-image-preview:large","max-video-preview":"max-video-preview:-1"},"canonical":"https:\/\/departamento.us.es\/duot\/revista-del-master\/","og_locale":"es_ES","og_type":"article","og_title":"Revista del m\u00e1ster | Dpto. Urban\u00edstica y Ordenaci\u00f3n del Territorio US","og_description":"[mk_page_section bg_image=&#8221;https:\/\/departamento.us.es\/duot\/wp-content\/uploads\/2022\/04\/banner_docente.jpg&#8221; bg_repeat=&#8221;no-repeat&#8221; bg_stretch=&#8221;true&#8221; video_color_mask=&#8221;#000000&#8243; min_height=&#8221;500&#8243; js_vertical_centered=&#8221;true&#8221; sidebar=&#8221;sidebar-1&#8243;][vc_column][vc_row_inner el_class=&#8221;title_dott&#8221;][vc_column_inner][mk_fancy_title tag_name=&#8221;h1&#8243; color=&#8221;#ffffff&#8221; size=&#8221;60&#8243; force_font_size=&#8221;true&#8221; size_smallscreen=&#8221;50&#8243; size_phone=&#8221;50&#8243; font_weight=&#8221;300&#8243; font_family=&#8221;none&#8221;]REVISTA DEL M\u00c1STER[\/mk_fancy_title][\/vc_column_inner][\/vc_row_inner][\/vc_column][\/mk_page_section][vc_row el_class=&#8221;contenido shadow&#8221;][vc_column][vc_row_inner css=&#8221;.vc_custom_1652705408785{padding-top: 50px !important;}&#8221;][vc_column_inner][vc_single_image image=&#8221;3664&#8243; img_size=&#8221;full&#8221; alignment=&#8221;center&#8221;][mk_fancy_title line_height=&#8221;190&#8243; font_family=&#8221;none&#8221; responsive_align=&#8221;left&#8221;]La revista CUESTIONES URBANAS, editada por el Departamento de Urban\u00edstica y Ordenaci\u00f3n del Territorio, ha venido recogiendo las conferencias impartidas en las ediciones del MUPDU (desde [&hellip;]","og_url":"https:\/\/departamento.us.es\/duot\/revista-del-master\/","og_site_name":"Dpto. Urban\u00edstica y Ordenaci\u00f3n del Territorio US","article_modified_time":"2022-07-12T09:33:40+00:00","twitter_card":"summary_large_image","schema":{"@context":"https:\/\/schema.org","@graph":[{"@type":"WebPage","@id":"https:\/\/departamento.us.es\/duot\/revista-del-master\/","url":"https:\/\/departamento.us.es\/duot\/revista-del-master\/","name":"Revista del m\u00e1ster | Dpto. Urban\u00edstica y Ordenaci\u00f3n del Territorio US","isPartOf":{"@id":"https:\/\/departamento.us.es\/duot\/#website"},"datePublished":"2022-05-16T12:52:03+00:00","dateModified":"2022-07-12T09:33:40+00:00","breadcrumb":{"@id":"https:\/\/departamento.us.es\/duot\/revista-del-master\/#breadcrumb"},"inLanguage":"es","potentialAction":[{"@type":"ReadAction","target":["https:\/\/departamento.us.es\/duot\/revista-del-master\/"]}]},{"@type":"BreadcrumbList","@id":"https:\/\/departamento.us.es\/duot\/revista-del-master\/#breadcrumb","itemListElement":[{"@type":"ListItem","position":1,"name":"Portada","item":"https:\/\/departamento.us.es\/duot\/"},{"@type":"ListItem","position":2,"name":"Revista del m\u00e1ster"}]},{"@type":"WebSite","@id":"https:\/\/departamento.us.es\/duot\/#website","url":"https:\/\/departamento.us.es\/duot\/","name":"Dpto. Urban\u00edstica y Ordenaci\u00f3n del Territorio US","description":"Departamento de Urban\u00edstica y Ordenaci\u00f3n del territorio de la Universidad de Sevilla","publisher":{"@id":"https:\/\/departamento.us.es\/duot\/#organization"},"potentialAction":[{"@type":"SearchAction","target":{"@type":"EntryPoint","urlTemplate":"https:\/\/departamento.us.es\/duot\/?s={search_term_string}"},"query-input":"required name=search_term_string"}],"inLanguage":"es"},{"@type":"Organization","@id":"https:\/\/departamento.us.es\/duot\/#organization","name":"Departamento de Urban\u00edstica y Ordenaci\u00f3n del territorio US","url":"https:\/\/departamento.us.es\/duot\/","logo":{"@type":"ImageObject","inLanguage":"es","@id":"https:\/\/departamento.us.es\/duot\/#\/schema\/logo\/image\/","url":"https:\/\/departamento.us.es\/duot\/wp-content\/uploads\/2022\/05\/logo_negro.png","contentUrl":"https:\/\/departamento.us.es\/duot\/wp-content\/uploads\/2022\/05\/logo_negro.png","width":475,"height":79,"caption":"Departamento de Urban\u00edstica y Ordenaci\u00f3n del territorio US"},"image":{"@id":"https:\/\/departamento.us.es\/duot\/#\/schema\/logo\/image\/"}}]}},"_links":{"self":[{"href":"https:\/\/departamento.us.es\/duot\/wp-json\/wp\/v2\/pages\/3656"}],"collection":[{"href":"https:\/\/departamento.us.es\/duot\/wp-json\/wp\/v2\/pages"}],"about":[{"href":"https:\/\/departamento.us.es\/duot\/wp-json\/wp\/v2\/types\/page"}],"author":[{"embeddable":true,"href":"https:\/\/departamento.us.es\/duot\/wp-json\/wp\/v2\/users\/4"}],"replies":[{"embeddable":true,"href":"https:\/\/departamento.us.es\/duot\/wp-json\/wp\/v2\/comments?post=3656"}],"version-history":[{"count":5,"href":"https:\/\/departamento.us.es\/duot\/wp-json\/wp\/v2\/pages\/3656\/revisions"}],"predecessor-version":[{"id":4126,"href":"https:\/\/departamento.us.es\/duot\/wp-json\/wp\/v2\/pages\/3656\/revisions\/4126"}],"wp:attachment":[{"href":"https:\/\/departamento.us.es\/duot\/wp-json\/wp\/v2\/media?parent=3656"}],"curies":[{"name":"wp","href":"https:\/\/api.w.org\/{rel}","templated":true}]}}