{"id":3667,"date":"2022-05-16T14:53:56","date_gmt":"2022-05-16T12:53:56","guid":{"rendered":"https:\/\/departamento.us.es\/duot\/?page_id=3667"},"modified":"2025-11-24T12:54:44","modified_gmt":"2025-11-24T10:54:44","slug":"informacion-general","status":"publish","type":"page","link":"https:\/\/departamento.us.es\/duot\/informacion-general\/","title":{"rendered":"Informaci\u00f3n general"},"content":{"rendered":"[mk_page_section bg_image=&#8221;https:\/\/departamento.us.es\/duot\/wp-content\/uploads\/2022\/04\/banner_docente.jpg&#8221; bg_repeat=&#8221;no-repeat&#8221; bg_stretch=&#8221;true&#8221; video_color_mask=&#8221;#000000&#8243; min_height=&#8221;500&#8243; js_vertical_centered=&#8221;true&#8221; sidebar=&#8221;sidebar-1&#8243;][vc_column][vc_row_inner el_class=&#8221;title_dott&#8221;][vc_column_inner][mk_fancy_title tag_name=&#8221;h1&#8243; color=&#8221;#ffffff&#8221; size=&#8221;60&#8243; force_font_size=&#8221;true&#8221; size_smallscreen=&#8221;40&#8243; size_phone=&#8221;50&#8243; font_weight=&#8221;300&#8243; font_family=&#8221;none&#8221;]INFORMACI\u00d3N GENERAL[\/mk_fancy_title][\/vc_column_inner][\/vc_row_inner][\/vc_column][\/mk_page_section][vc_row el_class=&#8221;contenido shadow&#8221;][vc_column][vc_row_inner css=&#8221;.vc_custom_1652705408785{padding-top: 50px !important;}&#8221;][vc_column_inner][vc_single_image image=&#8221;3664&#8243; img_size=&#8221;full&#8221; alignment=&#8221;center&#8221;][mk_fancy_title line_height=&#8221;190&#8243; font_family=&#8221;none&#8221; responsive_align=&#8221;left&#8221;]\n<p class=\"x_MsoNormal\"><b><span data-olk-copy-source=\"MessageBody\">T\u00cdTULO OFICIAL DE M\u00c1STER UNIVERSITARIO EN URBANISMO, PLANEAMIENTO Y DISE\u00d1O URBANO.\u00a0<\/span><\/b><b><a title=\"https:\/\/www.etsa.us.es\/\" href=\"https:\/\/www.etsa.us.es\/\" target=\"_blank\" rel=\"noopener noreferrer\" data-auth=\"NotApplicable\" data-linkindex=\"0\">ESCUELA T\u00c9CNICA SUPERIOR DE ARQUITECTURA<\/a>.\u00a0<a title=\"https:\/\/www.us.es\/\" href=\"https:\/\/www.us.es\/\" target=\"_blank\" rel=\"noopener noreferrer\" data-auth=\"NotApplicable\" data-linkindex=\"1\">UNIVERSIDAD DE SEVILLA<\/a><\/b><b>\u00a0<\/b><b><\/b><\/p>\n<p class=\"x_MsoNormal\"><b><i>(IMPARTIDO DE FORMA CONTINUADA DESDE EL CURSO 2009-10)<\/i><\/b><\/p>\n<p class=\"x_MsoNormal\">El M\u00e1ster Universitario en Urbanismo, Planeamiento y Dise\u00f1o Urbano (MUPDU) se integra en el Programa Oficial de Postgrado de Arquitectura de la Universidad de Sevilla y de su organizaci\u00f3n se encarga el Departamento de Urban\u00edstica y Ordenaci\u00f3n del Territorio adscrito a la Escuela T\u00e9cnica Superior de Arquitectura.<\/p>\n<p class=\"x_MsoNormal\">El M\u00e1ster pretende cubrir la demanda acad\u00e9mica de especializaci\u00f3n y actualizaci\u00f3n de investigadores y profesionales del urbanismo, el planeamiento y el dise\u00f1o urbano, para que les dirija hacia la innovaci\u00f3n al objeto de abordar con eficacia los instrumentos de intervenci\u00f3n que den respuesta a los nuevos retos de un desarrollo urbano y territorial sostenible; se plantea con la l\u00ednea tem\u00e1tica general de \u201cReflexi\u00f3n e intervenci\u00f3n en la ciudad existente\u201d y en cada edici\u00f3n se estudian diferentes casos de la problem\u00e1tica actual de los procesos urbanos y territoriales.<\/p>\n<p class=\"x_MsoNormal\">Con objeto de desarrollar capacidades y destrezas en el conocimiento y diagn\u00f3stico de la realidad urbano y territorial as\u00ed como en la elaboraci\u00f3n de instrumentos de ordenaci\u00f3n, el M\u00e1ster plantea un ejercicio de intervenci\u00f3n a desarrollar en r\u00e9gimen de Taller\u00a0a lo largo del curso que, participando de la escala de Plan General, se instrumenta mediante una figura asimilable al Planeamiento de Desarrollo y sirve como soporte de los contenidos impartidos en los distintos m\u00f3dulos docentes y como v\u00eda de capacitaci\u00f3n profesional del urbanista.<\/p>\n<p class=\"x_MsoNormal\">Entre los objetivos del M\u00e1ster destacan:\u00a0Cualificar a los investigadores universitarios, a los profesionales y a los t\u00e9cnicos de la administraci\u00f3n para afrontar la planificaci\u00f3n sostenible del territorio y la ciudad acorde con las pol\u00edticas de desarrollo y reglamentaciones auton\u00f3micas espa\u00f1olas y europeas, Desarrollar capacidades y destrezas en el conocimiento y diagn\u00f3stico de la realidad urbano-territorial as\u00ed como en la elaboraci\u00f3n y gesti\u00f3n de los instrumentos de planeamiento, Proporcionar una formaci\u00f3n avanzada en las t\u00e9cnicas actualizadas de planificaci\u00f3n espacial en las distintas escalas en sinton\u00eda con los criterios de los \u00f3rganos administrativos responsables de su aprobaci\u00f3n y en particular con las directrices propias del marco territorial y urbano de Andaluc\u00eda, y, Propiciar la apertura a nuevas l\u00edneas de investigaci\u00f3n en materia de urbanismo, planeamiento y dise\u00f1o urbano de modo que en caso de que el estudiante quiera continuar sus estudios en un grado de especializaci\u00f3n e investigaci\u00f3n superior como es un Doctorado, cuente con la adquisici\u00f3n de competencias necesarias para abordarlo.<\/p>\n<p class=\"x_MsoNormal\">Para\u00a0resolver cualquier otra cuesti\u00f3n relacionada con el M\u00e1ster,\u00a0 pod\u00e9is dirigiros al coordinador del M\u00e1ster, Nieves Mart\u00ednez Rold\u00e1n, a trav\u00e9s de los emails\u00a0<a title=\"mailto:mupdusecretaria@us.es\" href=\"mailto:mupdusecretaria@us.es\" data-linkindex=\"2\">mupdusecretaria@us.es<\/a>\u00a0o\u00a0<a title=\"mailto:nmr@us.es\" href=\"mailto:nmr@us.es\" data-linkindex=\"3\">nmr@us.es<\/a><\/p>\n[\/mk_fancy_title][\/vc_column_inner][\/vc_row_inner][\/vc_column][\/vc_row]\n","protected":false},"excerpt":{"rendered":"<p>[mk_page_section bg_image=&#8221;https:\/\/departamento.us.es\/duot\/wp-content\/uploads\/2022\/04\/banner_docente.jpg&#8221; bg_repeat=&#8221;no-repeat&#8221; bg_stretch=&#8221;true&#8221; video_color_mask=&#8221;#000000&#8243; min_height=&#8221;500&#8243; js_vertical_centered=&#8221;true&#8221; sidebar=&#8221;sidebar-1&#8243;][vc_column][vc_row_inner el_class=&#8221;title_dott&#8221;][vc_column_inner][mk_fancy_title tag_name=&#8221;h1&#8243; color=&#8221;#ffffff&#8221; size=&#8221;60&#8243; force_font_size=&#8221;true&#8221; size_smallscreen=&#8221;40&#8243; size_phone=&#8221;50&#8243; font_weight=&#8221;300&#8243; font_family=&#8221;none&#8221;]INFORMACI\u00d3N GENERAL[\/mk_fancy_title][\/vc_column_inner][\/vc_row_inner][\/vc_column][\/mk_page_section][vc_row el_class=&#8221;contenido shadow&#8221;][vc_column][vc_row_inner css=&#8221;.vc_custom_1652705408785{padding-top: 50px !important;}&#8221;][vc_column_inner][vc_single_image image=&#8221;3664&#8243; img_size=&#8221;full&#8221; alignment=&#8221;center&#8221;][mk_fancy_title line_height=&#8221;190&#8243; font_family=&#8221;none&#8221; responsive_align=&#8221;left&#8221;] T\u00cdTULO OFICIAL DE M\u00c1STER UNIVERSITARIO EN URBANISMO, PLANEAMIENTO Y DISE\u00d1O URBANO.\u00a0ESCUELA T\u00c9CNICA SUPERIOR DE ARQUITECTURA.\u00a0UNIVERSIDAD DE SEVILLA\u00a0 (IMPARTIDO DE FORMA CONTINUADA DESDE EL CURSO 2009-10) El [&hellip;]<\/p>\n","protected":false},"author":4,"featured_media":0,"parent":0,"menu_order":0,"comment_status":"closed","ping_status":"closed","template":"","meta":{"inline_featured_image":false,"footnotes":""},"yoast_head":"<!-- This site is optimized with the Yoast SEO plugin v22.6 - https:\/\/yoast.com\/wordpress\/plugins\/seo\/ -->\n<title>Informaci\u00f3n general | Dpto. Urban\u00edstica y Ordenaci\u00f3n del Territorio US<\/title>\n<meta name=\"robots\" content=\"index, follow, max-snippet:-1, max-image-preview:large, max-video-preview:-1\" \/>\n<link rel=\"canonical\" href=\"https:\/\/departamento.us.es\/duot\/informacion-general\/\" \/>\n<meta property=\"og:locale\" content=\"es_ES\" \/>\n<meta property=\"og:type\" content=\"article\" \/>\n<meta property=\"og:title\" content=\"Informaci\u00f3n general | Dpto. Urban\u00edstica y Ordenaci\u00f3n del Territorio US\" \/>\n<meta property=\"og:description\" content=\"[mk_page_section bg_image=&#8221;https:\/\/departamento.us.es\/duot\/wp-content\/uploads\/2022\/04\/banner_docente.jpg&#8221; bg_repeat=&#8221;no-repeat&#8221; bg_stretch=&#8221;true&#8221; video_color_mask=&#8221;#000000&#8243; min_height=&#8221;500&#8243; js_vertical_centered=&#8221;true&#8221; sidebar=&#8221;sidebar-1&#8243;][vc_column][vc_row_inner el_class=&#8221;title_dott&#8221;][vc_column_inner][mk_fancy_title tag_name=&#8221;h1&#8243; color=&#8221;#ffffff&#8221; size=&#8221;60&#8243; force_font_size=&#8221;true&#8221; size_smallscreen=&#8221;40&#8243; size_phone=&#8221;50&#8243; font_weight=&#8221;300&#8243; font_family=&#8221;none&#8221;]INFORMACI\u00d3N GENERAL[\/mk_fancy_title][\/vc_column_inner][\/vc_row_inner][\/vc_column][\/mk_page_section][vc_row el_class=&#8221;contenido shadow&#8221;][vc_column][vc_row_inner css=&#8221;.vc_custom_1652705408785{padding-top: 50px !important;}&#8221;][vc_column_inner][vc_single_image image=&#8221;3664&#8243; img_size=&#8221;full&#8221; alignment=&#8221;center&#8221;][mk_fancy_title line_height=&#8221;190&#8243; font_family=&#8221;none&#8221; responsive_align=&#8221;left&#8221;] T\u00cdTULO OFICIAL DE M\u00c1STER UNIVERSITARIO EN URBANISMO, PLANEAMIENTO Y DISE\u00d1O URBANO.\u00a0ESCUELA T\u00c9CNICA SUPERIOR DE ARQUITECTURA.\u00a0UNIVERSIDAD DE SEVILLA\u00a0 (IMPARTIDO DE FORMA CONTINUADA DESDE EL CURSO 2009-10) El [&hellip;]\" \/>\n<meta property=\"og:url\" content=\"https:\/\/departamento.us.es\/duot\/informacion-general\/\" \/>\n<meta property=\"og:site_name\" content=\"Dpto. Urban\u00edstica y Ordenaci\u00f3n del Territorio US\" \/>\n<meta property=\"article:modified_time\" content=\"2025-11-24T10:54:44+00:00\" \/>\n<meta name=\"twitter:card\" content=\"summary_large_image\" \/>\n<script type=\"application\/ld+json\" class=\"yoast-schema-graph\">{\"@context\":\"https:\/\/schema.org\",\"@graph\":[{\"@type\":\"WebPage\",\"@id\":\"https:\/\/departamento.us.es\/duot\/informacion-general\/\",\"url\":\"https:\/\/departamento.us.es\/duot\/informacion-general\/\",\"name\":\"Informaci\u00f3n general | Dpto. Urban\u00edstica y Ordenaci\u00f3n del Territorio US\",\"isPartOf\":{\"@id\":\"https:\/\/departamento.us.es\/duot\/#website\"},\"datePublished\":\"2022-05-16T12:53:56+00:00\",\"dateModified\":\"2025-11-24T10:54:44+00:00\",\"breadcrumb\":{\"@id\":\"https:\/\/departamento.us.es\/duot\/informacion-general\/#breadcrumb\"},\"inLanguage\":\"es\",\"potentialAction\":[{\"@type\":\"ReadAction\",\"target\":[\"https:\/\/departamento.us.es\/duot\/informacion-general\/\"]}]},{\"@type\":\"BreadcrumbList\",\"@id\":\"https:\/\/departamento.us.es\/duot\/informacion-general\/#breadcrumb\",\"itemListElement\":[{\"@type\":\"ListItem\",\"position\":1,\"name\":\"Portada\",\"item\":\"https:\/\/departamento.us.es\/duot\/\"},{\"@type\":\"ListItem\",\"position\":2,\"name\":\"Informaci\u00f3n general\"}]},{\"@type\":\"WebSite\",\"@id\":\"https:\/\/departamento.us.es\/duot\/#website\",\"url\":\"https:\/\/departamento.us.es\/duot\/\",\"name\":\"Dpto. Urban\u00edstica y Ordenaci\u00f3n del Territorio US\",\"description\":\"Departamento de Urban\u00edstica y Ordenaci\u00f3n del territorio de la Universidad de Sevilla\",\"publisher\":{\"@id\":\"https:\/\/departamento.us.es\/duot\/#organization\"},\"potentialAction\":[{\"@type\":\"SearchAction\",\"target\":{\"@type\":\"EntryPoint\",\"urlTemplate\":\"https:\/\/departamento.us.es\/duot\/?s={search_term_string}\"},\"query-input\":\"required name=search_term_string\"}],\"inLanguage\":\"es\"},{\"@type\":\"Organization\",\"@id\":\"https:\/\/departamento.us.es\/duot\/#organization\",\"name\":\"Departamento de Urban\u00edstica y Ordenaci\u00f3n del territorio US\",\"url\":\"https:\/\/departamento.us.es\/duot\/\",\"logo\":{\"@type\":\"ImageObject\",\"inLanguage\":\"es\",\"@id\":\"https:\/\/departamento.us.es\/duot\/#\/schema\/logo\/image\/\",\"url\":\"https:\/\/departamento.us.es\/duot\/wp-content\/uploads\/2022\/05\/logo_negro.png\",\"contentUrl\":\"https:\/\/departamento.us.es\/duot\/wp-content\/uploads\/2022\/05\/logo_negro.png\",\"width\":475,\"height\":79,\"caption\":\"Departamento de Urban\u00edstica y Ordenaci\u00f3n del territorio US\"},\"image\":{\"@id\":\"https:\/\/departamento.us.es\/duot\/#\/schema\/logo\/image\/\"}}]}<\/script>\n<!-- \/ Yoast SEO plugin. -->","yoast_head_json":{"title":"Informaci\u00f3n general | Dpto. Urban\u00edstica y Ordenaci\u00f3n del Territorio US","robots":{"index":"index","follow":"follow","max-snippet":"max-snippet:-1","max-image-preview":"max-image-preview:large","max-video-preview":"max-video-preview:-1"},"canonical":"https:\/\/departamento.us.es\/duot\/informacion-general\/","og_locale":"es_ES","og_type":"article","og_title":"Informaci\u00f3n general | Dpto. Urban\u00edstica y Ordenaci\u00f3n del Territorio US","og_description":"[mk_page_section bg_image=&#8221;https:\/\/departamento.us.es\/duot\/wp-content\/uploads\/2022\/04\/banner_docente.jpg&#8221; bg_repeat=&#8221;no-repeat&#8221; bg_stretch=&#8221;true&#8221; video_color_mask=&#8221;#000000&#8243; min_height=&#8221;500&#8243; js_vertical_centered=&#8221;true&#8221; sidebar=&#8221;sidebar-1&#8243;][vc_column][vc_row_inner el_class=&#8221;title_dott&#8221;][vc_column_inner][mk_fancy_title tag_name=&#8221;h1&#8243; color=&#8221;#ffffff&#8221; size=&#8221;60&#8243; force_font_size=&#8221;true&#8221; size_smallscreen=&#8221;40&#8243; size_phone=&#8221;50&#8243; font_weight=&#8221;300&#8243; font_family=&#8221;none&#8221;]INFORMACI\u00d3N GENERAL[\/mk_fancy_title][\/vc_column_inner][\/vc_row_inner][\/vc_column][\/mk_page_section][vc_row el_class=&#8221;contenido shadow&#8221;][vc_column][vc_row_inner css=&#8221;.vc_custom_1652705408785{padding-top: 50px !important;}&#8221;][vc_column_inner][vc_single_image image=&#8221;3664&#8243; img_size=&#8221;full&#8221; alignment=&#8221;center&#8221;][mk_fancy_title line_height=&#8221;190&#8243; font_family=&#8221;none&#8221; responsive_align=&#8221;left&#8221;] T\u00cdTULO OFICIAL DE M\u00c1STER UNIVERSITARIO EN URBANISMO, PLANEAMIENTO Y DISE\u00d1O URBANO.\u00a0ESCUELA T\u00c9CNICA SUPERIOR DE ARQUITECTURA.\u00a0UNIVERSIDAD DE SEVILLA\u00a0 (IMPARTIDO DE FORMA CONTINUADA DESDE EL CURSO 2009-10) El [&hellip;]","og_url":"https:\/\/departamento.us.es\/duot\/informacion-general\/","og_site_name":"Dpto. Urban\u00edstica y Ordenaci\u00f3n del Territorio US","article_modified_time":"2025-11-24T10:54:44+00:00","twitter_card":"summary_large_image","schema":{"@context":"https:\/\/schema.org","@graph":[{"@type":"WebPage","@id":"https:\/\/departamento.us.es\/duot\/informacion-general\/","url":"https:\/\/departamento.us.es\/duot\/informacion-general\/","name":"Informaci\u00f3n general | Dpto. Urban\u00edstica y Ordenaci\u00f3n del Territorio US","isPartOf":{"@id":"https:\/\/departamento.us.es\/duot\/#website"},"datePublished":"2022-05-16T12:53:56+00:00","dateModified":"2025-11-24T10:54:44+00:00","breadcrumb":{"@id":"https:\/\/departamento.us.es\/duot\/informacion-general\/#breadcrumb"},"inLanguage":"es","potentialAction":[{"@type":"ReadAction","target":["https:\/\/departamento.us.es\/duot\/informacion-general\/"]}]},{"@type":"BreadcrumbList","@id":"https:\/\/departamento.us.es\/duot\/informacion-general\/#breadcrumb","itemListElement":[{"@type":"ListItem","position":1,"name":"Portada","item":"https:\/\/departamento.us.es\/duot\/"},{"@type":"ListItem","position":2,"name":"Informaci\u00f3n general"}]},{"@type":"WebSite","@id":"https:\/\/departamento.us.es\/duot\/#website","url":"https:\/\/departamento.us.es\/duot\/","name":"Dpto. Urban\u00edstica y Ordenaci\u00f3n del Territorio US","description":"Departamento de Urban\u00edstica y Ordenaci\u00f3n del territorio de la Universidad de Sevilla","publisher":{"@id":"https:\/\/departamento.us.es\/duot\/#organization"},"potentialAction":[{"@type":"SearchAction","target":{"@type":"EntryPoint","urlTemplate":"https:\/\/departamento.us.es\/duot\/?s={search_term_string}"},"query-input":"required name=search_term_string"}],"inLanguage":"es"},{"@type":"Organization","@id":"https:\/\/departamento.us.es\/duot\/#organization","name":"Departamento de Urban\u00edstica y Ordenaci\u00f3n del territorio US","url":"https:\/\/departamento.us.es\/duot\/","logo":{"@type":"ImageObject","inLanguage":"es","@id":"https:\/\/departamento.us.es\/duot\/#\/schema\/logo\/image\/","url":"https:\/\/departamento.us.es\/duot\/wp-content\/uploads\/2022\/05\/logo_negro.png","contentUrl":"https:\/\/departamento.us.es\/duot\/wp-content\/uploads\/2022\/05\/logo_negro.png","width":475,"height":79,"caption":"Departamento de Urban\u00edstica y Ordenaci\u00f3n del territorio US"},"image":{"@id":"https:\/\/departamento.us.es\/duot\/#\/schema\/logo\/image\/"}}]}},"_links":{"self":[{"href":"https:\/\/departamento.us.es\/duot\/wp-json\/wp\/v2\/pages\/3667"}],"collection":[{"href":"https:\/\/departamento.us.es\/duot\/wp-json\/wp\/v2\/pages"}],"about":[{"href":"https:\/\/departamento.us.es\/duot\/wp-json\/wp\/v2\/types\/page"}],"author":[{"embeddable":true,"href":"https:\/\/departamento.us.es\/duot\/wp-json\/wp\/v2\/users\/4"}],"replies":[{"embeddable":true,"href":"https:\/\/departamento.us.es\/duot\/wp-json\/wp\/v2\/comments?post=3667"}],"version-history":[{"count":9,"href":"https:\/\/departamento.us.es\/duot\/wp-json\/wp\/v2\/pages\/3667\/revisions"}],"predecessor-version":[{"id":5035,"href":"https:\/\/departamento.us.es\/duot\/wp-json\/wp\/v2\/pages\/3667\/revisions\/5035"}],"wp:attachment":[{"href":"https:\/\/departamento.us.es\/duot\/wp-json\/wp\/v2\/media?parent=3667"}],"curies":[{"name":"wp","href":"https:\/\/api.w.org\/{rel}","templated":true}]}}