{"id":3670,"date":"2022-05-16T14:55:47","date_gmt":"2022-05-16T12:55:47","guid":{"rendered":"https:\/\/departamento.us.es\/duot\/?page_id=3670"},"modified":"2022-11-03T13:53:41","modified_gmt":"2022-11-03T11:53:41","slug":"inscripcion-matricula-y-titulo","status":"publish","type":"page","link":"https:\/\/departamento.us.es\/duot\/inscripcion-matricula-y-titulo\/","title":{"rendered":"Inscripci\u00f3n \/ Matr\u00edcula y t\u00edtulo"},"content":{"rendered":"[mk_page_section bg_image=&#8221;https:\/\/departamento.us.es\/duot\/wp-content\/uploads\/2022\/04\/banner_docente.jpg&#8221; bg_repeat=&#8221;no-repeat&#8221; bg_stretch=&#8221;true&#8221; video_color_mask=&#8221;#000000&#8243; min_height=&#8221;500&#8243; js_vertical_centered=&#8221;true&#8221; sidebar=&#8221;sidebar-1&#8243;][vc_column][vc_row_inner el_class=&#8221;title_dott&#8221;][vc_column_inner][mk_fancy_title tag_name=&#8221;h1&#8243; color=&#8221;#ffffff&#8221; size=&#8221;60&#8243; force_font_size=&#8221;true&#8221; size_smallscreen=&#8221;50&#8243; size_phone=&#8221;50&#8243; font_weight=&#8221;300&#8243; font_family=&#8221;none&#8221;]INSCRIPCI\u00d3N \/ MATR\u00cdCULA Y T\u00cdTULO[\/mk_fancy_title][\/vc_column_inner][\/vc_row_inner][\/vc_column][\/mk_page_section][vc_row el_class=&#8221;contenido shadow&#8221;][vc_column][vc_row_inner css=&#8221;.vc_custom_1652705408785{padding-top: 50px !important;}&#8221;][vc_column_inner][vc_single_image image=&#8221;3664&#8243; img_size=&#8221;full&#8221; alignment=&#8221;center&#8221;][mk_fancy_title line_height=&#8221;190&#8243; font_family=&#8221;none&#8221; responsive_align=&#8221;left&#8221;]\n<h2>INSCRIPCI\u00d3N \/ MATR\u00cdCULA Y T\u00cdTULO<\/h2>\n<p>Toda la informaci\u00f3n relativa al \u00a0<strong>M\u00e1ster en Urbanismo, Dise\u00f1o y Planeamiento Urbano<\/strong> , pueden consultarla haciendo clic en el siguiente icono:<\/p>\n<p>&nbsp;<\/p>\n<p>Una vez formalizada la matr\u00edcula a trav\u00e9s de la plataforma &#8220;Automatr\u00edcula&#8221;, si les surge alguna duda o tienen alguna incidencia\u00a0 pueden dirigirse a<\/p>\n<p>la Secretar\u00eda del Centro, a trav\u00e9s de los tel\u00e9fonos: 954.55.59.06\/ 954.55.62.06 o enviando un mail a : carfer@us.es\/ jefasecre_etsa@us.es[\/mk_fancy_title][mk_icon_box2 icon_size=&#8221;64&#8243; icon=&#8221;mk-moon-link-4&#8243; title=&#8221;INFORMACI\u00d3N<br \/>\nINSCRIPCI\u00d3N \/ MATR\u00cdCULA&#8221; read_more_url=&#8221;https:\/\/www.us.es\/estudiar\/que-estudiar\/oferta-de-masteres\/master-universitario-en-urbanismo-planeamiento-y-diseno&#8221; link_target=&#8221;_blank&#8221;][\/mk_icon_box2][\/vc_column_inner][\/vc_row_inner][\/vc_column][\/vc_row]\n","protected":false},"excerpt":{"rendered":"<p>[mk_page_section bg_image=&#8221;https:\/\/departamento.us.es\/duot\/wp-content\/uploads\/2022\/04\/banner_docente.jpg&#8221; bg_repeat=&#8221;no-repeat&#8221; bg_stretch=&#8221;true&#8221; video_color_mask=&#8221;#000000&#8243; min_height=&#8221;500&#8243; js_vertical_centered=&#8221;true&#8221; sidebar=&#8221;sidebar-1&#8243;][vc_column][vc_row_inner el_class=&#8221;title_dott&#8221;][vc_column_inner][mk_fancy_title tag_name=&#8221;h1&#8243; color=&#8221;#ffffff&#8221; size=&#8221;60&#8243; force_font_size=&#8221;true&#8221; size_smallscreen=&#8221;50&#8243; size_phone=&#8221;50&#8243; font_weight=&#8221;300&#8243; font_family=&#8221;none&#8221;]INSCRIPCI\u00d3N \/ MATR\u00cdCULA Y T\u00cdTULO[\/mk_fancy_title][\/vc_column_inner][\/vc_row_inner][\/vc_column][\/mk_page_section][vc_row el_class=&#8221;contenido shadow&#8221;][vc_column][vc_row_inner css=&#8221;.vc_custom_1652705408785{padding-top: 50px !important;}&#8221;][vc_column_inner][vc_single_image image=&#8221;3664&#8243; img_size=&#8221;full&#8221; alignment=&#8221;center&#8221;][mk_fancy_title line_height=&#8221;190&#8243; font_family=&#8221;none&#8221; responsive_align=&#8221;left&#8221;] INSCRIPCI\u00d3N \/ MATR\u00cdCULA Y T\u00cdTULO Toda la informaci\u00f3n relativa al \u00a0M\u00e1ster en Urbanismo, Dise\u00f1o y Planeamiento Urbano , pueden consultarla haciendo clic en [&hellip;]<\/p>\n","protected":false},"author":4,"featured_media":0,"parent":0,"menu_order":0,"comment_status":"closed","ping_status":"closed","template":"","meta":{"inline_featured_image":false,"footnotes":""},"yoast_head":"<!-- This site is optimized with the Yoast SEO plugin v22.6 - https:\/\/yoast.com\/wordpress\/plugins\/seo\/ -->\n<title>Inscripci\u00f3n \/ Matr\u00edcula y t\u00edtulo | Dpto. Urban\u00edstica y Ordenaci\u00f3n del Territorio US<\/title>\n<meta name=\"robots\" content=\"index, follow, max-snippet:-1, max-image-preview:large, max-video-preview:-1\" \/>\n<link rel=\"canonical\" href=\"https:\/\/departamento.us.es\/duot\/inscripcion-matricula-y-titulo\/\" \/>\n<meta property=\"og:locale\" content=\"es_ES\" \/>\n<meta property=\"og:type\" content=\"article\" \/>\n<meta property=\"og:title\" content=\"Inscripci\u00f3n \/ Matr\u00edcula y t\u00edtulo | Dpto. Urban\u00edstica y Ordenaci\u00f3n del Territorio US\" \/>\n<meta property=\"og:description\" content=\"[mk_page_section bg_image=&#8221;https:\/\/departamento.us.es\/duot\/wp-content\/uploads\/2022\/04\/banner_docente.jpg&#8221; bg_repeat=&#8221;no-repeat&#8221; bg_stretch=&#8221;true&#8221; video_color_mask=&#8221;#000000&#8243; min_height=&#8221;500&#8243; js_vertical_centered=&#8221;true&#8221; sidebar=&#8221;sidebar-1&#8243;][vc_column][vc_row_inner el_class=&#8221;title_dott&#8221;][vc_column_inner][mk_fancy_title tag_name=&#8221;h1&#8243; color=&#8221;#ffffff&#8221; size=&#8221;60&#8243; force_font_size=&#8221;true&#8221; size_smallscreen=&#8221;50&#8243; size_phone=&#8221;50&#8243; font_weight=&#8221;300&#8243; font_family=&#8221;none&#8221;]INSCRIPCI\u00d3N \/ MATR\u00cdCULA Y T\u00cdTULO[\/mk_fancy_title][\/vc_column_inner][\/vc_row_inner][\/vc_column][\/mk_page_section][vc_row el_class=&#8221;contenido shadow&#8221;][vc_column][vc_row_inner css=&#8221;.vc_custom_1652705408785{padding-top: 50px !important;}&#8221;][vc_column_inner][vc_single_image image=&#8221;3664&#8243; img_size=&#8221;full&#8221; alignment=&#8221;center&#8221;][mk_fancy_title line_height=&#8221;190&#8243; font_family=&#8221;none&#8221; responsive_align=&#8221;left&#8221;] INSCRIPCI\u00d3N \/ MATR\u00cdCULA Y T\u00cdTULO Toda la informaci\u00f3n relativa al \u00a0M\u00e1ster en Urbanismo, Dise\u00f1o y Planeamiento Urbano , pueden consultarla haciendo clic en [&hellip;]\" \/>\n<meta property=\"og:url\" content=\"https:\/\/departamento.us.es\/duot\/inscripcion-matricula-y-titulo\/\" \/>\n<meta property=\"og:site_name\" content=\"Dpto. Urban\u00edstica y Ordenaci\u00f3n del Territorio US\" \/>\n<meta property=\"article:modified_time\" content=\"2022-11-03T11:53:41+00:00\" \/>\n<meta name=\"twitter:card\" content=\"summary_large_image\" \/>\n<script type=\"application\/ld+json\" class=\"yoast-schema-graph\">{\"@context\":\"https:\/\/schema.org\",\"@graph\":[{\"@type\":\"WebPage\",\"@id\":\"https:\/\/departamento.us.es\/duot\/inscripcion-matricula-y-titulo\/\",\"url\":\"https:\/\/departamento.us.es\/duot\/inscripcion-matricula-y-titulo\/\",\"name\":\"Inscripci\u00f3n \/ Matr\u00edcula y t\u00edtulo | Dpto. Urban\u00edstica y Ordenaci\u00f3n del Territorio US\",\"isPartOf\":{\"@id\":\"https:\/\/departamento.us.es\/duot\/#website\"},\"datePublished\":\"2022-05-16T12:55:47+00:00\",\"dateModified\":\"2022-11-03T11:53:41+00:00\",\"breadcrumb\":{\"@id\":\"https:\/\/departamento.us.es\/duot\/inscripcion-matricula-y-titulo\/#breadcrumb\"},\"inLanguage\":\"es\",\"potentialAction\":[{\"@type\":\"ReadAction\",\"target\":[\"https:\/\/departamento.us.es\/duot\/inscripcion-matricula-y-titulo\/\"]}]},{\"@type\":\"BreadcrumbList\",\"@id\":\"https:\/\/departamento.us.es\/duot\/inscripcion-matricula-y-titulo\/#breadcrumb\",\"itemListElement\":[{\"@type\":\"ListItem\",\"position\":1,\"name\":\"Portada\",\"item\":\"https:\/\/departamento.us.es\/duot\/\"},{\"@type\":\"ListItem\",\"position\":2,\"name\":\"Inscripci\u00f3n \/ Matr\u00edcula y t\u00edtulo\"}]},{\"@type\":\"WebSite\",\"@id\":\"https:\/\/departamento.us.es\/duot\/#website\",\"url\":\"https:\/\/departamento.us.es\/duot\/\",\"name\":\"Dpto. Urban\u00edstica y Ordenaci\u00f3n del Territorio US\",\"description\":\"Departamento de Urban\u00edstica y Ordenaci\u00f3n del territorio de la Universidad de Sevilla\",\"publisher\":{\"@id\":\"https:\/\/departamento.us.es\/duot\/#organization\"},\"potentialAction\":[{\"@type\":\"SearchAction\",\"target\":{\"@type\":\"EntryPoint\",\"urlTemplate\":\"https:\/\/departamento.us.es\/duot\/?s={search_term_string}\"},\"query-input\":\"required name=search_term_string\"}],\"inLanguage\":\"es\"},{\"@type\":\"Organization\",\"@id\":\"https:\/\/departamento.us.es\/duot\/#organization\",\"name\":\"Departamento de Urban\u00edstica y Ordenaci\u00f3n del territorio US\",\"url\":\"https:\/\/departamento.us.es\/duot\/\",\"logo\":{\"@type\":\"ImageObject\",\"inLanguage\":\"es\",\"@id\":\"https:\/\/departamento.us.es\/duot\/#\/schema\/logo\/image\/\",\"url\":\"https:\/\/departamento.us.es\/duot\/wp-content\/uploads\/2022\/05\/logo_negro.png\",\"contentUrl\":\"https:\/\/departamento.us.es\/duot\/wp-content\/uploads\/2022\/05\/logo_negro.png\",\"width\":475,\"height\":79,\"caption\":\"Departamento de Urban\u00edstica y Ordenaci\u00f3n del territorio US\"},\"image\":{\"@id\":\"https:\/\/departamento.us.es\/duot\/#\/schema\/logo\/image\/\"}}]}<\/script>\n<!-- \/ Yoast SEO plugin. -->","yoast_head_json":{"title":"Inscripci\u00f3n \/ Matr\u00edcula y t\u00edtulo | Dpto. Urban\u00edstica y Ordenaci\u00f3n del Territorio US","robots":{"index":"index","follow":"follow","max-snippet":"max-snippet:-1","max-image-preview":"max-image-preview:large","max-video-preview":"max-video-preview:-1"},"canonical":"https:\/\/departamento.us.es\/duot\/inscripcion-matricula-y-titulo\/","og_locale":"es_ES","og_type":"article","og_title":"Inscripci\u00f3n \/ Matr\u00edcula y t\u00edtulo | Dpto. Urban\u00edstica y Ordenaci\u00f3n del Territorio US","og_description":"[mk_page_section bg_image=&#8221;https:\/\/departamento.us.es\/duot\/wp-content\/uploads\/2022\/04\/banner_docente.jpg&#8221; bg_repeat=&#8221;no-repeat&#8221; bg_stretch=&#8221;true&#8221; video_color_mask=&#8221;#000000&#8243; min_height=&#8221;500&#8243; js_vertical_centered=&#8221;true&#8221; sidebar=&#8221;sidebar-1&#8243;][vc_column][vc_row_inner el_class=&#8221;title_dott&#8221;][vc_column_inner][mk_fancy_title tag_name=&#8221;h1&#8243; color=&#8221;#ffffff&#8221; size=&#8221;60&#8243; force_font_size=&#8221;true&#8221; size_smallscreen=&#8221;50&#8243; size_phone=&#8221;50&#8243; font_weight=&#8221;300&#8243; font_family=&#8221;none&#8221;]INSCRIPCI\u00d3N \/ MATR\u00cdCULA Y T\u00cdTULO[\/mk_fancy_title][\/vc_column_inner][\/vc_row_inner][\/vc_column][\/mk_page_section][vc_row el_class=&#8221;contenido shadow&#8221;][vc_column][vc_row_inner css=&#8221;.vc_custom_1652705408785{padding-top: 50px !important;}&#8221;][vc_column_inner][vc_single_image image=&#8221;3664&#8243; img_size=&#8221;full&#8221; alignment=&#8221;center&#8221;][mk_fancy_title line_height=&#8221;190&#8243; font_family=&#8221;none&#8221; responsive_align=&#8221;left&#8221;] INSCRIPCI\u00d3N \/ MATR\u00cdCULA Y T\u00cdTULO Toda la informaci\u00f3n relativa al \u00a0M\u00e1ster en Urbanismo, Dise\u00f1o y Planeamiento Urbano , pueden consultarla haciendo clic en [&hellip;]","og_url":"https:\/\/departamento.us.es\/duot\/inscripcion-matricula-y-titulo\/","og_site_name":"Dpto. Urban\u00edstica y Ordenaci\u00f3n del Territorio US","article_modified_time":"2022-11-03T11:53:41+00:00","twitter_card":"summary_large_image","schema":{"@context":"https:\/\/schema.org","@graph":[{"@type":"WebPage","@id":"https:\/\/departamento.us.es\/duot\/inscripcion-matricula-y-titulo\/","url":"https:\/\/departamento.us.es\/duot\/inscripcion-matricula-y-titulo\/","name":"Inscripci\u00f3n \/ Matr\u00edcula y t\u00edtulo | Dpto. Urban\u00edstica y Ordenaci\u00f3n del Territorio US","isPartOf":{"@id":"https:\/\/departamento.us.es\/duot\/#website"},"datePublished":"2022-05-16T12:55:47+00:00","dateModified":"2022-11-03T11:53:41+00:00","breadcrumb":{"@id":"https:\/\/departamento.us.es\/duot\/inscripcion-matricula-y-titulo\/#breadcrumb"},"inLanguage":"es","potentialAction":[{"@type":"ReadAction","target":["https:\/\/departamento.us.es\/duot\/inscripcion-matricula-y-titulo\/"]}]},{"@type":"BreadcrumbList","@id":"https:\/\/departamento.us.es\/duot\/inscripcion-matricula-y-titulo\/#breadcrumb","itemListElement":[{"@type":"ListItem","position":1,"name":"Portada","item":"https:\/\/departamento.us.es\/duot\/"},{"@type":"ListItem","position":2,"name":"Inscripci\u00f3n \/ Matr\u00edcula y t\u00edtulo"}]},{"@type":"WebSite","@id":"https:\/\/departamento.us.es\/duot\/#website","url":"https:\/\/departamento.us.es\/duot\/","name":"Dpto. Urban\u00edstica y Ordenaci\u00f3n del Territorio US","description":"Departamento de Urban\u00edstica y Ordenaci\u00f3n del territorio de la Universidad de Sevilla","publisher":{"@id":"https:\/\/departamento.us.es\/duot\/#organization"},"potentialAction":[{"@type":"SearchAction","target":{"@type":"EntryPoint","urlTemplate":"https:\/\/departamento.us.es\/duot\/?s={search_term_string}"},"query-input":"required name=search_term_string"}],"inLanguage":"es"},{"@type":"Organization","@id":"https:\/\/departamento.us.es\/duot\/#organization","name":"Departamento de Urban\u00edstica y Ordenaci\u00f3n del territorio US","url":"https:\/\/departamento.us.es\/duot\/","logo":{"@type":"ImageObject","inLanguage":"es","@id":"https:\/\/departamento.us.es\/duot\/#\/schema\/logo\/image\/","url":"https:\/\/departamento.us.es\/duot\/wp-content\/uploads\/2022\/05\/logo_negro.png","contentUrl":"https:\/\/departamento.us.es\/duot\/wp-content\/uploads\/2022\/05\/logo_negro.png","width":475,"height":79,"caption":"Departamento de Urban\u00edstica y Ordenaci\u00f3n del territorio US"},"image":{"@id":"https:\/\/departamento.us.es\/duot\/#\/schema\/logo\/image\/"}}]}},"_links":{"self":[{"href":"https:\/\/departamento.us.es\/duot\/wp-json\/wp\/v2\/pages\/3670"}],"collection":[{"href":"https:\/\/departamento.us.es\/duot\/wp-json\/wp\/v2\/pages"}],"about":[{"href":"https:\/\/departamento.us.es\/duot\/wp-json\/wp\/v2\/types\/page"}],"author":[{"embeddable":true,"href":"https:\/\/departamento.us.es\/duot\/wp-json\/wp\/v2\/users\/4"}],"replies":[{"embeddable":true,"href":"https:\/\/departamento.us.es\/duot\/wp-json\/wp\/v2\/comments?post=3670"}],"version-history":[{"count":13,"href":"https:\/\/departamento.us.es\/duot\/wp-json\/wp\/v2\/pages\/3670\/revisions"}],"predecessor-version":[{"id":4250,"href":"https:\/\/departamento.us.es\/duot\/wp-json\/wp\/v2\/pages\/3670\/revisions\/4250"}],"wp:attachment":[{"href":"https:\/\/departamento.us.es\/duot\/wp-json\/wp\/v2\/media?parent=3670"}],"curies":[{"name":"wp","href":"https:\/\/api.w.org\/{rel}","templated":true}]}}