{"id":3690,"date":"2022-05-17T08:59:53","date_gmt":"2022-05-17T06:59:53","guid":{"rendered":"https:\/\/departamento.us.es\/duot\/?page_id=3690"},"modified":"2024-09-26T18:37:20","modified_gmt":"2024-09-26T16:37:20","slug":"descargas","status":"publish","type":"page","link":"https:\/\/departamento.us.es\/duot\/descargas\/","title":{"rendered":"Descargas"},"content":{"rendered":"[mk_page_section bg_image=&#8221;https:\/\/departamento.us.es\/duot\/wp-content\/uploads\/2022\/04\/banner_docente.jpg&#8221; bg_repeat=&#8221;no-repeat&#8221; bg_stretch=&#8221;true&#8221; video_color_mask=&#8221;#000000&#8243; min_height=&#8221;500&#8243; js_vertical_centered=&#8221;true&#8221; sidebar=&#8221;sidebar-1&#8243;][vc_column][vc_row_inner el_class=&#8221;title_dott&#8221;][vc_column_inner][mk_fancy_title tag_name=&#8221;h1&#8243; color=&#8221;#ffffff&#8221; size=&#8221;60&#8243; force_font_size=&#8221;true&#8221; size_smallscreen=&#8221;50&#8243; size_phone=&#8221;50&#8243; font_weight=&#8221;300&#8243; txt_transform=&#8221;uppercase&#8221; font_family=&#8221;none&#8221;]Descargas[\/mk_fancy_title][\/vc_column_inner][\/vc_row_inner][\/vc_column][\/mk_page_section][vc_row el_class=&#8221;contenido shadow&#8221;][vc_column][vc_row_inner css=&#8221;.vc_custom_1652705408785{padding-top: 50px !important;}&#8221;][vc_column_inner width=&#8221;1\/4&#8243;][mk_icon_box2 icon_size=&#8221;48&#8243; icon=&#8221;mk-moon-download-5&#8243; icon_color=&#8221;#000000&#8243; title=&#8221;GRANDES EVENTOS Y CONSTRUCCI\u00d3N DE CIUDAD: LA EXPERIENCIA ESPA\u00d1OLA (Inscripci\u00f3n-Tr\u00edptico)&#8221; title_size=&#8221;15&#8243; title_weight=&#8221;bold&#8221; read_more_url=&#8221;\/duot\/wp-content\/uploads\/2022\/05\/20081128triptico-programaencuentroetsa.pdf&#8221; link_target=&#8221;_blank&#8221;][\/mk_icon_box2][\/vc_column_inner][vc_column_inner width=&#8221;1\/4&#8243;][mk_icon_box2 icon_size=&#8221;48&#8243; icon=&#8221;mk-moon-download-5&#8243; icon_color=&#8221;#000000&#8243; title=&#8221;GRANDES EVENTOS Y CONSTRUCCI\u00d3N DE CIUDAD: LA EXPERIENCIA ESPA\u00d1OLA (Cartel)&#8221; title_size=&#8221;15&#8243; title_weight=&#8221;bold&#8221; read_more_url=&#8221;\/duot\/wp-content\/uploads\/2022\/05\/20081128cartelencuentroetsa.pdf&#8221; link_target=&#8221;_blank&#8221;][\/mk_icon_box2][\/vc_column_inner][vc_column_inner width=&#8221;1\/4&#8243;][mk_icon_box2 icon_size=&#8221;48&#8243; icon=&#8221;mk-moon-download-5&#8243; icon_color=&#8221;#000000&#8243; title=&#8221;Consideraciones sobre el PLAN DE ORDENACION DEL TERRITORIO DE LA AGLOMERACION URBANA DE SEVILLA&#8221; title_size=&#8221;15&#8243; title_weight=&#8221;bold&#8221; read_more_url=&#8221;\/duot\/wp-content\/uploads\/2022\/05\/potausdefinitivo.pdf&#8221; link_target=&#8221;_blank&#8221;][\/mk_icon_box2][\/vc_column_inner][vc_column_inner width=&#8221;1\/4&#8243;][mk_icon_box2 icon_size=&#8221;48&#8243; icon=&#8221;mk-moon-download-5&#8243; icon_color=&#8221;#000000&#8243; title=&#8221;REGLAMENTO DE FUNCIONAMIENTO DEL CONSEJO DEL DEPARTAMENTO DE URBAN\u00cdSTICA Y ORDENACI\u00d3N DEL TERRITORIO&#8221; title_size=&#8221;15&#8243; title_weight=&#8221;bold&#8221; read_more_url=&#8221;\/duot\/wp-content\/uploads\/2024\/09\/reglamento-urbanistica-y-o.t._acuerdo-4.1.8_cg_20-1-06-oficial.pdf&#8221; link_target=&#8221;_blank&#8221;][\/mk_icon_box2][\/vc_column_inner][\/vc_row_inner][\/vc_column][\/vc_row]\n","protected":false},"excerpt":{"rendered":"<p>[mk_page_section bg_image=&#8221;https:\/\/departamento.us.es\/duot\/wp-content\/uploads\/2022\/04\/banner_docente.jpg&#8221; bg_repeat=&#8221;no-repeat&#8221; bg_stretch=&#8221;true&#8221; video_color_mask=&#8221;#000000&#8243; min_height=&#8221;500&#8243; js_vertical_centered=&#8221;true&#8221; sidebar=&#8221;sidebar-1&#8243;][vc_column][vc_row_inner el_class=&#8221;title_dott&#8221;][vc_column_inner][mk_fancy_title tag_name=&#8221;h1&#8243; color=&#8221;#ffffff&#8221; size=&#8221;60&#8243; force_font_size=&#8221;true&#8221; size_smallscreen=&#8221;50&#8243; size_phone=&#8221;50&#8243; font_weight=&#8221;300&#8243; txt_transform=&#8221;uppercase&#8221; font_family=&#8221;none&#8221;]Descargas[\/mk_fancy_title][\/vc_column_inner][\/vc_row_inner][\/vc_column][\/mk_page_section][vc_row el_class=&#8221;contenido shadow&#8221;][vc_column][vc_row_inner css=&#8221;.vc_custom_1652705408785{padding-top: 50px !important;}&#8221;][vc_column_inner width=&#8221;1\/4&#8243;][mk_icon_box2 icon_size=&#8221;48&#8243; icon=&#8221;mk-moon-download-5&#8243; icon_color=&#8221;#000000&#8243; title=&#8221;GRANDES EVENTOS Y CONSTRUCCI\u00d3N DE CIUDAD: LA EXPERIENCIA ESPA\u00d1OLA (Inscripci\u00f3n-Tr\u00edptico)&#8221; title_size=&#8221;15&#8243; title_weight=&#8221;bold&#8221; read_more_url=&#8221;\/duot\/wp-content\/uploads\/2022\/05\/20081128triptico-programaencuentroetsa.pdf&#8221; link_target=&#8221;_blank&#8221;][\/mk_icon_box2][\/vc_column_inner][vc_column_inner width=&#8221;1\/4&#8243;][mk_icon_box2 icon_size=&#8221;48&#8243; icon=&#8221;mk-moon-download-5&#8243; icon_color=&#8221;#000000&#8243; title=&#8221;GRANDES EVENTOS Y CONSTRUCCI\u00d3N DE CIUDAD: LA EXPERIENCIA ESPA\u00d1OLA (Cartel)&#8221; [&hellip;]<\/p>\n","protected":false},"author":4,"featured_media":0,"parent":0,"menu_order":0,"comment_status":"closed","ping_status":"closed","template":"","meta":{"inline_featured_image":false,"footnotes":""},"yoast_head":"<!-- This site is optimized with the Yoast SEO plugin v22.6 - https:\/\/yoast.com\/wordpress\/plugins\/seo\/ -->\n<title>Descargas | Dpto. Urban\u00edstica y Ordenaci\u00f3n del Territorio US<\/title>\n<meta name=\"robots\" content=\"index, follow, max-snippet:-1, max-image-preview:large, max-video-preview:-1\" \/>\n<link rel=\"canonical\" href=\"https:\/\/departamento.us.es\/duot\/descargas\/\" \/>\n<meta property=\"og:locale\" content=\"es_ES\" \/>\n<meta property=\"og:type\" content=\"article\" \/>\n<meta property=\"og:title\" content=\"Descargas | Dpto. Urban\u00edstica y Ordenaci\u00f3n del Territorio US\" \/>\n<meta property=\"og:description\" content=\"[mk_page_section bg_image=&#8221;https:\/\/departamento.us.es\/duot\/wp-content\/uploads\/2022\/04\/banner_docente.jpg&#8221; bg_repeat=&#8221;no-repeat&#8221; bg_stretch=&#8221;true&#8221; video_color_mask=&#8221;#000000&#8243; min_height=&#8221;500&#8243; js_vertical_centered=&#8221;true&#8221; sidebar=&#8221;sidebar-1&#8243;][vc_column][vc_row_inner el_class=&#8221;title_dott&#8221;][vc_column_inner][mk_fancy_title tag_name=&#8221;h1&#8243; color=&#8221;#ffffff&#8221; size=&#8221;60&#8243; force_font_size=&#8221;true&#8221; size_smallscreen=&#8221;50&#8243; size_phone=&#8221;50&#8243; font_weight=&#8221;300&#8243; txt_transform=&#8221;uppercase&#8221; font_family=&#8221;none&#8221;]Descargas[\/mk_fancy_title][\/vc_column_inner][\/vc_row_inner][\/vc_column][\/mk_page_section][vc_row el_class=&#8221;contenido shadow&#8221;][vc_column][vc_row_inner css=&#8221;.vc_custom_1652705408785{padding-top: 50px !important;}&#8221;][vc_column_inner width=&#8221;1\/4&#8243;][mk_icon_box2 icon_size=&#8221;48&#8243; icon=&#8221;mk-moon-download-5&#8243; icon_color=&#8221;#000000&#8243; title=&#8221;GRANDES EVENTOS Y CONSTRUCCI\u00d3N DE CIUDAD: LA EXPERIENCIA ESPA\u00d1OLA (Inscripci\u00f3n-Tr\u00edptico)&#8221; title_size=&#8221;15&#8243; title_weight=&#8221;bold&#8221; read_more_url=&#8221;\/duot\/wp-content\/uploads\/2022\/05\/20081128triptico-programaencuentroetsa.pdf&#8221; link_target=&#8221;_blank&#8221;][\/mk_icon_box2][\/vc_column_inner][vc_column_inner width=&#8221;1\/4&#8243;][mk_icon_box2 icon_size=&#8221;48&#8243; icon=&#8221;mk-moon-download-5&#8243; icon_color=&#8221;#000000&#8243; title=&#8221;GRANDES EVENTOS Y CONSTRUCCI\u00d3N DE CIUDAD: LA EXPERIENCIA ESPA\u00d1OLA (Cartel)&#8221; [&hellip;]\" \/>\n<meta property=\"og:url\" content=\"https:\/\/departamento.us.es\/duot\/descargas\/\" \/>\n<meta property=\"og:site_name\" content=\"Dpto. Urban\u00edstica y Ordenaci\u00f3n del Territorio US\" \/>\n<meta property=\"article:modified_time\" content=\"2024-09-26T16:37:20+00:00\" \/>\n<meta name=\"twitter:card\" content=\"summary_large_image\" \/>\n<script type=\"application\/ld+json\" class=\"yoast-schema-graph\">{\"@context\":\"https:\/\/schema.org\",\"@graph\":[{\"@type\":\"WebPage\",\"@id\":\"https:\/\/departamento.us.es\/duot\/descargas\/\",\"url\":\"https:\/\/departamento.us.es\/duot\/descargas\/\",\"name\":\"Descargas | Dpto. Urban\u00edstica y Ordenaci\u00f3n del Territorio US\",\"isPartOf\":{\"@id\":\"https:\/\/departamento.us.es\/duot\/#website\"},\"datePublished\":\"2022-05-17T06:59:53+00:00\",\"dateModified\":\"2024-09-26T16:37:20+00:00\",\"breadcrumb\":{\"@id\":\"https:\/\/departamento.us.es\/duot\/descargas\/#breadcrumb\"},\"inLanguage\":\"es\",\"potentialAction\":[{\"@type\":\"ReadAction\",\"target\":[\"https:\/\/departamento.us.es\/duot\/descargas\/\"]}]},{\"@type\":\"BreadcrumbList\",\"@id\":\"https:\/\/departamento.us.es\/duot\/descargas\/#breadcrumb\",\"itemListElement\":[{\"@type\":\"ListItem\",\"position\":1,\"name\":\"Portada\",\"item\":\"https:\/\/departamento.us.es\/duot\/\"},{\"@type\":\"ListItem\",\"position\":2,\"name\":\"Descargas\"}]},{\"@type\":\"WebSite\",\"@id\":\"https:\/\/departamento.us.es\/duot\/#website\",\"url\":\"https:\/\/departamento.us.es\/duot\/\",\"name\":\"Dpto. Urban\u00edstica y Ordenaci\u00f3n del Territorio US\",\"description\":\"Departamento de Urban\u00edstica y Ordenaci\u00f3n del territorio de la Universidad de Sevilla\",\"publisher\":{\"@id\":\"https:\/\/departamento.us.es\/duot\/#organization\"},\"potentialAction\":[{\"@type\":\"SearchAction\",\"target\":{\"@type\":\"EntryPoint\",\"urlTemplate\":\"https:\/\/departamento.us.es\/duot\/?s={search_term_string}\"},\"query-input\":\"required name=search_term_string\"}],\"inLanguage\":\"es\"},{\"@type\":\"Organization\",\"@id\":\"https:\/\/departamento.us.es\/duot\/#organization\",\"name\":\"Departamento de Urban\u00edstica y Ordenaci\u00f3n del territorio US\",\"url\":\"https:\/\/departamento.us.es\/duot\/\",\"logo\":{\"@type\":\"ImageObject\",\"inLanguage\":\"es\",\"@id\":\"https:\/\/departamento.us.es\/duot\/#\/schema\/logo\/image\/\",\"url\":\"https:\/\/departamento.us.es\/duot\/wp-content\/uploads\/2022\/05\/logo_negro.png\",\"contentUrl\":\"https:\/\/departamento.us.es\/duot\/wp-content\/uploads\/2022\/05\/logo_negro.png\",\"width\":475,\"height\":79,\"caption\":\"Departamento de Urban\u00edstica y Ordenaci\u00f3n del territorio US\"},\"image\":{\"@id\":\"https:\/\/departamento.us.es\/duot\/#\/schema\/logo\/image\/\"}}]}<\/script>\n<!-- \/ Yoast SEO plugin. -->","yoast_head_json":{"title":"Descargas | Dpto. Urban\u00edstica y Ordenaci\u00f3n del Territorio US","robots":{"index":"index","follow":"follow","max-snippet":"max-snippet:-1","max-image-preview":"max-image-preview:large","max-video-preview":"max-video-preview:-1"},"canonical":"https:\/\/departamento.us.es\/duot\/descargas\/","og_locale":"es_ES","og_type":"article","og_title":"Descargas | Dpto. Urban\u00edstica y Ordenaci\u00f3n del Territorio US","og_description":"[mk_page_section bg_image=&#8221;https:\/\/departamento.us.es\/duot\/wp-content\/uploads\/2022\/04\/banner_docente.jpg&#8221; bg_repeat=&#8221;no-repeat&#8221; bg_stretch=&#8221;true&#8221; video_color_mask=&#8221;#000000&#8243; min_height=&#8221;500&#8243; js_vertical_centered=&#8221;true&#8221; sidebar=&#8221;sidebar-1&#8243;][vc_column][vc_row_inner el_class=&#8221;title_dott&#8221;][vc_column_inner][mk_fancy_title tag_name=&#8221;h1&#8243; color=&#8221;#ffffff&#8221; size=&#8221;60&#8243; force_font_size=&#8221;true&#8221; size_smallscreen=&#8221;50&#8243; size_phone=&#8221;50&#8243; font_weight=&#8221;300&#8243; txt_transform=&#8221;uppercase&#8221; font_family=&#8221;none&#8221;]Descargas[\/mk_fancy_title][\/vc_column_inner][\/vc_row_inner][\/vc_column][\/mk_page_section][vc_row el_class=&#8221;contenido shadow&#8221;][vc_column][vc_row_inner css=&#8221;.vc_custom_1652705408785{padding-top: 50px !important;}&#8221;][vc_column_inner width=&#8221;1\/4&#8243;][mk_icon_box2 icon_size=&#8221;48&#8243; icon=&#8221;mk-moon-download-5&#8243; icon_color=&#8221;#000000&#8243; title=&#8221;GRANDES EVENTOS Y CONSTRUCCI\u00d3N DE CIUDAD: LA EXPERIENCIA ESPA\u00d1OLA (Inscripci\u00f3n-Tr\u00edptico)&#8221; title_size=&#8221;15&#8243; title_weight=&#8221;bold&#8221; read_more_url=&#8221;\/duot\/wp-content\/uploads\/2022\/05\/20081128triptico-programaencuentroetsa.pdf&#8221; link_target=&#8221;_blank&#8221;][\/mk_icon_box2][\/vc_column_inner][vc_column_inner width=&#8221;1\/4&#8243;][mk_icon_box2 icon_size=&#8221;48&#8243; icon=&#8221;mk-moon-download-5&#8243; icon_color=&#8221;#000000&#8243; title=&#8221;GRANDES EVENTOS Y CONSTRUCCI\u00d3N DE CIUDAD: LA EXPERIENCIA ESPA\u00d1OLA (Cartel)&#8221; [&hellip;]","og_url":"https:\/\/departamento.us.es\/duot\/descargas\/","og_site_name":"Dpto. Urban\u00edstica y Ordenaci\u00f3n del Territorio US","article_modified_time":"2024-09-26T16:37:20+00:00","twitter_card":"summary_large_image","schema":{"@context":"https:\/\/schema.org","@graph":[{"@type":"WebPage","@id":"https:\/\/departamento.us.es\/duot\/descargas\/","url":"https:\/\/departamento.us.es\/duot\/descargas\/","name":"Descargas | Dpto. Urban\u00edstica y Ordenaci\u00f3n del Territorio US","isPartOf":{"@id":"https:\/\/departamento.us.es\/duot\/#website"},"datePublished":"2022-05-17T06:59:53+00:00","dateModified":"2024-09-26T16:37:20+00:00","breadcrumb":{"@id":"https:\/\/departamento.us.es\/duot\/descargas\/#breadcrumb"},"inLanguage":"es","potentialAction":[{"@type":"ReadAction","target":["https:\/\/departamento.us.es\/duot\/descargas\/"]}]},{"@type":"BreadcrumbList","@id":"https:\/\/departamento.us.es\/duot\/descargas\/#breadcrumb","itemListElement":[{"@type":"ListItem","position":1,"name":"Portada","item":"https:\/\/departamento.us.es\/duot\/"},{"@type":"ListItem","position":2,"name":"Descargas"}]},{"@type":"WebSite","@id":"https:\/\/departamento.us.es\/duot\/#website","url":"https:\/\/departamento.us.es\/duot\/","name":"Dpto. Urban\u00edstica y Ordenaci\u00f3n del Territorio US","description":"Departamento de Urban\u00edstica y Ordenaci\u00f3n del territorio de la Universidad de Sevilla","publisher":{"@id":"https:\/\/departamento.us.es\/duot\/#organization"},"potentialAction":[{"@type":"SearchAction","target":{"@type":"EntryPoint","urlTemplate":"https:\/\/departamento.us.es\/duot\/?s={search_term_string}"},"query-input":"required name=search_term_string"}],"inLanguage":"es"},{"@type":"Organization","@id":"https:\/\/departamento.us.es\/duot\/#organization","name":"Departamento de Urban\u00edstica y Ordenaci\u00f3n del territorio US","url":"https:\/\/departamento.us.es\/duot\/","logo":{"@type":"ImageObject","inLanguage":"es","@id":"https:\/\/departamento.us.es\/duot\/#\/schema\/logo\/image\/","url":"https:\/\/departamento.us.es\/duot\/wp-content\/uploads\/2022\/05\/logo_negro.png","contentUrl":"https:\/\/departamento.us.es\/duot\/wp-content\/uploads\/2022\/05\/logo_negro.png","width":475,"height":79,"caption":"Departamento de Urban\u00edstica y Ordenaci\u00f3n del territorio US"},"image":{"@id":"https:\/\/departamento.us.es\/duot\/#\/schema\/logo\/image\/"}}]}},"_links":{"self":[{"href":"https:\/\/departamento.us.es\/duot\/wp-json\/wp\/v2\/pages\/3690"}],"collection":[{"href":"https:\/\/departamento.us.es\/duot\/wp-json\/wp\/v2\/pages"}],"about":[{"href":"https:\/\/departamento.us.es\/duot\/wp-json\/wp\/v2\/types\/page"}],"author":[{"embeddable":true,"href":"https:\/\/departamento.us.es\/duot\/wp-json\/wp\/v2\/users\/4"}],"replies":[{"embeddable":true,"href":"https:\/\/departamento.us.es\/duot\/wp-json\/wp\/v2\/comments?post=3690"}],"version-history":[{"count":10,"href":"https:\/\/departamento.us.es\/duot\/wp-json\/wp\/v2\/pages\/3690\/revisions"}],"predecessor-version":[{"id":4729,"href":"https:\/\/departamento.us.es\/duot\/wp-json\/wp\/v2\/pages\/3690\/revisions\/4729"}],"wp:attachment":[{"href":"https:\/\/departamento.us.es\/duot\/wp-json\/wp\/v2\/media?parent=3690"}],"curies":[{"name":"wp","href":"https:\/\/api.w.org\/{rel}","templated":true}]}}