{"id":3794,"date":"2022-05-17T12:24:41","date_gmt":"2022-05-17T10:24:41","guid":{"rendered":"https:\/\/departamento.us.es\/duot\/?page_id=3794"},"modified":"2025-09-25T11:03:27","modified_gmt":"2025-09-25T09:03:27","slug":"comision-de-docencia","status":"publish","type":"page","link":"https:\/\/departamento.us.es\/duot\/comision-de-docencia\/","title":{"rendered":"Comisi\u00f3n Acad\u00e9mica del MUPDU"},"content":{"rendered":"[mk_page_section bg_image=&#8221;https:\/\/departamento.us.es\/duot\/wp-content\/uploads\/2022\/04\/banner_docente.jpg&#8221; bg_repeat=&#8221;no-repeat&#8221; bg_stretch=&#8221;true&#8221; video_color_mask=&#8221;#000000&#8243; min_height=&#8221;500&#8243; js_vertical_centered=&#8221;true&#8221; sidebar=&#8221;sidebar-1&#8243;][vc_column][vc_row_inner el_class=&#8221;title_dott&#8221;][vc_column_inner][mk_fancy_title tag_name=&#8221;h1&#8243; color=&#8221;#ffffff&#8221; size=&#8221;60&#8243; force_font_size=&#8221;true&#8221; size_smallscreen=&#8221;50&#8243; size_phone=&#8221;50&#8243; font_weight=&#8221;300&#8243; font_family=&#8221;none&#8221;]Comisi\u00f3n Acad\u00e9mica del MUPDU<\/p>\n<h5><span style=\"color: #ffffff;\">D\u00aa. Nieves Mart\u00ednez Rold\u00e1n<\/span><\/h5>\n<h5><span style=\"color: #ffffff;\">D.\u00a0 Pedro\u00a0 G\u00f3rgolas\u00a0 Mart\u00edn<\/span><\/h5>\n<h5><span style=\"color: #ffffff;\">D\u00aa. Mar\u00eda\u00a0 Dolores\u00a0 Goytia\u00a0 Goyenechea<\/span><\/h5>\n<h5><span style=\"color: #ffffff;\">D.\u00a0 Antonio Ochoa de Retana G\u00f3mez de Uribarri<\/span><\/h5>\n<h5><span style=\"color: #ffffff;\">D.\u00a0 \u00c1ngel\u00a0 Luis\u00a0 Gonz\u00e1lez\u00a0 Morales<\/span><\/h5>\n[\/mk_fancy_title][\/vc_column_inner][\/vc_row_inner][\/vc_column][\/mk_page_section][vc_row el_class=&#8221;contenido shadow&#8221;][vc_column][vc_row_inner css=&#8221;.vc_custom_1652705408785{padding-top: 50px !important;}&#8221;][vc_column_inner][vc_raw_html]JTVCYmRwX3Bvc3QlMjBncmlkJTNEJTIyNCUyMiUyMHNob3dfYXV0aG9yJTNEJTIyZmFsc2UlMjIlMjBzaG93X3RhZ3MlM0QlMjJmYWxzZSUyMiUyMHNob3dfY29tbWVudHMlM0QlMjJmYWxzZSUyMiUyMHNob3dfY2F0ZWdvcnklM0QlMjJmYWxzZSUyMiUyMGNhdGVnb3J5JTNEJTIyNjAlMjIlNUQlMEElMEElM0MlMjEtLSU1QmJkcF9wb3N0X2xpc3QlMjBzaG93X2RhdGUlM0QlMjJmYWxzZSUyMiUyMHNob3dfYXV0aG9yJTNEJTIyZmFsc2UlMjIlMjBzaG93X3RhZ3MlM0QlMjJmYWxzZSUyMiUyMHNob3dfY29tbWVudHMlM0QlMjJmYWxzZSUyMiUyMGNhdGVnb3J5JTNEJTIyNjAlMjIlNUQtLSUzRQ==[\/vc_raw_html][\/vc_column_inner][\/vc_row_inner][\/vc_column][\/vc_row]\n","protected":false},"excerpt":{"rendered":"<p>[mk_page_section bg_image=&#8221;https:\/\/departamento.us.es\/duot\/wp-content\/uploads\/2022\/04\/banner_docente.jpg&#8221; bg_repeat=&#8221;no-repeat&#8221; bg_stretch=&#8221;true&#8221; video_color_mask=&#8221;#000000&#8243; min_height=&#8221;500&#8243; js_vertical_centered=&#8221;true&#8221; sidebar=&#8221;sidebar-1&#8243;][vc_column][vc_row_inner el_class=&#8221;title_dott&#8221;][vc_column_inner][mk_fancy_title tag_name=&#8221;h1&#8243; color=&#8221;#ffffff&#8221; size=&#8221;60&#8243; force_font_size=&#8221;true&#8221; size_smallscreen=&#8221;50&#8243; size_phone=&#8221;50&#8243; font_weight=&#8221;300&#8243; font_family=&#8221;none&#8221;]Comisi\u00f3n Acad\u00e9mica del MUPDU D\u00aa. Nieves Mart\u00ednez Rold\u00e1n D.\u00a0 Pedro\u00a0 G\u00f3rgolas\u00a0 Mart\u00edn D\u00aa. Mar\u00eda\u00a0 Dolores\u00a0 Goytia\u00a0 Goyenechea D.\u00a0 Antonio Ochoa de Retana G\u00f3mez de Uribarri D.\u00a0 \u00c1ngel\u00a0 Luis\u00a0 Gonz\u00e1lez\u00a0 Morales [\/mk_fancy_title][\/vc_column_inner][\/vc_row_inner][\/vc_column][\/mk_page_section][vc_row el_class=&#8221;contenido shadow&#8221;][vc_column][vc_row_inner css=&#8221;.vc_custom_1652705408785{padding-top: 50px !important;}&#8221;][vc_column_inner][vc_raw_html]JTVCYmRwX3Bvc3QlMjBncmlkJTNEJTIyNCUyMiUyMHNob3dfYXV0aG9yJTNEJTIyZmFsc2UlMjIlMjBzaG93X3RhZ3MlM0QlMjJmYWxzZSUyMiUyMHNob3dfY29tbWVudHMlM0QlMjJmYWxzZSUyMiUyMHNob3dfY2F0ZWdvcnklM0QlMjJmYWxzZSUyMiUyMGNhdGVnb3J5JTNEJTIyNjAlMjIlNUQlMEElMEElM0MlMjEtLSU1QmJkcF9wb3N0X2xpc3QlMjBzaG93X2RhdGUlM0QlMjJmYWxzZSUyMiUyMHNob3dfYXV0aG9yJTNEJTIyZmFsc2UlMjIlMjBzaG93X3RhZ3MlM0QlMjJmYWxzZSUyMiUyMHNob3dfY29tbWVudHMlM0QlMjJmYWxzZSUyMiUyMGNhdGVnb3J5JTNEJTIyNjAlMjIlNUQtLSUzRQ==[\/vc_raw_html][\/vc_column_inner][\/vc_row_inner][\/vc_column][\/vc_row]<\/p>\n","protected":false},"author":4,"featured_media":0,"parent":0,"menu_order":0,"comment_status":"closed","ping_status":"closed","template":"","meta":{"inline_featured_image":false,"footnotes":""},"yoast_head":"<!-- This site is optimized with the Yoast SEO plugin v22.6 - https:\/\/yoast.com\/wordpress\/plugins\/seo\/ -->\n<title>Comisi\u00f3n Acad\u00e9mica del MUPDU | Dpto. Urban\u00edstica y Ordenaci\u00f3n del Territorio US<\/title>\n<meta name=\"robots\" content=\"index, follow, max-snippet:-1, max-image-preview:large, max-video-preview:-1\" \/>\n<link rel=\"canonical\" href=\"https:\/\/departamento.us.es\/duot\/comision-de-docencia\/\" \/>\n<meta property=\"og:locale\" content=\"es_ES\" \/>\n<meta property=\"og:type\" content=\"article\" \/>\n<meta property=\"og:title\" content=\"Comisi\u00f3n Acad\u00e9mica del MUPDU | Dpto. Urban\u00edstica y Ordenaci\u00f3n del Territorio US\" \/>\n<meta property=\"og:description\" content=\"[mk_page_section bg_image=&#8221;https:\/\/departamento.us.es\/duot\/wp-content\/uploads\/2022\/04\/banner_docente.jpg&#8221; bg_repeat=&#8221;no-repeat&#8221; bg_stretch=&#8221;true&#8221; video_color_mask=&#8221;#000000&#8243; min_height=&#8221;500&#8243; js_vertical_centered=&#8221;true&#8221; sidebar=&#8221;sidebar-1&#8243;][vc_column][vc_row_inner el_class=&#8221;title_dott&#8221;][vc_column_inner][mk_fancy_title tag_name=&#8221;h1&#8243; color=&#8221;#ffffff&#8221; size=&#8221;60&#8243; force_font_size=&#8221;true&#8221; size_smallscreen=&#8221;50&#8243; size_phone=&#8221;50&#8243; font_weight=&#8221;300&#8243; font_family=&#8221;none&#8221;]Comisi\u00f3n Acad\u00e9mica del MUPDU D\u00aa. Nieves Mart\u00ednez Rold\u00e1n D.\u00a0 Pedro\u00a0 G\u00f3rgolas\u00a0 Mart\u00edn D\u00aa. Mar\u00eda\u00a0 Dolores\u00a0 Goytia\u00a0 Goyenechea D.\u00a0 Antonio Ochoa de Retana G\u00f3mez de Uribarri D.\u00a0 \u00c1ngel\u00a0 Luis\u00a0 Gonz\u00e1lez\u00a0 Morales [\/mk_fancy_title][\/vc_column_inner][\/vc_row_inner][\/vc_column][\/mk_page_section][vc_row el_class=&#8221;contenido shadow&#8221;][vc_column][vc_row_inner css=&#8221;.vc_custom_1652705408785{padding-top: 50px !important;}&#8221;][vc_column_inner][vc_raw_html]JTVCYmRwX3Bvc3QlMjBncmlkJTNEJTIyNCUyMiUyMHNob3dfYXV0aG9yJTNEJTIyZmFsc2UlMjIlMjBzaG93X3RhZ3MlM0QlMjJmYWxzZSUyMiUyMHNob3dfY29tbWVudHMlM0QlMjJmYWxzZSUyMiUyMHNob3dfY2F0ZWdvcnklM0QlMjJmYWxzZSUyMiUyMGNhdGVnb3J5JTNEJTIyNjAlMjIlNUQlMEElMEElM0MlMjEtLSU1QmJkcF9wb3N0X2xpc3QlMjBzaG93X2RhdGUlM0QlMjJmYWxzZSUyMiUyMHNob3dfYXV0aG9yJTNEJTIyZmFsc2UlMjIlMjBzaG93X3RhZ3MlM0QlMjJmYWxzZSUyMiUyMHNob3dfY29tbWVudHMlM0QlMjJmYWxzZSUyMiUyMGNhdGVnb3J5JTNEJTIyNjAlMjIlNUQtLSUzRQ==[\/vc_raw_html][\/vc_column_inner][\/vc_row_inner][\/vc_column][\/vc_row]\" \/>\n<meta property=\"og:url\" content=\"https:\/\/departamento.us.es\/duot\/comision-de-docencia\/\" \/>\n<meta property=\"og:site_name\" content=\"Dpto. Urban\u00edstica y Ordenaci\u00f3n del Territorio US\" \/>\n<meta property=\"article:modified_time\" content=\"2025-09-25T09:03:27+00:00\" \/>\n<meta name=\"twitter:card\" content=\"summary_large_image\" \/>\n<script type=\"application\/ld+json\" class=\"yoast-schema-graph\">{\"@context\":\"https:\/\/schema.org\",\"@graph\":[{\"@type\":\"WebPage\",\"@id\":\"https:\/\/departamento.us.es\/duot\/comision-de-docencia\/\",\"url\":\"https:\/\/departamento.us.es\/duot\/comision-de-docencia\/\",\"name\":\"Comisi\u00f3n Acad\u00e9mica del MUPDU | Dpto. Urban\u00edstica y Ordenaci\u00f3n del Territorio US\",\"isPartOf\":{\"@id\":\"https:\/\/departamento.us.es\/duot\/#website\"},\"datePublished\":\"2022-05-17T10:24:41+00:00\",\"dateModified\":\"2025-09-25T09:03:27+00:00\",\"breadcrumb\":{\"@id\":\"https:\/\/departamento.us.es\/duot\/comision-de-docencia\/#breadcrumb\"},\"inLanguage\":\"es\",\"potentialAction\":[{\"@type\":\"ReadAction\",\"target\":[\"https:\/\/departamento.us.es\/duot\/comision-de-docencia\/\"]}]},{\"@type\":\"BreadcrumbList\",\"@id\":\"https:\/\/departamento.us.es\/duot\/comision-de-docencia\/#breadcrumb\",\"itemListElement\":[{\"@type\":\"ListItem\",\"position\":1,\"name\":\"Portada\",\"item\":\"https:\/\/departamento.us.es\/duot\/\"},{\"@type\":\"ListItem\",\"position\":2,\"name\":\"Comisi\u00f3n Acad\u00e9mica del MUPDU\"}]},{\"@type\":\"WebSite\",\"@id\":\"https:\/\/departamento.us.es\/duot\/#website\",\"url\":\"https:\/\/departamento.us.es\/duot\/\",\"name\":\"Dpto. Urban\u00edstica y Ordenaci\u00f3n del Territorio US\",\"description\":\"Departamento de Urban\u00edstica y Ordenaci\u00f3n del territorio de la Universidad de Sevilla\",\"publisher\":{\"@id\":\"https:\/\/departamento.us.es\/duot\/#organization\"},\"potentialAction\":[{\"@type\":\"SearchAction\",\"target\":{\"@type\":\"EntryPoint\",\"urlTemplate\":\"https:\/\/departamento.us.es\/duot\/?s={search_term_string}\"},\"query-input\":\"required name=search_term_string\"}],\"inLanguage\":\"es\"},{\"@type\":\"Organization\",\"@id\":\"https:\/\/departamento.us.es\/duot\/#organization\",\"name\":\"Departamento de Urban\u00edstica y Ordenaci\u00f3n del territorio US\",\"url\":\"https:\/\/departamento.us.es\/duot\/\",\"logo\":{\"@type\":\"ImageObject\",\"inLanguage\":\"es\",\"@id\":\"https:\/\/departamento.us.es\/duot\/#\/schema\/logo\/image\/\",\"url\":\"https:\/\/departamento.us.es\/duot\/wp-content\/uploads\/2022\/05\/logo_negro.png\",\"contentUrl\":\"https:\/\/departamento.us.es\/duot\/wp-content\/uploads\/2022\/05\/logo_negro.png\",\"width\":475,\"height\":79,\"caption\":\"Departamento de Urban\u00edstica y Ordenaci\u00f3n del territorio US\"},\"image\":{\"@id\":\"https:\/\/departamento.us.es\/duot\/#\/schema\/logo\/image\/\"}}]}<\/script>\n<!-- \/ Yoast SEO plugin. -->","yoast_head_json":{"title":"Comisi\u00f3n Acad\u00e9mica del MUPDU | Dpto. Urban\u00edstica y Ordenaci\u00f3n del Territorio US","robots":{"index":"index","follow":"follow","max-snippet":"max-snippet:-1","max-image-preview":"max-image-preview:large","max-video-preview":"max-video-preview:-1"},"canonical":"https:\/\/departamento.us.es\/duot\/comision-de-docencia\/","og_locale":"es_ES","og_type":"article","og_title":"Comisi\u00f3n Acad\u00e9mica del MUPDU | Dpto. Urban\u00edstica y Ordenaci\u00f3n del Territorio US","og_description":"[mk_page_section bg_image=&#8221;https:\/\/departamento.us.es\/duot\/wp-content\/uploads\/2022\/04\/banner_docente.jpg&#8221; bg_repeat=&#8221;no-repeat&#8221; bg_stretch=&#8221;true&#8221; video_color_mask=&#8221;#000000&#8243; min_height=&#8221;500&#8243; js_vertical_centered=&#8221;true&#8221; sidebar=&#8221;sidebar-1&#8243;][vc_column][vc_row_inner el_class=&#8221;title_dott&#8221;][vc_column_inner][mk_fancy_title tag_name=&#8221;h1&#8243; color=&#8221;#ffffff&#8221; size=&#8221;60&#8243; force_font_size=&#8221;true&#8221; size_smallscreen=&#8221;50&#8243; size_phone=&#8221;50&#8243; font_weight=&#8221;300&#8243; font_family=&#8221;none&#8221;]Comisi\u00f3n Acad\u00e9mica del MUPDU D\u00aa. Nieves Mart\u00ednez Rold\u00e1n D.\u00a0 Pedro\u00a0 G\u00f3rgolas\u00a0 Mart\u00edn D\u00aa. Mar\u00eda\u00a0 Dolores\u00a0 Goytia\u00a0 Goyenechea D.\u00a0 Antonio Ochoa de Retana G\u00f3mez de Uribarri D.\u00a0 \u00c1ngel\u00a0 Luis\u00a0 Gonz\u00e1lez\u00a0 Morales [\/mk_fancy_title][\/vc_column_inner][\/vc_row_inner][\/vc_column][\/mk_page_section][vc_row el_class=&#8221;contenido shadow&#8221;][vc_column][vc_row_inner css=&#8221;.vc_custom_1652705408785{padding-top: 50px !important;}&#8221;][vc_column_inner][vc_raw_html]JTVCYmRwX3Bvc3QlMjBncmlkJTNEJTIyNCUyMiUyMHNob3dfYXV0aG9yJTNEJTIyZmFsc2UlMjIlMjBzaG93X3RhZ3MlM0QlMjJmYWxzZSUyMiUyMHNob3dfY29tbWVudHMlM0QlMjJmYWxzZSUyMiUyMHNob3dfY2F0ZWdvcnklM0QlMjJmYWxzZSUyMiUyMGNhdGVnb3J5JTNEJTIyNjAlMjIlNUQlMEElMEElM0MlMjEtLSU1QmJkcF9wb3N0X2xpc3QlMjBzaG93X2RhdGUlM0QlMjJmYWxzZSUyMiUyMHNob3dfYXV0aG9yJTNEJTIyZmFsc2UlMjIlMjBzaG93X3RhZ3MlM0QlMjJmYWxzZSUyMiUyMHNob3dfY29tbWVudHMlM0QlMjJmYWxzZSUyMiUyMGNhdGVnb3J5JTNEJTIyNjAlMjIlNUQtLSUzRQ==[\/vc_raw_html][\/vc_column_inner][\/vc_row_inner][\/vc_column][\/vc_row]","og_url":"https:\/\/departamento.us.es\/duot\/comision-de-docencia\/","og_site_name":"Dpto. Urban\u00edstica y Ordenaci\u00f3n del Territorio US","article_modified_time":"2025-09-25T09:03:27+00:00","twitter_card":"summary_large_image","schema":{"@context":"https:\/\/schema.org","@graph":[{"@type":"WebPage","@id":"https:\/\/departamento.us.es\/duot\/comision-de-docencia\/","url":"https:\/\/departamento.us.es\/duot\/comision-de-docencia\/","name":"Comisi\u00f3n Acad\u00e9mica del MUPDU | Dpto. Urban\u00edstica y Ordenaci\u00f3n del Territorio US","isPartOf":{"@id":"https:\/\/departamento.us.es\/duot\/#website"},"datePublished":"2022-05-17T10:24:41+00:00","dateModified":"2025-09-25T09:03:27+00:00","breadcrumb":{"@id":"https:\/\/departamento.us.es\/duot\/comision-de-docencia\/#breadcrumb"},"inLanguage":"es","potentialAction":[{"@type":"ReadAction","target":["https:\/\/departamento.us.es\/duot\/comision-de-docencia\/"]}]},{"@type":"BreadcrumbList","@id":"https:\/\/departamento.us.es\/duot\/comision-de-docencia\/#breadcrumb","itemListElement":[{"@type":"ListItem","position":1,"name":"Portada","item":"https:\/\/departamento.us.es\/duot\/"},{"@type":"ListItem","position":2,"name":"Comisi\u00f3n Acad\u00e9mica del MUPDU"}]},{"@type":"WebSite","@id":"https:\/\/departamento.us.es\/duot\/#website","url":"https:\/\/departamento.us.es\/duot\/","name":"Dpto. Urban\u00edstica y Ordenaci\u00f3n del Territorio US","description":"Departamento de Urban\u00edstica y Ordenaci\u00f3n del territorio de la Universidad de Sevilla","publisher":{"@id":"https:\/\/departamento.us.es\/duot\/#organization"},"potentialAction":[{"@type":"SearchAction","target":{"@type":"EntryPoint","urlTemplate":"https:\/\/departamento.us.es\/duot\/?s={search_term_string}"},"query-input":"required name=search_term_string"}],"inLanguage":"es"},{"@type":"Organization","@id":"https:\/\/departamento.us.es\/duot\/#organization","name":"Departamento de Urban\u00edstica y Ordenaci\u00f3n del territorio US","url":"https:\/\/departamento.us.es\/duot\/","logo":{"@type":"ImageObject","inLanguage":"es","@id":"https:\/\/departamento.us.es\/duot\/#\/schema\/logo\/image\/","url":"https:\/\/departamento.us.es\/duot\/wp-content\/uploads\/2022\/05\/logo_negro.png","contentUrl":"https:\/\/departamento.us.es\/duot\/wp-content\/uploads\/2022\/05\/logo_negro.png","width":475,"height":79,"caption":"Departamento de Urban\u00edstica y Ordenaci\u00f3n del territorio US"},"image":{"@id":"https:\/\/departamento.us.es\/duot\/#\/schema\/logo\/image\/"}}]}},"_links":{"self":[{"href":"https:\/\/departamento.us.es\/duot\/wp-json\/wp\/v2\/pages\/3794"}],"collection":[{"href":"https:\/\/departamento.us.es\/duot\/wp-json\/wp\/v2\/pages"}],"about":[{"href":"https:\/\/departamento.us.es\/duot\/wp-json\/wp\/v2\/types\/page"}],"author":[{"embeddable":true,"href":"https:\/\/departamento.us.es\/duot\/wp-json\/wp\/v2\/users\/4"}],"replies":[{"embeddable":true,"href":"https:\/\/departamento.us.es\/duot\/wp-json\/wp\/v2\/comments?post=3794"}],"version-history":[{"count":27,"href":"https:\/\/departamento.us.es\/duot\/wp-json\/wp\/v2\/pages\/3794\/revisions"}],"predecessor-version":[{"id":4913,"href":"https:\/\/departamento.us.es\/duot\/wp-json\/wp\/v2\/pages\/3794\/revisions\/4913"}],"wp:attachment":[{"href":"https:\/\/departamento.us.es\/duot\/wp-json\/wp\/v2\/media?parent=3794"}],"curies":[{"name":"wp","href":"https:\/\/api.w.org\/{rel}","templated":true}]}}