{"id":3842,"date":"2022-05-17T14:02:52","date_gmt":"2022-05-17T12:02:52","guid":{"rendered":"https:\/\/departamento.us.es\/duot\/?page_id=3842"},"modified":"2022-06-23T11:52:52","modified_gmt":"2022-06-23T09:52:52","slug":"grupos-de-investigacion","status":"publish","type":"page","link":"https:\/\/departamento.us.es\/duot\/grupos-de-investigacion\/","title":{"rendered":"Grupos de investigaci\u00f3n"},"content":{"rendered":"[mk_page_section bg_image=&#8221;https:\/\/departamento.us.es\/duot\/wp-content\/uploads\/2022\/04\/banner_docente.jpg&#8221; bg_repeat=&#8221;no-repeat&#8221; bg_stretch=&#8221;true&#8221; video_color_mask=&#8221;#000000&#8243; min_height=&#8221;500&#8243; js_vertical_centered=&#8221;true&#8221; sidebar=&#8221;sidebar-1&#8243;][vc_column][vc_row_inner el_class=&#8221;title_dott&#8221;][vc_column_inner][mk_fancy_title tag_name=&#8221;h1&#8243; color=&#8221;#ffffff&#8221; size=&#8221;60&#8243; force_font_size=&#8221;true&#8221; size_smallscreen=&#8221;50&#8243; size_phone=&#8221;50&#8243; font_weight=&#8221;300&#8243; txt_transform=&#8221;uppercase&#8221; font_family=&#8221;none&#8221;]Grupos de investigaci\u00f3n[\/mk_fancy_title][\/vc_column_inner][\/vc_row_inner][\/vc_column][\/mk_page_section][vc_row el_class=&#8221;contenido shadow&#8221;][vc_column][vc_row_inner css=&#8221;.vc_custom_1652705408785{padding-top: 50px !important;}&#8221;][vc_column_inner][mk_fancy_title line_height=&#8221;190&#8243; font_family=&#8221;none&#8221;]\n<div class=\"itemFullText\">\n<table>\n<tbody>\n<tr>\n<td>\n<h4>GRUPO<\/h4>\n<\/td>\n<td>\n<h4>Instituci\u00f3n<\/h4>\n<\/td>\n<td>\n<h4>Responsable<\/h4>\n<\/td>\n<\/tr>\n<tr>\n<td>\n<h5><strong>HUM710: Cuidad, Paisaje y Territorio<\/strong><\/h5>\n<\/td>\n<td>Universidad de Sevilla<\/td>\n<td>Victoriano Sainz Guti\u00e9rrez<\/td>\n<\/tr>\n<tr>\n<td>\n<h5><strong>HUM700: Patrimonio y Desarrollo Urbano Territorial en Andalucia<\/strong><\/h5>\n<\/td>\n<td>Universidad de Sevilla<\/td>\n<td>M\u00aa Teresa P\u00e9rez Cano<\/td>\n<\/tr>\n<\/tbody>\n<\/table>\n<p>&nbsp;<\/p>\n<\/div>\n[\/mk_fancy_title][\/vc_column_inner][\/vc_row_inner][vc_row_inner][vc_column_inner width=&#8221;1\/2&#8243;][mk_fancy_title font_family=&#8221;none&#8221;]\n<div class=\"itemBody\">\n<div>\n<h3><strong>HUM710:<\/strong> Cuidad, Paisaje y Territorio<\/h3>\n<div align=\"left\">\n<p><b>Responsable:<\/b> <a href=\"https:\/\/investigacion.us.es\/sisius\/sis_showpub.php?idpers=4884\">Victoriano Sainz Gutierrez<\/a><br \/>\nTel\u00e9fono: 95.455.68.11<br \/>\nEmail: <a href=\"https:\/\/investigacion.us.es\/sisius\/sis_solmail.php?idpers=4884\">Solicitar correo<\/a><\/p>\n<p><b>Componentes:<\/b><\/p>\n<ul>\n<li>Pablo Arias Garcia. Tel\u00e9fono: 95.455.68.13<\/li>\n<li>Ramon Queiro Filgueira. Tel\u00e9fono: 95.455.68.11 (Director)<\/li>\n<li><a href=\"https:\/\/investigacion.us.es\/sisius\/sis_showpub.php?idpers=4841\">Pablo Arias Sierra<\/a>. Tel\u00e9fono: 954.55.59.23. Email: <a href=\"https:\/\/investigacion.us.es\/sisius\/sis_solmail.php?idpers=4841\">Solicitar correo<\/a><\/li>\n<li><a href=\"https:\/\/investigacion.us.es\/sisius\/sis_showpub.php?idpers=2232\">Antonio Pi\u00f1ero Valverde<\/a>. Tel\u00e9fono: 95.455.68.12. Email: <a href=\"https:\/\/investigacion.us.es\/sisius\/sis_solmail.php?idpers=2232\">Solicitar correo<\/a><\/li>\n<li><a href=\"https:\/\/investigacion.us.es\/sisius\/sis_showpub.php?idpers=4830\">Daniel Antunez Torres<\/a>. Tel\u00e9fono: 954.55.65.66. Email: <a href=\"https:\/\/investigacion.us.es\/sisius\/sis_solmail.php?idpers=4830\">Solicitar correo<\/a><\/li>\n<li><a href=\"https:\/\/investigacion.us.es\/sisius\/sis_showpub.php?idpers=4856\">Carmen Gil Calder\u00f3n<\/a>. Tel\u00e9fono: 95.455.68.12. Email: <a href=\"https:\/\/investigacion.us.es\/sisius\/sis_solmail.php?idpers=4856\">Solicitar correo<\/a><\/li>\n<li><a href=\"https:\/\/investigacion.us.es\/sisius\/sis_showpub.php?idpers=14825\">Ram\u00f3n Queiro Quijada<\/a>. Tel\u00e9fono: 954557873. Email: <a href=\"https:\/\/investigacion.us.es\/sisius\/sis_solmail.php?idpers=14825\">Solicitar correo<\/a><\/li>\n<li><a href=\"https:\/\/investigacion.us.es\/sisius\/sis_showpub.php?idpers=17490\">Carmen de Tom\u00e1s Medina<\/a>. Tel\u00e9fono: 954556566. Email: <a href=\"https:\/\/investigacion.us.es\/sisius\/sis_solmail.php?idpers=17490\">Solicitar correo<\/a><\/li>\n<li><a href=\"https:\/\/investigacion.us.es\/sisius\/sis_showpub.php?idpers=20030\">Carmen Coto Rumbao<\/a>. Email: <a href=\"https:\/\/investigacion.us.es\/sisius\/sis_solmail.php?idpers=20030\">Solicitar correo<\/a><\/li>\n<li><a href=\"https:\/\/investigacion.us.es\/sisius\/sis_showpub.php?idpers=7957\">Carlos L\u00f3pez Canto<\/a>. Tel\u00e9fono: 954556566. Email: <a href=\"https:\/\/investigacion.us.es\/sisius\/sis_solmail.php?idpers=7957\">Solicitar correo<\/a><\/li>\n<li><a href=\"https:\/\/investigacion.us.es\/sisius\/sis_showpub.php?idpers=22403\">Dolores Rubio Beato<\/a>. Email: <a href=\"https:\/\/investigacion.us.es\/sisius\/sis_solmail.php?idpers=22403\">Solicitar correo<\/a><\/li>\n<\/ul>\n<\/div>\n<div align=\"left\"><\/div>\n<div align=\"left\">\n<p><b>L\u00edneas de Investigaci\u00f3n:<\/b><\/p>\n<ul>\n<li>Urbanismo Hispanoamericano<\/li>\n<li>El Entendimiento de la Realidad Urbano-Territorial<\/li>\n<li>El Planeamiento de la Realidad Urbano-Territorial y Sus Instrumentos<\/li>\n<li>Paisaje y Medio Ambiente<\/li>\n<\/ul>\n<\/div>\n<\/div>\n<\/div>\n[\/mk_fancy_title][\/vc_column_inner][vc_column_inner width=&#8221;1\/2&#8243;][mk_fancy_title font_family=&#8221;none&#8221;]\n<div class=\"itemBody\">\n<div>\n<h3><strong>HUM700:<\/strong> Patrimonio y Desarrollo Urbano Territorial en Andaluc\u00eda<\/h3>\n<div align=\"left\">\n<p><b>Responsable:<\/b> <a href=\"https:\/\/investigacion.us.es\/sisius\/sis_showpub.php?idpers=4874\">Maria Teresa Perez Cano<\/a><br \/>\nTel\u00e9fono: 95.455.65.62<br \/>\nEmail: <a href=\"https:\/\/investigacion.us.es\/sisius\/sis_solmail.php?idpers=4874\">Solicitar correo<\/a><\/p>\n<p><b>Componentes:<\/b><\/p>\n<ul>\n<li><a href=\"https:\/\/investigacion.us.es\/sisius\/sis_showpub.php?idpers=2233\">Domingo Sanchez Fuentes<\/a>. Tel\u00e9fono: 954556566. Email: <a href=\"https:\/\/investigacion.us.es\/sisius\/sis_solmail.php?idpers=2233\">Solicitar correo<\/a><\/li>\n<li><a href=\"https:\/\/investigacion.us.es\/sisius\/sis_showpub.php?idpers=5276\">Eduardo Mosquera Adell<\/a>. Tel\u00e9fono: 954 557843. Email: <a href=\"https:\/\/investigacion.us.es\/sisius\/sis_solmail.php?idpers=5276\">Solicitar correo<\/a><\/li>\n<li><a href=\"https:\/\/investigacion.us.es\/sisius\/sis_showpub.php?idpers=5278\">Jose-Manuel Aladro Prieto<\/a>. Tel\u00e9fono: 954 557843. Email: <a href=\"https:\/\/investigacion.us.es\/sisius\/sis_solmail.php?idpers=5278\">Solicitar correo<\/a><\/li>\n<li><a href=\"https:\/\/investigacion.us.es\/sisius\/sis_showpub.php?idpers=5279\">Jose Peral Lopez<\/a>. Tel\u00e9fono: 954 557842. Email: <a href=\"https:\/\/investigacion.us.es\/sisius\/sis_solmail.php?idpers=5279\">Solicitar correo<\/a><\/li>\n<li><a href=\"https:\/\/investigacion.us.es\/sisius\/sis_showpub.php?idpers=7824\">Maria del Valle Perez Cano<\/a>. Email: <a href=\"https:\/\/investigacion.us.es\/sisius\/sis_solmail.php?idpers=7824\">Solicitar correo<\/a><\/li>\n<li>Jose Manuel Aboza Lobaton<\/li>\n<li><a href=\"https:\/\/investigacion.us.es\/sisius\/sis_showpub.php?idpers=2234\">Manuel Vigil-Escalera Pacheco<\/a>. Tel\u00e9fono: 95.455.65.62. Email: <a href=\"https:\/\/investigacion.us.es\/sisius\/sis_solmail.php?idpers=2234\">Solicitar correo<\/a><\/li>\n<li><a href=\"https:\/\/investigacion.us.es\/sisius\/sis_showpub.php?idpers=11241\">Francisco Javier Robustillo Yag\u00fce<\/a>. Tel\u00e9fono: 954551785. Email: <a href=\"https:\/\/investigacion.us.es\/sisius\/sis_solmail.php?idpers=11241\">Solicitar correo<\/a><\/li>\n<li><a href=\"https:\/\/investigacion.us.es\/sisius\/sis_showpub.php?idpers=11420\">Lourdes Royo Naranjo<\/a>. Tel\u00e9fono: 954557843. Email: <a href=\"https:\/\/investigacion.us.es\/sisius\/sis_solmail.php?idpers=11420\">Solicitar correo<\/a><\/li>\n<li><a href=\"https:\/\/investigacion.us.es\/sisius\/sis_showpub.php?idpers=18488\">Juan Manuel Becerra Garcia<\/a>. Email: <a href=\"https:\/\/investigacion.us.es\/sisius\/sis_solmail.php?idpers=18488\">Solicitar correo<\/a><\/li>\n<li>Daniel Barrera Fern\u00e1ndez. Email: <a href=\"https:\/\/investigacion.us.es\/sisius\/sis_solmail.php?idpers=23522\">Solicitar correo<\/a><\/li>\n<li><a href=\"https:\/\/investigacion.us.es\/sisius\/sis_showpub.php?idpers=17464\">Blanca del Espino Hidalgo<\/a>. Tel\u00e9fono: 954559988. Email: <a href=\"https:\/\/investigacion.us.es\/sisius\/sis_solmail.php?idpers=17464\">Solicitar correo<\/a><\/li>\n<li><a href=\"https:\/\/investigacion.us.es\/sisius\/sis_showpub.php?idpers=20031\">Angel Luis Gonzalez Morales<\/a>. Email: <a href=\"https:\/\/investigacion.us.es\/sisius\/sis_solmail.php?idpers=20031\">Solicitar correo<\/a><\/li>\n<li>Jos\u00e9 Manuel Dos Santos Cust\u00f3dio Pedreirinho<\/li>\n<li><a href=\"https:\/\/investigacion.us.es\/sisius\/sis_showpub.php?idpers=20071\">Jos\u00e9 Adolfo Herrera Mart\u00edn<\/a>. Email: <a href=\"https:\/\/investigacion.us.es\/sisius\/sis_solmail.php?idpers=20071\">Solicitar correo<\/a><\/li>\n<li><a href=\"https:\/\/investigacion.us.es\/sisius\/sis_showpub.php?idpers=23698\">Daniel Navas Carrillo<\/a>. Tel\u00e9fono: 954 556571. Email: <a href=\"https:\/\/investigacion.us.es\/sisius\/sis_solmail.php?idpers=23698\">Solicitar correo<\/a><\/li>\n<li>Jos\u00e9 Manuel Izquierdo Toscano. Email: <a href=\"https:\/\/investigacion.us.es\/sisius\/sis_solmail.php?idpers=17492\">Solicitar correo<\/a><\/li>\n<\/ul>\n<\/div>\n<div align=\"left\"><\/div>\n<div align=\"left\">\n<p><b>L\u00edneas de Investigaci\u00f3n:<\/b><\/p>\n<ul>\n<li>La Construcci\u00f3n del Proyecto Patrimonial desde la Integraci\u00f3n de los Disti Ntos Agentes que en \u00c9l Intervienen a lo Largo del Tiempo, en Sus Distintas Escalas y Niveles de CO Mplejidad. &#8211; Territorio, Paisaje, Bienes Culturales y Medio Ambiente: Sostenibi<\/li>\n<\/ul>\n<\/div>\n<div align=\"left\"><\/div>\n<div align=\"left\">\n<p><b>Actividad Grupo (c\u00f3digos SIC):<\/b><\/p>\n<ul>\n<li>Tecnolog\u00eda de la Construcci\u00f3n<\/li>\n<li>Medioambiente<\/li>\n<li>Infraestructuras para ciencias sociales y humanas<\/li>\n<\/ul>\n<\/div>\n<div align=\"left\"><\/div>\n<div align=\"left\">\n<p><b>Tecnolog\u00eda Generada (c\u00f3digos SIC):<\/b><\/p>\n<ul>\n<li>Tecnolog\u00eda de la Construcci\u00f3n<\/li>\n<li>Medioambiente<\/li>\n<li>Infraestructuras para ciencias sociales y humanas<\/li>\n<\/ul>\n<\/div>\n<\/div>\n<\/div>\n[\/mk_fancy_title][\/vc_column_inner][\/vc_row_inner][vc_row_inner][vc_column_inner][\/vc_column_inner][\/vc_row_inner][\/vc_column][\/vc_row]\n","protected":false},"excerpt":{"rendered":"<p>[mk_page_section bg_image=&#8221;https:\/\/departamento.us.es\/duot\/wp-content\/uploads\/2022\/04\/banner_docente.jpg&#8221; bg_repeat=&#8221;no-repeat&#8221; bg_stretch=&#8221;true&#8221; video_color_mask=&#8221;#000000&#8243; min_height=&#8221;500&#8243; js_vertical_centered=&#8221;true&#8221; sidebar=&#8221;sidebar-1&#8243;][vc_column][vc_row_inner el_class=&#8221;title_dott&#8221;][vc_column_inner][mk_fancy_title tag_name=&#8221;h1&#8243; color=&#8221;#ffffff&#8221; size=&#8221;60&#8243; force_font_size=&#8221;true&#8221; size_smallscreen=&#8221;50&#8243; size_phone=&#8221;50&#8243; font_weight=&#8221;300&#8243; txt_transform=&#8221;uppercase&#8221; font_family=&#8221;none&#8221;]Grupos de investigaci\u00f3n[\/mk_fancy_title][\/vc_column_inner][\/vc_row_inner][\/vc_column][\/mk_page_section][vc_row el_class=&#8221;contenido shadow&#8221;][vc_column][vc_row_inner css=&#8221;.vc_custom_1652705408785{padding-top: 50px !important;}&#8221;][vc_column_inner][mk_fancy_title line_height=&#8221;190&#8243; font_family=&#8221;none&#8221;] GRUPO Instituci\u00f3n Responsable HUM710: Cuidad, Paisaje y Territorio Universidad de Sevilla Victoriano Sainz Guti\u00e9rrez HUM700: Patrimonio y Desarrollo Urbano Territorial en Andalucia Universidad de Sevilla M\u00aa Teresa P\u00e9rez [&hellip;]<\/p>\n","protected":false},"author":4,"featured_media":0,"parent":0,"menu_order":0,"comment_status":"closed","ping_status":"closed","template":"","meta":{"inline_featured_image":false,"footnotes":""},"yoast_head":"<!-- This site is optimized with the Yoast SEO plugin v22.6 - https:\/\/yoast.com\/wordpress\/plugins\/seo\/ -->\n<title>Grupos de investigaci\u00f3n | Dpto. Urban\u00edstica y Ordenaci\u00f3n del Territorio US<\/title>\n<meta name=\"robots\" content=\"index, follow, max-snippet:-1, max-image-preview:large, max-video-preview:-1\" \/>\n<link rel=\"canonical\" href=\"https:\/\/departamento.us.es\/duot\/grupos-de-investigacion\/\" \/>\n<meta property=\"og:locale\" content=\"es_ES\" \/>\n<meta property=\"og:type\" content=\"article\" \/>\n<meta property=\"og:title\" content=\"Grupos de investigaci\u00f3n | Dpto. Urban\u00edstica y Ordenaci\u00f3n del Territorio US\" \/>\n<meta property=\"og:description\" content=\"[mk_page_section bg_image=&#8221;https:\/\/departamento.us.es\/duot\/wp-content\/uploads\/2022\/04\/banner_docente.jpg&#8221; bg_repeat=&#8221;no-repeat&#8221; bg_stretch=&#8221;true&#8221; video_color_mask=&#8221;#000000&#8243; min_height=&#8221;500&#8243; js_vertical_centered=&#8221;true&#8221; sidebar=&#8221;sidebar-1&#8243;][vc_column][vc_row_inner el_class=&#8221;title_dott&#8221;][vc_column_inner][mk_fancy_title tag_name=&#8221;h1&#8243; color=&#8221;#ffffff&#8221; size=&#8221;60&#8243; force_font_size=&#8221;true&#8221; size_smallscreen=&#8221;50&#8243; size_phone=&#8221;50&#8243; font_weight=&#8221;300&#8243; txt_transform=&#8221;uppercase&#8221; font_family=&#8221;none&#8221;]Grupos de investigaci\u00f3n[\/mk_fancy_title][\/vc_column_inner][\/vc_row_inner][\/vc_column][\/mk_page_section][vc_row el_class=&#8221;contenido shadow&#8221;][vc_column][vc_row_inner css=&#8221;.vc_custom_1652705408785{padding-top: 50px !important;}&#8221;][vc_column_inner][mk_fancy_title line_height=&#8221;190&#8243; font_family=&#8221;none&#8221;] GRUPO Instituci\u00f3n Responsable HUM710: Cuidad, Paisaje y Territorio Universidad de Sevilla Victoriano Sainz Guti\u00e9rrez HUM700: Patrimonio y Desarrollo Urbano Territorial en Andalucia Universidad de Sevilla M\u00aa Teresa P\u00e9rez [&hellip;]\" \/>\n<meta property=\"og:url\" content=\"https:\/\/departamento.us.es\/duot\/grupos-de-investigacion\/\" \/>\n<meta property=\"og:site_name\" content=\"Dpto. Urban\u00edstica y Ordenaci\u00f3n del Territorio US\" \/>\n<meta property=\"article:modified_time\" content=\"2022-06-23T09:52:52+00:00\" \/>\n<meta name=\"twitter:card\" content=\"summary_large_image\" \/>\n<script type=\"application\/ld+json\" class=\"yoast-schema-graph\">{\"@context\":\"https:\/\/schema.org\",\"@graph\":[{\"@type\":\"WebPage\",\"@id\":\"https:\/\/departamento.us.es\/duot\/grupos-de-investigacion\/\",\"url\":\"https:\/\/departamento.us.es\/duot\/grupos-de-investigacion\/\",\"name\":\"Grupos de investigaci\u00f3n | Dpto. Urban\u00edstica y Ordenaci\u00f3n del Territorio US\",\"isPartOf\":{\"@id\":\"https:\/\/departamento.us.es\/duot\/#website\"},\"datePublished\":\"2022-05-17T12:02:52+00:00\",\"dateModified\":\"2022-06-23T09:52:52+00:00\",\"breadcrumb\":{\"@id\":\"https:\/\/departamento.us.es\/duot\/grupos-de-investigacion\/#breadcrumb\"},\"inLanguage\":\"es\",\"potentialAction\":[{\"@type\":\"ReadAction\",\"target\":[\"https:\/\/departamento.us.es\/duot\/grupos-de-investigacion\/\"]}]},{\"@type\":\"BreadcrumbList\",\"@id\":\"https:\/\/departamento.us.es\/duot\/grupos-de-investigacion\/#breadcrumb\",\"itemListElement\":[{\"@type\":\"ListItem\",\"position\":1,\"name\":\"Portada\",\"item\":\"https:\/\/departamento.us.es\/duot\/\"},{\"@type\":\"ListItem\",\"position\":2,\"name\":\"Grupos de investigaci\u00f3n\"}]},{\"@type\":\"WebSite\",\"@id\":\"https:\/\/departamento.us.es\/duot\/#website\",\"url\":\"https:\/\/departamento.us.es\/duot\/\",\"name\":\"Dpto. Urban\u00edstica y Ordenaci\u00f3n del Territorio US\",\"description\":\"Departamento de Urban\u00edstica y Ordenaci\u00f3n del territorio de la Universidad de Sevilla\",\"publisher\":{\"@id\":\"https:\/\/departamento.us.es\/duot\/#organization\"},\"potentialAction\":[{\"@type\":\"SearchAction\",\"target\":{\"@type\":\"EntryPoint\",\"urlTemplate\":\"https:\/\/departamento.us.es\/duot\/?s={search_term_string}\"},\"query-input\":\"required name=search_term_string\"}],\"inLanguage\":\"es\"},{\"@type\":\"Organization\",\"@id\":\"https:\/\/departamento.us.es\/duot\/#organization\",\"name\":\"Departamento de Urban\u00edstica y Ordenaci\u00f3n del territorio US\",\"url\":\"https:\/\/departamento.us.es\/duot\/\",\"logo\":{\"@type\":\"ImageObject\",\"inLanguage\":\"es\",\"@id\":\"https:\/\/departamento.us.es\/duot\/#\/schema\/logo\/image\/\",\"url\":\"https:\/\/departamento.us.es\/duot\/wp-content\/uploads\/2022\/05\/logo_negro.png\",\"contentUrl\":\"https:\/\/departamento.us.es\/duot\/wp-content\/uploads\/2022\/05\/logo_negro.png\",\"width\":475,\"height\":79,\"caption\":\"Departamento de Urban\u00edstica y Ordenaci\u00f3n del territorio US\"},\"image\":{\"@id\":\"https:\/\/departamento.us.es\/duot\/#\/schema\/logo\/image\/\"}}]}<\/script>\n<!-- \/ Yoast SEO plugin. -->","yoast_head_json":{"title":"Grupos de investigaci\u00f3n | Dpto. Urban\u00edstica y Ordenaci\u00f3n del Territorio US","robots":{"index":"index","follow":"follow","max-snippet":"max-snippet:-1","max-image-preview":"max-image-preview:large","max-video-preview":"max-video-preview:-1"},"canonical":"https:\/\/departamento.us.es\/duot\/grupos-de-investigacion\/","og_locale":"es_ES","og_type":"article","og_title":"Grupos de investigaci\u00f3n | Dpto. Urban\u00edstica y Ordenaci\u00f3n del Territorio US","og_description":"[mk_page_section bg_image=&#8221;https:\/\/departamento.us.es\/duot\/wp-content\/uploads\/2022\/04\/banner_docente.jpg&#8221; bg_repeat=&#8221;no-repeat&#8221; bg_stretch=&#8221;true&#8221; video_color_mask=&#8221;#000000&#8243; min_height=&#8221;500&#8243; js_vertical_centered=&#8221;true&#8221; sidebar=&#8221;sidebar-1&#8243;][vc_column][vc_row_inner el_class=&#8221;title_dott&#8221;][vc_column_inner][mk_fancy_title tag_name=&#8221;h1&#8243; color=&#8221;#ffffff&#8221; size=&#8221;60&#8243; force_font_size=&#8221;true&#8221; size_smallscreen=&#8221;50&#8243; size_phone=&#8221;50&#8243; font_weight=&#8221;300&#8243; txt_transform=&#8221;uppercase&#8221; font_family=&#8221;none&#8221;]Grupos de investigaci\u00f3n[\/mk_fancy_title][\/vc_column_inner][\/vc_row_inner][\/vc_column][\/mk_page_section][vc_row el_class=&#8221;contenido shadow&#8221;][vc_column][vc_row_inner css=&#8221;.vc_custom_1652705408785{padding-top: 50px !important;}&#8221;][vc_column_inner][mk_fancy_title line_height=&#8221;190&#8243; font_family=&#8221;none&#8221;] GRUPO Instituci\u00f3n Responsable HUM710: Cuidad, Paisaje y Territorio Universidad de Sevilla Victoriano Sainz Guti\u00e9rrez HUM700: Patrimonio y Desarrollo Urbano Territorial en Andalucia Universidad de Sevilla M\u00aa Teresa P\u00e9rez [&hellip;]","og_url":"https:\/\/departamento.us.es\/duot\/grupos-de-investigacion\/","og_site_name":"Dpto. Urban\u00edstica y Ordenaci\u00f3n del Territorio US","article_modified_time":"2022-06-23T09:52:52+00:00","twitter_card":"summary_large_image","schema":{"@context":"https:\/\/schema.org","@graph":[{"@type":"WebPage","@id":"https:\/\/departamento.us.es\/duot\/grupos-de-investigacion\/","url":"https:\/\/departamento.us.es\/duot\/grupos-de-investigacion\/","name":"Grupos de investigaci\u00f3n | Dpto. Urban\u00edstica y Ordenaci\u00f3n del Territorio US","isPartOf":{"@id":"https:\/\/departamento.us.es\/duot\/#website"},"datePublished":"2022-05-17T12:02:52+00:00","dateModified":"2022-06-23T09:52:52+00:00","breadcrumb":{"@id":"https:\/\/departamento.us.es\/duot\/grupos-de-investigacion\/#breadcrumb"},"inLanguage":"es","potentialAction":[{"@type":"ReadAction","target":["https:\/\/departamento.us.es\/duot\/grupos-de-investigacion\/"]}]},{"@type":"BreadcrumbList","@id":"https:\/\/departamento.us.es\/duot\/grupos-de-investigacion\/#breadcrumb","itemListElement":[{"@type":"ListItem","position":1,"name":"Portada","item":"https:\/\/departamento.us.es\/duot\/"},{"@type":"ListItem","position":2,"name":"Grupos de investigaci\u00f3n"}]},{"@type":"WebSite","@id":"https:\/\/departamento.us.es\/duot\/#website","url":"https:\/\/departamento.us.es\/duot\/","name":"Dpto. Urban\u00edstica y Ordenaci\u00f3n del Territorio US","description":"Departamento de Urban\u00edstica y Ordenaci\u00f3n del territorio de la Universidad de Sevilla","publisher":{"@id":"https:\/\/departamento.us.es\/duot\/#organization"},"potentialAction":[{"@type":"SearchAction","target":{"@type":"EntryPoint","urlTemplate":"https:\/\/departamento.us.es\/duot\/?s={search_term_string}"},"query-input":"required name=search_term_string"}],"inLanguage":"es"},{"@type":"Organization","@id":"https:\/\/departamento.us.es\/duot\/#organization","name":"Departamento de Urban\u00edstica y Ordenaci\u00f3n del territorio US","url":"https:\/\/departamento.us.es\/duot\/","logo":{"@type":"ImageObject","inLanguage":"es","@id":"https:\/\/departamento.us.es\/duot\/#\/schema\/logo\/image\/","url":"https:\/\/departamento.us.es\/duot\/wp-content\/uploads\/2022\/05\/logo_negro.png","contentUrl":"https:\/\/departamento.us.es\/duot\/wp-content\/uploads\/2022\/05\/logo_negro.png","width":475,"height":79,"caption":"Departamento de Urban\u00edstica y Ordenaci\u00f3n del territorio US"},"image":{"@id":"https:\/\/departamento.us.es\/duot\/#\/schema\/logo\/image\/"}}]}},"_links":{"self":[{"href":"https:\/\/departamento.us.es\/duot\/wp-json\/wp\/v2\/pages\/3842"}],"collection":[{"href":"https:\/\/departamento.us.es\/duot\/wp-json\/wp\/v2\/pages"}],"about":[{"href":"https:\/\/departamento.us.es\/duot\/wp-json\/wp\/v2\/types\/page"}],"author":[{"embeddable":true,"href":"https:\/\/departamento.us.es\/duot\/wp-json\/wp\/v2\/users\/4"}],"replies":[{"embeddable":true,"href":"https:\/\/departamento.us.es\/duot\/wp-json\/wp\/v2\/comments?post=3842"}],"version-history":[{"count":5,"href":"https:\/\/departamento.us.es\/duot\/wp-json\/wp\/v2\/pages\/3842\/revisions"}],"predecessor-version":[{"id":4124,"href":"https:\/\/departamento.us.es\/duot\/wp-json\/wp\/v2\/pages\/3842\/revisions\/4124"}],"wp:attachment":[{"href":"https:\/\/departamento.us.es\/duot\/wp-json\/wp\/v2\/media?parent=3842"}],"curies":[{"name":"wp","href":"https:\/\/api.w.org\/{rel}","templated":true}]}}