{"id":4236,"date":"2022-10-26T07:50:11","date_gmt":"2022-10-26T05:50:11","guid":{"rendered":"https:\/\/departamento.us.es\/duot\/?page_id=4236"},"modified":"2026-03-11T17:29:36","modified_gmt":"2026-03-11T15:29:36","slug":"estructura-docente","status":"publish","type":"page","link":"https:\/\/departamento.us.es\/duot\/estructura-docente\/","title":{"rendered":"Estructura docente"},"content":{"rendered":"[mk_page_section bg_image=&#8221;https:\/\/departamento.us.es\/duot\/wp-content\/uploads\/2022\/04\/banner_docente.jpg&#8221; bg_repeat=&#8221;no-repeat&#8221; bg_stretch=&#8221;true&#8221; video_color_mask=&#8221;#000000&#8243; min_height=&#8221;500&#8243; js_vertical_centered=&#8221;true&#8221; sidebar=&#8221;sidebar-1&#8243;][vc_column][vc_row_inner el_class=&#8221;title_dott&#8221;][vc_column_inner][mk_fancy_title tag_name=&#8221;h1&#8243; color=&#8221;#ffffff&#8221; size=&#8221;60&#8243; force_font_size=&#8221;true&#8221; size_smallscreen=&#8221;50&#8243; size_phone=&#8221;50&#8243; font_weight=&#8221;300&#8243; font_family=&#8221;none&#8221;]ESTRUCTURA DOCENTE[\/mk_fancy_title][\/vc_column_inner][\/vc_row_inner][\/vc_column][\/mk_page_section][vc_row el_class=&#8221;contenido shadow&#8221; css=&#8221;.vc_custom_1666763480020{padding-bottom: 50px !important;}&#8221;][vc_column][vc_row_inner css=&#8221;.vc_custom_1652705408785{padding-top: 50px !important;}&#8221;][vc_column_inner][vc_single_image image=&#8221;3664&#8243; img_size=&#8221;full&#8221; alignment=&#8221;center&#8221;][\/vc_column_inner][\/vc_row_inner][vc_row_inner][vc_column_inner width=&#8221;1\/3&#8243;][mk_fancy_title line_height=&#8221;190&#8243; font_family=&#8221;none&#8221; responsive_align=&#8221;left&#8221;]\n<h3><strong>\u00a0 \u00a0 \u00a0 \u00a0 M\u00d3DULOS<\/strong><\/h3>\n<ul>\n<li>M\u00f3dulo 1: Contexto disciplinar del urbanismo.<\/li>\n<li>M\u00f3dulo 2: Contexto regulador del planeamiento.<\/li>\n<li>M\u00f3dulo 3: Enfoque transdisciplinar del planeamiento.<\/li>\n<li>M\u00f3dulo 4: Procesos urbano &#8211; territoriales y su interpretaci\u00f3n.<\/li>\n<li>M\u00f3dulo 5.1: Tratamiento de Nodos y Redes en el Planeamiento.<\/li>\n<li>M\u00f3dulo 5.2: Territorio y Turismo. Planificaci\u00f3n ecoeficiente.<\/li>\n<li>M\u00f3dulo 5.3: Dise\u00f1o y Espacio P\u00fablico.<\/li>\n<li>M\u00f3dulo 5.4: Vivienda y producci\u00f3n de ciudad.<\/li>\n<li>M\u00f3dulo 5.5: Gobernanza, territorio y suelo.<\/li>\n<li>M\u00f3dulo 6: Instrumentos para la Intervenci\u00f3n<\/li>\n<li>M\u00f3dulo 7: Planeamiento y Dise\u00f1o urbano I. Metodolog\u00eda y Tutela del TFM.<\/li>\n<\/ul>\n[\/mk_fancy_title][\/vc_column_inner][vc_column_inner width=&#8221;1\/3&#8243;][mk_icon_box2 icon_size=&#8221;48&#8243; icon=&#8221;mk-moon-file-3&#8243; icon_color=&#8221;#1e5f99&#8243; read_more_url=&#8221;https:\/\/departamento.us.es\/duot\/wp-content\/uploads\/2022\/10\/modulos-1-3-mupdu.pdf&#8221; link_target=&#8221;_blank&#8221;]\n<p style=\"text-align: center;\"><strong>CRITERIOS PARA LA COORDINACI\u00d3N DOCENTE<\/strong><\/p>\n<p style=\"text-align: center;\"><a href=\"https:\/\/departamento.us.es\/duot\/wp-content\/uploads\/2025\/09\/coordinacion-horizontal-y-vertical-del-master.pdf\">Coordinaci\u00f3n horizontal y vertical del M\u00e1ster<\/a><\/p>\n<p>&nbsp;<\/p>\n<p style=\"text-align: center;\"><strong>PROGRAMAS<\/strong><\/p>\n<hr \/>\n<p style=\"text-align: center;\"><a href=\"https:\/\/departamento.us.es\/duot\/wp-content\/uploads\/2025\/12\/25_26-objetivos-y-bibliografia-de-todos-los-modulos.pdf\">Objetivos y bibliograf\u00eda de todos los m\u00f3dulos 2025-2026<\/a><\/p>\n<p style=\"text-align: center;\"><a href=\"https:\/\/departamento.us.es\/duot\/wp-content\/uploads\/2026\/03\/25_26-cronograma-titulos-y-profesores-de-todos-los-modulos-7.pdf\">Cronograma, t\u00edtulos y profesores de todos los m\u00f3dulos 2026-2027<\/a><\/p>\n[\/mk_icon_box2][\/vc_column_inner][vc_column_inner width=&#8221;1\/3&#8243;][mk_icon_box2 icon_size=&#8221;48&#8243; icon=&#8221;mk-icon-book&#8221; icon_color=&#8221;#1e5f99&#8243; title_weight=&#8221;bold&#8221;]<strong>TRABAJO F\u00cdN DE M\u00c1STER<\/strong><\/p>\n<p><a href=\"https:\/\/departamento.us.es\/duot\/wp-content\/uploads\/2025\/09\/asignacion-y-defensa-de-tfm.pdf\">Documento de asignaci\u00f3n y defensa de TFM<\/a><\/p>\n<p><a href=\"https:\/\/departamento.us.es\/duot\/wp-content\/uploads\/2026\/01\/25_26-asignacion-tfm-modulo-8-2.pdf\">Asignaci\u00f3n de Tutores. TFM 2025-2026<\/a><\/p>\n<p><a href=\"https:\/\/departamento.us.es\/duot\/wp-content\/uploads\/2025\/09\/historico-tfm-mupdu_2022-25.pdf\">Hist\u00f3rico TFM-MUPDU 2022-25<\/a>[\/mk_icon_box2][\/vc_column_inner][\/vc_row_inner][\/vc_column][\/vc_row]\n","protected":false},"excerpt":{"rendered":"<p>[mk_page_section bg_image=&#8221;https:\/\/departamento.us.es\/duot\/wp-content\/uploads\/2022\/04\/banner_docente.jpg&#8221; bg_repeat=&#8221;no-repeat&#8221; bg_stretch=&#8221;true&#8221; video_color_mask=&#8221;#000000&#8243; min_height=&#8221;500&#8243; js_vertical_centered=&#8221;true&#8221; sidebar=&#8221;sidebar-1&#8243;][vc_column][vc_row_inner el_class=&#8221;title_dott&#8221;][vc_column_inner][mk_fancy_title tag_name=&#8221;h1&#8243; color=&#8221;#ffffff&#8221; size=&#8221;60&#8243; force_font_size=&#8221;true&#8221; size_smallscreen=&#8221;50&#8243; size_phone=&#8221;50&#8243; font_weight=&#8221;300&#8243; font_family=&#8221;none&#8221;]ESTRUCTURA DOCENTE[\/mk_fancy_title][\/vc_column_inner][\/vc_row_inner][\/vc_column][\/mk_page_section][vc_row el_class=&#8221;contenido shadow&#8221; css=&#8221;.vc_custom_1666763480020{padding-bottom: 50px !important;}&#8221;][vc_column][vc_row_inner css=&#8221;.vc_custom_1652705408785{padding-top: 50px !important;}&#8221;][vc_column_inner][vc_single_image image=&#8221;3664&#8243; img_size=&#8221;full&#8221; alignment=&#8221;center&#8221;][\/vc_column_inner][\/vc_row_inner][vc_row_inner][vc_column_inner width=&#8221;1\/3&#8243;][mk_fancy_title line_height=&#8221;190&#8243; font_family=&#8221;none&#8221; responsive_align=&#8221;left&#8221;] \u00a0 \u00a0 \u00a0 \u00a0 M\u00d3DULOS M\u00f3dulo 1: Contexto disciplinar del urbanismo. M\u00f3dulo 2: Contexto regulador del planeamiento. M\u00f3dulo 3: Enfoque transdisciplinar del [&hellip;]<\/p>\n","protected":false},"author":4,"featured_media":0,"parent":0,"menu_order":0,"comment_status":"closed","ping_status":"closed","template":"","meta":{"inline_featured_image":false,"footnotes":""},"yoast_head":"<!-- This site is optimized with the Yoast SEO plugin v22.6 - https:\/\/yoast.com\/wordpress\/plugins\/seo\/ -->\n<title>Estructura docente | Dpto. Urban\u00edstica y Ordenaci\u00f3n del Territorio US<\/title>\n<meta name=\"robots\" content=\"index, follow, max-snippet:-1, max-image-preview:large, max-video-preview:-1\" \/>\n<link rel=\"canonical\" href=\"https:\/\/departamento.us.es\/duot\/estructura-docente\/\" \/>\n<meta property=\"og:locale\" content=\"es_ES\" \/>\n<meta property=\"og:type\" content=\"article\" \/>\n<meta property=\"og:title\" content=\"Estructura docente | Dpto. Urban\u00edstica y Ordenaci\u00f3n del Territorio US\" \/>\n<meta property=\"og:description\" content=\"[mk_page_section bg_image=&#8221;https:\/\/departamento.us.es\/duot\/wp-content\/uploads\/2022\/04\/banner_docente.jpg&#8221; bg_repeat=&#8221;no-repeat&#8221; bg_stretch=&#8221;true&#8221; video_color_mask=&#8221;#000000&#8243; min_height=&#8221;500&#8243; js_vertical_centered=&#8221;true&#8221; sidebar=&#8221;sidebar-1&#8243;][vc_column][vc_row_inner el_class=&#8221;title_dott&#8221;][vc_column_inner][mk_fancy_title tag_name=&#8221;h1&#8243; color=&#8221;#ffffff&#8221; size=&#8221;60&#8243; force_font_size=&#8221;true&#8221; size_smallscreen=&#8221;50&#8243; size_phone=&#8221;50&#8243; font_weight=&#8221;300&#8243; font_family=&#8221;none&#8221;]ESTRUCTURA DOCENTE[\/mk_fancy_title][\/vc_column_inner][\/vc_row_inner][\/vc_column][\/mk_page_section][vc_row el_class=&#8221;contenido shadow&#8221; css=&#8221;.vc_custom_1666763480020{padding-bottom: 50px !important;}&#8221;][vc_column][vc_row_inner css=&#8221;.vc_custom_1652705408785{padding-top: 50px !important;}&#8221;][vc_column_inner][vc_single_image image=&#8221;3664&#8243; img_size=&#8221;full&#8221; alignment=&#8221;center&#8221;][\/vc_column_inner][\/vc_row_inner][vc_row_inner][vc_column_inner width=&#8221;1\/3&#8243;][mk_fancy_title line_height=&#8221;190&#8243; font_family=&#8221;none&#8221; responsive_align=&#8221;left&#8221;] \u00a0 \u00a0 \u00a0 \u00a0 M\u00d3DULOS M\u00f3dulo 1: Contexto disciplinar del urbanismo. M\u00f3dulo 2: Contexto regulador del planeamiento. M\u00f3dulo 3: Enfoque transdisciplinar del [&hellip;]\" \/>\n<meta property=\"og:url\" content=\"https:\/\/departamento.us.es\/duot\/estructura-docente\/\" \/>\n<meta property=\"og:site_name\" content=\"Dpto. Urban\u00edstica y Ordenaci\u00f3n del Territorio US\" \/>\n<meta property=\"article:modified_time\" content=\"2026-03-11T15:29:36+00:00\" \/>\n<meta name=\"twitter:card\" content=\"summary_large_image\" \/>\n<script type=\"application\/ld+json\" class=\"yoast-schema-graph\">{\"@context\":\"https:\/\/schema.org\",\"@graph\":[{\"@type\":\"WebPage\",\"@id\":\"https:\/\/departamento.us.es\/duot\/estructura-docente\/\",\"url\":\"https:\/\/departamento.us.es\/duot\/estructura-docente\/\",\"name\":\"Estructura docente | Dpto. Urban\u00edstica y Ordenaci\u00f3n del Territorio US\",\"isPartOf\":{\"@id\":\"https:\/\/departamento.us.es\/duot\/#website\"},\"datePublished\":\"2022-10-26T05:50:11+00:00\",\"dateModified\":\"2026-03-11T15:29:36+00:00\",\"breadcrumb\":{\"@id\":\"https:\/\/departamento.us.es\/duot\/estructura-docente\/#breadcrumb\"},\"inLanguage\":\"es\",\"potentialAction\":[{\"@type\":\"ReadAction\",\"target\":[\"https:\/\/departamento.us.es\/duot\/estructura-docente\/\"]}]},{\"@type\":\"BreadcrumbList\",\"@id\":\"https:\/\/departamento.us.es\/duot\/estructura-docente\/#breadcrumb\",\"itemListElement\":[{\"@type\":\"ListItem\",\"position\":1,\"name\":\"Portada\",\"item\":\"https:\/\/departamento.us.es\/duot\/\"},{\"@type\":\"ListItem\",\"position\":2,\"name\":\"Estructura docente\"}]},{\"@type\":\"WebSite\",\"@id\":\"https:\/\/departamento.us.es\/duot\/#website\",\"url\":\"https:\/\/departamento.us.es\/duot\/\",\"name\":\"Dpto. Urban\u00edstica y Ordenaci\u00f3n del Territorio US\",\"description\":\"Departamento de Urban\u00edstica y Ordenaci\u00f3n del territorio de la Universidad de Sevilla\",\"publisher\":{\"@id\":\"https:\/\/departamento.us.es\/duot\/#organization\"},\"potentialAction\":[{\"@type\":\"SearchAction\",\"target\":{\"@type\":\"EntryPoint\",\"urlTemplate\":\"https:\/\/departamento.us.es\/duot\/?s={search_term_string}\"},\"query-input\":\"required name=search_term_string\"}],\"inLanguage\":\"es\"},{\"@type\":\"Organization\",\"@id\":\"https:\/\/departamento.us.es\/duot\/#organization\",\"name\":\"Departamento de Urban\u00edstica y Ordenaci\u00f3n del territorio US\",\"url\":\"https:\/\/departamento.us.es\/duot\/\",\"logo\":{\"@type\":\"ImageObject\",\"inLanguage\":\"es\",\"@id\":\"https:\/\/departamento.us.es\/duot\/#\/schema\/logo\/image\/\",\"url\":\"https:\/\/departamento.us.es\/duot\/wp-content\/uploads\/2022\/05\/logo_negro.png\",\"contentUrl\":\"https:\/\/departamento.us.es\/duot\/wp-content\/uploads\/2022\/05\/logo_negro.png\",\"width\":475,\"height\":79,\"caption\":\"Departamento de Urban\u00edstica y Ordenaci\u00f3n del territorio US\"},\"image\":{\"@id\":\"https:\/\/departamento.us.es\/duot\/#\/schema\/logo\/image\/\"}}]}<\/script>\n<!-- \/ Yoast SEO plugin. -->","yoast_head_json":{"title":"Estructura docente | Dpto. Urban\u00edstica y Ordenaci\u00f3n del Territorio US","robots":{"index":"index","follow":"follow","max-snippet":"max-snippet:-1","max-image-preview":"max-image-preview:large","max-video-preview":"max-video-preview:-1"},"canonical":"https:\/\/departamento.us.es\/duot\/estructura-docente\/","og_locale":"es_ES","og_type":"article","og_title":"Estructura docente | Dpto. Urban\u00edstica y Ordenaci\u00f3n del Territorio US","og_description":"[mk_page_section bg_image=&#8221;https:\/\/departamento.us.es\/duot\/wp-content\/uploads\/2022\/04\/banner_docente.jpg&#8221; bg_repeat=&#8221;no-repeat&#8221; bg_stretch=&#8221;true&#8221; video_color_mask=&#8221;#000000&#8243; min_height=&#8221;500&#8243; js_vertical_centered=&#8221;true&#8221; sidebar=&#8221;sidebar-1&#8243;][vc_column][vc_row_inner el_class=&#8221;title_dott&#8221;][vc_column_inner][mk_fancy_title tag_name=&#8221;h1&#8243; color=&#8221;#ffffff&#8221; size=&#8221;60&#8243; force_font_size=&#8221;true&#8221; size_smallscreen=&#8221;50&#8243; size_phone=&#8221;50&#8243; font_weight=&#8221;300&#8243; font_family=&#8221;none&#8221;]ESTRUCTURA DOCENTE[\/mk_fancy_title][\/vc_column_inner][\/vc_row_inner][\/vc_column][\/mk_page_section][vc_row el_class=&#8221;contenido shadow&#8221; css=&#8221;.vc_custom_1666763480020{padding-bottom: 50px !important;}&#8221;][vc_column][vc_row_inner css=&#8221;.vc_custom_1652705408785{padding-top: 50px !important;}&#8221;][vc_column_inner][vc_single_image image=&#8221;3664&#8243; img_size=&#8221;full&#8221; alignment=&#8221;center&#8221;][\/vc_column_inner][\/vc_row_inner][vc_row_inner][vc_column_inner width=&#8221;1\/3&#8243;][mk_fancy_title line_height=&#8221;190&#8243; font_family=&#8221;none&#8221; responsive_align=&#8221;left&#8221;] \u00a0 \u00a0 \u00a0 \u00a0 M\u00d3DULOS M\u00f3dulo 1: Contexto disciplinar del urbanismo. M\u00f3dulo 2: Contexto regulador del planeamiento. M\u00f3dulo 3: Enfoque transdisciplinar del [&hellip;]","og_url":"https:\/\/departamento.us.es\/duot\/estructura-docente\/","og_site_name":"Dpto. Urban\u00edstica y Ordenaci\u00f3n del Territorio US","article_modified_time":"2026-03-11T15:29:36+00:00","twitter_card":"summary_large_image","schema":{"@context":"https:\/\/schema.org","@graph":[{"@type":"WebPage","@id":"https:\/\/departamento.us.es\/duot\/estructura-docente\/","url":"https:\/\/departamento.us.es\/duot\/estructura-docente\/","name":"Estructura docente | Dpto. Urban\u00edstica y Ordenaci\u00f3n del Territorio US","isPartOf":{"@id":"https:\/\/departamento.us.es\/duot\/#website"},"datePublished":"2022-10-26T05:50:11+00:00","dateModified":"2026-03-11T15:29:36+00:00","breadcrumb":{"@id":"https:\/\/departamento.us.es\/duot\/estructura-docente\/#breadcrumb"},"inLanguage":"es","potentialAction":[{"@type":"ReadAction","target":["https:\/\/departamento.us.es\/duot\/estructura-docente\/"]}]},{"@type":"BreadcrumbList","@id":"https:\/\/departamento.us.es\/duot\/estructura-docente\/#breadcrumb","itemListElement":[{"@type":"ListItem","position":1,"name":"Portada","item":"https:\/\/departamento.us.es\/duot\/"},{"@type":"ListItem","position":2,"name":"Estructura docente"}]},{"@type":"WebSite","@id":"https:\/\/departamento.us.es\/duot\/#website","url":"https:\/\/departamento.us.es\/duot\/","name":"Dpto. Urban\u00edstica y Ordenaci\u00f3n del Territorio US","description":"Departamento de Urban\u00edstica y Ordenaci\u00f3n del territorio de la Universidad de Sevilla","publisher":{"@id":"https:\/\/departamento.us.es\/duot\/#organization"},"potentialAction":[{"@type":"SearchAction","target":{"@type":"EntryPoint","urlTemplate":"https:\/\/departamento.us.es\/duot\/?s={search_term_string}"},"query-input":"required name=search_term_string"}],"inLanguage":"es"},{"@type":"Organization","@id":"https:\/\/departamento.us.es\/duot\/#organization","name":"Departamento de Urban\u00edstica y Ordenaci\u00f3n del territorio US","url":"https:\/\/departamento.us.es\/duot\/","logo":{"@type":"ImageObject","inLanguage":"es","@id":"https:\/\/departamento.us.es\/duot\/#\/schema\/logo\/image\/","url":"https:\/\/departamento.us.es\/duot\/wp-content\/uploads\/2022\/05\/logo_negro.png","contentUrl":"https:\/\/departamento.us.es\/duot\/wp-content\/uploads\/2022\/05\/logo_negro.png","width":475,"height":79,"caption":"Departamento de Urban\u00edstica y Ordenaci\u00f3n del territorio US"},"image":{"@id":"https:\/\/departamento.us.es\/duot\/#\/schema\/logo\/image\/"}}]}},"_links":{"self":[{"href":"https:\/\/departamento.us.es\/duot\/wp-json\/wp\/v2\/pages\/4236"}],"collection":[{"href":"https:\/\/departamento.us.es\/duot\/wp-json\/wp\/v2\/pages"}],"about":[{"href":"https:\/\/departamento.us.es\/duot\/wp-json\/wp\/v2\/types\/page"}],"author":[{"embeddable":true,"href":"https:\/\/departamento.us.es\/duot\/wp-json\/wp\/v2\/users\/4"}],"replies":[{"embeddable":true,"href":"https:\/\/departamento.us.es\/duot\/wp-json\/wp\/v2\/comments?post=4236"}],"version-history":[{"count":109,"href":"https:\/\/departamento.us.es\/duot\/wp-json\/wp\/v2\/pages\/4236\/revisions"}],"predecessor-version":[{"id":5136,"href":"https:\/\/departamento.us.es\/duot\/wp-json\/wp\/v2\/pages\/4236\/revisions\/5136"}],"wp:attachment":[{"href":"https:\/\/departamento.us.es\/duot\/wp-json\/wp\/v2\/media?parent=4236"}],"curies":[{"name":"wp","href":"https:\/\/api.w.org\/{rel}","templated":true}]}}