{"id":167,"date":"2025-03-15T21:03:07","date_gmt":"2025-03-15T20:03:07","guid":{"rendered":"https:\/\/departamento.us.es\/newedan\/?page_id=167"},"modified":"2025-03-22T22:51:16","modified_gmt":"2025-03-22T21:51:16","slug":"grado-en-matematicas","status":"publish","type":"page","link":"https:\/\/departamento.us.es\/edan\/grado-en-matematicas\/","title":{"rendered":"Grado en Matem\u00e1ticas"},"content":{"rendered":"\n<figure class=\"wp-block-table\"><table class=\"has-fixed-layout\"><tbody><tr><td><a href=\"https:\/\/www.us.es\/estudiar\/que-estudiar\/oferta-de-grados\/grado-en-matematicas\" target=\"_blank\"><strong>Descripci\u00f3n del Grado en el sitio web de la Universidad de Sevilla<\/strong><\/a><br> <a href=\"https:\/\/matematicas.us.es\/node\/1012\" target=\"_blank\"><br><strong>Informaci\u00f3n sobre este Grado en la web de la Facultad de Matem\u00e1ticas<\/strong><\/a><\/td><\/tr><\/tbody><\/table><\/figure>\n\n\n\n<figure class=\"wp-block-table\"><table class=\"has-fixed-layout\"><tbody><tr><td><strong>Asignaturas impartidas por el Departamento en el Grado en Matem\u00e1ticas y curso de impartici\u00f3n en su planificaci\u00f3n<\/strong><\/td><\/tr><tr><td><ul><li><a href=\"http:\/\/departamento.us.es\/edan\/?page_id=200\" data-type=\"page\" data-id=\"200\">C\u00e1lculo Num\u00e9rico I<\/a> (Obligatoria, 1er. curso, 2o. cuatrimestre)<\/li><li><a href=\"http:\/\/departamento.us.es\/edan\/?page_id=204\">Ecuaciones Diferenciales Ordinarias<\/a> (Obligatoria, 2o. curso, 2o. cuatrimestre)<\/li><li><a href=\"http:\/\/departamento.us.es\/edan\/?page_id=207\">C\u00e1lculo Num\u00e9rico II<\/a> (Obligatoria, 2o. curso, 2o. cuatrimestre)<\/li><li><a href=\"http:\/\/departamento.us.es\/edan\/?page_id=210\">Ampliaci\u00f3n de Ecuaciones Diferenciales<\/a> (Obligatoria, 3er. curso, 1er. cuatrimestre)<\/li><li><a href=\"http:\/\/departamento.us.es\/edan\/?page_id=213\">Modelizaci\u00f3n Matem\u00e1tica<\/a> (Obligatoria, 3er. curso, 2o. cuatrimestre)<\/li><li><a href=\"http:\/\/departamento.us.es\/edan\/?page_id=216\">Ecuaciones en Derivadas Parciales<\/a> (Optativa, 4o. curso, 1er. cuatrimestre)<\/li><li><a href=\"http:\/\/departamento.us.es\/edan\/?page_id=219\">An\u00e1lisis Funcional y Ecuaciones en Derivadas Parciales<\/a> (Optativa, 4o. curso, 1er.. cuatrimestre)<\/li><li><a href=\"http:\/\/departamento.us.es\/edan\/?page_id=222\">An\u00e1lisis Num\u00e9rico de las Ecuaciones Diferenciales<\/a> (Optativa, 4o. curso, 1er. cuatrimestre)<\/li><li><a href=\"http:\/\/departamento.us.es\/edan\/?page_id=225\">Complementos de Modelizaci\u00f3n y Optimizaci\u00f3n Num\u00e9rica<\/a> (Optativa, 4o. curso, 2o. cuatrimestre)<\/li><\/ul><\/td><\/tr><\/tbody><\/table><\/figure>\n\n\n\n<p><\/p>\n","protected":false},"excerpt":{"rendered":"<p>Descripci\u00f3n del Grado en el sitio web de la Universidad de Sevilla Informaci\u00f3n sobre este Grado en la web de la Facultad de Matem\u00e1ticas Asignaturas impartidas por el Departamento en el Grado en Matem\u00e1ticas y curso de impartici\u00f3n en su planificaci\u00f3n C\u00e1lculo Num\u00e9rico I (Obligatoria, 1er. curso, 2o. cuatrimestre) Ecuaciones Diferenciales Ordinarias (Obligatoria, 2o. curso, [&hellip;]<\/p>\n","protected":false},"author":1,"featured_media":0,"parent":0,"menu_order":0,"comment_status":"closed","ping_status":"closed","template":"","meta":{"_uag_custom_page_level_css":"","site-sidebar-layout":"default","site-content-layout":"","ast-site-content-layout":"","site-content-style":"default","site-sidebar-style":"default","ast-global-header-display":"","ast-banner-title-visibility":"","ast-main-header-display":"","ast-hfb-above-header-display":"","ast-hfb-below-header-display":"","ast-hfb-mobile-header-display":"","site-post-title":"","ast-breadcrumbs-content":"","ast-featured-img":"","footer-sml-layout":"","theme-transparent-header-meta":"","adv-header-id-meta":"","stick-header-meta":"","header-above-stick-meta":"","header-main-stick-meta":"","header-below-stick-meta":"","astra-migrate-meta-layouts":"default","ast-page-background-enabled":"default","ast-page-background-meta":{"desktop":{"background-color":"var(--ast-global-color-5)","background-image":"","background-repeat":"repeat","background-position":"center center","background-size":"auto","background-attachment":"scroll","background-type":"","background-media":"","overlay-type":"","overlay-color":"","overlay-opacity":"","overlay-gradient":""},"tablet":{"background-color":"","background-image":"","background-repeat":"repeat","background-position":"center center","background-size":"auto","background-attachment":"scroll","background-type":"","background-media":"","overlay-type":"","overlay-color":"","overlay-opacity":"","overlay-gradient":""},"mobile":{"background-color":"","background-image":"","background-repeat":"repeat","background-position":"center center","background-size":"auto","background-attachment":"scroll","background-type":"","background-media":"","overlay-type":"","overlay-color":"","overlay-opacity":"","overlay-gradient":""}},"ast-content-background-meta":{"desktop":{"background-color":"var(--ast-global-color-4)","background-image":"","background-repeat":"repeat","background-position":"center center","background-size":"auto","background-attachment":"scroll","background-type":"","background-media":"","overlay-type":"","overlay-color":"","overlay-opacity":"","overlay-gradient":""},"tablet":{"background-color":"var(--ast-global-color-4)","background-image":"","background-repeat":"repeat","background-position":"center center","background-size":"auto","background-attachment":"scroll","background-type":"","background-media":"","overlay-type":"","overlay-color":"","overlay-opacity":"","overlay-gradient":""},"mobile":{"background-color":"var(--ast-global-color-4)","background-image":"","background-repeat":"repeat","background-position":"center center","background-size":"auto","background-attachment":"scroll","background-type":"","background-media":"","overlay-type":"","overlay-color":"","overlay-opacity":"","overlay-gradient":""}},"footnotes":""},"class_list":["post-167","page","type-page","status-publish","hentry"],"uagb_featured_image_src":{"full":false,"thumbnail":false,"medium":false,"medium_large":false,"large":false,"1536x1536":false,"2048x2048":false},"uagb_author_info":{"display_name":"rosa","author_link":"https:\/\/departamento.us.es\/edan\/author\/rosa\/"},"uagb_comment_info":0,"uagb_excerpt":"Descripci\u00f3n del Grado en el sitio web de la Universidad de Sevilla Informaci\u00f3n sobre este Grado en la web de la Facultad de Matem\u00e1ticas Asignaturas impartidas por el Departamento en el Grado en Matem\u00e1ticas y curso de impartici\u00f3n en su planificaci\u00f3n C\u00e1lculo Num\u00e9rico I (Obligatoria, 1er. curso, 2o. cuatrimestre) Ecuaciones Diferenciales Ordinarias (Obligatoria, 2o. curso,&hellip;","_links":{"self":[{"href":"https:\/\/departamento.us.es\/edan\/wp-json\/wp\/v2\/pages\/167","targetHints":{"allow":["GET"]}}],"collection":[{"href":"https:\/\/departamento.us.es\/edan\/wp-json\/wp\/v2\/pages"}],"about":[{"href":"https:\/\/departamento.us.es\/edan\/wp-json\/wp\/v2\/types\/page"}],"author":[{"embeddable":true,"href":"https:\/\/departamento.us.es\/edan\/wp-json\/wp\/v2\/users\/1"}],"replies":[{"embeddable":true,"href":"https:\/\/departamento.us.es\/edan\/wp-json\/wp\/v2\/comments?post=167"}],"version-history":[{"count":37,"href":"https:\/\/departamento.us.es\/edan\/wp-json\/wp\/v2\/pages\/167\/revisions"}],"predecessor-version":[{"id":660,"href":"https:\/\/departamento.us.es\/edan\/wp-json\/wp\/v2\/pages\/167\/revisions\/660"}],"wp:attachment":[{"href":"https:\/\/departamento.us.es\/edan\/wp-json\/wp\/v2\/media?parent=167"}],"curies":[{"name":"wp","href":"https:\/\/api.w.org\/{rel}","templated":true}]}}