{"id":170,"date":"2025-03-15T21:03:24","date_gmt":"2025-03-15T20:03:24","guid":{"rendered":"https:\/\/departamento.us.es\/newedan\/?page_id=170"},"modified":"2025-03-20T01:19:04","modified_gmt":"2025-03-20T00:19:04","slug":"grado-en-fisica","status":"publish","type":"page","link":"https:\/\/departamento.us.es\/edan\/grado-en-fisica\/","title":{"rendered":"Grado en F\u00edsica"},"content":{"rendered":"\n<figure class=\"wp-block-table\"><table class=\"has-fixed-layout\"><tbody><tr><td>\n<a href=\"https:\/\/www.us.es\/estudiar\/que-estudiar\/oferta-de-grados\/grado-en-fisica\" target=\"_blank\"><strong>Descripci\u00f3n del Grado en el sitio web de la Universidad de Sevilla<\/strong><\/a>\n<br><br>\n<a href=\"https:\/\/fisica.us.es\/docencia\/titulaciones\/gradoFisica\" target=\"_blank\"><strong>Informaci\u00f3n de este Grado en la p\u00e1gina web de la Facultad de F\u00edsica<\/strong><\/a>\n<\/td><\/tr><\/tbody><\/table><\/figure>\n\n\n\n<figure class=\"wp-block-table\"><table class=\"has-fixed-layout\"><tbody><tr><td><strong>Asignatura impartida por el Departamento en el Grado en F\u00edsica<\/strong><\/td><\/tr><tr><td><ul><li><a href=\"http:\/\/departamento.us.es\/edan\/?page_id=228\" data-type=\"page\" data-id=\"200\">Programaci\u00f3n Cient\u00edfica<\/a> (Formaci\u00f3n B\u00e1sica, 1er. curso, 1er. cuatrimestre)<\/li><\/ul><\/td><\/tr><\/tbody><\/table><\/figure>\n","protected":false},"excerpt":{"rendered":"<p>Descripci\u00f3n del Grado en el sitio web de la Universidad de Sevilla Informaci\u00f3n de este Grado en la p\u00e1gina web de la Facultad de F\u00edsica Asignatura impartida por el Departamento en el Grado en F\u00edsica Programaci\u00f3n Cient\u00edfica (Formaci\u00f3n B\u00e1sica, 1er. curso, 1er. cuatrimestre)<\/p>\n","protected":false},"author":1,"featured_media":0,"parent":0,"menu_order":0,"comment_status":"closed","ping_status":"closed","template":"","meta":{"_uag_custom_page_level_css":"","site-sidebar-layout":"default","site-content-layout":"","ast-site-content-layout":"","site-content-style":"default","site-sidebar-style":"default","ast-global-header-display":"","ast-banner-title-visibility":"","ast-main-header-display":"","ast-hfb-above-header-display":"","ast-hfb-below-header-display":"","ast-hfb-mobile-header-display":"","site-post-title":"","ast-breadcrumbs-content":"","ast-featured-img":"","footer-sml-layout":"","theme-transparent-header-meta":"","adv-header-id-meta":"","stick-header-meta":"","header-above-stick-meta":"","header-main-stick-meta":"","header-below-stick-meta":"","astra-migrate-meta-layouts":"default","ast-page-background-enabled":"default","ast-page-background-meta":{"desktop":{"background-color":"var(--ast-global-color-5)","background-image":"","background-repeat":"repeat","background-position":"center center","background-size":"auto","background-attachment":"scroll","background-type":"","background-media":"","overlay-type":"","overlay-color":"","overlay-opacity":"","overlay-gradient":""},"tablet":{"background-color":"","background-image":"","background-repeat":"repeat","background-position":"center center","background-size":"auto","background-attachment":"scroll","background-type":"","background-media":"","overlay-type":"","overlay-color":"","overlay-opacity":"","overlay-gradient":""},"mobile":{"background-color":"","background-image":"","background-repeat":"repeat","background-position":"center center","background-size":"auto","background-attachment":"scroll","background-type":"","background-media":"","overlay-type":"","overlay-color":"","overlay-opacity":"","overlay-gradient":""}},"ast-content-background-meta":{"desktop":{"background-color":"var(--ast-global-color-4)","background-image":"","background-repeat":"repeat","background-position":"center center","background-size":"auto","background-attachment":"scroll","background-type":"","background-media":"","overlay-type":"","overlay-color":"","overlay-opacity":"","overlay-gradient":""},"tablet":{"background-color":"var(--ast-global-color-4)","background-image":"","background-repeat":"repeat","background-position":"center center","background-size":"auto","background-attachment":"scroll","background-type":"","background-media":"","overlay-type":"","overlay-color":"","overlay-opacity":"","overlay-gradient":""},"mobile":{"background-color":"var(--ast-global-color-4)","background-image":"","background-repeat":"repeat","background-position":"center center","background-size":"auto","background-attachment":"scroll","background-type":"","background-media":"","overlay-type":"","overlay-color":"","overlay-opacity":"","overlay-gradient":""}},"footnotes":""},"class_list":["post-170","page","type-page","status-publish","hentry"],"uagb_featured_image_src":{"full":false,"thumbnail":false,"medium":false,"medium_large":false,"large":false,"1536x1536":false,"2048x2048":false},"uagb_author_info":{"display_name":"rosa","author_link":"https:\/\/departamento.us.es\/edan\/author\/rosa\/"},"uagb_comment_info":0,"uagb_excerpt":"Descripci\u00f3n del Grado en el sitio web de la Universidad de Sevilla Informaci\u00f3n de este Grado en la p\u00e1gina web de la Facultad de F\u00edsica Asignatura impartida por el Departamento en el Grado en F\u00edsica Programaci\u00f3n Cient\u00edfica (Formaci\u00f3n B\u00e1sica, 1er. curso, 1er. cuatrimestre)","_links":{"self":[{"href":"https:\/\/departamento.us.es\/edan\/wp-json\/wp\/v2\/pages\/170","targetHints":{"allow":["GET"]}}],"collection":[{"href":"https:\/\/departamento.us.es\/edan\/wp-json\/wp\/v2\/pages"}],"about":[{"href":"https:\/\/departamento.us.es\/edan\/wp-json\/wp\/v2\/types\/page"}],"author":[{"embeddable":true,"href":"https:\/\/departamento.us.es\/edan\/wp-json\/wp\/v2\/users\/1"}],"replies":[{"embeddable":true,"href":"https:\/\/departamento.us.es\/edan\/wp-json\/wp\/v2\/comments?post=170"}],"version-history":[{"count":11,"href":"https:\/\/departamento.us.es\/edan\/wp-json\/wp\/v2\/pages\/170\/revisions"}],"predecessor-version":[{"id":658,"href":"https:\/\/departamento.us.es\/edan\/wp-json\/wp\/v2\/pages\/170\/revisions\/658"}],"wp:attachment":[{"href":"https:\/\/departamento.us.es\/edan\/wp-json\/wp\/v2\/media?parent=170"}],"curies":[{"name":"wp","href":"https:\/\/api.w.org\/{rel}","templated":true}]}}