{"id":173,"date":"2025-03-15T21:03:39","date_gmt":"2025-03-15T20:03:39","guid":{"rendered":"https:\/\/departamento.us.es\/newedan\/?page_id=173"},"modified":"2025-03-22T22:27:19","modified_gmt":"2025-03-22T21:27:19","slug":"grado-en-biologia","status":"publish","type":"page","link":"https:\/\/departamento.us.es\/edan\/grado-en-biologia\/","title":{"rendered":"Grado en Biolog\u00eda"},"content":{"rendered":"\n<figure class=\"wp-block-table\"><table class=\"has-fixed-layout\"><tbody><tr><td><a href=\"https:\/\/www.us.es\/estudiar\/que-estudiar\/oferta-de-grados\/grado-en-biologia\" target=\"_blank\"><strong>Descripci\u00f3n del Grado en el sitio web de la Universidad de Sevilla<\/strong><\/a><br><br> <strong><a href=\"https:\/\/biologia.us.es\/es\/estudios\/grado-en-biologia\" target=\"_blank\" rel=\"noreferrer noopener\">Informaci\u00f3n sobre este Grado en la web de la Facultad de Biolog\u00eda<\/a><\/strong><\/td><\/tr><\/tbody><\/table><\/figure>\n\n\n\n<figure class=\"wp-block-table\"><table class=\"has-fixed-layout\"><tbody><tr><td><strong>Asignaturas impartidas por el Departamento en el Grado en Biolog\u00eda<\/strong><\/td><\/tr><tr><td><ul><li><a href=\"http:\/\/departamento.us.es\/edan\/?page_id=231\" data-type=\"page\" data-id=\"200\">Matem\u00e1ticas Aplicadas a la Biolog\u00eda<\/a> (Formaci\u00f3n B\u00e1sica, 1er. curso, 1er. cuatrimestre)<\/li><li><a href=\"http:\/\/departamento.us.es\/edan\/?page_id=234\" data-type=\"page\" data-id=\"200\">Inform\u00e1tica Aplicada a la Biolog\u00eda<\/a> (Formaci\u00f3n B\u00e1sica, 1er. curso, 1er. cuatrimestre)<\/li><\/ul><\/td><\/tr><\/tbody><\/table><\/figure>\n\n\n\n<p><\/p>\n","protected":false},"excerpt":{"rendered":"<p>Descripci\u00f3n del Grado en el sitio web de la Universidad de Sevilla Informaci\u00f3n sobre este Grado en la web de la Facultad de Biolog\u00eda Asignaturas impartidas por el Departamento en el Grado en Biolog\u00eda Matem\u00e1ticas Aplicadas a la Biolog\u00eda (Formaci\u00f3n B\u00e1sica, 1er. curso, 1er. cuatrimestre) Inform\u00e1tica Aplicada a la Biolog\u00eda (Formaci\u00f3n B\u00e1sica, 1er. curso, 1er. [&hellip;]<\/p>\n","protected":false},"author":1,"featured_media":0,"parent":0,"menu_order":0,"comment_status":"closed","ping_status":"closed","template":"","meta":{"_uag_custom_page_level_css":"","site-sidebar-layout":"default","site-content-layout":"","ast-site-content-layout":"","site-content-style":"default","site-sidebar-style":"default","ast-global-header-display":"","ast-banner-title-visibility":"","ast-main-header-display":"","ast-hfb-above-header-display":"","ast-hfb-below-header-display":"","ast-hfb-mobile-header-display":"","site-post-title":"","ast-breadcrumbs-content":"","ast-featured-img":"","footer-sml-layout":"","theme-transparent-header-meta":"","adv-header-id-meta":"","stick-header-meta":"","header-above-stick-meta":"","header-main-stick-meta":"","header-below-stick-meta":"","astra-migrate-meta-layouts":"default","ast-page-background-enabled":"default","ast-page-background-meta":{"desktop":{"background-color":"var(--ast-global-color-5)","background-image":"","background-repeat":"repeat","background-position":"center center","background-size":"auto","background-attachment":"scroll","background-type":"","background-media":"","overlay-type":"","overlay-color":"","overlay-opacity":"","overlay-gradient":""},"tablet":{"background-color":"","background-image":"","background-repeat":"repeat","background-position":"center center","background-size":"auto","background-attachment":"scroll","background-type":"","background-media":"","overlay-type":"","overlay-color":"","overlay-opacity":"","overlay-gradient":""},"mobile":{"background-color":"","background-image":"","background-repeat":"repeat","background-position":"center center","background-size":"auto","background-attachment":"scroll","background-type":"","background-media":"","overlay-type":"","overlay-color":"","overlay-opacity":"","overlay-gradient":""}},"ast-content-background-meta":{"desktop":{"background-color":"var(--ast-global-color-4)","background-image":"","background-repeat":"repeat","background-position":"center center","background-size":"auto","background-attachment":"scroll","background-type":"","background-media":"","overlay-type":"","overlay-color":"","overlay-opacity":"","overlay-gradient":""},"tablet":{"background-color":"var(--ast-global-color-4)","background-image":"","background-repeat":"repeat","background-position":"center center","background-size":"auto","background-attachment":"scroll","background-type":"","background-media":"","overlay-type":"","overlay-color":"","overlay-opacity":"","overlay-gradient":""},"mobile":{"background-color":"var(--ast-global-color-4)","background-image":"","background-repeat":"repeat","background-position":"center center","background-size":"auto","background-attachment":"scroll","background-type":"","background-media":"","overlay-type":"","overlay-color":"","overlay-opacity":"","overlay-gradient":""}},"footnotes":""},"class_list":["post-173","page","type-page","status-publish","hentry"],"uagb_featured_image_src":{"full":false,"thumbnail":false,"medium":false,"medium_large":false,"large":false,"1536x1536":false,"2048x2048":false},"uagb_author_info":{"display_name":"rosa","author_link":"https:\/\/departamento.us.es\/edan\/author\/rosa\/"},"uagb_comment_info":0,"uagb_excerpt":"Descripci\u00f3n del Grado en el sitio web de la Universidad de Sevilla Informaci\u00f3n sobre este Grado en la web de la Facultad de Biolog\u00eda Asignaturas impartidas por el Departamento en el Grado en Biolog\u00eda Matem\u00e1ticas Aplicadas a la Biolog\u00eda (Formaci\u00f3n B\u00e1sica, 1er. curso, 1er. cuatrimestre) Inform\u00e1tica Aplicada a la Biolog\u00eda (Formaci\u00f3n B\u00e1sica, 1er. curso, 1er.&hellip;","_links":{"self":[{"href":"https:\/\/departamento.us.es\/edan\/wp-json\/wp\/v2\/pages\/173","targetHints":{"allow":["GET"]}}],"collection":[{"href":"https:\/\/departamento.us.es\/edan\/wp-json\/wp\/v2\/pages"}],"about":[{"href":"https:\/\/departamento.us.es\/edan\/wp-json\/wp\/v2\/types\/page"}],"author":[{"embeddable":true,"href":"https:\/\/departamento.us.es\/edan\/wp-json\/wp\/v2\/users\/1"}],"replies":[{"embeddable":true,"href":"https:\/\/departamento.us.es\/edan\/wp-json\/wp\/v2\/comments?post=173"}],"version-history":[{"count":14,"href":"https:\/\/departamento.us.es\/edan\/wp-json\/wp\/v2\/pages\/173\/revisions"}],"predecessor-version":[{"id":668,"href":"https:\/\/departamento.us.es\/edan\/wp-json\/wp\/v2\/pages\/173\/revisions\/668"}],"wp:attachment":[{"href":"https:\/\/departamento.us.es\/edan\/wp-json\/wp\/v2\/media?parent=173"}],"curies":[{"name":"wp","href":"https:\/\/api.w.org\/{rel}","templated":true}]}}