{"id":182,"date":"2025-03-15T21:04:39","date_gmt":"2025-03-15T20:04:39","guid":{"rendered":"https:\/\/departamento.us.es\/newedan\/?page_id=182"},"modified":"2025-03-22T22:35:41","modified_gmt":"2025-03-22T21:35:41","slug":"grado-en-farmacia","status":"publish","type":"page","link":"https:\/\/departamento.us.es\/edan\/grado-en-farmacia\/","title":{"rendered":"Grado en Farmacia"},"content":{"rendered":"\n<figure class=\"wp-block-table\"><table class=\"has-fixed-layout\"><tbody><tr><td><a href=\"https:\/\/www.us.es\/estudiar\/que-estudiar\/oferta-de-grados\/grado-en-farmacia-2019\" target=\"_blank\"><strong>Descripci\u00f3n del Grado en el sitio web de la Universidad de Sevilla<\/strong><\/a><br><br><a href=\"https:\/\/farmacia.us.es\/grado\/farmacia.htm\" target=\"_blank\"><strong>Informaci\u00f3n sobre este Grado en la web de la Facultad de Farmacia<\/strong><\/a>\n<\/td><\/tr><\/tbody><\/table><\/figure>\n\n\n\n<figure class=\"wp-block-table\"><table class=\"has-fixed-layout\"><tbody><tr><td><strong>Asignaturas impartidas por el Departamento en el Grado en Farmacia<\/strong><\/td><\/tr><tr><td><ul><li><a href=\"http:\/\/departamento.us.es\/edan\/?page_id=240\" data-type=\"page\" data-id=\"200\">Matem\u00e1tica Aplicada y Estad\u00edstica<\/a> (Formaci\u00f3n B\u00e1sica, 1er. curso, 1er. cuatrimestre)<\/li><li><a href=\"http:\/\/departamento.us.es\/edan\/?page_id=243\" data-type=\"page\" data-id=\"200\">M\u00e9todos Matem\u00e1ticos para las Ciencias de la Salud<\/a> (Optativa, 4o. curso, 1er. cuatrimestre)<\/li><\/ul><\/td><\/tr><\/tbody><\/table><\/figure>\n\n\n\n<p><\/p>\n","protected":false},"excerpt":{"rendered":"<p>Descripci\u00f3n del Grado en el sitio web de la Universidad de Sevilla Informaci\u00f3n sobre este Grado en la web de la Facultad de Farmacia Asignaturas impartidas por el Departamento en el Grado en Farmacia Matem\u00e1tica Aplicada y Estad\u00edstica (Formaci\u00f3n B\u00e1sica, 1er. curso, 1er. cuatrimestre) M\u00e9todos Matem\u00e1ticos para las Ciencias de la Salud (Optativa, 4o. curso, [&hellip;]<\/p>\n","protected":false},"author":1,"featured_media":0,"parent":0,"menu_order":0,"comment_status":"closed","ping_status":"closed","template":"","meta":{"_uag_custom_page_level_css":"","site-sidebar-layout":"default","site-content-layout":"","ast-site-content-layout":"","site-content-style":"default","site-sidebar-style":"default","ast-global-header-display":"","ast-banner-title-visibility":"","ast-main-header-display":"","ast-hfb-above-header-display":"","ast-hfb-below-header-display":"","ast-hfb-mobile-header-display":"","site-post-title":"","ast-breadcrumbs-content":"","ast-featured-img":"","footer-sml-layout":"","theme-transparent-header-meta":"","adv-header-id-meta":"","stick-header-meta":"","header-above-stick-meta":"","header-main-stick-meta":"","header-below-stick-meta":"","astra-migrate-meta-layouts":"default","ast-page-background-enabled":"default","ast-page-background-meta":{"desktop":{"background-color":"var(--ast-global-color-5)","background-image":"","background-repeat":"repeat","background-position":"center center","background-size":"auto","background-attachment":"scroll","background-type":"","background-media":"","overlay-type":"","overlay-color":"","overlay-opacity":"","overlay-gradient":""},"tablet":{"background-color":"","background-image":"","background-repeat":"repeat","background-position":"center center","background-size":"auto","background-attachment":"scroll","background-type":"","background-media":"","overlay-type":"","overlay-color":"","overlay-opacity":"","overlay-gradient":""},"mobile":{"background-color":"","background-image":"","background-repeat":"repeat","background-position":"center center","background-size":"auto","background-attachment":"scroll","background-type":"","background-media":"","overlay-type":"","overlay-color":"","overlay-opacity":"","overlay-gradient":""}},"ast-content-background-meta":{"desktop":{"background-color":"var(--ast-global-color-4)","background-image":"","background-repeat":"repeat","background-position":"center center","background-size":"auto","background-attachment":"scroll","background-type":"","background-media":"","overlay-type":"","overlay-color":"","overlay-opacity":"","overlay-gradient":""},"tablet":{"background-color":"var(--ast-global-color-4)","background-image":"","background-repeat":"repeat","background-position":"center center","background-size":"auto","background-attachment":"scroll","background-type":"","background-media":"","overlay-type":"","overlay-color":"","overlay-opacity":"","overlay-gradient":""},"mobile":{"background-color":"var(--ast-global-color-4)","background-image":"","background-repeat":"repeat","background-position":"center center","background-size":"auto","background-attachment":"scroll","background-type":"","background-media":"","overlay-type":"","overlay-color":"","overlay-opacity":"","overlay-gradient":""}},"footnotes":""},"class_list":["post-182","page","type-page","status-publish","hentry"],"uagb_featured_image_src":{"full":false,"thumbnail":false,"medium":false,"medium_large":false,"large":false,"1536x1536":false,"2048x2048":false},"uagb_author_info":{"display_name":"rosa","author_link":"https:\/\/departamento.us.es\/edan\/author\/rosa\/"},"uagb_comment_info":0,"uagb_excerpt":"Descripci\u00f3n del Grado en el sitio web de la Universidad de Sevilla Informaci\u00f3n sobre este Grado en la web de la Facultad de Farmacia Asignaturas impartidas por el Departamento en el Grado en Farmacia Matem\u00e1tica Aplicada y Estad\u00edstica (Formaci\u00f3n B\u00e1sica, 1er. curso, 1er. cuatrimestre) M\u00e9todos Matem\u00e1ticos para las Ciencias de la Salud (Optativa, 4o. curso,&hellip;","_links":{"self":[{"href":"https:\/\/departamento.us.es\/edan\/wp-json\/wp\/v2\/pages\/182","targetHints":{"allow":["GET"]}}],"collection":[{"href":"https:\/\/departamento.us.es\/edan\/wp-json\/wp\/v2\/pages"}],"about":[{"href":"https:\/\/departamento.us.es\/edan\/wp-json\/wp\/v2\/types\/page"}],"author":[{"embeddable":true,"href":"https:\/\/departamento.us.es\/edan\/wp-json\/wp\/v2\/users\/1"}],"replies":[{"embeddable":true,"href":"https:\/\/departamento.us.es\/edan\/wp-json\/wp\/v2\/comments?post=182"}],"version-history":[{"count":13,"href":"https:\/\/departamento.us.es\/edan\/wp-json\/wp\/v2\/pages\/182\/revisions"}],"predecessor-version":[{"id":666,"href":"https:\/\/departamento.us.es\/edan\/wp-json\/wp\/v2\/pages\/182\/revisions\/666"}],"wp:attachment":[{"href":"https:\/\/departamento.us.es\/edan\/wp-json\/wp\/v2\/media?parent=182"}],"curies":[{"name":"wp","href":"https:\/\/api.w.org\/{rel}","templated":true}]}}