{"id":246,"date":"2025-03-15T22:56:37","date_gmt":"2025-03-15T21:56:37","guid":{"rendered":"https:\/\/departamento.us.es\/newedan\/?page_id=246"},"modified":"2025-03-18T02:45:02","modified_gmt":"2025-03-18T01:45:02","slug":"matematicas-aplicadas-a-la-optica","status":"publish","type":"page","link":"https:\/\/departamento.us.es\/edan\/matematicas-aplicadas-a-la-optica\/","title":{"rendered":"Matem\u00e1ticas Aplicadas a la \u00d3ptica"},"content":{"rendered":"\n<p>Asignatura de Formaci\u00f3n B\u00e1sica del Grado en \u00d3ptica y Optometr\u00eda (1er. curso, 1er. cuatrimestre)<\/p>\n\n\n\n<figure class=\"wp-block-table\"><table class=\"has-fixed-layout\"><tbody><tr><td><strong>Informaci\u00f3n sobre la asignatura<\/strong><\/td><\/tr><tr><td>\nAqu\u00ed podr\u00e1 encontrar la informaci\u00f3n general sobre la asignatura, los profesores que la imparten el curso actual, el programa y el hist\u00f3rico de proyectos docentes de cada curso y grupo: <br>\n<a href=\"https:\/\/www.us.es\/estudiar\/que-estudiar\/oferta-de-grados\/grado-en-optica-y-optometria\/2230005\" target=\"_blank\">Descripci\u00f3n de la asignatura en el sitio web de la Universidad de Sevilla<\/a>\n<br>\n<\/td><\/tr><tr><td><strong>Profesorado curso actual<\/strong><\/td><\/tr><tr><td>\nXXXXXXXXXX\n<\/td><\/tr><tr><td><strong>Horarios curso actual<\/strong><\/td><\/tr><tr><td>\nXXXXXXXXXX\n<\/td><\/tr><tr><td><strong>Otras informaciones<\/strong><\/td><\/tr><tr><td>\n&nbsp;\n<\/td><\/tr><\/tbody><\/table><\/figure>\n\n\n\n<p><\/p>\n","protected":false},"excerpt":{"rendered":"<p>Asignatura de Formaci\u00f3n B\u00e1sica del Grado en \u00d3ptica y Optometr\u00eda (1er. curso, 1er. cuatrimestre) Informaci\u00f3n sobre la asignatura Aqu\u00ed podr\u00e1 encontrar la informaci\u00f3n general sobre la asignatura, los profesores que la imparten el curso actual, el programa y el hist\u00f3rico de proyectos docentes de cada curso y grupo: Descripci\u00f3n de la asignatura en el sitio [&hellip;]<\/p>\n","protected":false},"author":1,"featured_media":0,"parent":0,"menu_order":0,"comment_status":"closed","ping_status":"closed","template":"","meta":{"_uag_custom_page_level_css":"","site-sidebar-layout":"default","site-content-layout":"","ast-site-content-layout":"","site-content-style":"default","site-sidebar-style":"default","ast-global-header-display":"","ast-banner-title-visibility":"","ast-main-header-display":"","ast-hfb-above-header-display":"","ast-hfb-below-header-display":"","ast-hfb-mobile-header-display":"","site-post-title":"","ast-breadcrumbs-content":"","ast-featured-img":"","footer-sml-layout":"","theme-transparent-header-meta":"","adv-header-id-meta":"","stick-header-meta":"","header-above-stick-meta":"","header-main-stick-meta":"","header-below-stick-meta":"","astra-migrate-meta-layouts":"default","ast-page-background-enabled":"default","ast-page-background-meta":{"desktop":{"background-color":"var(--ast-global-color-5)","background-image":"","background-repeat":"repeat","background-position":"center center","background-size":"auto","background-attachment":"scroll","background-type":"","background-media":"","overlay-type":"","overlay-color":"","overlay-opacity":"","overlay-gradient":""},"tablet":{"background-color":"","background-image":"","background-repeat":"repeat","background-position":"center center","background-size":"auto","background-attachment":"scroll","background-type":"","background-media":"","overlay-type":"","overlay-color":"","overlay-opacity":"","overlay-gradient":""},"mobile":{"background-color":"","background-image":"","background-repeat":"repeat","background-position":"center center","background-size":"auto","background-attachment":"scroll","background-type":"","background-media":"","overlay-type":"","overlay-color":"","overlay-opacity":"","overlay-gradient":""}},"ast-content-background-meta":{"desktop":{"background-color":"var(--ast-global-color-4)","background-image":"","background-repeat":"repeat","background-position":"center center","background-size":"auto","background-attachment":"scroll","background-type":"","background-media":"","overlay-type":"","overlay-color":"","overlay-opacity":"","overlay-gradient":""},"tablet":{"background-color":"var(--ast-global-color-4)","background-image":"","background-repeat":"repeat","background-position":"center center","background-size":"auto","background-attachment":"scroll","background-type":"","background-media":"","overlay-type":"","overlay-color":"","overlay-opacity":"","overlay-gradient":""},"mobile":{"background-color":"var(--ast-global-color-4)","background-image":"","background-repeat":"repeat","background-position":"center center","background-size":"auto","background-attachment":"scroll","background-type":"","background-media":"","overlay-type":"","overlay-color":"","overlay-opacity":"","overlay-gradient":""}},"footnotes":""},"class_list":["post-246","page","type-page","status-publish","hentry"],"uagb_featured_image_src":{"full":false,"thumbnail":false,"medium":false,"medium_large":false,"large":false,"1536x1536":false,"2048x2048":false},"uagb_author_info":{"display_name":"rosa","author_link":"https:\/\/departamento.us.es\/edan\/author\/rosa\/"},"uagb_comment_info":0,"uagb_excerpt":"Asignatura de Formaci\u00f3n B\u00e1sica del Grado en \u00d3ptica y Optometr\u00eda (1er. curso, 1er. cuatrimestre) Informaci\u00f3n sobre la asignatura Aqu\u00ed podr\u00e1 encontrar la informaci\u00f3n general sobre la asignatura, los profesores que la imparten el curso actual, el programa y el hist\u00f3rico de proyectos docentes de cada curso y grupo: Descripci\u00f3n de la asignatura en el sitio&hellip;","_links":{"self":[{"href":"https:\/\/departamento.us.es\/edan\/wp-json\/wp\/v2\/pages\/246","targetHints":{"allow":["GET"]}}],"collection":[{"href":"https:\/\/departamento.us.es\/edan\/wp-json\/wp\/v2\/pages"}],"about":[{"href":"https:\/\/departamento.us.es\/edan\/wp-json\/wp\/v2\/types\/page"}],"author":[{"embeddable":true,"href":"https:\/\/departamento.us.es\/edan\/wp-json\/wp\/v2\/users\/1"}],"replies":[{"embeddable":true,"href":"https:\/\/departamento.us.es\/edan\/wp-json\/wp\/v2\/comments?post=246"}],"version-history":[{"count":4,"href":"https:\/\/departamento.us.es\/edan\/wp-json\/wp\/v2\/pages\/246\/revisions"}],"predecessor-version":[{"id":557,"href":"https:\/\/departamento.us.es\/edan\/wp-json\/wp\/v2\/pages\/246\/revisions\/557"}],"wp:attachment":[{"href":"https:\/\/departamento.us.es\/edan\/wp-json\/wp\/v2\/media?parent=246"}],"curies":[{"name":"wp","href":"https:\/\/api.w.org\/{rel}","templated":true}]}}