{"id":37,"date":"2025-03-15T02:30:36","date_gmt":"2025-03-15T01:30:36","guid":{"rendered":"https:\/\/departamento.us.es\/newedan\/?page_id=37"},"modified":"2025-05-01T22:23:08","modified_gmt":"2025-05-01T20:23:08","slug":"37-2","status":"publish","type":"page","link":"https:\/\/departamento.us.es\/edan\/37-2\/","title":{"rendered":"Miembros"},"content":{"rendered":"\n<figure class=\"wp-block-table\"><table class=\"has-fixed-layout\"><tbody><tr><td colspan=\"3\">\n   <strong>Profesores<\/strong>\n   <\/td><\/tr><tr><td>\n   <a href=\"http:\/\/personal.us.es\/desouza\/\" target=\"_blank\">Diego Araujo de Souza<\/a>\n   <\/td><td>\n   desouza@us.es\n   <\/td><td>\n   95 455 &#8211; 7992\n   <\/td><\/tr><tr><td>\n   <a href=\"http:\/\/personal.us.es\/caraball\/\" target=\"_blank\">Tom\u00e1s Caraballo Garrido<\/a>\n   <\/td><td>\n   caraball@us.es\n   <\/td><td>\n   95 455 &#8211; 7998\n   <\/td><\/tr><tr><td>\n   <a href=\"https:\/\/investigacion.us.es\/sisius\/sis_showpub.php?idpers=959\" target=\"_blank\">Juan Casado D\u00edaz<\/a>\n   <\/td><td>\n   jcasadod@us.es\n   <\/td><td>\n   95 455 &#8211; 7998\n   <\/td><\/tr><tr><td>\n   <a href=\"https:\/\/investigacion.us.es\/sisius\/sis_showpub.php?idpers=902\" target=\"_blank\">Tom\u00e1s Chac\u00f3n Rebollo<\/a>\n   <\/td><td>\n   chacon@us.es\n   <\/td><td>\n   95 455 &#8211; 7989\n   <\/td><\/tr><tr><td>\n   <a href=\"http:\/\/personal.us.es\/bcliment\" target=\"_blank\">Blanca Climent Ezquerra<\/a>\n   <\/td><td>\n   bcliment@us.es  \n   <\/td><td>\n   95 455 &#8211; 7999\n   <\/td><\/tr><tr><td>\n   <a href=\"http:\/\/personal.us.es\/doubova\" target=\"_blank\">Anna Doubova Krasotchenko<\/a>\n   <\/td><td>\n   doubova@us.es\n   <\/td><td>\n   95 455 &#8211; 7993\n   <\/td><\/tr><tr><td>\n   <a href=\"https:\/\/personal.us.es\/cara&quot;\" target=\"_blank\">Enrique Fern\u00e1ndez Cara<\/a>\n   <\/td><td>\n   cara@us.es\n   <\/td><td>\n   95 455 &#8211; 7992\n   <\/td><\/tr><tr><td>\n   <a href=\"https:\/\/personal.us.es\/soledad\" target=\"_blank\">Soledad Fern\u00e1ndez Garc\u00eda<\/a>\n   <\/td><td>\n   soledad@us.es\n   <\/td><td>\n   95 455 &#8211; 9841\n   <\/td><\/tr><tr><td>\n   <a href=\"https:\/\/investigacion.us.es\/sisius\/sis_showpub.php?idpers=905\" target=\"_blank\">Daniel Franco Coronil<\/a>\n   <\/td><td>\n   franco@us.es\n   <\/td><td>\n   95 455 &#8211; 7974\n   <\/td><\/tr><tr><td>\n   <a href=\"https:\/\/investigacion.us.es\/sisius\/sis_showpub.php?idpers=5157\" target=\"_blank\">Inmaculada Gayte Delgado<\/a>\n   <\/td><td>\n   gayte@us.es\n   <\/td><td>\n   95 455 &#8211; 7010\n   <\/td><\/tr><tr><td><a href=\"http:\/\/personal.us.es\/macarena\" target=\"_blank\">Macarena G\u00f3mez M\u00e1rmol<\/a> <strong>(Secretaria Dpto.)<\/strong><\/td><td>\n   macarena@us.es\n   <\/td><td>\n   95 455 &#8211; 9909\n   <\/td><\/tr><tr><td>\n   <a href=\"http:\/\/personal.us.es\/manoloburgos\" target=\"_blank\">Manuel Gonz\u00e1lez Burgos<\/a>\n   <\/td><td>\n   manoloburgos@us.es\n   <\/td><td>\n   95 455 &#8211; 7999\n   <\/td><\/tr><tr><td>\n   <a href=\"http:\/\/personal.us.es\/guillen\" target=\"_blank\">Francisco Guill\u00e9n Gonz\u00e1lez<\/a>\n   <\/td><td>\n   guillen@us.es\n   <\/td><td>\n   95 455 &#8211; 9907\n   <\/td><\/tr><tr><td>\n   <a href=\"https:\/\/investigacion.us.es\/sisius\/sis_showpub.php?idpers=967\" target=\"_blank\">Jos\u00e9 Antonio Langa Rosado<\/a>\n   <\/td><td>\n   langa@us.es\n   <\/td><td>\n   95 455 &#8211; 6834\n   <\/td><\/tr><tr><td>\n   <a href=\"https:\/\/investigacion.us.es\/sisius\/sis_showpub.php?idpers=3436\" target=\"_blank\">Manuel Luna Laynez<\/a>\n   <\/td><td>\n   mllaynez@us.es\n   <\/td><td>\n   95 455 &#8211; 7974\n   <\/td><\/tr><tr><td>\n   <a href=\"http:\/\/personal.us.es\/fmaestre\/miweb\/Inicio.html\" target=\"_blank\">Faustino Maestre Caballero<\/a>\n   <\/td><td>\n   fmaestre@us.es\n   <\/td><td>\n   95 455 &#8211; 7992\n   <\/td><\/tr><tr><td>\n   <a href=\"http:\/\/personal.us.es\/pmr\/\" target=\"_blank\">Pedro Mar\u00edn Rubio<\/a>\n   <\/td><td>\n   pmr@us.es\n   <\/td><td>\n   95 455 &#8211; 9909\n   <\/td><\/tr><tr><td>\n   <a href=\"https:\/\/investigacion.us.es\/sisius\/sis_showpub.php?idpers=16024\" target=\"_blank\">Cristian Morales Rodrigo<\/a>\n   <\/td><td>\n   cristianm@us.es\n   <\/td><td>\n   95 455 &#8211; 9841\n   <\/td><\/tr><tr><td>\n   <a href=\"https:\/\/personal.us.es\/mpperez\/\" target=\"_blank\">Ma. Teresa P\u00e9rez P\u00e9rez<\/a>\n   <\/td><td>\n   mpperez@us.es\n   <\/td><td>\n   95 455 &#8211; 9907\n   <\/td><\/tr><tr><td>\n   <a href=\"http:\/\/personales.us.es\/angeles\/\" target=\"_blank\">Ma. \u00c1ngeles Rodr\u00edguez Bellido<\/a>\n   <\/td><td>\n   angeles@us.es\n   <\/td><td>\n   95 455 &#8211; 7010\n   <\/td><\/tr><tr><td>\n   <a href=\"https:\/\/sites.google.com\/site\/samuelerubino86\/\" target=\"_blank\">Samuele Rubino<\/a>\n   <\/td><td>\n   samuele@us.es\n   <\/td><td>\n   95 455 &#8211; 9909\n   <\/td><\/tr><tr><td>\n   <a href=\"https:\/\/personal.us.es\/ssastre\/\" target=\"_blank\">Silvia Sastre G\u00f3mez<\/a>\n   <\/td><td>\n   ssastre@us.es\n   <\/td><td>\n   95 455 &#8211; 7991\n   <\/td><\/tr><tr><td><a href=\"https:\/\/investigacion.us.es\/sisius\/sis_showpub.php?idpers=3437\" target=\"_blank\">Antonio Su\u00e1rez Fern\u00e1ndez<\/a> <strong>(Director Dpto.)<\/strong><\/td><td>\n   suarez@us.es\n   <\/td><td>\n   95 455 &#8211; 6834\n   <\/td><\/tr><tr><td>\n   <a href=\"http:\/\/personal.us.es\/fjsgrau\/Espanol\/Inicio.html\" target=\"_blank\">Francisco Javier Su\u00e1rez Grau<\/a>\n   <\/td><td>\n   fjsgrau@us.es\n   <\/td><td>\n   95 455 &#8211; 7991\n   <\/td><\/tr><\/tbody><\/table><\/figure>\n\n\n\n<figure class=\"wp-block-table\"><table class=\"has-fixed-layout\"><tbody><tr><td colspan=\"3\">\n<strong>Administraci\u00f3n<\/strong><\/td><\/tr><tr><td>\n   Estrella Zambrana D\u00edaz\n   <\/td><td>\n   edan@us.es\n   <\/td><td>\n   95 455 &#8211; 7981\n   <\/td><\/tr><\/tbody><\/table><\/figure>\n\n\n\n<figure class=\"wp-block-table\"><table class=\"has-fixed-layout\"><tbody><tr><td colspan=\"3\">\n<strong>Becarios y Contratados de Investigaci\u00f3n<\/strong><\/td><\/tr><tr><td>\n   Alejandro Bandera Moreno\n   <\/td><td>\n   abandera@us.es\n   <\/td><td>\n   95 455 &#8211; 7981\n   <\/td><\/tr><tr><td>\n   Juan Garc\u00eda Fuentes\n   <\/td><td>\n   jgfuentes@us.es\n   <\/td><td>\n   95 455 &#8211; 7981\n   <\/td><\/tr><\/tbody><\/table><\/figure>\n","protected":false},"excerpt":{"rendered":"<p>Profesores Diego Araujo de Souza desouza@us.es 95 455 &#8211; 7992 Tom\u00e1s Caraballo Garrido caraball@us.es 95 455 &#8211; 7998 Juan Casado D\u00edaz jcasadod@us.es 95 455 &#8211; 7998 Tom\u00e1s Chac\u00f3n Rebollo chacon@us.es 95 455 &#8211; 7989 Blanca Climent Ezquerra bcliment@us.es 95 455 &#8211; 7999 Anna Doubova Krasotchenko doubova@us.es 95 455 &#8211; 7993 Enrique Fern\u00e1ndez Cara cara@us.es 95 [&hellip;]<\/p>\n","protected":false},"author":1,"featured_media":0,"parent":0,"menu_order":0,"comment_status":"closed","ping_status":"closed","template":"","meta":{"_uag_custom_page_level_css":"","site-sidebar-layout":"default","site-content-layout":"","ast-site-content-layout":"","site-content-style":"default","site-sidebar-style":"default","ast-global-header-display":"","ast-banner-title-visibility":"","ast-main-header-display":"","ast-hfb-above-header-display":"","ast-hfb-below-header-display":"","ast-hfb-mobile-header-display":"","site-post-title":"","ast-breadcrumbs-content":"","ast-featured-img":"","footer-sml-layout":"","theme-transparent-header-meta":"","adv-header-id-meta":"","stick-header-meta":"","header-above-stick-meta":"","header-main-stick-meta":"","header-below-stick-meta":"","astra-migrate-meta-layouts":"default","ast-page-background-enabled":"default","ast-page-background-meta":{"desktop":{"background-color":"var(--ast-global-color-5)","background-image":"","background-repeat":"repeat","background-position":"center center","background-size":"auto","background-attachment":"scroll","background-type":"","background-media":"","overlay-type":"","overlay-color":"","overlay-opacity":"","overlay-gradient":""},"tablet":{"background-color":"","background-image":"","background-repeat":"repeat","background-position":"center center","background-size":"auto","background-attachment":"scroll","background-type":"","background-media":"","overlay-type":"","overlay-color":"","overlay-opacity":"","overlay-gradient":""},"mobile":{"background-color":"","background-image":"","background-repeat":"repeat","background-position":"center center","background-size":"auto","background-attachment":"scroll","background-type":"","background-media":"","overlay-type":"","overlay-color":"","overlay-opacity":"","overlay-gradient":""}},"ast-content-background-meta":{"desktop":{"background-color":"var(--ast-global-color-4)","background-image":"","background-repeat":"repeat","background-position":"center center","background-size":"auto","background-attachment":"scroll","background-type":"","background-media":"","overlay-type":"","overlay-color":"","overlay-opacity":"","overlay-gradient":""},"tablet":{"background-color":"var(--ast-global-color-4)","background-image":"","background-repeat":"repeat","background-position":"center center","background-size":"auto","background-attachment":"scroll","background-type":"","background-media":"","overlay-type":"","overlay-color":"","overlay-opacity":"","overlay-gradient":""},"mobile":{"background-color":"var(--ast-global-color-4)","background-image":"","background-repeat":"repeat","background-position":"center center","background-size":"auto","background-attachment":"scroll","background-type":"","background-media":"","overlay-type":"","overlay-color":"","overlay-opacity":"","overlay-gradient":""}},"footnotes":""},"class_list":["post-37","page","type-page","status-publish","hentry"],"uagb_featured_image_src":{"full":false,"thumbnail":false,"medium":false,"medium_large":false,"large":false,"1536x1536":false,"2048x2048":false},"uagb_author_info":{"display_name":"rosa","author_link":"https:\/\/departamento.us.es\/edan\/author\/rosa\/"},"uagb_comment_info":0,"uagb_excerpt":"Profesores Diego Araujo de Souza desouza@us.es 95 455 &#8211; 7992 Tom\u00e1s Caraballo Garrido caraball@us.es 95 455 &#8211; 7998 Juan Casado D\u00edaz jcasadod@us.es 95 455 &#8211; 7998 Tom\u00e1s Chac\u00f3n Rebollo chacon@us.es 95 455 &#8211; 7989 Blanca Climent Ezquerra bcliment@us.es 95 455 &#8211; 7999 Anna Doubova Krasotchenko doubova@us.es 95 455 &#8211; 7993 Enrique Fern\u00e1ndez Cara cara@us.es 95&hellip;","_links":{"self":[{"href":"https:\/\/departamento.us.es\/edan\/wp-json\/wp\/v2\/pages\/37","targetHints":{"allow":["GET"]}}],"collection":[{"href":"https:\/\/departamento.us.es\/edan\/wp-json\/wp\/v2\/pages"}],"about":[{"href":"https:\/\/departamento.us.es\/edan\/wp-json\/wp\/v2\/types\/page"}],"author":[{"embeddable":true,"href":"https:\/\/departamento.us.es\/edan\/wp-json\/wp\/v2\/users\/1"}],"replies":[{"embeddable":true,"href":"https:\/\/departamento.us.es\/edan\/wp-json\/wp\/v2\/comments?post=37"}],"version-history":[{"count":13,"href":"https:\/\/departamento.us.es\/edan\/wp-json\/wp\/v2\/pages\/37\/revisions"}],"predecessor-version":[{"id":862,"href":"https:\/\/departamento.us.es\/edan\/wp-json\/wp\/v2\/pages\/37\/revisions\/862"}],"wp:attachment":[{"href":"https:\/\/departamento.us.es\/edan\/wp-json\/wp\/v2\/media?parent=37"}],"curies":[{"name":"wp","href":"https:\/\/api.w.org\/{rel}","templated":true}]}}