{"id":599,"date":"2025-03-19T18:07:46","date_gmt":"2025-03-19T17:07:46","guid":{"rendered":"https:\/\/departamento.us.es\/newedan\/?page_id=599"},"modified":"2025-03-22T23:42:04","modified_gmt":"2025-03-22T22:42:04","slug":"master-universitario-en-matematicas-mum","status":"publish","type":"page","link":"https:\/\/departamento.us.es\/edan\/master-universitario-en-matematicas-mum\/","title":{"rendered":"M\u00e1ster Universitario en Matem\u00e1ticas (MUM)"},"content":{"rendered":"\n<figure class=\"wp-block-table\"><table class=\"has-fixed-layout\"><tbody><tr><td><a href=\"https:\/\/www.us.es\/estudiar\/que-estudiar\/oferta-de-masteres\/master-universitario-en-matematicas\" target=\"_blank\"><trong>Descripci\u00f3n del M\u00e1ster en el sitio web de la Universidad de Sevilla<\/trong><\/a><br><br>\n<a href=\"https:\/\/www.matematicas.us.es\/titulaciones\/master-u-matematicas\" target=\"_blank\"><strong>Informaci\u00f3n sobre este M\u00e1ster en la web de la Facultad de Matem\u00e1ticas<\/strong><\/a><\/td><\/tr><\/tbody><\/table><\/figure>\n\n\n\n<figure class=\"wp-block-table\"><table class=\"has-fixed-layout\"><tbody><tr><td><strong>Asignaturas impartidas por el Departamento en el M\u00e1ster Universitario en Matem\u00e1tica<\/strong>s<\/td><\/tr><tr><td>\n<ul><li><a href=\"http:\/\/departamento.us.es\/edan\/?page_id=628\" data-type=\"page\" data-id=\"628\">Ecuaciones en Derivadas Parciales y Aplicaciones (MUM)<\/a><\/li>\n<li><a href=\"http:\/\/departamento.us.es\/edan\/?page_id=631\" data-type=\"page\" data-id=\"631\">An\u00e1lisis Num\u00e9rico de Ecuaciones Diferenciales (MUM)<\/a><\/li>\n<li><a href=\"http:\/\/departamento.us.es\/edan\/?page_id=635\" data-type=\"page\" data-id=\"635\">Sistemas Din\u00e1micos (MUM)<\/a><\/li><li><a href=\"http:\/\/departamento.us.es\/edan\/?page_id=638\" data-type=\"page\" data-id=\"638\">Optimizaci\u00f3n (MUM)<\/a><\/li><li><a href=\"http:\/\/departamento.us.es\/edan\/?page_id=641\" data-type=\"page\" data-id=\"641\">Modelado y Simulaci\u00f3n Num\u00e9rica (MUM)<\/a><\/li><\/ul><\/td><\/tr><\/tbody><\/table><\/figure>\n\n\n\n<p><\/p>\n","protected":false},"excerpt":{"rendered":"<p>Descripci\u00f3n del M\u00e1ster en el sitio web de la Universidad de Sevilla Informaci\u00f3n sobre este M\u00e1ster en la web de la Facultad de Matem\u00e1ticas Asignaturas impartidas por el Departamento en el M\u00e1ster Universitario en Matem\u00e1ticas Ecuaciones en Derivadas Parciales y Aplicaciones (MUM) An\u00e1lisis Num\u00e9rico de Ecuaciones Diferenciales (MUM) Sistemas Din\u00e1micos (MUM) Optimizaci\u00f3n (MUM) Modelado y [&hellip;]<\/p>\n","protected":false},"author":1,"featured_media":0,"parent":0,"menu_order":0,"comment_status":"closed","ping_status":"closed","template":"","meta":{"_uag_custom_page_level_css":"","site-sidebar-layout":"default","site-content-layout":"","ast-site-content-layout":"","site-content-style":"default","site-sidebar-style":"default","ast-global-header-display":"","ast-banner-title-visibility":"","ast-main-header-display":"","ast-hfb-above-header-display":"","ast-hfb-below-header-display":"","ast-hfb-mobile-header-display":"","site-post-title":"","ast-breadcrumbs-content":"","ast-featured-img":"","footer-sml-layout":"","theme-transparent-header-meta":"","adv-header-id-meta":"","stick-header-meta":"","header-above-stick-meta":"","header-main-stick-meta":"","header-below-stick-meta":"","astra-migrate-meta-layouts":"default","ast-page-background-enabled":"default","ast-page-background-meta":{"desktop":{"background-color":"var(--ast-global-color-5)","background-image":"","background-repeat":"repeat","background-position":"center center","background-size":"auto","background-attachment":"scroll","background-type":"","background-media":"","overlay-type":"","overlay-color":"","overlay-opacity":"","overlay-gradient":""},"tablet":{"background-color":"","background-image":"","background-repeat":"repeat","background-position":"center center","background-size":"auto","background-attachment":"scroll","background-type":"","background-media":"","overlay-type":"","overlay-color":"","overlay-opacity":"","overlay-gradient":""},"mobile":{"background-color":"","background-image":"","background-repeat":"repeat","background-position":"center center","background-size":"auto","background-attachment":"scroll","background-type":"","background-media":"","overlay-type":"","overlay-color":"","overlay-opacity":"","overlay-gradient":""}},"ast-content-background-meta":{"desktop":{"background-color":"var(--ast-global-color-4)","background-image":"","background-repeat":"repeat","background-position":"center center","background-size":"auto","background-attachment":"scroll","background-type":"","background-media":"","overlay-type":"","overlay-color":"","overlay-opacity":"","overlay-gradient":""},"tablet":{"background-color":"var(--ast-global-color-4)","background-image":"","background-repeat":"repeat","background-position":"center center","background-size":"auto","background-attachment":"scroll","background-type":"","background-media":"","overlay-type":"","overlay-color":"","overlay-opacity":"","overlay-gradient":""},"mobile":{"background-color":"var(--ast-global-color-4)","background-image":"","background-repeat":"repeat","background-position":"center center","background-size":"auto","background-attachment":"scroll","background-type":"","background-media":"","overlay-type":"","overlay-color":"","overlay-opacity":"","overlay-gradient":""}},"footnotes":""},"class_list":["post-599","page","type-page","status-publish","hentry"],"uagb_featured_image_src":{"full":false,"thumbnail":false,"medium":false,"medium_large":false,"large":false,"1536x1536":false,"2048x2048":false},"uagb_author_info":{"display_name":"rosa","author_link":"https:\/\/departamento.us.es\/edan\/author\/rosa\/"},"uagb_comment_info":0,"uagb_excerpt":"Descripci\u00f3n del M\u00e1ster en el sitio web de la Universidad de Sevilla Informaci\u00f3n sobre este M\u00e1ster en la web de la Facultad de Matem\u00e1ticas Asignaturas impartidas por el Departamento en el M\u00e1ster Universitario en Matem\u00e1ticas Ecuaciones en Derivadas Parciales y Aplicaciones (MUM) An\u00e1lisis Num\u00e9rico de Ecuaciones Diferenciales (MUM) Sistemas Din\u00e1micos (MUM) Optimizaci\u00f3n (MUM) Modelado y&hellip;","_links":{"self":[{"href":"https:\/\/departamento.us.es\/edan\/wp-json\/wp\/v2\/pages\/599","targetHints":{"allow":["GET"]}}],"collection":[{"href":"https:\/\/departamento.us.es\/edan\/wp-json\/wp\/v2\/pages"}],"about":[{"href":"https:\/\/departamento.us.es\/edan\/wp-json\/wp\/v2\/types\/page"}],"author":[{"embeddable":true,"href":"https:\/\/departamento.us.es\/edan\/wp-json\/wp\/v2\/users\/1"}],"replies":[{"embeddable":true,"href":"https:\/\/departamento.us.es\/edan\/wp-json\/wp\/v2\/comments?post=599"}],"version-history":[{"count":7,"href":"https:\/\/departamento.us.es\/edan\/wp-json\/wp\/v2\/pages\/599\/revisions"}],"predecessor-version":[{"id":679,"href":"https:\/\/departamento.us.es\/edan\/wp-json\/wp\/v2\/pages\/599\/revisions\/679"}],"wp:attachment":[{"href":"https:\/\/departamento.us.es\/edan\/wp-json\/wp\/v2\/media?parent=599"}],"curies":[{"name":"wp","href":"https:\/\/api.w.org\/{rel}","templated":true}]}}