{"id":602,"date":"2025-03-19T18:40:44","date_gmt":"2025-03-19T17:40:44","guid":{"rendered":"https:\/\/departamento.us.es\/newedan\/?page_id=602"},"modified":"2025-03-23T01:09:30","modified_gmt":"2025-03-23T00:09:30","slug":"master-universitario-en-profesorado-de-e-s-o-y-bachillerato-f-p-e-idiomas","status":"publish","type":"page","link":"https:\/\/departamento.us.es\/edan\/master-universitario-en-profesorado-de-e-s-o-y-bachillerato-f-p-e-idiomas\/","title":{"rendered":"M\u00e1ster Universitario en Profesorado de E.S.O. y Bachillerato, F.P. e Idiomas (MAES)"},"content":{"rendered":"\n<p><strong><a href=\"https:\/\/masteroficial.us.es\/maes\/\" target=\"_blank\" rel=\"noreferrer noopener\">Descripci\u00f3n del M\u00e1ster en el sitio web de la Universidad de Sevilla<\/a><\/strong><\/p>\n\n\n\n<p><a href=\"http:\/\/eip.us.es\" target=\"_blank\" rel=\"noreferrer noopener\"><strong>Web del Centro Internacional de Postgrado<\/strong><\/a><\/p>\n\n\n\n<figure class=\"wp-block-table\"><table class=\"has-fixed-layout\"><tbody><tr><td><strong>Asignaturas impartidas por el Departamento en este M\u00e1ster (MAES)<\/strong><\/td><\/tr><tr><td><ul><li><a href=\"http:\/\/departamento.us.es\/edan\/?page_id=681\" data-type=\"page\" data-id=\"681\">Complementos de Formaci\u00f3n Disciplinar en Matem\u00e1ticas<\/a><\/li><br><li><a href=\"http:\/\/departamento.us.es\/edan\/?page_id=684\" data-type=\"page\" data-id=\"684\">Software Libre para la Ense\u00f1anza y el Aprendizaje de las Matematicas<\/a><\/li><br><\/ul><\/td><\/tr><\/tbody><\/table><\/figure>\n","protected":false},"excerpt":{"rendered":"<p>Descripci\u00f3n del M\u00e1ster en el sitio web de la Universidad de Sevilla Web del Centro Internacional de Postgrado Asignaturas impartidas por el Departamento en este M\u00e1ster (MAES) Complementos de Formaci\u00f3n Disciplinar en Matem\u00e1ticas Software Libre para la Ense\u00f1anza y el Aprendizaje de las Matematicas<\/p>\n","protected":false},"author":1,"featured_media":0,"parent":0,"menu_order":0,"comment_status":"closed","ping_status":"closed","template":"","meta":{"_uag_custom_page_level_css":"","site-sidebar-layout":"default","site-content-layout":"","ast-site-content-layout":"","site-content-style":"default","site-sidebar-style":"default","ast-global-header-display":"","ast-banner-title-visibility":"","ast-main-header-display":"","ast-hfb-above-header-display":"","ast-hfb-below-header-display":"","ast-hfb-mobile-header-display":"","site-post-title":"","ast-breadcrumbs-content":"","ast-featured-img":"","footer-sml-layout":"","theme-transparent-header-meta":"","adv-header-id-meta":"","stick-header-meta":"","header-above-stick-meta":"","header-main-stick-meta":"","header-below-stick-meta":"","astra-migrate-meta-layouts":"default","ast-page-background-enabled":"default","ast-page-background-meta":{"desktop":{"background-color":"var(--ast-global-color-5)","background-image":"","background-repeat":"repeat","background-position":"center center","background-size":"auto","background-attachment":"scroll","background-type":"","background-media":"","overlay-type":"","overlay-color":"","overlay-opacity":"","overlay-gradient":""},"tablet":{"background-color":"","background-image":"","background-repeat":"repeat","background-position":"center center","background-size":"auto","background-attachment":"scroll","background-type":"","background-media":"","overlay-type":"","overlay-color":"","overlay-opacity":"","overlay-gradient":""},"mobile":{"background-color":"","background-image":"","background-repeat":"repeat","background-position":"center center","background-size":"auto","background-attachment":"scroll","background-type":"","background-media":"","overlay-type":"","overlay-color":"","overlay-opacity":"","overlay-gradient":""}},"ast-content-background-meta":{"desktop":{"background-color":"var(--ast-global-color-4)","background-image":"","background-repeat":"repeat","background-position":"center center","background-size":"auto","background-attachment":"scroll","background-type":"","background-media":"","overlay-type":"","overlay-color":"","overlay-opacity":"","overlay-gradient":""},"tablet":{"background-color":"var(--ast-global-color-4)","background-image":"","background-repeat":"repeat","background-position":"center center","background-size":"auto","background-attachment":"scroll","background-type":"","background-media":"","overlay-type":"","overlay-color":"","overlay-opacity":"","overlay-gradient":""},"mobile":{"background-color":"var(--ast-global-color-4)","background-image":"","background-repeat":"repeat","background-position":"center center","background-size":"auto","background-attachment":"scroll","background-type":"","background-media":"","overlay-type":"","overlay-color":"","overlay-opacity":"","overlay-gradient":""}},"footnotes":""},"class_list":["post-602","page","type-page","status-publish","hentry"],"uagb_featured_image_src":{"full":false,"thumbnail":false,"medium":false,"medium_large":false,"large":false,"1536x1536":false,"2048x2048":false},"uagb_author_info":{"display_name":"rosa","author_link":"https:\/\/departamento.us.es\/edan\/author\/rosa\/"},"uagb_comment_info":0,"uagb_excerpt":"Descripci\u00f3n del M\u00e1ster en el sitio web de la Universidad de Sevilla Web del Centro Internacional de Postgrado Asignaturas impartidas por el Departamento en este M\u00e1ster (MAES) Complementos de Formaci\u00f3n Disciplinar en Matem\u00e1ticas Software Libre para la Ense\u00f1anza y el Aprendizaje de las Matematicas","_links":{"self":[{"href":"https:\/\/departamento.us.es\/edan\/wp-json\/wp\/v2\/pages\/602","targetHints":{"allow":["GET"]}}],"collection":[{"href":"https:\/\/departamento.us.es\/edan\/wp-json\/wp\/v2\/pages"}],"about":[{"href":"https:\/\/departamento.us.es\/edan\/wp-json\/wp\/v2\/types\/page"}],"author":[{"embeddable":true,"href":"https:\/\/departamento.us.es\/edan\/wp-json\/wp\/v2\/users\/1"}],"replies":[{"embeddable":true,"href":"https:\/\/departamento.us.es\/edan\/wp-json\/wp\/v2\/comments?post=602"}],"version-history":[{"count":5,"href":"https:\/\/departamento.us.es\/edan\/wp-json\/wp\/v2\/pages\/602\/revisions"}],"predecessor-version":[{"id":688,"href":"https:\/\/departamento.us.es\/edan\/wp-json\/wp\/v2\/pages\/602\/revisions\/688"}],"wp:attachment":[{"href":"https:\/\/departamento.us.es\/edan\/wp-json\/wp\/v2\/media?parent=602"}],"curies":[{"name":"wp","href":"https:\/\/api.w.org\/{rel}","templated":true}]}}