{"id":942,"date":"2025-05-04T20:40:41","date_gmt":"2025-05-04T18:40:41","guid":{"rendered":"https:\/\/departamento.us.es\/newedan\/?page_id=942"},"modified":"2025-05-04T20:40:41","modified_gmt":"2025-05-04T18:40:41","slug":"contacto","status":"publish","type":"page","link":"https:\/\/departamento.us.es\/edan\/contacto\/","title":{"rendered":"Contacto"},"content":{"rendered":"\n<figure class=\"wp-block-table\"><table class=\"has-fixed-layout\"><tbody><tr><td><strong>Sede del Departamento<\/strong><\/td><td>Facultad de Matem\u00e1ticas<\/td><\/tr><tr><td><strong>Ubicaci\u00f3n<\/strong><\/td><td>Campus Reina Merdeces<br>(acceso por Avenida Reina Mercedes s\/n)<br>41012 Sevilla<\/td><\/tr><tr><td><strong>Direcci\u00f3n postal<\/strong><\/td><td>Departamento E.D.A.N.<br>Facultad de Matem\u00e1ticas<br>Universidad de Sevilla<br>Campus de Reina Mercedes<br>41012 SEVILLA<\/td><\/tr><tr><td><strong>Tel\u00e9fono de Secretar\u00eda<\/strong><\/td><td>95 455 79 81<\/td><\/tr><tr><td><strong>FAX<\/strong><\/td><td>95 455 28 98<\/td><\/tr><tr><td><strong>Correo electr\u00f3nico<\/strong><\/td><td>edan@us.es<\/td><\/tr><tr><td><strong>Plano<\/strong><\/td><td><iframe src=\"https:\/\/www.google.com\/maps\/embed?pb=!1m14!1m8!1m3!1d25367.415377245747!2d-5.982141!3d37.367906!3m2!1i1024!2i768!4f13.1!3m3!1m2!1s0xd126c2b2b60f659%3A0x957d9e61ca03f160!2sAv.%20de%20la%20Reina%20Mercedes%2C%2041012%20Sevilla!5e0!3m2!1ses!2ses!4v1746383989478!5m2!1ses!2ses\" width=\"600\" height=\"450\" style=\"border:0;\" allowfullscreen=\"\" loading=\"lazy\" referrerpolicy=\"no-referrer-when-downgrade\"><\/iframe><\/td><\/tr><\/tbody><\/table><\/figure>\n","protected":false},"excerpt":{"rendered":"<p>Sede del Departamento Facultad de Matem\u00e1ticas Ubicaci\u00f3n Campus Reina Merdeces(acceso por Avenida Reina Mercedes s\/n)41012 Sevilla Direcci\u00f3n postal Departamento E.D.A.N.Facultad de Matem\u00e1ticasUniversidad de SevillaCampus de Reina Mercedes41012 SEVILLA Tel\u00e9fono de Secretar\u00eda 95 455 79 81 FAX 95 455 28 98 Correo electr\u00f3nico edan@us.es Plano<\/p>\n","protected":false},"author":1,"featured_media":0,"parent":0,"menu_order":0,"comment_status":"closed","ping_status":"closed","template":"","meta":{"_uag_custom_page_level_css":"","site-sidebar-layout":"default","site-content-layout":"","ast-site-content-layout":"","site-content-style":"default","site-sidebar-style":"default","ast-global-header-display":"","ast-banner-title-visibility":"","ast-main-header-display":"","ast-hfb-above-header-display":"","ast-hfb-below-header-display":"","ast-hfb-mobile-header-display":"","site-post-title":"","ast-breadcrumbs-content":"","ast-featured-img":"","footer-sml-layout":"","theme-transparent-header-meta":"","adv-header-id-meta":"","stick-header-meta":"","header-above-stick-meta":"","header-main-stick-meta":"","header-below-stick-meta":"","astra-migrate-meta-layouts":"default","ast-page-background-enabled":"default","ast-page-background-meta":{"desktop":{"background-color":"var(--ast-global-color-5)","background-image":"","background-repeat":"repeat","background-position":"center center","background-size":"auto","background-attachment":"scroll","background-type":"","background-media":"","overlay-type":"","overlay-color":"","overlay-opacity":"","overlay-gradient":""},"tablet":{"background-color":"","background-image":"","background-repeat":"repeat","background-position":"center center","background-size":"auto","background-attachment":"scroll","background-type":"","background-media":"","overlay-type":"","overlay-color":"","overlay-opacity":"","overlay-gradient":""},"mobile":{"background-color":"","background-image":"","background-repeat":"repeat","background-position":"center center","background-size":"auto","background-attachment":"scroll","background-type":"","background-media":"","overlay-type":"","overlay-color":"","overlay-opacity":"","overlay-gradient":""}},"ast-content-background-meta":{"desktop":{"background-color":"var(--ast-global-color-4)","background-image":"","background-repeat":"repeat","background-position":"center center","background-size":"auto","background-attachment":"scroll","background-type":"","background-media":"","overlay-type":"","overlay-color":"","overlay-opacity":"","overlay-gradient":""},"tablet":{"background-color":"var(--ast-global-color-4)","background-image":"","background-repeat":"repeat","background-position":"center center","background-size":"auto","background-attachment":"scroll","background-type":"","background-media":"","overlay-type":"","overlay-color":"","overlay-opacity":"","overlay-gradient":""},"mobile":{"background-color":"var(--ast-global-color-4)","background-image":"","background-repeat":"repeat","background-position":"center center","background-size":"auto","background-attachment":"scroll","background-type":"","background-media":"","overlay-type":"","overlay-color":"","overlay-opacity":"","overlay-gradient":""}},"footnotes":""},"class_list":["post-942","page","type-page","status-publish","hentry"],"uagb_featured_image_src":{"full":false,"thumbnail":false,"medium":false,"medium_large":false,"large":false,"1536x1536":false,"2048x2048":false},"uagb_author_info":{"display_name":"rosa","author_link":"https:\/\/departamento.us.es\/edan\/author\/rosa\/"},"uagb_comment_info":0,"uagb_excerpt":"Sede del Departamento Facultad de Matem\u00e1ticas Ubicaci\u00f3n Campus Reina Merdeces(acceso por Avenida Reina Mercedes s\/n)41012 Sevilla Direcci\u00f3n postal Departamento E.D.A.N.Facultad de Matem\u00e1ticasUniversidad de SevillaCampus de Reina Mercedes41012 SEVILLA Tel\u00e9fono de Secretar\u00eda 95 455 79 81 FAX 95 455 28 98 Correo electr\u00f3nico edan@us.es Plano","_links":{"self":[{"href":"https:\/\/departamento.us.es\/edan\/wp-json\/wp\/v2\/pages\/942","targetHints":{"allow":["GET"]}}],"collection":[{"href":"https:\/\/departamento.us.es\/edan\/wp-json\/wp\/v2\/pages"}],"about":[{"href":"https:\/\/departamento.us.es\/edan\/wp-json\/wp\/v2\/types\/page"}],"author":[{"embeddable":true,"href":"https:\/\/departamento.us.es\/edan\/wp-json\/wp\/v2\/users\/1"}],"replies":[{"embeddable":true,"href":"https:\/\/departamento.us.es\/edan\/wp-json\/wp\/v2\/comments?post=942"}],"version-history":[{"count":1,"href":"https:\/\/departamento.us.es\/edan\/wp-json\/wp\/v2\/pages\/942\/revisions"}],"predecessor-version":[{"id":944,"href":"https:\/\/departamento.us.es\/edan\/wp-json\/wp\/v2\/pages\/942\/revisions\/944"}],"wp:attachment":[{"href":"https:\/\/departamento.us.es\/edan\/wp-json\/wp\/v2\/media?parent=942"}],"curies":[{"name":"wp","href":"https:\/\/api.w.org\/{rel}","templated":true}]}}