{"id":11,"date":"2014-04-01T16:04:48","date_gmt":"2014-04-01T16:04:48","guid":{"rendered":"https:\/\/departamento.us.es\/filologiaclasica\/?page_id=11"},"modified":"2025-03-06T08:50:47","modified_gmt":"2025-03-06T08:50:47","slug":"biblioteca","status":"publish","type":"page","link":"https:\/\/departamento.us.es\/filologiaclasica\/?page_id=11","title":{"rendered":"Biblioteca"},"content":{"rendered":"<h5><strong style=\"color: #333333; font-style: normal; line-height: 24.375px;\">Horario:\u00a0<\/strong><span style=\"color: #008080; font-style: normal; line-height: 24.375px;\">LUNES a VIERNES: 9:30 a 13:30\u00a0<\/span><\/h5>\n<h5><strong>Ubicaci\u00f3n<\/strong>:<span style=\"color: #008080;\">\u00a0<\/span><span style=\"color: #008080;\"><a href=\"https:\/\/departamento.us.es\/filologiaclasica\/wp-content\/uploads\/2014\/04\/aulas_planta_baja.jpg\" target=\"_blank\" rel=\"noopener\"><span style=\"text-decoration: underline; color: #008080;\"><span style=\"text-decoration: underline;\"><span style=\"text-decoration: underline;\"><span style=\"text-decoration: underline;\">planta baja, n\u00ba 8<\/span>\u00a0(ver mapa)<\/span><\/span><\/span><\/a><a href=\"https:\/\/departamento.us.es\/filologiaclasica\/wp-content\/uploads\/2014\/04\/aulas_planta_baja.jpg\" target=\"_blank\" rel=\"noopener\"><span style=\"color: #008080;\"><br \/>\n<\/span><\/a><\/span><\/h5>\n<p><strong>Tel\u00e9fono:<\/strong> <span style=\"color: #008080;\">954556088<span style=\"color: #000000;\">;<\/span><\/span>\u00a0<strong>E-mail de contacto<\/strong>: <span style=\"color: #008080;\">bibclasica@us.es<\/span><\/p>\n<p style=\"text-align: center;\">_______________________________________________<\/p>\n<p style=\"text-align: justify;\">La Biblioteca del Departamento de Filolog\u00eda Griega y Latina constituye una parte significativa de la Biblioteca de Humanidades de la Facultad de Filolog\u00eda, y es una de las mejor representadas en Espa\u00f1a, tanto en calidad como en volumen de libros, teniendo en cuenta nuestras limitaciones econ\u00f3micas frente a las dotaciones econ\u00f3micas de otros pa\u00edses europeos y extranjeros.<\/p>\n<p style=\"text-align: justify;\"><strong>Fondos<\/strong><\/p>\n<p style=\"text-align: justify;\">Todos los fondos de esta biblioteca est\u00e1n disponibles en l\u00ednea a trav\u00e9s del <strong><span style=\"text-decoration: underline;\"><a href=\"http:\/\/fama.us.es\">cat\u00e1logo Fama<\/a><\/span><\/strong>.\u00a0Est\u00e1 constituida por un fondo mixto (papel y digitalizado) que se incrementa anualmente, y que 2 est\u00e1 formado por 10.118 vol\u00famenes de Filolog\u00eda Griega, 10.039 vol\u00famenes de Filolog\u00eda Latina (20.157 vol\u00famenes en total), en forma de textos, comentarios y monograf\u00edas; contiene adem\u00e1s 176 revistas.<\/p>\n<p style=\"text-align: justify;\">Entre nuestras obras especialmente destacables en papel se encuentran, completas o en progreso de edici\u00f3n y adquisici\u00f3n, el <em>Thesaurus Linguae Graecae<\/em>, el <em>Thesaurus Linguae Latinae<\/em>, varias series de <em>Corpus Inscriptionum Latinaurm<\/em>, el <em>Corpus Christianorum<\/em> (<em>Series Latina, Continuatio Medievalis<\/em>), los <em>Monumenta Germaniae Historica<\/em>, Sources Chr\u00e9tiennes, la <em>Patrologia Graeca<\/em>, la <em>Patrologia Latina<\/em>, la <em>Pauly-Wissowa<\/em>, la colecci\u00f3n <em>Firmin-Didot<\/em>, el <em>Dictionnaire des Antiquit\u00e9s Grecques et Romaines<\/em> de Daremberg y Saglio, entre otras.<\/p>\n<p style=\"text-align: justify;\">Entre nuestras suscripciones online, financiadas o cofinanciadas por nuestro Departamento y las Bibliotecas General y de Humanidades, se cuentan <em>l\u2019Ann\u00e9e Philologique,<\/em> el <em>JSTOR<\/em> (las mejores revistas internacionales descargables en pdf) y las plataformas de eBooks, eJournals, y Bases de datos <em><span style=\"color: #000000;\">Dialnet<\/span><\/em>, <em>Lion: Literature online<\/em>, <em>Cambridge Journals Online, PAO: Periodicals Archive Online, PIO: Periodical Index Online, Reference Global<\/em> (Gruyter).<\/p>\n<p style=\"text-align: justify;\">Menci\u00f3n especial merece el potente recurso <strong><span style=\"text-decoration: underline;\"><a href=\"http:\/\/fama.us.es\/search~S5*spi?\/Xbrepolis&amp;searchscope=5&amp;SORT=D\/Xbrepolis&amp;searchscope=5&amp;SORT=D&amp;SUBKEY=brepolis\/1%2C2%2C2%2CB\/frameset&amp;FF=Xbrepolis&amp;searchscope=5&amp;SORT=D&amp;2%2C2%2C\" target=\"_blank\" rel=\"noopener\"><em>Brepolis<\/em><\/a><\/span><\/strong>, subdividido en:<\/p>\n<ul style=\"text-align: justify;\">\n<li><em style=\"color: #000000;\">Brepolis Textos<\/em> (desde los primeros textos hasta el Concilio Vaticano II)<\/li>\n<li><em style=\"color: #000000;\">Database of Latin Dictionaries<\/em> (Forcellini Lex., Forcellini Onom., Lewis and Short, Blaise Patristic, Souter, Blaise Medieval, Du Cange, Firminus Verris, Anon. Montepessul, Le Talleur)<\/li>\n<li><em style=\"color: #000000;\">Monumenta Germaniae Historica<\/em><\/li>\n<li><em style=\"color: #000000;\">In Principio<\/em> (<em style=\"color: #000000;\">incipitaria<\/em> de toda la latinidad)<\/li>\n<li><em style=\"color: #000000;\">International Medieval Bibliographies de Brepolis<\/em><\/li>\n<li><em style=\"color: #000000;\">Archive of Celtic-Latin Literature<\/em><\/li>\n<li><em style=\"color: #000000;\">Aristoteles Latinus<\/em><\/li>\n<\/ul>\n<p style=\"text-align: justify;\">Contamos tambi\u00e9n con un proyecto de recopilaci\u00f3n y catalogaci\u00f3n de fondos antiguos digitalizados (<em>Internet Archive, Google Books, Hathi Trust, Gallica<\/em>) dirigido por el Prof. Dr. Antonio Ch\u00e1vez Reino.<\/p>\n<p style=\"text-align: justify;\"><strong>Financiaci\u00f3n<\/strong><\/p>\n<p style=\"text-align: justify;\">Nuestra Biblioteca se beneficia de los fondos anuales de la Universidad de Sevilla, a la que se suman fondos del propio Departamento, los del Legado Vallejo, los de los Grupos y Proyectos de Investigaci\u00f3n y tambi\u00e9n de las altruistas donaciones de antiguos miembros del Departamento o amantes de la cultura cl\u00e1sica (Mercedes V\u00edlchez, Ortiz-Gonz\u00e1lez, Raya Saro).<\/p>\n<p style=\"text-align: justify;\"><strong>Instalaciones<\/strong><\/p>\n<p style=\"text-align: justify;\">Incluyen una Sala de Consulta con ocho puestos de lectura, y dos ordenadores de uso para la consulta del Cat\u00e1logo Fama. La biblioteca dispone asimismo de un lector de microfichas. Cuenta con conexi\u00f3n inal\u00e1mbrica a la Red inform\u00e1tica de la Universidad de Sevilla (Eduroam, Reinus).<\/p>\n","protected":false},"excerpt":{"rendered":"<p>Horario:\u00a0LUNES a VIERNES: 9:30 a 13:30\u00a0 Ubicaci\u00f3n:\u00a0planta baja, n\u00ba 8\u00a0(ver mapa) Tel\u00e9fono: 954556088;\u00a0E-mail de contacto: bibclasica@us.es _______________________________________________ La Biblioteca del Departamento de Filolog\u00eda Griega y Latina constituye una parte significativa de la Biblioteca de Humanidades de la Facultad de Filolog\u00eda,<\/p>\n","protected":false},"author":1,"featured_media":920,"parent":0,"menu_order":0,"comment_status":"closed","ping_status":"closed","template":"","meta":[],"_links":{"self":[{"href":"https:\/\/departamento.us.es\/filologiaclasica\/index.php?rest_route=\/wp\/v2\/pages\/11"}],"collection":[{"href":"https:\/\/departamento.us.es\/filologiaclasica\/index.php?rest_route=\/wp\/v2\/pages"}],"about":[{"href":"https:\/\/departamento.us.es\/filologiaclasica\/index.php?rest_route=\/wp\/v2\/types\/page"}],"author":[{"embeddable":true,"href":"https:\/\/departamento.us.es\/filologiaclasica\/index.php?rest_route=\/wp\/v2\/users\/1"}],"replies":[{"embeddable":true,"href":"https:\/\/departamento.us.es\/filologiaclasica\/index.php?rest_route=%2Fwp%2Fv2%2Fcomments&post=11"}],"version-history":[{"count":3,"href":"https:\/\/departamento.us.es\/filologiaclasica\/index.php?rest_route=\/wp\/v2\/pages\/11\/revisions"}],"predecessor-version":[{"id":1053,"href":"https:\/\/departamento.us.es\/filologiaclasica\/index.php?rest_route=\/wp\/v2\/pages\/11\/revisions\/1053"}],"wp:featuredmedia":[{"embeddable":true,"href":"https:\/\/departamento.us.es\/filologiaclasica\/index.php?rest_route=\/wp\/v2\/media\/920"}],"wp:attachment":[{"href":"https:\/\/departamento.us.es\/filologiaclasica\/index.php?rest_route=%2Fwp%2Fv2%2Fmedia&parent=11"}],"curies":[{"name":"wp","href":"https:\/\/api.w.org\/{rel}","templated":true}]}}