{"id":121,"date":"2014-04-03T10:58:19","date_gmt":"2014-04-03T10:58:19","guid":{"rendered":"https:\/\/departamento.us.es\/filologiaclasica\/?page_id=121"},"modified":"2014-04-09T17:01:39","modified_gmt":"2014-04-09T17:01:39","slug":"asignaturas-extinguidas","status":"publish","type":"page","link":"https:\/\/departamento.us.es\/filologiaclasica\/?page_id=121","title":{"rendered":"Asignaturas extinguidas"},"content":{"rendered":"<h3 style=\"text-align: center;\">Profesores responsables de las asignaturas extinguidas (Plan del 97)<\/h3>\n<p><span style=\"text-decoration: underline;\"><strong>PRIMER CURSO<\/strong><\/span><br \/>\n<strong><span style=\"color: #008080;\">Filolog\u00eda Griega:<\/span><\/strong><\/p>\n<ul>\n<li>Introducci\u00f3n al Pensamiento Griego: Prf. Antonio Villarrubia Medina<\/li>\n<li>Textos Griegos I: Prof. Jos\u00e9 Mar\u00eda Candau Mor\u00f3n<\/li>\n<li>Los Mitos Griegos y la cultura occidental: Prof. Francisco J. Gonz\u00e1lez Ponce (especialidad F. Cl\u00e1sica)<\/li>\n<li>Curso Intensivo de Filolog\u00eda Griega: Prof. Francisco J. Gonz\u00e1lez Ponce<\/li>\n<li>Segunda lengua y su literatura: Griego I Prof. Jos\u00e9 Miguel Jim\u00e9nez Delgado<\/li>\n<\/ul>\n<p><span style=\"color: #008080;\"><strong>Filolog\u00eda Latina:<\/strong><\/span><\/p>\n<ul>\n<li>Textos latinos I: Prof. Juli\u00e1n Gonz\u00e1lez Fern\u00e1ndez (especialidad F. Cl\u00e1sica)<\/li>\n<li>Introducci\u00f3n al pensamiento latino: Prof. Leonor Molero Alcaraz<\/li>\n<li>Curso intensivo de Filolog\u00eda latina: Prof. Concepci\u00f3n Fern\u00e1ndez Mart\u00ednez<\/li>\n<li>Segunda lengua y su literatura: Lat\u00edn I Prof. Jos\u00e9 Sol\u00eds de los Santos<\/li>\n<\/ul>\n<p><strong>OTRAS TITULACIONES<\/strong><\/p>\n<ul>\n<li>Textos latinos I: Prof. Daniel L\u00f3pez-Ca\u00f1ete Quiles<\/li>\n<li>Lat\u00edn (Primer curso de Filosof\u00eda): Prof. Jos\u00e9 Sol\u00eds de los Santos<\/li>\n<\/ul>\n<p><span style=\"text-decoration: underline;\"><strong>SEGUNDO CURSO<\/strong><\/span><br \/>\n<span style=\"color: #008080;\"><strong>Filolog\u00eda Griega:<\/strong><\/span><\/p>\n<ul>\n<li>Textos Griegos II: Prof. Jos\u00e9 Mar\u00eda Candau Mor\u00f3n<\/li>\n<li>Introducci\u00f3n a la Literatura Griega: Prof. Ram\u00f3n Serrano Cantar\u00edn<\/li>\n<li>Generos Literarios I: Prof. Francisco J. Gonz\u00e1lez Ponce<\/li>\n<li>Segunda lengua y su literatura: Griego II Prof. Jos\u00e9 Miguel Jim\u00e9nez Delgado<\/li>\n<\/ul>\n<p><span style=\"color: #008080;\"><strong>Filolog\u00eda Latina:<\/strong><\/span><\/p>\n<ul>\n<li>Textos Latinos II: Prof. Jos\u00e9 Sol\u00eds de los Santos<\/li>\n<li>Historia de la lengua latina: Prof. Mar\u00eda Lim\u00f3n Bel\u00e9n<\/li>\n<li>Tradici\u00f3n latina: Prof. Ana P\u00e9rez Vega<\/li>\n<li>Segunda lengua y su literatura: lat\u00edn II Prof. Jos\u00e9 Sol\u00eds de los Santos<\/li>\n<\/ul>\n<p><strong>OTRAS TITULACIONES<\/strong><\/p>\n<ul>\n<li>Lat\u00edn Vulgar: Prof. Emma Falque Rey (especialidad hisp\u00e1nica)<\/li>\n<li>Los Mitos Griegos y la cultura occidental: Prof. Francisco J. Gonz\u00e1lez Ponce (2\u00ba curso especialidad alem\u00e1n)<\/li>\n<\/ul>\n<p><span style=\"text-decoration: underline;\"><strong>TERCER CURSO<\/strong><\/span><br \/>\n<span style=\"color: #008080;\"><strong>Filolog\u00eda Griega:<\/strong><\/span><\/p>\n<ul>\n<li>Textos Griegos III: Prof. Jos\u00e9 Mar\u00eda Candau Mor\u00f3n<\/li>\n<li>Sintaxis Griega: Prof. Emilia Ruiz Yamuza<\/li>\n<li>Historia de la Lengua Griega: Prof. Francisco J. Gonz\u00e1lez Ponce<\/li>\n<\/ul>\n<p><strong><span style=\"color: #008080;\">Filolog\u00eda Latina:<\/span><\/strong><\/p>\n<ul>\n<li>Textos Latinos III: Prof. Emma Falque Rey<\/li>\n<li>Introducci\u00f3n a la Literatura Latina: Prof. Daniel L\u00f3pez Ca\u00f1ete Quiles<\/li>\n<li>Sintaxis Latina: Prof. Leonor Molero Alcaraz<\/li>\n<li>G\u00e9neros Literarios II: Prof. Roc\u00edo Carande Herrero<\/li>\n<li>Poes\u00eda Cl\u00e1sica Latina I: Prof. Roc\u00edo Carande Herrero<\/li>\n<\/ul>\n<p><span style=\"text-decoration: underline;\"><strong>CUARTO CURSO<\/strong><\/span><br \/>\n<span style=\"color: #008080;\"><strong>Filolog\u00eda Griega:<\/strong><\/span><\/p>\n<ul>\n<li>Ling\u00fc\u00edstica Indoeuropea: Prof. Jos\u00e9 Miguel Jim\u00e9nez Delgado<\/li>\n<li>Literatura Griega: Prof. Antonio Luis Ch\u00e1vez Reino<\/li>\n<li>Textos Griegos IV: Prof. Jos\u00e9 Mar\u00eda Candau Mor\u00f3n<\/li>\n<li>Mitolog\u00eda y Religi\u00f3n Griegas: Prof. Antonio Luis Ch\u00e1vez Reino<\/li>\n<\/ul>\n<p><span style=\"color: #008080;\"><strong>Filolog\u00eda Latina:<\/strong><\/span><\/p>\n<ul>\n<li>Textos Latinos IV: Prof. Daniel L\u00f3pez-Ca\u00f1ete Quiles<\/li>\n<li>Fon\u00e9tica y Morfolog\u00eda Latinas: Prof. Concepci\u00f3n Fern\u00e1ndez Mart\u00ednez<\/li>\n<li>Lat\u00edn Vulgar: Prof. Juan Martos Fern\u00e1ndez<\/li>\n<li>Prosodia y M\u00e9trica Latinas: Prof. Roc\u00edo Carande Herrero<\/li>\n<\/ul>\n<p><strong><span style=\"text-decoration: underline;\">QUINTO CURSO<\/span><\/strong><br \/>\n<span style=\"color: #008080;\"><strong>Filolog\u00eda Griega:<\/strong><\/span><\/p>\n<ul>\n<li>Historia y Civilizaci\u00f3n Griegas: Prof. Antonio Villarrubia Medina<\/li>\n<li>Textos Griegos V: Prof. Emilia Ruiz Yamuza<\/li>\n<li>Fon\u00e9tica y Morfolog\u00eda Griegas: Prof. Rafael Mart\u00ednez V\u00e1zquez<\/li>\n<li>Prosodia y M\u00e9trica Griegas: Prof. Antonio Villarrubia Medina<\/li>\n<\/ul>\n<p><span style=\"color: #008080;\"><strong>Filolog\u00eda Latina:<\/strong><\/span><\/p>\n<ul>\n<li>Textos Latinos: V Prof. Jos\u00e9 Sol\u00eds de los Santos<\/li>\n<li>Literatura Latina: Prof. Ana P\u00e9rez Vega<\/li>\n<li>Lat\u00edn Medieval: Prof. Emma Falque Rey<\/li>\n<li>Textos Epigr\u00e1ficos Latinos: Prof. Mar\u00eda Lim\u00f3n Bel\u00e9n<\/li>\n<li>Historia y civilizaci\u00f3n Latinas: Prof. Jos\u00e9 Sol\u00eds de los Santos<\/li>\n<\/ul>\n<p>&nbsp;<\/p>\n<p>&nbsp;<\/p>\n<p>&nbsp;<\/p>\n<p>&nbsp;<\/p>\n<p>&nbsp;<\/p>\n","protected":false},"excerpt":{"rendered":"<p>Profesores responsables de las asignaturas extinguidas (Plan del 97) PRIMER CURSO Filolog\u00eda Griega: Introducci\u00f3n al Pensamiento Griego: Prf. Antonio Villarrubia Medina Textos Griegos I: Prof. Jos\u00e9 Mar\u00eda Candau Mor\u00f3n Los Mitos Griegos y la cultura occidental: Prof. Francisco J. Gonz\u00e1lez<\/p>\n","protected":false},"author":1,"featured_media":0,"parent":0,"menu_order":0,"comment_status":"closed","ping_status":"closed","template":"","meta":[],"_links":{"self":[{"href":"https:\/\/departamento.us.es\/filologiaclasica\/index.php?rest_route=\/wp\/v2\/pages\/121"}],"collection":[{"href":"https:\/\/departamento.us.es\/filologiaclasica\/index.php?rest_route=\/wp\/v2\/pages"}],"about":[{"href":"https:\/\/departamento.us.es\/filologiaclasica\/index.php?rest_route=\/wp\/v2\/types\/page"}],"author":[{"embeddable":true,"href":"https:\/\/departamento.us.es\/filologiaclasica\/index.php?rest_route=\/wp\/v2\/users\/1"}],"replies":[{"embeddable":true,"href":"https:\/\/departamento.us.es\/filologiaclasica\/index.php?rest_route=%2Fwp%2Fv2%2Fcomments&post=121"}],"version-history":[{"count":0,"href":"https:\/\/departamento.us.es\/filologiaclasica\/index.php?rest_route=\/wp\/v2\/pages\/121\/revisions"}],"wp:attachment":[{"href":"https:\/\/departamento.us.es\/filologiaclasica\/index.php?rest_route=%2Fwp%2Fv2%2Fmedia&parent=121"}],"curies":[{"name":"wp","href":"https:\/\/api.w.org\/{rel}","templated":true}]}}