{"id":13,"date":"2014-04-01T16:26:24","date_gmt":"2014-04-01T16:26:24","guid":{"rendered":"https:\/\/departamento.us.es\/filologiaclasica\/?page_id=13"},"modified":"2025-12-09T10:27:36","modified_gmt":"2025-12-09T10:27:36","slug":"personal-docente-e-investigador","status":"publish","type":"page","link":"https:\/\/departamento.us.es\/filologiaclasica\/?page_id=13","title":{"rendered":"Personal"},"content":{"rendered":"<h5 style=\"text-align: center;\">DIRECCI\u00d3N Y ADMINISTRACI\u00d3N<\/h5>\n<ul>\n<li><strong><span style=\"color: #008080;\">Director<\/span>: <\/strong><span style=\"color: #000000;\">Dr. D. Juan Martos Fern\u00e1ndez<\/span><\/li>\n<li><strong><span style=\"color: #008080;\">Secretaria<\/span><\/strong>: <span style=\"color: #000000;\">Dra. D\u00aa. Mar\u00eda Lim\u00f3n Bel\u00e9n<\/span><\/li>\n<li><strong><span style=\"color: #008080;\">Personal de Administraci\u00f3n y Gesti\u00f3n<\/span>: <\/strong><span style=\"color: #000000;\"><a style=\"color: #000000;\" href=\"https:\/\/investigacion.us.es\/sisius\/sis_showpub.php?idpers=4446\">D\u00aa. Natividad Gallo Ayala<\/a><\/span><\/li>\n<\/ul>\n<h5><\/h5>\n<h3 style=\"text-align: center;\">Componentes del Departamento<\/h3>\n<h5>Catedr\u00e1ticos<\/h5>\n<ul>\n<li style=\"list-style-type: none;\">\n<ul>\n<li><a href=\"https:\/\/investigacion.us.es\/sisius\/sis_showpub.php?idpers=1890\">Dra. D\u00aa. Roc\u00edo Carande Herrero<\/a><\/li>\n<li><a href=\"https:\/\/investigacion.us.es\/sisius\/sis_showpub.php?idpers=1353\">Dra. D\u00aa. Concepci\u00f3n Fern\u00e1ndez Mart\u00ednez<\/a><\/li>\n<li><a href=\"https:\/\/investigacion.us.es\/sisius\/sis_showpub.php?idpers=1243\">Dr. D. Francisco Jos\u00e9 Gonz\u00e1lez Ponce<\/a><\/li>\n<li><a href=\"https:\/\/investigacion.us.es\/sisius\/sis_showpub.php?idpers=9133\">Dr. D. Jos\u00e9 Miguel Jim\u00e9nez Delgado<\/a><\/li>\n<li><a href=\"https:\/\/investigacion.us.es\/sisius\/sis_showpub.php?idpers=1387\">Dr. D. Daniel L\u00f3pez-Ca\u00f1ete Quiles<\/a><\/li>\n<li><a href=\"https:\/\/investigacion.us.es\/sisius\/sis_showpub.php?idpers=1357\">Dr. D. Rafael Mart\u00ednez V\u00e1zquez<\/a><\/li>\n<li><a href=\"https:\/\/investigacion.us.es\/sisius\/sis_showpub.php?idpers=2057\">Dr. D. Juan Martos Fern\u00e1ndez<\/a><\/li>\n<li><a href=\"https:\/\/investigacion.us.es\/sisius\/sis_showpub.php?idpers=1358\">Dra. D\u00aa. Emilia Reyes Ruiz Yamuza<\/a><\/li>\n<li><a href=\"https:\/\/pronapoli.com\/equipo\/solis-de-los-santos-jose\/\">Dr. D. Jos\u00e9 Sol\u00eds de los Santos<\/a><\/li>\n<\/ul>\n<\/li>\n<\/ul>\n<h5>Profesores Titulares<\/h5>\n<ul>\n<li style=\"list-style-type: none;\">\n<ul>\n<li><a href=\"https:\/\/investigacion.us.es\/sisius\/sis_showpub.php?idpers=4439\">Dr. D. Antonio Luis Ch\u00e1vez Reino<\/a><\/li>\n<li><a href=\"https:\/\/investigacion.us.es\/sisius\/sis_showpub.php?idpers=14343\">Dra. D\u00aa. Mar\u00eda Lim\u00f3n Bel\u00e9n<\/a><\/li>\n<li><a href=\"https:\/\/investigacion.us.es\/sisius\/sis_showpub.php?idpers=26557\">Dra. D\u00aa. Irene Paj\u00f3n Leyra<\/a><\/li>\n<li><a href=\"https:\/\/investigacion.us.es\/sisius\/sis_showpub.php?idpers=1359\">Dr. D. Ram\u00f3n Serrano Cantar\u00edn<\/a><\/li>\n<li><\/li>\n<\/ul>\n<\/li>\n<\/ul>\n<h5>Profesores Ayudantes Doctores<\/h5>\n<ul>\n<li><a href=\"https:\/\/www.us.es\/trabaja-en-la-us\/directorio\/maria-victoria-gonzalez-berdus\">Dra. D\u00aa. Victoria Gonz\u00e1lez Berd\u00fas<\/a><\/li>\n<li><a href=\"https:\/\/us.academia.edu\/GuillermoAprile\">Dr. D. Guillermo Aprile<\/a><\/li>\n<li><a href=\"https:\/\/www.us.es\/trabaja-en-la-us\/directorio\/sandra-rodriguez-piedrabuena\">Dra. D\u00f1a. Sandra Rodr\u00edguez Piedrabuena<\/a><\/li>\n<li><a href=\"https:\/\/investigacion.us.es\/sisius\/sis_depgrupos.php?seltext=54&amp;selfield=IdDpto\">Dr. Carlos S\u00e1nchez P\u00e9rez<\/a><\/li>\n<li><a href=\"https:\/\/orcid.org\/0000-0002-1343-4743\">Dra. Mar\u00eda Fern\u00e1ndez R\u00edos<\/a><\/li>\n<\/ul>\n<h5>Profesores Sustitutos Interinos<\/h5>\n<ul>\n<li>Dra. F\u00e1tima Aguayo<\/li>\n<li><span style=\"font-size: 15px;\">Dra. Mar\u00eda Eugenia P\u00e9rez<\/span><\/li>\n<\/ul>\n<h5>Personal Investigador en Formaci\u00f3n<\/h5>\n<ul>\n<li>D\u00aa. Patricia Garc\u00eda Zamora<\/li>\n<li>D. <span data-olk-copy-source=\"MessageBody\">Antonio Mart\u00ednez Molina<\/span><\/li>\n<li>D. Gonzalo L\u00f3pez Ojeda<\/li>\n<li>D\u00aa. Violeta Silva C\u00e1tedra<\/li>\n<\/ul>\n","protected":false},"excerpt":{"rendered":"<p>DIRECCI\u00d3N Y ADMINISTRACI\u00d3N Director: Dr. D. Juan Martos Fern\u00e1ndez Secretaria: Dra. D\u00aa. Mar\u00eda Lim\u00f3n Bel\u00e9n Personal de Administraci\u00f3n y Gesti\u00f3n: D\u00aa. Natividad Gallo Ayala Componentes del Departamento Catedr\u00e1ticos Dra. D\u00aa. Roc\u00edo Carande Herrero Dra. D\u00aa. Concepci\u00f3n Fern\u00e1ndez Mart\u00ednez Dr. D.<\/p>\n","protected":false},"author":1,"featured_media":907,"parent":0,"menu_order":0,"comment_status":"closed","ping_status":"closed","template":"","meta":[],"_links":{"self":[{"href":"https:\/\/departamento.us.es\/filologiaclasica\/index.php?rest_route=\/wp\/v2\/pages\/13"}],"collection":[{"href":"https:\/\/departamento.us.es\/filologiaclasica\/index.php?rest_route=\/wp\/v2\/pages"}],"about":[{"href":"https:\/\/departamento.us.es\/filologiaclasica\/index.php?rest_route=\/wp\/v2\/types\/page"}],"author":[{"embeddable":true,"href":"https:\/\/departamento.us.es\/filologiaclasica\/index.php?rest_route=\/wp\/v2\/users\/1"}],"replies":[{"embeddable":true,"href":"https:\/\/departamento.us.es\/filologiaclasica\/index.php?rest_route=%2Fwp%2Fv2%2Fcomments&post=13"}],"version-history":[{"count":25,"href":"https:\/\/departamento.us.es\/filologiaclasica\/index.php?rest_route=\/wp\/v2\/pages\/13\/revisions"}],"predecessor-version":[{"id":1109,"href":"https:\/\/departamento.us.es\/filologiaclasica\/index.php?rest_route=\/wp\/v2\/pages\/13\/revisions\/1109"}],"wp:featuredmedia":[{"embeddable":true,"href":"https:\/\/departamento.us.es\/filologiaclasica\/index.php?rest_route=\/wp\/v2\/media\/907"}],"wp:attachment":[{"href":"https:\/\/departamento.us.es\/filologiaclasica\/index.php?rest_route=%2Fwp%2Fv2%2Fmedia&parent=13"}],"curies":[{"name":"wp","href":"https:\/\/api.w.org\/{rel}","templated":true}]}}