{"id":26,"date":"2014-04-01T16:52:05","date_gmt":"2014-04-01T16:52:05","guid":{"rendered":"https:\/\/departamento.us.es\/filologiaclasica\/?page_id=26"},"modified":"2014-04-02T09:36:58","modified_gmt":"2014-04-02T09:36:58","slug":"pruebas-de-acceso-pau","status":"publish","type":"page","link":"https:\/\/departamento.us.es\/filologiaclasica\/?page_id=26","title":{"rendered":"Pruebas de Acceso (PAU)"},"content":{"rendered":"<p style=\"text-align: justify;\">Los coordinadores de cada \u00e1rea son:<\/p>\n<ul>\n<li>para Griego: Prof. Dra. Ruiz Yamuza (<span style=\"color: #008080;\"><a href=\"mailto:eruiz@us.es\"><span style=\"color: #008080;\">eruiz@us.es<\/span><\/a><\/span>)<\/li>\n<li>para Lat\u00edn: Prof. Dr. Martos Fern\u00e1ndez (<span style=\"color: #008080;\"><a href=\"mailto:juanmartosf@us.es\"><span style=\"color: #008080;\">juanmartosf@us.es<\/span><\/a><\/span>)<\/li>\n<\/ul>\n<p style=\"text-align: justify;\">Para obtener <span style=\"color: #008080;\">informaci\u00f3n general<\/span> sobre las pruebas de Selectividad pulse <span style=\"color: #008080;\"><a href=\"http:\/\/www.juntadeandalucia.es\/innovacioncienciayempresa\/sguit\/g_b_procedimiento_acceso.php\" target=\"_blank\"><span style=\"color: #008080;\">aqu\u00ed.<\/span><\/a><\/span><\/p>\n<p style=\"text-align: justify;\">Si lo desea, puede encontrar orientaciones sobre las <span style=\"color: #008080;\">pruebas de Griego II y Lat\u00edn II<\/span> y sobre los procedimientos de correcci\u00f3n de los ex\u00e1menes en los siguientes enlaces:<\/p>\n<ul>\n<li><span style=\"color: #008080;\"><a href=\"https:\/\/departamento.us.es\/filologiaclasica\/wp-content\/uploads\/2014\/04\/griego2.pdf\" target=\"_blank\"><span style=\"color: #008080;\">Griego<\/span><\/a><\/span><\/li>\n<li><span style=\"color: #008080;\"><a href=\"https:\/\/departamento.us.es\/filologiaclasica\/wp-content\/uploads\/2014\/04\/latin2.pdf\" target=\"_blank\"><span style=\"color: #008080;\">Lat\u00edn<\/span><\/a><\/span><\/li>\n<\/ul>\n<p style=\"text-align: left;\">Adem\u00e1s, la ponencia de Griego ha elaborado la siguiente p\u00e1gina web (<span style=\"color: #008080;\"><a href=\"https:\/\/sites.google.com\/site\/selectividadgriegoandalucia\" target=\"_blank\"><span style=\"color: #008080;\">pulse aqu\u00ed<\/span><\/a><span style=\"color: #333300;\">)<\/span><\/span><span style=\"color: #333300;\">.<\/span><\/p>\n","protected":false},"excerpt":{"rendered":"<p>Los coordinadores de cada \u00e1rea son: para Griego: Prof. Dra. Ruiz Yamuza (eruiz@us.es) para Lat\u00edn: Prof. Dr. Martos Fern\u00e1ndez (juanmartosf@us.es) Para obtener informaci\u00f3n general sobre las pruebas de Selectividad pulse aqu\u00ed. Si lo desea, puede encontrar orientaciones sobre las pruebas<\/p>\n","protected":false},"author":1,"featured_media":0,"parent":0,"menu_order":0,"comment_status":"closed","ping_status":"closed","template":"","meta":[],"_links":{"self":[{"href":"https:\/\/departamento.us.es\/filologiaclasica\/index.php?rest_route=\/wp\/v2\/pages\/26"}],"collection":[{"href":"https:\/\/departamento.us.es\/filologiaclasica\/index.php?rest_route=\/wp\/v2\/pages"}],"about":[{"href":"https:\/\/departamento.us.es\/filologiaclasica\/index.php?rest_route=\/wp\/v2\/types\/page"}],"author":[{"embeddable":true,"href":"https:\/\/departamento.us.es\/filologiaclasica\/index.php?rest_route=\/wp\/v2\/users\/1"}],"replies":[{"embeddable":true,"href":"https:\/\/departamento.us.es\/filologiaclasica\/index.php?rest_route=%2Fwp%2Fv2%2Fcomments&post=26"}],"version-history":[{"count":0,"href":"https:\/\/departamento.us.es\/filologiaclasica\/index.php?rest_route=\/wp\/v2\/pages\/26\/revisions"}],"wp:attachment":[{"href":"https:\/\/departamento.us.es\/filologiaclasica\/index.php?rest_route=%2Fwp%2Fv2%2Fmedia&parent=26"}],"curies":[{"name":"wp","href":"https:\/\/api.w.org\/{rel}","templated":true}]}}