{"id":28,"date":"2014-04-01T16:55:03","date_gmt":"2014-04-01T16:55:03","guid":{"rendered":"https:\/\/departamento.us.es\/filologiaclasica\/?page_id=28"},"modified":"2023-06-04T17:10:43","modified_gmt":"2023-06-04T17:10:43","slug":"plan-de-estudios","status":"publish","type":"page","link":"https:\/\/departamento.us.es\/filologiaclasica\/?page_id=28","title":{"rendered":"Estudios"},"content":{"rendered":"<p>Acceda a la informaci\u00f3n sobre nuestros estudios de:<\/p>\n<ul>\n<li><a href=\"https:\/\/departamento.us.es\/filologiaclasica\/?page_id=339\" target=\"_blank\" rel=\"noopener\">G<\/a><a title=\"Grado\" href=\"https:\/\/departamento.us.es\/filologiaclasica\/?page_id=339\">rado (pulse aqu\u00ed)<\/a><\/li>\n<li><a href=\"https:\/\/departamento.us.es\/filologiaclasica\/?page_id=331\" target=\"_blank\" rel=\"noopener\">Docto<\/a><a title=\"Doctorado\" href=\"https:\/\/departamento.us.es\/filologiaclasica\/?page_id=331\">rado (pulse aqu\u00ed)<\/a><\/li>\n<li><span style=\"color: #008080;\"><a title=\"M\u00e1ster\" href=\"https:\/\/departamento.us.es\/filologiaclasica\/?page_id=370\"><span style=\"color: #008080;\">M\u00e1ster (pulse aqu\u00ed)<\/span><\/a><\/span><\/li>\n<\/ul>\n","protected":false},"excerpt":{"rendered":"<p>Acceda a la informaci\u00f3n sobre nuestros estudios de: Grado (pulse aqu\u00ed) Doctorado (pulse aqu\u00ed) M\u00e1ster (pulse aqu\u00ed)<\/p>\n","protected":false},"author":1,"featured_media":908,"parent":0,"menu_order":0,"comment_status":"closed","ping_status":"closed","template":"","meta":[],"_links":{"self":[{"href":"https:\/\/departamento.us.es\/filologiaclasica\/index.php?rest_route=\/wp\/v2\/pages\/28"}],"collection":[{"href":"https:\/\/departamento.us.es\/filologiaclasica\/index.php?rest_route=\/wp\/v2\/pages"}],"about":[{"href":"https:\/\/departamento.us.es\/filologiaclasica\/index.php?rest_route=\/wp\/v2\/types\/page"}],"author":[{"embeddable":true,"href":"https:\/\/departamento.us.es\/filologiaclasica\/index.php?rest_route=\/wp\/v2\/users\/1"}],"replies":[{"embeddable":true,"href":"https:\/\/departamento.us.es\/filologiaclasica\/index.php?rest_route=%2Fwp%2Fv2%2Fcomments&post=28"}],"version-history":[{"count":2,"href":"https:\/\/departamento.us.es\/filologiaclasica\/index.php?rest_route=\/wp\/v2\/pages\/28\/revisions"}],"predecessor-version":[{"id":910,"href":"https:\/\/departamento.us.es\/filologiaclasica\/index.php?rest_route=\/wp\/v2\/pages\/28\/revisions\/910"}],"wp:featuredmedia":[{"embeddable":true,"href":"https:\/\/departamento.us.es\/filologiaclasica\/index.php?rest_route=\/wp\/v2\/media\/908"}],"wp:attachment":[{"href":"https:\/\/departamento.us.es\/filologiaclasica\/index.php?rest_route=%2Fwp%2Fv2%2Fmedia&parent=28"}],"curies":[{"name":"wp","href":"https:\/\/api.w.org\/{rel}","templated":true}]}}