{"id":280,"date":"2014-06-19T10:30:46","date_gmt":"2014-06-19T10:30:46","guid":{"rendered":"https:\/\/departamento.us.es\/filologiaclasica\/?page_id=280"},"modified":"2023-06-04T17:36:35","modified_gmt":"2023-06-04T17:36:35","slug":"localizacion-y-contacto","status":"publish","type":"page","link":"https:\/\/departamento.us.es\/filologiaclasica\/?page_id=280","title":{"rendered":"Contacto"},"content":{"rendered":"<p>La sede del Departamento se encuentra ubicada en la Facultad de Filolog\u00eda, Campus Universitario del&nbsp;Rectorado, en el edificio de la&nbsp;antigua <span style=\"color: #008080;\"><a href=\"http:\/\/es.wikipedia.org\/wiki\/Real_F%C3%A1brica_de_Tabacos_de_Sevilla\" target=\"_blank\" rel=\"noopener\"><span style=\"color: #008080;\">Real F\u00e1brica de Tabacos<\/span><\/a><\/span>&nbsp;que&nbsp;es monumento hist\u00f3rico y art\u00edstico del siglo XVIII.<\/p>\n<p>El Departamento est\u00e1 situado en la planta baja<span style=\"color: #008080;\"> <a href=\"https:\/\/departamento.us.es\/filologiaclasica\/wp-content\/uploads\/2014\/04\/aulas_planta_baja1.jpg\"><span style=\"color: #008080;\">(ver mapa)<\/span><\/a><\/span>. Para m\u00e1s informaci\u00f3n puede contactar con la Secretar\u00eda del Departamento:<\/p>\n<ul>\n<li>Direcci\u00f3n: c\/ Palos de la Frontera s\/n, 41004, Sevilla.<\/li>\n<li>Tfno: 954 551 515<\/li>\n<li>Fax: 954 556 985<\/li>\n<li>E-mail: dfclasica@us.es<\/li>\n<\/ul>\n<header class=\"entry-header\">\n<hr>\n<h1 class=\"entry-title\">Buz\u00f3n de quejas y sugerencias<\/h1>\n<\/header>\n<div class=\"entry-content\">\n<p>Buz\u00f3n de quejas y sugerencias: expon@us.es<\/p>\n<\/div>\n","protected":false},"excerpt":{"rendered":"<p>La sede del Departamento se encuentra ubicada en la Facultad de Filolog\u00eda, Campus Universitario del&nbsp;Rectorado, en el edificio de la&nbsp;antigua Real F\u00e1brica de Tabacos&nbsp;que&nbsp;es monumento hist\u00f3rico y art\u00edstico del siglo XVIII. El Departamento est\u00e1 situado en la planta baja (ver<\/p>\n","protected":false},"author":1,"featured_media":930,"parent":0,"menu_order":0,"comment_status":"closed","ping_status":"closed","template":"","meta":[],"_links":{"self":[{"href":"https:\/\/departamento.us.es\/filologiaclasica\/index.php?rest_route=\/wp\/v2\/pages\/280"}],"collection":[{"href":"https:\/\/departamento.us.es\/filologiaclasica\/index.php?rest_route=\/wp\/v2\/pages"}],"about":[{"href":"https:\/\/departamento.us.es\/filologiaclasica\/index.php?rest_route=\/wp\/v2\/types\/page"}],"author":[{"embeddable":true,"href":"https:\/\/departamento.us.es\/filologiaclasica\/index.php?rest_route=\/wp\/v2\/users\/1"}],"replies":[{"embeddable":true,"href":"https:\/\/departamento.us.es\/filologiaclasica\/index.php?rest_route=%2Fwp%2Fv2%2Fcomments&post=280"}],"version-history":[{"count":1,"href":"https:\/\/departamento.us.es\/filologiaclasica\/index.php?rest_route=\/wp\/v2\/pages\/280\/revisions"}],"predecessor-version":[{"id":932,"href":"https:\/\/departamento.us.es\/filologiaclasica\/index.php?rest_route=\/wp\/v2\/pages\/280\/revisions\/932"}],"wp:featuredmedia":[{"embeddable":true,"href":"https:\/\/departamento.us.es\/filologiaclasica\/index.php?rest_route=\/wp\/v2\/media\/930"}],"wp:attachment":[{"href":"https:\/\/departamento.us.es\/filologiaclasica\/index.php?rest_route=%2Fwp%2Fv2%2Fmedia&parent=280"}],"curies":[{"name":"wp","href":"https:\/\/api.w.org\/{rel}","templated":true}]}}