{"id":339,"date":"2014-07-04T15:49:42","date_gmt":"2014-07-04T15:49:42","guid":{"rendered":"https:\/\/departamento.us.es\/filologiaclasica\/?page_id=339"},"modified":"2015-01-25T11:06:53","modified_gmt":"2015-01-25T11:06:53","slug":"grado","status":"publish","type":"page","link":"https:\/\/departamento.us.es\/filologiaclasica\/?page_id=339","title":{"rendered":"Grado"},"content":{"rendered":"<h2 style=\"color: #990000; text-align: center;\"><span style=\"color: #008080;\">Grado en Filolog\u00eda Cl\u00e1sica\u00a0<\/span><\/h2>\n<p style=\"text-align: justify;\">El conocimiento de la civilizaci\u00f3n grecolatina a trav\u00e9s de sus textos representa un s\u00f3lido contrapeso intelectual en el mundo de los avances tecnol\u00f3gicos y cient\u00edficos, al proporcionar a la actual sociedad un anclaje din\u00e1mico en los genuinos or\u00edgenes de la cultura europea, que a su vez se proyect\u00f3 desde los pa\u00edses de Europa a los de otros continentes del mundo.<\/p>\n<p style=\"text-align: justify;\">Actualmente se considera la Filolog\u00eda Cl\u00e1sica como disciplina cient\u00edfica que se ocupa de interpretar e investigar los textos griegos y latinos en todos los planos -ling\u00fc\u00edstico, literario, hist\u00f3rico-institucional o ideol\u00f3gico-, habida cuenta de que dichos textos se consideran como documentos y, sobre todo, como monumentos escritos del mundo antiguo.<\/p>\n<p style=\"text-align: justify;\">Sectores de la empresa o de la banca llegan a reconocer el valor de las lenguas antiguas en la capacidad intelectual. La eficiencia profesional en otros muchos niveles -actividad editorial, administrativa, documentalista, docente, etc.- se ver\u00eda incrementada con los cl\u00e1sicos.<\/p>\n<p style=\"text-align: justify;\">La Filolog\u00eda Cl\u00e1sica se ha mantenido hasta nuestros tiempos como transmisora garante de que, al igual que en otras manifestaciones de la humanidad -ya sea el pensamiento, la ciencia, las artes pl\u00e1sticas o la m\u00fasica-, en los textos literarios y en la palabra que fue escrita para perdurar se contiene la verdadera esencia de lo humano.<\/p>\n<p style=\"text-align: justify;\">Las\/os estudiantes matriculadas\/os en este Grado deber\u00e1n acreditar, antes de solicitar la expedici\u00f3n del t\u00edtulo, la obtenci\u00f3n de un nivel de competencias ling\u00fc\u00edsticas en un idioma extranjero equivalente al nivel B1 del MCERL (Marco Com\u00fan Europeo de Referencia para las Lenguas).\u00a0<a style=\"font-weight: bold; color: #006699;\" href=\"http:\/\/institutodeidiomas.us.es\/prueba-acreditacion\">M\u00e1s informaci\u00f3n<\/a>.<\/p>\n<div style=\"color: #000000;\">\n<ul class=\"fichaDerecha\">\n<li id=\"menu\" style=\"color: #ffffff;\"><strong>\u00a0Presentaci\u00f3n y Acceso<\/strong><\/li>\n<li><a class=\"select_ficha_menu\" style=\"font-weight: bold; color: #666666;\" href=\"http:\/\/www.us.es\/estudios\/grados\/plan_184?p=1\">Presentaci\u00f3n y Gu\u00eda<\/a><\/li>\n<li><a style=\"font-weight: bold; color: #666666;\" href=\"http:\/\/www.us.es\/estudios\/grados\/plan_184?p=2\">Acceso y Normativa acad\u00e9mica<\/a><\/li>\n<li><a style=\"font-weight: bold; color: #666666;\" href=\"http:\/\/www.us.es\/estudios\/grados\/plan_184?p=3\">Informaci\u00f3n adicional<\/a><\/li>\n<li id=\"menu\" style=\"color: #ffffff;\"><strong>\u00a0Datos del T\u00edtulo<\/strong><\/li>\n<li><a style=\"font-weight: bold; color: #666666;\" href=\"http:\/\/www.us.es\/estudios\/grados\/plan_184?p=4\">Datos generales, Objetivos y Competencias<\/a><\/li>\n<li><a style=\"font-weight: bold; color: #666666;\" href=\"http:\/\/www.us.es\/estudios\/grados\/plan_184?p=5\">Salidas profesionales y acad\u00e9micas<\/a><\/li>\n<li><a style=\"font-weight: bold; color: #666666;\" href=\"http:\/\/www.us.es\/estudios\/grados\/plan_184?p=6\">Sistema de Garant\u00eda de Calidad<\/a><\/li>\n<li id=\"menu\" style=\"color: #ffffff;\"><strong>\u00a0Planificaci\u00f3n de la ense\u00f1anza<\/strong><\/li>\n<li><a style=\"font-weight: bold; color: #666666;\" href=\"http:\/\/www.us.es\/estudios\/grados\/plan_184?p=7\">Plan de Estudios<\/a>\u00a0 (presentaci\u00f3n sobre el\u00a0<span style=\"color: #008080;\"><a href=\"https:\/\/departamento.us.es\/filologiaclasica\/wp-content\/uploads\/2014\/04\/Plan-Estudios-Cl\u00e1sicas.pdf\">Plan de Estudios Grado en Fololog\u00eda Cl\u00e1sica<\/a>)<\/span><\/li>\n<li><a style=\"font-weight: bold; color: #666666;\" href=\"http:\/\/www.us.es\/estudios\/grados\/plan_184?p=8\">Plan de Ense\u00f1anza<\/a><\/li>\n<li><a style=\"font-weight: bold; color: #666666;\" href=\"http:\/\/www.us.es\/estudios\/grados\/plan_184?p=9\">Pr\u00e1cticas externas y Trabajo Fin de Grado<\/a><\/li>\n<li><a style=\"font-weight: bold; color: #666666;\" href=\"http:\/\/www.us.es\/estudios\/grados\/plan_184?p=10\">Movilidad<\/a><\/li>\n<li><a class=\"link_ficha\" style=\"font-weight: bold; color: #666666;\" title=\"Este enlace se abrir\u00e1 en una nueva ventana\" href=\"http:\/\/guiadeestudiantes.us.es\/\" target=\"_blank\">Gu\u00eda de Estudiantes<\/a><\/li>\n<\/ul>\n<\/div>\n<hr \/>\n<p style=\"text-align: center;\"><img decoding=\"async\" loading=\"lazy\" class=\"alignleft wp-image-289 \" src=\"https:\/\/departamento.us.es\/filologiaclasica\/wp-content\/uploads\/2014\/04\/Nuevo-lunares_30.gif\" alt=\"\" width=\"152\" height=\"44\" \/><\/p>\n<h2 style=\"color: #990000; text-align: left;\"><span style=\"color: #008080;\">Doble Grado en Filolog\u00eda Cl\u00e1sica e Hisp\u00e1nica<\/span><\/h2>\n<p>&nbsp;<\/p>\n<p>Si te gustan las Lenguas Cl\u00e1sicas y, adem\u00e1s, la Lengua y la Literatura Espa\u00f1olas, no tienes\u00a0 por qu\u00e9 renunciar a nada. Ya es posible hacer Filolog\u00eda Cl\u00e1sica y Filolog\u00eda Hisp\u00e1nica en la Universidad de Sevilla en solo 5 a\u00f1os.<\/p>\n<p><span style=\"color: #008080;\">\u2666\u00a0Ver <a href=\"https:\/\/departamento.us.es\/filologiaclasica\/wp-content\/uploads\/2014\/04\/Doble-Grado.pdf\"><span style=\"color: #008080;\">Plan de Estudios Doble Grado en Filolog\u00eda Cl\u00e1sica e Hisp\u00e1nica<\/span><\/a><\/span><\/p>\n","protected":false},"excerpt":{"rendered":"<p>Grado en Filolog\u00eda Cl\u00e1sica\u00a0 El conocimiento de la civilizaci\u00f3n grecolatina a trav\u00e9s de sus textos representa un s\u00f3lido contrapeso intelectual en el mundo de los avances tecnol\u00f3gicos y cient\u00edficos, al proporcionar a la actual sociedad un anclaje din\u00e1mico en los<\/p>\n","protected":false},"author":1,"featured_media":0,"parent":28,"menu_order":0,"comment_status":"closed","ping_status":"closed","template":"","meta":[],"_links":{"self":[{"href":"https:\/\/departamento.us.es\/filologiaclasica\/index.php?rest_route=\/wp\/v2\/pages\/339"}],"collection":[{"href":"https:\/\/departamento.us.es\/filologiaclasica\/index.php?rest_route=\/wp\/v2\/pages"}],"about":[{"href":"https:\/\/departamento.us.es\/filologiaclasica\/index.php?rest_route=\/wp\/v2\/types\/page"}],"author":[{"embeddable":true,"href":"https:\/\/departamento.us.es\/filologiaclasica\/index.php?rest_route=\/wp\/v2\/users\/1"}],"replies":[{"embeddable":true,"href":"https:\/\/departamento.us.es\/filologiaclasica\/index.php?rest_route=%2Fwp%2Fv2%2Fcomments&post=339"}],"version-history":[{"count":0,"href":"https:\/\/departamento.us.es\/filologiaclasica\/index.php?rest_route=\/wp\/v2\/pages\/339\/revisions"}],"up":[{"embeddable":true,"href":"https:\/\/departamento.us.es\/filologiaclasica\/index.php?rest_route=\/wp\/v2\/pages\/28"}],"wp:attachment":[{"href":"https:\/\/departamento.us.es\/filologiaclasica\/index.php?rest_route=%2Fwp%2Fv2%2Fmedia&parent=339"}],"curies":[{"name":"wp","href":"https:\/\/api.w.org\/{rel}","templated":true}]}}