{"id":346,"date":"2014-07-29T08:18:09","date_gmt":"2014-07-29T08:18:09","guid":{"rendered":"https:\/\/departamento.us.es\/filologiaclasica\/?page_id=346"},"modified":"2020-05-12T07:48:56","modified_gmt":"2020-05-12T07:48:56","slug":"becas-colaboracion","status":"publish","type":"page","link":"https:\/\/departamento.us.es\/filologiaclasica\/?page_id=346","title":{"rendered":"Becas Colaboraci\u00f3n"},"content":{"rendered":"<p style=\"text-align: justify;\">En el <a href=\"http:\/\/www.us.es\/estudios\/becasyayudas\/Formacion\/colaboracion.html\" target=\"_blank\" rel=\"noopener\">portal de Becas y Ayudas de la Universidad de Sevilla<\/a> se encuentra publicada la convocatoria de <strong><span style=\"color: #008080;\">Becas de Colaboraci\u00f3n<\/span>\u00a0<\/strong><\/p>\n<p style=\"text-align: justify;\">La solicitud se deber\u00e1 cumplimentar mediante el formulario accesible por v\u00eda telem\u00e1tica a trav\u00e9s de la Sede Electr\u00f3nica del Ministerio de Educaci\u00f3n, Cultura y Deporte en la direcci\u00f3n: <a href=\"https:\/\/sede.educacion.gob.es\" target=\"_blank\" rel=\"noopener\">https:\/\/sede.educacion.gob.es<\/a>, en el apartado correspondiente a \u201cTr\u00e1mites y Servicios\u201d.\u00a0Una vez cumplimentada la solicitud telem\u00e1tica, deber\u00e1 ser firmada por el interesado por cualquiera de los sistemas de firma electr\u00f3nica establecidos en el apartado 2 del art. 13 de la Ley 11\/2007, de 22 de junio, de Acceso Electr\u00f3nico de los ciudadanos a los servicios p\u00fablicos y enviada por el procedimiento telem\u00e1tico establecido (art. 9.1).\u00a0Se completar\u00e1 el proceso electr\u00f3nico de presentaci\u00f3n de la solicitud acompa\u00f1ando a trav\u00e9s de la p\u00e1gina web, mediante imagen legible (escaneada o fotografiada) y en fichero formato pdf la plantilla facilitada por la aplicaci\u00f3n inform\u00e1tica en un esquema del proyecto de colaboraci\u00f3n y la evaluaci\u00f3n del mismo por el Departamento.\u00a0Una vez completado este proceso, la solicitud quedar\u00e1 presentada a todos los efectos, por lo que los solicitantes no tendr\u00e1n que presentar su solicitud de beca en el Registro de la Universidad.<\/p>\n<p style=\"text-align: center;\">\n","protected":false},"excerpt":{"rendered":"<p>En el portal de Becas y Ayudas de la Universidad de Sevilla se encuentra publicada la convocatoria de Becas de Colaboraci\u00f3n\u00a0 La solicitud se deber\u00e1 cumplimentar mediante el formulario accesible por v\u00eda telem\u00e1tica a trav\u00e9s de la Sede Electr\u00f3nica del<\/p>\n","protected":false},"author":1,"featured_media":0,"parent":42,"menu_order":0,"comment_status":"closed","ping_status":"closed","template":"","meta":[],"_links":{"self":[{"href":"https:\/\/departamento.us.es\/filologiaclasica\/index.php?rest_route=\/wp\/v2\/pages\/346"}],"collection":[{"href":"https:\/\/departamento.us.es\/filologiaclasica\/index.php?rest_route=\/wp\/v2\/pages"}],"about":[{"href":"https:\/\/departamento.us.es\/filologiaclasica\/index.php?rest_route=\/wp\/v2\/types\/page"}],"author":[{"embeddable":true,"href":"https:\/\/departamento.us.es\/filologiaclasica\/index.php?rest_route=\/wp\/v2\/users\/1"}],"replies":[{"embeddable":true,"href":"https:\/\/departamento.us.es\/filologiaclasica\/index.php?rest_route=%2Fwp%2Fv2%2Fcomments&post=346"}],"version-history":[{"count":0,"href":"https:\/\/departamento.us.es\/filologiaclasica\/index.php?rest_route=\/wp\/v2\/pages\/346\/revisions"}],"up":[{"embeddable":true,"href":"https:\/\/departamento.us.es\/filologiaclasica\/index.php?rest_route=\/wp\/v2\/pages\/42"}],"wp:attachment":[{"href":"https:\/\/departamento.us.es\/filologiaclasica\/index.php?rest_route=%2Fwp%2Fv2%2Fmedia&parent=346"}],"curies":[{"name":"wp","href":"https:\/\/api.w.org\/{rel}","templated":true}]}}