{"id":370,"date":"2014-10-11T17:30:57","date_gmt":"2014-10-11T17:30:57","guid":{"rendered":"https:\/\/departamento.us.es\/filologiaclasica\/?page_id=370"},"modified":"2014-10-11T17:43:29","modified_gmt":"2014-10-11T17:43:29","slug":"mellc","status":"publish","type":"page","link":"https:\/\/departamento.us.es\/filologiaclasica\/?page_id=370","title":{"rendered":"M\u00e1ster"},"content":{"rendered":"<h4 style=\"text-align: center;\"><span style=\"color: #008080;\"><strong>M\u00e1ster Universitario en Estudios Ling\u00fc\u00edsticos, Literarios y Culturales <\/strong><\/span><\/h4>\n<h4 style=\"text-align: center;\"><span style=\"color: #008080;\"><strong>por la Universidad de Sevilla<\/strong> <\/span><\/h4>\n<p style=\"text-align: justify;\">Actualmente, nuestro Departamento imparte docencia en el <span style=\"color: #000000;\"><span style=\"color: #008080;\">M\u00e1ster Universitario en<\/span> <span style=\"color: #008080;\">Estudios Ling\u00fc\u00edsticos, Literarios y Culturales<\/span><span style=\"color: #333333;\">.<\/span><\/span> El MELLC es un programa de un a\u00f1o (60 cr\u00e9ditos) que puede cursarse en espa\u00f1ol o \u00edntegramente en ingl\u00e9s. Ofrece al alumno la posibilidad de una alta especializaci\u00f3n te\u00f3rica y metodol\u00f3gica\u00a0 en las siguientes \u00e1reas:<\/p>\n<ul>\n<li>La lengua y la comunicaci\u00f3n<\/li>\n<li>La literatura, la cultura y su difusi\u00f3n a trav\u00e9s de diversos soportes de la informaci\u00f3n<\/li>\n<li>El lenguje, su recepci\u00f3n y sus funciones en la sociedad<\/li>\n<\/ul>\n<p><a href=\"http:\/\/www.us.es\/downloads\/estudios\/master\/MELLC.pdf\" target=\"_blank\"><strong><span style=\"color: #008080;\">M\u00e1s informaci\u00f3n (aqu\u00ed).<\/span><\/strong><\/a><\/p>\n","protected":false},"excerpt":{"rendered":"<p>M\u00e1ster Universitario en Estudios Ling\u00fc\u00edsticos, Literarios y Culturales por la Universidad de Sevilla Actualmente, nuestro Departamento imparte docencia en el M\u00e1ster Universitario en Estudios Ling\u00fc\u00edsticos, Literarios y Culturales. El MELLC es un programa de un a\u00f1o (60 cr\u00e9ditos) que puede<\/p>\n","protected":false},"author":1,"featured_media":0,"parent":0,"menu_order":0,"comment_status":"closed","ping_status":"closed","template":"","meta":[],"_links":{"self":[{"href":"https:\/\/departamento.us.es\/filologiaclasica\/index.php?rest_route=\/wp\/v2\/pages\/370"}],"collection":[{"href":"https:\/\/departamento.us.es\/filologiaclasica\/index.php?rest_route=\/wp\/v2\/pages"}],"about":[{"href":"https:\/\/departamento.us.es\/filologiaclasica\/index.php?rest_route=\/wp\/v2\/types\/page"}],"author":[{"embeddable":true,"href":"https:\/\/departamento.us.es\/filologiaclasica\/index.php?rest_route=\/wp\/v2\/users\/1"}],"replies":[{"embeddable":true,"href":"https:\/\/departamento.us.es\/filologiaclasica\/index.php?rest_route=%2Fwp%2Fv2%2Fcomments&post=370"}],"version-history":[{"count":0,"href":"https:\/\/departamento.us.es\/filologiaclasica\/index.php?rest_route=\/wp\/v2\/pages\/370\/revisions"}],"wp:attachment":[{"href":"https:\/\/departamento.us.es\/filologiaclasica\/index.php?rest_route=%2Fwp%2Fv2%2Fmedia&parent=370"}],"curies":[{"name":"wp","href":"https:\/\/api.w.org\/{rel}","templated":true}]}}